{"id":120254,"date":"2025-02-15T16:56:40","date_gmt":"2025-02-15T16:56:40","guid":{"rendered":"https:\/\/kinamihealth.com\/product\/perfectha-deep-lidocaine\/"},"modified":"2025-10-31T16:25:44","modified_gmt":"2025-10-31T16:25:44","slug":"perfectha-deep-lidocaine","status":"publish","type":"product","link":"https:\/\/kinamihealth.com\/sv\/produkt\/perfectha-deep-lidocaine\/","title":{"rendered":"PERFECTHA\u00ae DEEP Lidocaine"},"content":{"rendered":"<p><b>Perfectha Deep Lidocaine<\/b><span style=\"font-weight: 400;\"> \u00e4r en h\u00f6gkvalitativ injicerbar<\/span><b> hudfyllnadsprodukt som inneh\u00e5ller 20 mg\/ml tv\u00e4rbunden hyaluronsyra med 0,3% lidokain<\/b><span style=\"font-weight: 400;\"> f\u00f6r professionella estetiska behandlingar<\/span><b>. <\/b><span style=\"font-weight: 400;\">Denna avancerade formula \u00e4r speciellt utformad f\u00f6r<\/span><b> korrigering av djupa rynkor, ansiktskonturering och volym\u00e5terst\u00e4llning.<\/b><span style=\"font-weight: 400;\"> Perfectha Deep \u00e4r tillg\u00e4ngligt f\u00f6r legitimerad v\u00e5rdpersonal och erbjuder tillf\u00f6rlitliga och l\u00e5ngvariga resultat f\u00f6r olika estetiska f\u00f6rb\u00e4ttringsbehov.<\/span><\/p>\n","protected":false},"excerpt":{"rendered":"<p>Perfectha Deep Lidocaine \u00e4r en h\u00f6gkvalitativ injicerbar hudfyllnadsprodukt som inneh\u00e5ller 20 mg\/ml tv\u00e4rbunden hyaluronsyra med 0,3% lidokain f\u00f6r professionella estetiska behandlingar. Denna avancerade formula \u00e4r speciellt utformad f\u00f6r korrigering av djupa rynkor, ansiktskonturering och volym\u00e5terst\u00e4llning. Perfectha Deep \u00e4r tillg\u00e4ngligt f\u00f6r legitimerad v\u00e5rdpersonal och erbjuder tillf\u00f6rlitliga och l\u00e5ngvariga resultat f\u00f6r olika estetiska f\u00f6rb\u00e4ttringsbehov.<\/p>\n","protected":false},"featured_media":120258,"comment_status":"closed","ping_status":"closed","template":"","meta":{"_acf_changed":false,"inline_featured_image":false},"product_brand":[3164],"product_cat":[3265,3260],"product_tag":[3256],"class_list":{"0":"post-120254","1":"product","2":"type-product","3":"status-publish","4":"has-post-thumbnail","6":"product_brand-perfectha","7":"product_cat-ha-dermal-fillers","8":"product_cat-dermal-fillers-sv","9":"product_tag-medical-devices-sv","11":"first","12":"instock","13":"taxable","14":"shipping-taxable","15":"purchasable","16":"product-type-simple","17":"add-to-wishlist-before_image"},"acf":[],"yoast_head":"<!-- This site is optimized with the Yoast SEO plugin v27.1.1 - https:\/\/yoast.com\/product\/yoast-seo-wordpress\/ -->\n<title>K\u00f6p Perfectha Deep Lidocaine \u2013 avancerad hudfyllnadsmedel<\/title>\n<meta name=\"description\" content=\"K\u00f6p Perfectha Deep Lidocaine f\u00f6r effektiv korrigering av djupa rynkor, ansiktskonturering och volym\u00e5terst\u00e4llning.\" \/>\n<meta name=\"robots\" content=\"index, follow, max-snippet:-1, max-image-preview:large, max-video-preview:-1\" \/>\n<link rel=\"canonical\" href=\"https:\/\/kinamihealth.com\/sv\/wp-json\/wp\/v2\/product\/120254\" \/>\n<meta property=\"og:locale\" content=\"sv_SE\" \/>\n<meta property=\"og:type\" content=\"article\" \/>\n<meta property=\"og:title\" content=\"K\u00f6p Perfectha Deep Lidocaine \u2013 avancerad hudfyllnadsmedel\" \/>\n<meta property=\"og:description\" content=\"K\u00f6p Perfectha Deep Lidocaine f\u00f6r effektiv korrigering av djupa rynkor, ansiktskonturering och volym\u00e5terst\u00e4llning.\" \/>\n<meta property=\"og:url\" content=\"https:\/\/kinamihealth.com\/sv\/produkt\/perfectha-deep-lidocaine\/\" \/>\n<meta property=\"og:site_name\" content=\"Kinami Health\" \/>\n<meta property=\"article:modified_time\" content=\"2025-10-31T16:25:44+00:00\" \/>\n<meta property=\"og:image\" content=\"https:\/\/kinamihealth.com\/wp-content\/uploads\/2025\/02\/PERFECTHA-DEEP-LIDOCAINE-1ML-03.jpg\" \/>\n\t<meta property=\"og:image:width\" content=\"800\" \/>\n\t<meta property=\"og:image:height\" content=\"800\" \/>\n\t<meta property=\"og:image:type\" content=\"image\/jpeg\" \/>\n<meta name=\"twitter:card\" content=\"summary_large_image\" \/>\n<meta name=\"twitter:label1\" content=\"Ber\u00e4knad l\u00e4stid\" \/>\n\t<meta name=\"twitter:data1\" content=\"1 minut\" \/>\n<!-- \/ Yoast SEO plugin. -->","yoast_head_json":{"title":"K\u00f6p Perfectha Deep Lidocaine \u2013 avancerad hudfyllnadsmedel","description":"K\u00f6p Perfectha Deep Lidocaine f\u00f6r effektiv korrigering av djupa rynkor, ansiktskonturering och volym\u00e5terst\u00e4llning.","robots":{"index":"index","follow":"follow","max-snippet":"max-snippet:-1","max-image-preview":"max-image-preview:large","max-video-preview":"max-video-preview:-1"},"canonical":"https:\/\/kinamihealth.com\/sv\/wp-json\/wp\/v2\/product\/120254","og_locale":"sv_SE","og_type":"article","og_title":"K\u00f6p Perfectha Deep Lidocaine \u2013 avancerad hudfyllnadsmedel","og_description":"K\u00f6p Perfectha Deep Lidocaine f\u00f6r effektiv korrigering av djupa rynkor, ansiktskonturering och volym\u00e5terst\u00e4llning.","og_url":"https:\/\/kinamihealth.com\/sv\/produkt\/perfectha-deep-lidocaine\/","og_site_name":"Kinami Health","article_modified_time":"2025-10-31T16:25:44+00:00","og_image":[{"width":800,"height":800,"url":"https:\/\/kinamihealth.com\/wp-content\/uploads\/2025\/02\/PERFECTHA-DEEP-LIDOCAINE-1ML-03.jpg","type":"image\/jpeg"}],"twitter_card":"summary_large_image","twitter_misc":{"Ber\u00e4knad l\u00e4stid":"1 minut"},"schema":{"@context":"https:\/\/schema.org","@graph":[{"@type":"WebPage","@id":"https:\/\/kinamihealth.com\/sv\/produkt\/perfectha-deep-lidocaine\/","url":"https:\/\/kinamihealth.com\/sv\/produkt\/perfectha-deep-lidocaine\/","name":"K\u00f6p Perfectha Deep Lidocaine \u2013 avancerad hudfyllnadsmedel","isPartOf":{"@id":"https:\/\/kinamihealth.com\/#website"},"primaryImageOfPage":{"@id":"https:\/\/kinamihealth.com\/sv\/produkt\/perfectha-deep-lidocaine\/#primaryimage"},"image":{"@id":"https:\/\/kinamihealth.com\/sv\/produkt\/perfectha-deep-lidocaine\/#primaryimage"},"thumbnailUrl":"https:\/\/kinamihealth.com\/wp-content\/uploads\/2025\/02\/PERFECTHA-DEEP-LIDOCAINE-1ML-03.jpg","datePublished":"2025-02-15T16:56:40+00:00","dateModified":"2025-10-31T16:25:44+00:00","description":"K\u00f6p Perfectha Deep Lidocaine f\u00f6r effektiv korrigering av djupa rynkor, ansiktskonturering och volym\u00e5terst\u00e4llning.","breadcrumb":{"@id":"https:\/\/kinamihealth.com\/sv\/produkt\/perfectha-deep-lidocaine\/#breadcrumb"},"inLanguage":"sv-SE","potentialAction":[{"@type":"ReadAction","target":["https:\/\/kinamihealth.com\/sv\/produkt\/perfectha-deep-lidocaine\/"]}]},{"@type":"ImageObject","inLanguage":"sv-SE","@id":"https:\/\/kinamihealth.com\/sv\/produkt\/perfectha-deep-lidocaine\/#primaryimage","url":"https:\/\/kinamihealth.com\/wp-content\/uploads\/2025\/02\/PERFECTHA-DEEP-LIDOCAINE-1ML-03.jpg","contentUrl":"https:\/\/kinamihealth.com\/wp-content\/uploads\/2025\/02\/PERFECTHA-DEEP-LIDOCAINE-1ML-03.jpg","width":800,"height":800},{"@type":"BreadcrumbList","@id":"https:\/\/kinamihealth.com\/sv\/produkt\/perfectha-deep-lidocaine\/#breadcrumb","itemListElement":[{"@type":"ListItem","position":1,"name":"Hem","item":"https:\/\/kinamihealth.com\/sr\/"},{"@type":"ListItem","position":2,"name":"Butik","item":"https:\/\/kinamihealth.com\/sv\/?page_id=127810"},{"@type":"ListItem","position":3,"name":"PERFECTHA\u00ae DEEP Lidocaine"}]},{"@type":"WebSite","@id":"https:\/\/kinamihealth.com\/#website","url":"https:\/\/kinamihealth.com\/","name":"Kinami Health","description":"","publisher":{"@id":"https:\/\/kinamihealth.com\/#organization"},"potentialAction":[{"@type":"SearchAction","target":{"@type":"EntryPoint","urlTemplate":"https:\/\/kinamihealth.com\/?s={search_term_string}"},"query-input":{"@type":"PropertyValueSpecification","valueRequired":true,"valueName":"search_term_string"}}],"inLanguage":"sv-SE"},{"@type":"Organization","@id":"https:\/\/kinamihealth.com\/#organization","name":"Kinami Health","url":"https:\/\/kinamihealth.com\/","logo":{"@type":"ImageObject","inLanguage":"sv-SE","@id":"https:\/\/kinamihealth.com\/#\/schema\/logo\/image\/","url":"https:\/\/kinamihealth.com\/wp-content\/uploads\/2025\/01\/KH_logo_black_2-1.png","contentUrl":"https:\/\/kinamihealth.com\/wp-content\/uploads\/2025\/01\/KH_logo_black_2-1.png","width":339,"height":34,"caption":"Kinami Health"},"image":{"@id":"https:\/\/kinamihealth.com\/#\/schema\/logo\/image\/"}}]}},"_links":{"self":[{"href":"https:\/\/kinamihealth.com\/sv\/wp-json\/wp\/v2\/product\/120254","targetHints":{"allow":["GET"]}}],"collection":[{"href":"https:\/\/kinamihealth.com\/sv\/wp-json\/wp\/v2\/product"}],"about":[{"href":"https:\/\/kinamihealth.com\/sv\/wp-json\/wp\/v2\/types\/product"}],"replies":[{"embeddable":true,"href":"https:\/\/kinamihealth.com\/sv\/wp-json\/wp\/v2\/comments?post=120254"}],"version-history":[{"count":0,"href":"https:\/\/kinamihealth.com\/sv\/wp-json\/wp\/v2\/product\/120254\/revisions"}],"wp:featuredmedia":[{"embeddable":true,"href":"https:\/\/kinamihealth.com\/sv\/wp-json\/wp\/v2\/media\/120258"}],"wp:attachment":[{"href":"https:\/\/kinamihealth.com\/sv\/wp-json\/wp\/v2\/media?parent=120254"}],"wp:term":[{"taxonomy":"product_brand","embeddable":true,"href":"https:\/\/kinamihealth.com\/sv\/wp-json\/wp\/v2\/product_brand?post=120254"},{"taxonomy":"product_cat","embeddable":true,"href":"https:\/\/kinamihealth.com\/sv\/wp-json\/wp\/v2\/product_cat?post=120254"},{"taxonomy":"product_tag","embeddable":true,"href":"https:\/\/kinamihealth.com\/sv\/wp-json\/wp\/v2\/product_tag?post=120254"}],"curies":[{"name":"wp","href":"https:\/\/api.w.org\/{rel}","templated":true}]}}