{"id":120244,"date":"2025-02-15T16:56:42","date_gmt":"2025-02-15T16:56:42","guid":{"rendered":"https:\/\/kinamihealth.com\/product\/perfectha-finelines\/"},"modified":"2025-10-31T16:33:24","modified_gmt":"2025-10-31T16:33:24","slug":"perfectha-finelines","status":"publish","type":"product","link":"https:\/\/kinamihealth.com\/sv\/produkt\/perfectha-finelines\/","title":{"rendered":"PERFECTHA\u00ae FINELINES"},"content":{"rendered":"<p><b>Perfectha Finelines<\/b><span style=\"font-weight: 400;\"> (1 ml) \u00e4r en avancerad <\/span><b>hudfyllnadsprodukt <\/b><span style=\"font-weight: 400;\">s\u00e4rskilt utvecklad f\u00f6r att behandla <\/span><b>k\u00e4nsliga ansiktsomr\u00e5den<\/b><span style=\"font-weight: 400;\">. Denna sofistikerade injicerbara l\u00f6sning inneh\u00e5ller <\/span><b>tv\u00e4rbunden hyaluronsyra<\/b><span style=\"font-weight: 400;\">, noggrant framtagen f\u00f6r att behandla <\/span><b>ytliga linjer och rynkor<\/b><span style=\"font-weight: 400;\">, s\u00e4rskilt runt \u00f6gonen och munnen. Dess specialiserade sammans\u00e4ttning g\u00f6r den s\u00e4rskilt effektiv f\u00f6r behandling av fina linjer runt \u00f6gonen samtidigt som den ger <\/span><b>subtila, naturliga f\u00f6rb\u00e4ttringar<\/b><span style=\"font-weight: 400;\">.<\/span><\/p>\n","protected":false},"excerpt":{"rendered":"<p>Perfectha Finelines (1 ml) \u00e4r en avancerad hudfyllnadsprodukt s\u00e4rskilt utvecklad f\u00f6r att behandla k\u00e4nsliga ansiktsomr\u00e5den. Denna sofistikerade injicerbara l\u00f6sning inneh\u00e5ller tv\u00e4rbunden hyaluronsyra, noggrant framtagen f\u00f6r att behandla ytliga linjer och rynkor, s\u00e4rskilt runt \u00f6gonen och munnen. Dess specialiserade sammans\u00e4ttning g\u00f6r den s\u00e4rskilt effektiv f\u00f6r behandling av fina linjer runt \u00f6gonen samtidigt som den ger subtila, [&hellip;]<\/p>\n","protected":false},"featured_media":120245,"comment_status":"closed","ping_status":"closed","template":"","meta":{"_acf_changed":false,"inline_featured_image":false},"product_brand":[3164],"product_cat":[3265,3260],"product_tag":[3256],"class_list":{"0":"post-120244","1":"product","2":"type-product","3":"status-publish","4":"has-post-thumbnail","6":"product_brand-perfectha","7":"product_cat-ha-dermal-fillers","8":"product_cat-dermal-fillers-sv","9":"product_tag-medical-devices-sv","11":"first","12":"instock","13":"taxable","14":"shipping-taxable","15":"purchasable","16":"product-type-simple","17":"add-to-wishlist-before_image"},"acf":[],"yoast_head":"<!-- This site is optimized with the Yoast SEO plugin v27.1.1 - https:\/\/yoast.com\/product\/yoast-seo-wordpress\/ -->\n<title>K\u00f6p Perfectha Finelines online \u2013 Professionell hudfyllnadsmedel f\u00f6r \u00f6gonomr\u00e5det<\/title>\n<meta name=\"description\" content=\"K\u00f6p Perfectha Finelines, en h\u00f6gkvalitativ hyaluronsyra-hudfyllare speciellt framtagen f\u00f6r k\u00e4nsliga \u00f6gonomr\u00e5den och fina ansiktslinjer.\" \/>\n<meta name=\"robots\" content=\"index, follow, max-snippet:-1, max-image-preview:large, max-video-preview:-1\" \/>\n<link rel=\"canonical\" href=\"https:\/\/kinamihealth.com\/sv\/wp-json\/wp\/v2\/product\/120244\" \/>\n<meta property=\"og:locale\" content=\"sv_SE\" \/>\n<meta property=\"og:type\" content=\"article\" \/>\n<meta property=\"og:title\" content=\"K\u00f6p Perfectha Finelines online \u2013 Professionell hudfyllnadsmedel f\u00f6r \u00f6gonomr\u00e5det\" \/>\n<meta property=\"og:description\" content=\"K\u00f6p Perfectha Finelines, en h\u00f6gkvalitativ hyaluronsyra-hudfyllare speciellt framtagen f\u00f6r k\u00e4nsliga \u00f6gonomr\u00e5den och fina ansiktslinjer.\" \/>\n<meta property=\"og:url\" content=\"https:\/\/kinamihealth.com\/sv\/produkt\/perfectha-finelines\/\" \/>\n<meta property=\"og:site_name\" content=\"Kinami Health\" \/>\n<meta property=\"article:modified_time\" content=\"2025-10-31T16:33:24+00:00\" \/>\n<meta property=\"og:image\" content=\"https:\/\/kinamihealth.com\/wp-content\/uploads\/2025\/02\/PERFECTHA-FINELINES-1ML-01.jpg\" \/>\n\t<meta property=\"og:image:width\" content=\"800\" \/>\n\t<meta property=\"og:image:height\" content=\"800\" \/>\n\t<meta property=\"og:image:type\" content=\"image\/jpeg\" \/>\n<meta name=\"twitter:card\" content=\"summary_large_image\" \/>\n<meta name=\"twitter:label1\" content=\"Ber\u00e4knad l\u00e4stid\" \/>\n\t<meta name=\"twitter:data1\" content=\"1 minut\" \/>\n<!-- \/ Yoast SEO plugin. -->","yoast_head_json":{"title":"K\u00f6p Perfectha Finelines online \u2013 Professionell hudfyllnadsmedel f\u00f6r \u00f6gonomr\u00e5det","description":"K\u00f6p Perfectha Finelines, en h\u00f6gkvalitativ hyaluronsyra-hudfyllare speciellt framtagen f\u00f6r k\u00e4nsliga \u00f6gonomr\u00e5den och fina ansiktslinjer.","robots":{"index":"index","follow":"follow","max-snippet":"max-snippet:-1","max-image-preview":"max-image-preview:large","max-video-preview":"max-video-preview:-1"},"canonical":"https:\/\/kinamihealth.com\/sv\/wp-json\/wp\/v2\/product\/120244","og_locale":"sv_SE","og_type":"article","og_title":"K\u00f6p Perfectha Finelines online \u2013 Professionell hudfyllnadsmedel f\u00f6r \u00f6gonomr\u00e5det","og_description":"K\u00f6p Perfectha Finelines, en h\u00f6gkvalitativ hyaluronsyra-hudfyllare speciellt framtagen f\u00f6r k\u00e4nsliga \u00f6gonomr\u00e5den och fina ansiktslinjer.","og_url":"https:\/\/kinamihealth.com\/sv\/produkt\/perfectha-finelines\/","og_site_name":"Kinami Health","article_modified_time":"2025-10-31T16:33:24+00:00","og_image":[{"width":800,"height":800,"url":"https:\/\/kinamihealth.com\/wp-content\/uploads\/2025\/02\/PERFECTHA-FINELINES-1ML-01.jpg","type":"image\/jpeg"}],"twitter_card":"summary_large_image","twitter_misc":{"Ber\u00e4knad l\u00e4stid":"1 minut"},"schema":{"@context":"https:\/\/schema.org","@graph":[{"@type":"WebPage","@id":"https:\/\/kinamihealth.com\/sv\/produkt\/perfectha-finelines\/","url":"https:\/\/kinamihealth.com\/sv\/produkt\/perfectha-finelines\/","name":"K\u00f6p Perfectha Finelines online \u2013 Professionell hudfyllnadsmedel f\u00f6r \u00f6gonomr\u00e5det","isPartOf":{"@id":"https:\/\/kinamihealth.com\/#website"},"primaryImageOfPage":{"@id":"https:\/\/kinamihealth.com\/sv\/produkt\/perfectha-finelines\/#primaryimage"},"image":{"@id":"https:\/\/kinamihealth.com\/sv\/produkt\/perfectha-finelines\/#primaryimage"},"thumbnailUrl":"https:\/\/kinamihealth.com\/wp-content\/uploads\/2025\/02\/PERFECTHA-FINELINES-1ML-01.jpg","datePublished":"2025-02-15T16:56:42+00:00","dateModified":"2025-10-31T16:33:24+00:00","description":"K\u00f6p Perfectha Finelines, en h\u00f6gkvalitativ hyaluronsyra-hudfyllare speciellt framtagen f\u00f6r k\u00e4nsliga \u00f6gonomr\u00e5den och fina ansiktslinjer.","breadcrumb":{"@id":"https:\/\/kinamihealth.com\/sv\/produkt\/perfectha-finelines\/#breadcrumb"},"inLanguage":"sv-SE","potentialAction":[{"@type":"ReadAction","target":["https:\/\/kinamihealth.com\/sv\/produkt\/perfectha-finelines\/"]}]},{"@type":"ImageObject","inLanguage":"sv-SE","@id":"https:\/\/kinamihealth.com\/sv\/produkt\/perfectha-finelines\/#primaryimage","url":"https:\/\/kinamihealth.com\/wp-content\/uploads\/2025\/02\/PERFECTHA-FINELINES-1ML-01.jpg","contentUrl":"https:\/\/kinamihealth.com\/wp-content\/uploads\/2025\/02\/PERFECTHA-FINELINES-1ML-01.jpg","width":800,"height":800},{"@type":"BreadcrumbList","@id":"https:\/\/kinamihealth.com\/sv\/produkt\/perfectha-finelines\/#breadcrumb","itemListElement":[{"@type":"ListItem","position":1,"name":"Hem","item":"https:\/\/kinamihealth.com\/sr\/"},{"@type":"ListItem","position":2,"name":"Butik","item":"https:\/\/kinamihealth.com\/sv\/?page_id=127810"},{"@type":"ListItem","position":3,"name":"PERFECTHA\u00ae FINELINES"}]},{"@type":"WebSite","@id":"https:\/\/kinamihealth.com\/#website","url":"https:\/\/kinamihealth.com\/","name":"Kinami Health","description":"","publisher":{"@id":"https:\/\/kinamihealth.com\/#organization"},"potentialAction":[{"@type":"SearchAction","target":{"@type":"EntryPoint","urlTemplate":"https:\/\/kinamihealth.com\/?s={search_term_string}"},"query-input":{"@type":"PropertyValueSpecification","valueRequired":true,"valueName":"search_term_string"}}],"inLanguage":"sv-SE"},{"@type":"Organization","@id":"https:\/\/kinamihealth.com\/#organization","name":"Kinami Health","url":"https:\/\/kinamihealth.com\/","logo":{"@type":"ImageObject","inLanguage":"sv-SE","@id":"https:\/\/kinamihealth.com\/#\/schema\/logo\/image\/","url":"https:\/\/kinamihealth.com\/wp-content\/uploads\/2025\/01\/KH_logo_black_2-1.png","contentUrl":"https:\/\/kinamihealth.com\/wp-content\/uploads\/2025\/01\/KH_logo_black_2-1.png","width":339,"height":34,"caption":"Kinami Health"},"image":{"@id":"https:\/\/kinamihealth.com\/#\/schema\/logo\/image\/"}}]}},"_links":{"self":[{"href":"https:\/\/kinamihealth.com\/sv\/wp-json\/wp\/v2\/product\/120244","targetHints":{"allow":["GET"]}}],"collection":[{"href":"https:\/\/kinamihealth.com\/sv\/wp-json\/wp\/v2\/product"}],"about":[{"href":"https:\/\/kinamihealth.com\/sv\/wp-json\/wp\/v2\/types\/product"}],"replies":[{"embeddable":true,"href":"https:\/\/kinamihealth.com\/sv\/wp-json\/wp\/v2\/comments?post=120244"}],"version-history":[{"count":0,"href":"https:\/\/kinamihealth.com\/sv\/wp-json\/wp\/v2\/product\/120244\/revisions"}],"wp:featuredmedia":[{"embeddable":true,"href":"https:\/\/kinamihealth.com\/sv\/wp-json\/wp\/v2\/media\/120245"}],"wp:attachment":[{"href":"https:\/\/kinamihealth.com\/sv\/wp-json\/wp\/v2\/media?parent=120244"}],"wp:term":[{"taxonomy":"product_brand","embeddable":true,"href":"https:\/\/kinamihealth.com\/sv\/wp-json\/wp\/v2\/product_brand?post=120244"},{"taxonomy":"product_cat","embeddable":true,"href":"https:\/\/kinamihealth.com\/sv\/wp-json\/wp\/v2\/product_cat?post=120244"},{"taxonomy":"product_tag","embeddable":true,"href":"https:\/\/kinamihealth.com\/sv\/wp-json\/wp\/v2\/product_tag?post=120244"}],"curies":[{"name":"wp","href":"https:\/\/api.w.org\/{rel}","templated":true}]}}