{"id":120179,"date":"2025-02-15T16:56:34","date_gmt":"2025-02-15T16:56:34","guid":{"rendered":"https:\/\/kinamihealth.com\/product\/organic-silica-dmae\/"},"modified":"2025-12-09T15:52:29","modified_gmt":"2025-12-09T15:52:29","slug":"organic-silica-dmae","status":"publish","type":"product","link":"https:\/\/kinamihealth.com\/sv\/produkt\/organic-silica-dmae\/","title":{"rendered":"ORGANIC SILICA &#038; DMAE"},"content":{"rendered":"<p><b>BCN Organic Silica &amp; DMAE<\/b><span style=\"font-weight: 400;\"> \u00e4r en <\/span><b>avancerad ansiktslyftnings- och anti agingbehandling <\/b><span style=\"font-weight: 400;\">som <\/span><b>tonar och j\u00e4mnar ut huden<\/b><span style=\"font-weight: 400;\">, samtidigt som den skyddar den mot fria radikaler. Produkten \u00e4r <\/span><b>effektiv p\u00e5 ansiktet<\/b><span style=\"font-weight: 400;\">, men ocks\u00e5 p\u00e5 <\/span><b>buken, armarna, benen och stj\u00e4rten<\/b><span style=\"font-weight: 400;\">. Den noggrant utformade sammans\u00e4ttningen av Organic Silica &amp; DMAE <\/span><b>ger snabbt en uppstramande effekt<\/b><span style=\"font-weight: 400;\"> p\u00e5 huden och minimerar olika problem som <\/span><b>celluliter och lokaliserat fett.<\/b><span style=\"font-weight: 400;\"> Detta \u00e4r en <\/span><b>icke-invasiv, f\u00f6ryngrande behandling<\/b><span style=\"font-weight: 400;\"> som <\/span><b>f\u00f6rdr\u00f6jer \u00e5ldrandet<\/b><span style=\"font-weight: 400;\"> orsakat av skadliga yttre faktorer.<\/span><\/p>\n","protected":false},"excerpt":{"rendered":"<p>BCN Organic Silica &amp; DMAE \u00e4r en avancerad ansiktslyftnings- och anti agingbehandling som tonar och j\u00e4mnar ut huden, samtidigt som den skyddar den mot fria radikaler. Produkten \u00e4r effektiv p\u00e5 ansiktet, men ocks\u00e5 p\u00e5 buken, armarna, benen och stj\u00e4rten. Den noggrant utformade sammans\u00e4ttningen av Organic Silica &amp; DMAE ger snabbt en uppstramande effekt p\u00e5 huden [&hellip;]<\/p>\n","protected":false},"featured_media":120180,"comment_status":"closed","ping_status":"closed","template":"","meta":{"_acf_changed":false,"inline_featured_image":false},"product_brand":[3065],"product_cat":[3284],"product_tag":[3256],"class_list":{"0":"post-120179","1":"product","2":"type-product","3":"status-publish","4":"has-post-thumbnail","6":"product_brand-bcn","7":"product_cat-mesotherapy-sv","8":"product_tag-medical-devices-sv","10":"first","11":"instock","12":"taxable","13":"shipping-taxable","14":"purchasable","15":"product-type-simple","16":"add-to-wishlist-before_image"},"acf":[],"yoast_head":"<!-- This site is optimized with the Yoast SEO plugin v27.5 - https:\/\/yoast.com\/product\/yoast-seo-wordpress\/ -->\n<title>K\u00f6p Organic Silica &amp; DMAE \u2013 Kinami Health<\/title>\n<meta name=\"description\" content=\"K\u00f6p Organic Silica &amp; DMAE hos Kinami Health \u2013 ett kraftfullt serum som st\u00e4rker huden, minskar rynkor och f\u00f6rb\u00e4ttrar elasticiteten f\u00f6r ett ungdomligt utseende.\" \/>\n<meta name=\"robots\" content=\"index, follow, max-snippet:-1, max-image-preview:large, max-video-preview:-1\" \/>\n<link rel=\"canonical\" href=\"https:\/\/kinamihealth.com\/sv\/wp-json\/wp\/v2\/product\/120179\" \/>\n<meta property=\"og:locale\" content=\"sv_SE\" \/>\n<meta property=\"og:type\" content=\"article\" \/>\n<meta property=\"og:title\" content=\"K\u00f6p Organic Silica &amp; DMAE \u2013 Kinami Health\" \/>\n<meta property=\"og:description\" content=\"K\u00f6p Organic Silica &amp; DMAE hos Kinami Health \u2013 ett kraftfullt serum som st\u00e4rker huden, minskar rynkor och f\u00f6rb\u00e4ttrar elasticiteten f\u00f6r ett ungdomligt utseende.\" \/>\n<meta property=\"og:url\" content=\"https:\/\/kinamihealth.com\/sv\/produkt\/organic-silica-dmae\/\" \/>\n<meta property=\"og:site_name\" content=\"Kinami Health\" \/>\n<meta property=\"article:modified_time\" content=\"2025-12-09T15:52:29+00:00\" \/>\n<meta property=\"og:image\" content=\"https:\/\/kinamihealth.com\/wp-content\/uploads\/2025\/02\/BCN-ORGANIC-SILICADMAE-01.jpg\" \/>\n\t<meta property=\"og:image:width\" content=\"800\" \/>\n\t<meta property=\"og:image:height\" content=\"800\" \/>\n\t<meta property=\"og:image:type\" content=\"image\/jpeg\" \/>\n<meta name=\"twitter:card\" content=\"summary_large_image\" \/>\n<meta name=\"twitter:label1\" content=\"Ber\u00e4knad l\u00e4stid\" \/>\n\t<meta name=\"twitter:data1\" content=\"1 minut\" \/>\n<!-- \/ Yoast SEO plugin. -->","yoast_head_json":{"title":"K\u00f6p Organic Silica & DMAE \u2013 Kinami Health","description":"K\u00f6p Organic Silica & DMAE hos Kinami Health \u2013 ett kraftfullt serum som st\u00e4rker huden, minskar rynkor och f\u00f6rb\u00e4ttrar elasticiteten f\u00f6r ett ungdomligt utseende.","robots":{"index":"index","follow":"follow","max-snippet":"max-snippet:-1","max-image-preview":"max-image-preview:large","max-video-preview":"max-video-preview:-1"},"canonical":"https:\/\/kinamihealth.com\/sv\/wp-json\/wp\/v2\/product\/120179","og_locale":"sv_SE","og_type":"article","og_title":"K\u00f6p Organic Silica & DMAE \u2013 Kinami Health","og_description":"K\u00f6p Organic Silica & DMAE hos Kinami Health \u2013 ett kraftfullt serum som st\u00e4rker huden, minskar rynkor och f\u00f6rb\u00e4ttrar elasticiteten f\u00f6r ett ungdomligt utseende.","og_url":"https:\/\/kinamihealth.com\/sv\/produkt\/organic-silica-dmae\/","og_site_name":"Kinami Health","article_modified_time":"2025-12-09T15:52:29+00:00","og_image":[{"width":800,"height":800,"url":"https:\/\/kinamihealth.com\/wp-content\/uploads\/2025\/02\/BCN-ORGANIC-SILICADMAE-01.jpg","type":"image\/jpeg"}],"twitter_card":"summary_large_image","twitter_misc":{"Ber\u00e4knad l\u00e4stid":"1 minut"},"schema":{"@context":"https:\/\/schema.org","@graph":[{"@type":"WebPage","@id":"https:\/\/kinamihealth.com\/sv\/produkt\/organic-silica-dmae\/","url":"https:\/\/kinamihealth.com\/sv\/produkt\/organic-silica-dmae\/","name":"K\u00f6p Organic Silica & DMAE \u2013 Kinami Health","isPartOf":{"@id":"https:\/\/kinamihealth.com\/#website"},"primaryImageOfPage":{"@id":"https:\/\/kinamihealth.com\/sv\/produkt\/organic-silica-dmae\/#primaryimage"},"image":{"@id":"https:\/\/kinamihealth.com\/sv\/produkt\/organic-silica-dmae\/#primaryimage"},"thumbnailUrl":"https:\/\/kinamihealth.com\/wp-content\/uploads\/2025\/02\/BCN-ORGANIC-SILICADMAE-01.jpg","datePublished":"2025-02-15T16:56:34+00:00","dateModified":"2025-12-09T15:52:29+00:00","description":"K\u00f6p Organic Silica & DMAE hos Kinami Health \u2013 ett kraftfullt serum som st\u00e4rker huden, minskar rynkor och f\u00f6rb\u00e4ttrar elasticiteten f\u00f6r ett ungdomligt utseende.","breadcrumb":{"@id":"https:\/\/kinamihealth.com\/sv\/produkt\/organic-silica-dmae\/#breadcrumb"},"inLanguage":"sv-SE","potentialAction":[{"@type":"ReadAction","target":["https:\/\/kinamihealth.com\/sv\/produkt\/organic-silica-dmae\/"]}]},{"@type":"ImageObject","inLanguage":"sv-SE","@id":"https:\/\/kinamihealth.com\/sv\/produkt\/organic-silica-dmae\/#primaryimage","url":"https:\/\/kinamihealth.com\/wp-content\/uploads\/2025\/02\/BCN-ORGANIC-SILICADMAE-01.jpg","contentUrl":"https:\/\/kinamihealth.com\/wp-content\/uploads\/2025\/02\/BCN-ORGANIC-SILICADMAE-01.jpg","width":800,"height":800},{"@type":"BreadcrumbList","@id":"https:\/\/kinamihealth.com\/sv\/produkt\/organic-silica-dmae\/#breadcrumb","itemListElement":[{"@type":"ListItem","position":1,"name":"Hem","item":"https:\/\/kinamihealth.com\/sr\/"},{"@type":"ListItem","position":2,"name":"Butik","item":"https:\/\/kinamihealth.com\/sv\/?page_id=127810"},{"@type":"ListItem","position":3,"name":"ORGANIC SILICA &#038; DMAE"}]},{"@type":"WebSite","@id":"https:\/\/kinamihealth.com\/#website","url":"https:\/\/kinamihealth.com\/","name":"Kinami Health","description":"","publisher":{"@id":"https:\/\/kinamihealth.com\/#organization"},"potentialAction":[{"@type":"SearchAction","target":{"@type":"EntryPoint","urlTemplate":"https:\/\/kinamihealth.com\/?s={search_term_string}"},"query-input":{"@type":"PropertyValueSpecification","valueRequired":true,"valueName":"search_term_string"}}],"inLanguage":"sv-SE"},{"@type":"Organization","@id":"https:\/\/kinamihealth.com\/#organization","name":"Kinami Health","url":"https:\/\/kinamihealth.com\/","logo":{"@type":"ImageObject","inLanguage":"sv-SE","@id":"https:\/\/kinamihealth.com\/#\/schema\/logo\/image\/","url":"https:\/\/kinamihealth.com\/wp-content\/uploads\/2025\/01\/KH_logo_black_2-1.png","contentUrl":"https:\/\/kinamihealth.com\/wp-content\/uploads\/2025\/01\/KH_logo_black_2-1.png","width":339,"height":34,"caption":"Kinami Health"},"image":{"@id":"https:\/\/kinamihealth.com\/#\/schema\/logo\/image\/"}}]}},"_links":{"self":[{"href":"https:\/\/kinamihealth.com\/sv\/wp-json\/wp\/v2\/product\/120179","targetHints":{"allow":["GET"]}}],"collection":[{"href":"https:\/\/kinamihealth.com\/sv\/wp-json\/wp\/v2\/product"}],"about":[{"href":"https:\/\/kinamihealth.com\/sv\/wp-json\/wp\/v2\/types\/product"}],"replies":[{"embeddable":true,"href":"https:\/\/kinamihealth.com\/sv\/wp-json\/wp\/v2\/comments?post=120179"}],"version-history":[{"count":0,"href":"https:\/\/kinamihealth.com\/sv\/wp-json\/wp\/v2\/product\/120179\/revisions"}],"wp:featuredmedia":[{"embeddable":true,"href":"https:\/\/kinamihealth.com\/sv\/wp-json\/wp\/v2\/media\/120180"}],"wp:attachment":[{"href":"https:\/\/kinamihealth.com\/sv\/wp-json\/wp\/v2\/media?parent=120179"}],"wp:term":[{"taxonomy":"product_brand","embeddable":true,"href":"https:\/\/kinamihealth.com\/sv\/wp-json\/wp\/v2\/product_brand?post=120179"},{"taxonomy":"product_cat","embeddable":true,"href":"https:\/\/kinamihealth.com\/sv\/wp-json\/wp\/v2\/product_cat?post=120179"},{"taxonomy":"product_tag","embeddable":true,"href":"https:\/\/kinamihealth.com\/sv\/wp-json\/wp\/v2\/product_tag?post=120179"}],"curies":[{"name":"wp","href":"https:\/\/api.w.org\/{rel}","templated":true}]}}