{"id":120166,"date":"2025-02-15T16:56:33","date_gmt":"2025-02-15T16:56:33","guid":{"rendered":"https:\/\/kinamihealth.com\/product\/nucleofill-strong\/"},"modified":"2025-12-09T15:39:16","modified_gmt":"2025-12-09T15:39:16","slug":"nucleofill-strong","status":"publish","type":"product","link":"https:\/\/kinamihealth.com\/sv\/produkt\/nucleofill-strong\/","title":{"rendered":"NUCLEOFILL\u2122 STRONG"},"content":{"rendered":"<p><b>Nucleofill Strong<\/b><span style=\"font-weight: 400;\"> \u00e4r en <\/span><b>innovativ injicerbar behandling <\/b><span style=\"font-weight: 400;\">utvecklad f\u00f6r <\/span><b>hudf\u00f6rnyelse<\/b><span style=\"font-weight: 400;\"> och <\/span><b>biologisk omstrukturering.<\/b><span style=\"font-weight: 400;\"> Den anv\u00e4nder <\/span><b>polynukleotider <\/b><span style=\"font-weight: 400;\">f\u00f6r att f\u00f6rb\u00e4ttra tillst\u00e5ndet hos olika hudproblem relaterade till \u00e5ldrande. Nucleofill Strong \u00e4r en idealisk l\u00f6sning f\u00f6r <\/span><b>behandling av djupa rynkor<\/b><span style=\"font-weight: 400;\">, <\/span><b>allvarlig hud\u00e5ldring<\/b><span style=\"font-weight: 400;\"> och <\/span><b>slapp hud<\/b><span style=\"font-weight: 400;\">.<\/span><\/p>\n","protected":false},"excerpt":{"rendered":"<p>Nucleofill Strong \u00e4r en innovativ injicerbar behandling utvecklad f\u00f6r hudf\u00f6rnyelse och biologisk omstrukturering. Den anv\u00e4nder polynukleotider f\u00f6r att f\u00f6rb\u00e4ttra tillst\u00e5ndet hos olika hudproblem relaterade till \u00e5ldrande. Nucleofill Strong \u00e4r en idealisk l\u00f6sning f\u00f6r behandling av djupa rynkor, allvarlig hud\u00e5ldring och slapp hud.<\/p>\n","protected":false},"featured_media":120167,"comment_status":"closed","ping_status":"closed","template":"","meta":{"_acf_changed":false,"inline_featured_image":false},"product_brand":[3162],"product_cat":[3260,3458],"product_tag":[3256],"class_list":{"0":"post-120166","1":"product","2":"type-product","3":"status-publish","4":"has-post-thumbnail","6":"product_brand-nucleofill","7":"product_cat-dermal-fillers-sv","8":"product_cat-polynucleotides-sv","9":"product_tag-medical-devices-sv","11":"first","12":"instock","13":"taxable","14":"shipping-taxable","15":"purchasable","16":"product-type-simple","17":"add-to-wishlist-before_image"},"acf":[],"yoast_head":"<!-- This site is optimized with the Yoast SEO plugin v27.1.1 - https:\/\/yoast.com\/product\/yoast-seo-wordpress\/ -->\n<title>K\u00f6p Nucleofill Strong \u2013 Avancerad hudf\u00f6ryngring<\/title>\n<meta name=\"description\" content=\"K\u00f6p Nucleofill Strong hos Kinami Health \u2013 en kraftfull injicerbar produkt utvecklad f\u00f6r att \u00e5terfukta, j\u00e4mna ut rynkor och \u00f6ka kollagenproduktionen f\u00f6r en fastare och mer ungdomlig hud.\" \/>\n<meta name=\"robots\" content=\"index, follow, max-snippet:-1, max-image-preview:large, max-video-preview:-1\" \/>\n<link rel=\"canonical\" href=\"https:\/\/kinamihealth.com\/sv\/wp-json\/wp\/v2\/product\/120166\" \/>\n<meta property=\"og:locale\" content=\"sv_SE\" \/>\n<meta property=\"og:type\" content=\"article\" \/>\n<meta property=\"og:title\" content=\"K\u00f6p Nucleofill Strong \u2013 Avancerad hudf\u00f6ryngring\" \/>\n<meta property=\"og:description\" content=\"K\u00f6p Nucleofill Strong hos Kinami Health \u2013 en kraftfull injicerbar produkt utvecklad f\u00f6r att \u00e5terfukta, j\u00e4mna ut rynkor och \u00f6ka kollagenproduktionen f\u00f6r en fastare och mer ungdomlig hud.\" \/>\n<meta property=\"og:url\" content=\"https:\/\/kinamihealth.com\/sv\/produkt\/nucleofill-strong\/\" \/>\n<meta property=\"og:site_name\" content=\"Kinami Health\" \/>\n<meta property=\"article:modified_time\" content=\"2025-12-09T15:39:16+00:00\" \/>\n<meta property=\"og:image\" content=\"https:\/\/kinamihealth.com\/wp-content\/uploads\/2025\/02\/NUCLEOFILL-STRONG-1.5ML-01.jpg\" \/>\n\t<meta property=\"og:image:width\" content=\"800\" \/>\n\t<meta property=\"og:image:height\" content=\"800\" \/>\n\t<meta property=\"og:image:type\" content=\"image\/jpeg\" \/>\n<meta name=\"twitter:card\" content=\"summary_large_image\" \/>\n<meta name=\"twitter:label1\" content=\"Ber\u00e4knad l\u00e4stid\" \/>\n\t<meta name=\"twitter:data1\" content=\"1 minut\" \/>\n<!-- \/ Yoast SEO plugin. -->","yoast_head_json":{"title":"K\u00f6p Nucleofill Strong \u2013 Avancerad hudf\u00f6ryngring","description":"K\u00f6p Nucleofill Strong hos Kinami Health \u2013 en kraftfull injicerbar produkt utvecklad f\u00f6r att \u00e5terfukta, j\u00e4mna ut rynkor och \u00f6ka kollagenproduktionen f\u00f6r en fastare och mer ungdomlig hud.","robots":{"index":"index","follow":"follow","max-snippet":"max-snippet:-1","max-image-preview":"max-image-preview:large","max-video-preview":"max-video-preview:-1"},"canonical":"https:\/\/kinamihealth.com\/sv\/wp-json\/wp\/v2\/product\/120166","og_locale":"sv_SE","og_type":"article","og_title":"K\u00f6p Nucleofill Strong \u2013 Avancerad hudf\u00f6ryngring","og_description":"K\u00f6p Nucleofill Strong hos Kinami Health \u2013 en kraftfull injicerbar produkt utvecklad f\u00f6r att \u00e5terfukta, j\u00e4mna ut rynkor och \u00f6ka kollagenproduktionen f\u00f6r en fastare och mer ungdomlig hud.","og_url":"https:\/\/kinamihealth.com\/sv\/produkt\/nucleofill-strong\/","og_site_name":"Kinami Health","article_modified_time":"2025-12-09T15:39:16+00:00","og_image":[{"width":800,"height":800,"url":"https:\/\/kinamihealth.com\/wp-content\/uploads\/2025\/02\/NUCLEOFILL-STRONG-1.5ML-01.jpg","type":"image\/jpeg"}],"twitter_card":"summary_large_image","twitter_misc":{"Ber\u00e4knad l\u00e4stid":"1 minut"},"schema":{"@context":"https:\/\/schema.org","@graph":[{"@type":"WebPage","@id":"https:\/\/kinamihealth.com\/sv\/produkt\/nucleofill-strong\/","url":"https:\/\/kinamihealth.com\/sv\/produkt\/nucleofill-strong\/","name":"K\u00f6p Nucleofill Strong \u2013 Avancerad hudf\u00f6ryngring","isPartOf":{"@id":"https:\/\/kinamihealth.com\/#website"},"primaryImageOfPage":{"@id":"https:\/\/kinamihealth.com\/sv\/produkt\/nucleofill-strong\/#primaryimage"},"image":{"@id":"https:\/\/kinamihealth.com\/sv\/produkt\/nucleofill-strong\/#primaryimage"},"thumbnailUrl":"https:\/\/kinamihealth.com\/wp-content\/uploads\/2025\/02\/NUCLEOFILL-STRONG-1.5ML-01.jpg","datePublished":"2025-02-15T16:56:33+00:00","dateModified":"2025-12-09T15:39:16+00:00","description":"K\u00f6p Nucleofill Strong hos Kinami Health \u2013 en kraftfull injicerbar produkt utvecklad f\u00f6r att \u00e5terfukta, j\u00e4mna ut rynkor och \u00f6ka kollagenproduktionen f\u00f6r en fastare och mer ungdomlig hud.","breadcrumb":{"@id":"https:\/\/kinamihealth.com\/sv\/produkt\/nucleofill-strong\/#breadcrumb"},"inLanguage":"sv-SE","potentialAction":[{"@type":"ReadAction","target":["https:\/\/kinamihealth.com\/sv\/produkt\/nucleofill-strong\/"]}]},{"@type":"ImageObject","inLanguage":"sv-SE","@id":"https:\/\/kinamihealth.com\/sv\/produkt\/nucleofill-strong\/#primaryimage","url":"https:\/\/kinamihealth.com\/wp-content\/uploads\/2025\/02\/NUCLEOFILL-STRONG-1.5ML-01.jpg","contentUrl":"https:\/\/kinamihealth.com\/wp-content\/uploads\/2025\/02\/NUCLEOFILL-STRONG-1.5ML-01.jpg","width":800,"height":800},{"@type":"BreadcrumbList","@id":"https:\/\/kinamihealth.com\/sv\/produkt\/nucleofill-strong\/#breadcrumb","itemListElement":[{"@type":"ListItem","position":1,"name":"Hem","item":"https:\/\/kinamihealth.com\/sr\/"},{"@type":"ListItem","position":2,"name":"Butik","item":"https:\/\/kinamihealth.com\/sv\/?page_id=127810"},{"@type":"ListItem","position":3,"name":"NUCLEOFILL\u2122 STRONG"}]},{"@type":"WebSite","@id":"https:\/\/kinamihealth.com\/#website","url":"https:\/\/kinamihealth.com\/","name":"Kinami Health","description":"","publisher":{"@id":"https:\/\/kinamihealth.com\/#organization"},"potentialAction":[{"@type":"SearchAction","target":{"@type":"EntryPoint","urlTemplate":"https:\/\/kinamihealth.com\/?s={search_term_string}"},"query-input":{"@type":"PropertyValueSpecification","valueRequired":true,"valueName":"search_term_string"}}],"inLanguage":"sv-SE"},{"@type":"Organization","@id":"https:\/\/kinamihealth.com\/#organization","name":"Kinami Health","url":"https:\/\/kinamihealth.com\/","logo":{"@type":"ImageObject","inLanguage":"sv-SE","@id":"https:\/\/kinamihealth.com\/#\/schema\/logo\/image\/","url":"https:\/\/kinamihealth.com\/wp-content\/uploads\/2025\/01\/KH_logo_black_2-1.png","contentUrl":"https:\/\/kinamihealth.com\/wp-content\/uploads\/2025\/01\/KH_logo_black_2-1.png","width":339,"height":34,"caption":"Kinami Health"},"image":{"@id":"https:\/\/kinamihealth.com\/#\/schema\/logo\/image\/"}}]}},"_links":{"self":[{"href":"https:\/\/kinamihealth.com\/sv\/wp-json\/wp\/v2\/product\/120166","targetHints":{"allow":["GET"]}}],"collection":[{"href":"https:\/\/kinamihealth.com\/sv\/wp-json\/wp\/v2\/product"}],"about":[{"href":"https:\/\/kinamihealth.com\/sv\/wp-json\/wp\/v2\/types\/product"}],"replies":[{"embeddable":true,"href":"https:\/\/kinamihealth.com\/sv\/wp-json\/wp\/v2\/comments?post=120166"}],"version-history":[{"count":0,"href":"https:\/\/kinamihealth.com\/sv\/wp-json\/wp\/v2\/product\/120166\/revisions"}],"wp:featuredmedia":[{"embeddable":true,"href":"https:\/\/kinamihealth.com\/sv\/wp-json\/wp\/v2\/media\/120167"}],"wp:attachment":[{"href":"https:\/\/kinamihealth.com\/sv\/wp-json\/wp\/v2\/media?parent=120166"}],"wp:term":[{"taxonomy":"product_brand","embeddable":true,"href":"https:\/\/kinamihealth.com\/sv\/wp-json\/wp\/v2\/product_brand?post=120166"},{"taxonomy":"product_cat","embeddable":true,"href":"https:\/\/kinamihealth.com\/sv\/wp-json\/wp\/v2\/product_cat?post=120166"},{"taxonomy":"product_tag","embeddable":true,"href":"https:\/\/kinamihealth.com\/sv\/wp-json\/wp\/v2\/product_tag?post=120166"}],"curies":[{"name":"wp","href":"https:\/\/api.w.org\/{rel}","templated":true}]}}