{"id":120162,"date":"2025-02-15T16:56:30","date_gmt":"2025-02-15T16:56:30","guid":{"rendered":"https:\/\/kinamihealth.com\/product\/nithya-stimulate\/"},"modified":"2025-12-07T19:30:06","modified_gmt":"2025-12-07T19:30:06","slug":"nithya-stimulate","status":"publish","type":"product","link":"https:\/\/kinamihealth.com\/sv\/produkt\/nithya-stimulate\/","title":{"rendered":"NITHYA STIMULATE"},"content":{"rendered":"<p><span style=\"font-weight: 400;\">Nithya Stimulate ing\u00e5r i Nithya S-Line, en serie avancerade hudv\u00e5rdsprodukter som skapats av Euroresearch, ett italienskt f\u00f6retag med \u00f6ver 30 \u00e5rs erfarenhet inom kollagenforskning. <\/span><b>\u00a0Till skillnad fr\u00e5n traditionella hudfyllnadsmedel \u00e4r Nithya Stimulate en mesoterapiprodukt som verkar f\u00f6r att f\u00f6ryngra, \u00e5terst\u00e4lla och regenerera hudens fasthet genom en unik blandning av aktiva ingredienser.<\/b><\/p>\n","protected":false},"excerpt":{"rendered":"<p>Nithya Stimulate ing\u00e5r i Nithya S-Line, en serie avancerade hudv\u00e5rdsprodukter som skapats av Euroresearch, ett italienskt f\u00f6retag med \u00f6ver 30 \u00e5rs erfarenhet inom kollagenforskning. \u00a0Till skillnad fr\u00e5n traditionella hudfyllnadsmedel \u00e4r Nithya Stimulate en mesoterapiprodukt som verkar f\u00f6r att f\u00f6ryngra, \u00e5terst\u00e4lla och regenerera hudens fasthet genom en unik blandning av aktiva ingredienser.<\/p>\n","protected":false},"featured_media":120165,"comment_status":"closed","ping_status":"closed","template":"","meta":{"_acf_changed":false,"inline_featured_image":false},"product_brand":[3161],"product_cat":[3260],"product_tag":[3256],"class_list":{"0":"post-120162","1":"product","2":"type-product","3":"status-publish","4":"has-post-thumbnail","6":"product_brand-nithya","7":"product_cat-dermal-fillers-sv","8":"product_tag-medical-devices-sv","10":"first","11":"instock","12":"taxable","13":"shipping-taxable","14":"purchasable","15":"product-type-simple","16":"add-to-wishlist-before_image"},"acf":[],"yoast_head":"<!-- This site is optimized with the Yoast SEO plugin v27.3 - https:\/\/yoast.com\/product\/yoast-seo-wordpress\/ -->\n<title>K\u00f6p Nithya Stimulate online f\u00f6r att \u00e5terst\u00e4lla och regenerera<\/title>\n<meta name=\"description\" content=\"K\u00f6p Nithya Stimulate online f\u00f6r att \u00e5terst\u00e4lla fasthet, elasticitet och fuktighet med denna kollagenstimulerande behandling \u2013 perfekt f\u00f6r att bek\u00e4mpa alla tecken p\u00e5 \u00e5ldrande.\" \/>\n<meta name=\"robots\" content=\"index, follow, max-snippet:-1, max-image-preview:large, max-video-preview:-1\" \/>\n<link rel=\"canonical\" href=\"https:\/\/kinamihealth.com\/sv\/wp-json\/wp\/v2\/product\/120162\" \/>\n<meta property=\"og:locale\" content=\"sv_SE\" \/>\n<meta property=\"og:type\" content=\"article\" \/>\n<meta property=\"og:title\" content=\"K\u00f6p Nithya Stimulate online f\u00f6r att \u00e5terst\u00e4lla och regenerera\" \/>\n<meta property=\"og:description\" content=\"K\u00f6p Nithya Stimulate online f\u00f6r att \u00e5terst\u00e4lla fasthet, elasticitet och fuktighet med denna kollagenstimulerande behandling \u2013 perfekt f\u00f6r att bek\u00e4mpa alla tecken p\u00e5 \u00e5ldrande.\" \/>\n<meta property=\"og:url\" content=\"https:\/\/kinamihealth.com\/sv\/produkt\/nithya-stimulate\/\" \/>\n<meta property=\"og:site_name\" content=\"Kinami Health\" \/>\n<meta property=\"article:modified_time\" content=\"2025-12-07T19:30:06+00:00\" \/>\n<meta property=\"og:image\" content=\"https:\/\/kinamihealth.com\/wp-content\/uploads\/2025\/02\/Nuthia_Stimulate_Front-.webp\" \/>\n\t<meta property=\"og:image:width\" content=\"1500\" \/>\n\t<meta property=\"og:image:height\" content=\"1500\" \/>\n\t<meta property=\"og:image:type\" content=\"image\/webp\" \/>\n<meta name=\"twitter:card\" content=\"summary_large_image\" \/>\n<meta name=\"twitter:label1\" content=\"Ber\u00e4knad l\u00e4stid\" \/>\n\t<meta name=\"twitter:data1\" content=\"1 minut\" \/>\n<!-- \/ Yoast SEO plugin. -->","yoast_head_json":{"title":"K\u00f6p Nithya Stimulate online f\u00f6r att \u00e5terst\u00e4lla och regenerera","description":"K\u00f6p Nithya Stimulate online f\u00f6r att \u00e5terst\u00e4lla fasthet, elasticitet och fuktighet med denna kollagenstimulerande behandling \u2013 perfekt f\u00f6r att bek\u00e4mpa alla tecken p\u00e5 \u00e5ldrande.","robots":{"index":"index","follow":"follow","max-snippet":"max-snippet:-1","max-image-preview":"max-image-preview:large","max-video-preview":"max-video-preview:-1"},"canonical":"https:\/\/kinamihealth.com\/sv\/wp-json\/wp\/v2\/product\/120162","og_locale":"sv_SE","og_type":"article","og_title":"K\u00f6p Nithya Stimulate online f\u00f6r att \u00e5terst\u00e4lla och regenerera","og_description":"K\u00f6p Nithya Stimulate online f\u00f6r att \u00e5terst\u00e4lla fasthet, elasticitet och fuktighet med denna kollagenstimulerande behandling \u2013 perfekt f\u00f6r att bek\u00e4mpa alla tecken p\u00e5 \u00e5ldrande.","og_url":"https:\/\/kinamihealth.com\/sv\/produkt\/nithya-stimulate\/","og_site_name":"Kinami Health","article_modified_time":"2025-12-07T19:30:06+00:00","og_image":[{"width":1500,"height":1500,"url":"https:\/\/kinamihealth.com\/wp-content\/uploads\/2025\/02\/Nuthia_Stimulate_Front-.webp","type":"image\/webp"}],"twitter_card":"summary_large_image","twitter_misc":{"Ber\u00e4knad l\u00e4stid":"1 minut"},"schema":{"@context":"https:\/\/schema.org","@graph":[{"@type":"WebPage","@id":"https:\/\/kinamihealth.com\/sv\/produkt\/nithya-stimulate\/","url":"https:\/\/kinamihealth.com\/sv\/produkt\/nithya-stimulate\/","name":"K\u00f6p Nithya Stimulate online f\u00f6r att \u00e5terst\u00e4lla och regenerera","isPartOf":{"@id":"https:\/\/kinamihealth.com\/#website"},"primaryImageOfPage":{"@id":"https:\/\/kinamihealth.com\/sv\/produkt\/nithya-stimulate\/#primaryimage"},"image":{"@id":"https:\/\/kinamihealth.com\/sv\/produkt\/nithya-stimulate\/#primaryimage"},"thumbnailUrl":"https:\/\/kinamihealth.com\/wp-content\/uploads\/2025\/02\/Nuthia_Stimulate_Front-.webp","datePublished":"2025-02-15T16:56:30+00:00","dateModified":"2025-12-07T19:30:06+00:00","description":"K\u00f6p Nithya Stimulate online f\u00f6r att \u00e5terst\u00e4lla fasthet, elasticitet och fuktighet med denna kollagenstimulerande behandling \u2013 perfekt f\u00f6r att bek\u00e4mpa alla tecken p\u00e5 \u00e5ldrande.","breadcrumb":{"@id":"https:\/\/kinamihealth.com\/sv\/produkt\/nithya-stimulate\/#breadcrumb"},"inLanguage":"sv-SE","potentialAction":[{"@type":"ReadAction","target":["https:\/\/kinamihealth.com\/sv\/produkt\/nithya-stimulate\/"]}]},{"@type":"ImageObject","inLanguage":"sv-SE","@id":"https:\/\/kinamihealth.com\/sv\/produkt\/nithya-stimulate\/#primaryimage","url":"https:\/\/kinamihealth.com\/wp-content\/uploads\/2025\/02\/Nuthia_Stimulate_Front-.webp","contentUrl":"https:\/\/kinamihealth.com\/wp-content\/uploads\/2025\/02\/Nuthia_Stimulate_Front-.webp","width":1500,"height":1500},{"@type":"BreadcrumbList","@id":"https:\/\/kinamihealth.com\/sv\/produkt\/nithya-stimulate\/#breadcrumb","itemListElement":[{"@type":"ListItem","position":1,"name":"Hem","item":"https:\/\/kinamihealth.com\/sr\/"},{"@type":"ListItem","position":2,"name":"Butik","item":"https:\/\/kinamihealth.com\/sv\/?page_id=127810"},{"@type":"ListItem","position":3,"name":"NITHYA STIMULATE"}]},{"@type":"WebSite","@id":"https:\/\/kinamihealth.com\/#website","url":"https:\/\/kinamihealth.com\/","name":"Kinami Health","description":"","publisher":{"@id":"https:\/\/kinamihealth.com\/#organization"},"potentialAction":[{"@type":"SearchAction","target":{"@type":"EntryPoint","urlTemplate":"https:\/\/kinamihealth.com\/?s={search_term_string}"},"query-input":{"@type":"PropertyValueSpecification","valueRequired":true,"valueName":"search_term_string"}}],"inLanguage":"sv-SE"},{"@type":"Organization","@id":"https:\/\/kinamihealth.com\/#organization","name":"Kinami Health","url":"https:\/\/kinamihealth.com\/","logo":{"@type":"ImageObject","inLanguage":"sv-SE","@id":"https:\/\/kinamihealth.com\/#\/schema\/logo\/image\/","url":"https:\/\/kinamihealth.com\/wp-content\/uploads\/2025\/01\/KH_logo_black_2-1.png","contentUrl":"https:\/\/kinamihealth.com\/wp-content\/uploads\/2025\/01\/KH_logo_black_2-1.png","width":339,"height":34,"caption":"Kinami Health"},"image":{"@id":"https:\/\/kinamihealth.com\/#\/schema\/logo\/image\/"}}]}},"_links":{"self":[{"href":"https:\/\/kinamihealth.com\/sv\/wp-json\/wp\/v2\/product\/120162","targetHints":{"allow":["GET"]}}],"collection":[{"href":"https:\/\/kinamihealth.com\/sv\/wp-json\/wp\/v2\/product"}],"about":[{"href":"https:\/\/kinamihealth.com\/sv\/wp-json\/wp\/v2\/types\/product"}],"replies":[{"embeddable":true,"href":"https:\/\/kinamihealth.com\/sv\/wp-json\/wp\/v2\/comments?post=120162"}],"version-history":[{"count":0,"href":"https:\/\/kinamihealth.com\/sv\/wp-json\/wp\/v2\/product\/120162\/revisions"}],"wp:featuredmedia":[{"embeddable":true,"href":"https:\/\/kinamihealth.com\/sv\/wp-json\/wp\/v2\/media\/120165"}],"wp:attachment":[{"href":"https:\/\/kinamihealth.com\/sv\/wp-json\/wp\/v2\/media?parent=120162"}],"wp:term":[{"taxonomy":"product_brand","embeddable":true,"href":"https:\/\/kinamihealth.com\/sv\/wp-json\/wp\/v2\/product_brand?post=120162"},{"taxonomy":"product_cat","embeddable":true,"href":"https:\/\/kinamihealth.com\/sv\/wp-json\/wp\/v2\/product_cat?post=120162"},{"taxonomy":"product_tag","embeddable":true,"href":"https:\/\/kinamihealth.com\/sv\/wp-json\/wp\/v2\/product_tag?post=120162"}],"curies":[{"name":"wp","href":"https:\/\/api.w.org\/{rel}","templated":true}]}}