{"id":120158,"date":"2025-02-15T16:56:30","date_gmt":"2025-02-15T16:56:30","guid":{"rendered":"https:\/\/kinamihealth.com\/product\/nithya-shield\/"},"modified":"2025-12-07T19:20:37","modified_gmt":"2025-12-07T19:20:37","slug":"nithya-shield","status":"publish","type":"product","link":"https:\/\/kinamihealth.com\/sv\/produkt\/nithya-shield\/","title":{"rendered":"NITHYA SHIELD"},"content":{"rendered":"<p><b>Nithya Shield \u00e4r en h\u00f6gpresterande injicerbar produkt utvecklad f\u00f6r att ge huden djupg\u00e5ende skydd och vitalisering. <\/b><span style=\"font-weight: 400;\">Den inneh\u00e5ller <\/span><b>tv\u00e5 kraftfulla ingredienser \u2013 b\u00e4rnstenssyra och hyaluronsyra <\/b><span style=\"font-weight: 400;\">\u2013 som samverkar f\u00f6r att f\u00f6rb\u00e4ttra hudens naturliga regenereringsprocesser.<\/span><\/p>\n","protected":false},"excerpt":{"rendered":"<p>Nithya Shield \u00e4r en h\u00f6gpresterande injicerbar produkt utvecklad f\u00f6r att ge huden djupg\u00e5ende skydd och vitalisering. Den inneh\u00e5ller tv\u00e5 kraftfulla ingredienser \u2013 b\u00e4rnstenssyra och hyaluronsyra \u2013 som samverkar f\u00f6r att f\u00f6rb\u00e4ttra hudens naturliga regenereringsprocesser.<\/p>\n","protected":false},"featured_media":120161,"comment_status":"closed","ping_status":"closed","template":"","meta":{"_acf_changed":false,"inline_featured_image":false},"product_brand":[3161],"product_cat":[3260],"product_tag":[3256],"class_list":{"0":"post-120158","1":"product","2":"type-product","3":"status-publish","4":"has-post-thumbnail","6":"product_brand-nithya","7":"product_cat-dermal-fillers-sv","8":"product_tag-medical-devices-sv","10":"first","11":"instock","12":"taxable","13":"shipping-taxable","14":"purchasable","15":"product-type-simple","16":"add-to-wishlist-before_image"},"acf":[],"yoast_head":"<!-- This site is optimized with the Yoast SEO plugin v27.3 - https:\/\/yoast.com\/product\/yoast-seo-wordpress\/ -->\n<title>K\u00f6p Nithya Shield online f\u00f6r att \u00e5terst\u00e4lla och skydda huden<\/title>\n<meta name=\"description\" content=\"K\u00f6p Nithya Shield online f\u00f6r avancerad hudf\u00f6ryngring. Denna kollagenbaserade injicerbara produkt f\u00f6rb\u00e4ttrar elasticiteten, \u00e5terfuktningen och f\u00f6rb\u00e4ttrar hudens struktur och ton.\" \/>\n<meta name=\"robots\" content=\"index, follow, max-snippet:-1, max-image-preview:large, max-video-preview:-1\" \/>\n<link rel=\"canonical\" href=\"https:\/\/kinamihealth.com\/sv\/wp-json\/wp\/v2\/product\/120158\" \/>\n<meta property=\"og:locale\" content=\"sv_SE\" \/>\n<meta property=\"og:type\" content=\"article\" \/>\n<meta property=\"og:title\" content=\"K\u00f6p Nithya Shield online f\u00f6r att \u00e5terst\u00e4lla och skydda huden\" \/>\n<meta property=\"og:description\" content=\"K\u00f6p Nithya Shield online f\u00f6r avancerad hudf\u00f6ryngring. Denna kollagenbaserade injicerbara produkt f\u00f6rb\u00e4ttrar elasticiteten, \u00e5terfuktningen och f\u00f6rb\u00e4ttrar hudens struktur och ton.\" \/>\n<meta property=\"og:url\" content=\"https:\/\/kinamihealth.com\/sv\/produkt\/nithya-shield\/\" \/>\n<meta property=\"og:site_name\" content=\"Kinami Health\" \/>\n<meta property=\"article:modified_time\" content=\"2025-12-07T19:20:37+00:00\" \/>\n<meta property=\"og:image\" content=\"https:\/\/kinamihealth.com\/wp-content\/uploads\/2025\/02\/Nythia_Shield_FrontL-.webp\" \/>\n\t<meta property=\"og:image:width\" content=\"1500\" \/>\n\t<meta property=\"og:image:height\" content=\"1500\" \/>\n\t<meta property=\"og:image:type\" content=\"image\/webp\" \/>\n<meta name=\"twitter:card\" content=\"summary_large_image\" \/>\n<meta name=\"twitter:label1\" content=\"Ber\u00e4knad l\u00e4stid\" \/>\n\t<meta name=\"twitter:data1\" content=\"1 minut\" \/>\n<!-- \/ Yoast SEO plugin. -->","yoast_head_json":{"title":"K\u00f6p Nithya Shield online f\u00f6r att \u00e5terst\u00e4lla och skydda huden","description":"K\u00f6p Nithya Shield online f\u00f6r avancerad hudf\u00f6ryngring. Denna kollagenbaserade injicerbara produkt f\u00f6rb\u00e4ttrar elasticiteten, \u00e5terfuktningen och f\u00f6rb\u00e4ttrar hudens struktur och ton.","robots":{"index":"index","follow":"follow","max-snippet":"max-snippet:-1","max-image-preview":"max-image-preview:large","max-video-preview":"max-video-preview:-1"},"canonical":"https:\/\/kinamihealth.com\/sv\/wp-json\/wp\/v2\/product\/120158","og_locale":"sv_SE","og_type":"article","og_title":"K\u00f6p Nithya Shield online f\u00f6r att \u00e5terst\u00e4lla och skydda huden","og_description":"K\u00f6p Nithya Shield online f\u00f6r avancerad hudf\u00f6ryngring. Denna kollagenbaserade injicerbara produkt f\u00f6rb\u00e4ttrar elasticiteten, \u00e5terfuktningen och f\u00f6rb\u00e4ttrar hudens struktur och ton.","og_url":"https:\/\/kinamihealth.com\/sv\/produkt\/nithya-shield\/","og_site_name":"Kinami Health","article_modified_time":"2025-12-07T19:20:37+00:00","og_image":[{"width":1500,"height":1500,"url":"https:\/\/kinamihealth.com\/wp-content\/uploads\/2025\/02\/Nythia_Shield_FrontL-.webp","type":"image\/webp"}],"twitter_card":"summary_large_image","twitter_misc":{"Ber\u00e4knad l\u00e4stid":"1 minut"},"schema":{"@context":"https:\/\/schema.org","@graph":[{"@type":"WebPage","@id":"https:\/\/kinamihealth.com\/sv\/produkt\/nithya-shield\/","url":"https:\/\/kinamihealth.com\/sv\/produkt\/nithya-shield\/","name":"K\u00f6p Nithya Shield online f\u00f6r att \u00e5terst\u00e4lla och skydda huden","isPartOf":{"@id":"https:\/\/kinamihealth.com\/#website"},"primaryImageOfPage":{"@id":"https:\/\/kinamihealth.com\/sv\/produkt\/nithya-shield\/#primaryimage"},"image":{"@id":"https:\/\/kinamihealth.com\/sv\/produkt\/nithya-shield\/#primaryimage"},"thumbnailUrl":"https:\/\/kinamihealth.com\/wp-content\/uploads\/2025\/02\/Nythia_Shield_FrontL-.webp","datePublished":"2025-02-15T16:56:30+00:00","dateModified":"2025-12-07T19:20:37+00:00","description":"K\u00f6p Nithya Shield online f\u00f6r avancerad hudf\u00f6ryngring. Denna kollagenbaserade injicerbara produkt f\u00f6rb\u00e4ttrar elasticiteten, \u00e5terfuktningen och f\u00f6rb\u00e4ttrar hudens struktur och ton.","breadcrumb":{"@id":"https:\/\/kinamihealth.com\/sv\/produkt\/nithya-shield\/#breadcrumb"},"inLanguage":"sv-SE","potentialAction":[{"@type":"ReadAction","target":["https:\/\/kinamihealth.com\/sv\/produkt\/nithya-shield\/"]}]},{"@type":"ImageObject","inLanguage":"sv-SE","@id":"https:\/\/kinamihealth.com\/sv\/produkt\/nithya-shield\/#primaryimage","url":"https:\/\/kinamihealth.com\/wp-content\/uploads\/2025\/02\/Nythia_Shield_FrontL-.webp","contentUrl":"https:\/\/kinamihealth.com\/wp-content\/uploads\/2025\/02\/Nythia_Shield_FrontL-.webp","width":1500,"height":1500},{"@type":"BreadcrumbList","@id":"https:\/\/kinamihealth.com\/sv\/produkt\/nithya-shield\/#breadcrumb","itemListElement":[{"@type":"ListItem","position":1,"name":"Hem","item":"https:\/\/kinamihealth.com\/sr\/"},{"@type":"ListItem","position":2,"name":"Butik","item":"https:\/\/kinamihealth.com\/sv\/?page_id=127810"},{"@type":"ListItem","position":3,"name":"NITHYA SHIELD"}]},{"@type":"WebSite","@id":"https:\/\/kinamihealth.com\/#website","url":"https:\/\/kinamihealth.com\/","name":"Kinami Health","description":"","publisher":{"@id":"https:\/\/kinamihealth.com\/#organization"},"potentialAction":[{"@type":"SearchAction","target":{"@type":"EntryPoint","urlTemplate":"https:\/\/kinamihealth.com\/?s={search_term_string}"},"query-input":{"@type":"PropertyValueSpecification","valueRequired":true,"valueName":"search_term_string"}}],"inLanguage":"sv-SE"},{"@type":"Organization","@id":"https:\/\/kinamihealth.com\/#organization","name":"Kinami Health","url":"https:\/\/kinamihealth.com\/","logo":{"@type":"ImageObject","inLanguage":"sv-SE","@id":"https:\/\/kinamihealth.com\/#\/schema\/logo\/image\/","url":"https:\/\/kinamihealth.com\/wp-content\/uploads\/2025\/01\/KH_logo_black_2-1.png","contentUrl":"https:\/\/kinamihealth.com\/wp-content\/uploads\/2025\/01\/KH_logo_black_2-1.png","width":339,"height":34,"caption":"Kinami Health"},"image":{"@id":"https:\/\/kinamihealth.com\/#\/schema\/logo\/image\/"}}]}},"_links":{"self":[{"href":"https:\/\/kinamihealth.com\/sv\/wp-json\/wp\/v2\/product\/120158","targetHints":{"allow":["GET"]}}],"collection":[{"href":"https:\/\/kinamihealth.com\/sv\/wp-json\/wp\/v2\/product"}],"about":[{"href":"https:\/\/kinamihealth.com\/sv\/wp-json\/wp\/v2\/types\/product"}],"replies":[{"embeddable":true,"href":"https:\/\/kinamihealth.com\/sv\/wp-json\/wp\/v2\/comments?post=120158"}],"version-history":[{"count":0,"href":"https:\/\/kinamihealth.com\/sv\/wp-json\/wp\/v2\/product\/120158\/revisions"}],"wp:featuredmedia":[{"embeddable":true,"href":"https:\/\/kinamihealth.com\/sv\/wp-json\/wp\/v2\/media\/120161"}],"wp:attachment":[{"href":"https:\/\/kinamihealth.com\/sv\/wp-json\/wp\/v2\/media?parent=120158"}],"wp:term":[{"taxonomy":"product_brand","embeddable":true,"href":"https:\/\/kinamihealth.com\/sv\/wp-json\/wp\/v2\/product_brand?post=120158"},{"taxonomy":"product_cat","embeddable":true,"href":"https:\/\/kinamihealth.com\/sv\/wp-json\/wp\/v2\/product_cat?post=120158"},{"taxonomy":"product_tag","embeddable":true,"href":"https:\/\/kinamihealth.com\/sv\/wp-json\/wp\/v2\/product_tag?post=120158"}],"curies":[{"name":"wp","href":"https:\/\/api.w.org\/{rel}","templated":true}]}}