{"id":120121,"date":"2025-02-15T16:56:19","date_gmt":"2025-02-15T16:56:19","guid":{"rendered":"https:\/\/kinamihealth.com\/product\/neauvia-organic-intense\/"},"modified":"2025-12-07T18:10:55","modified_gmt":"2025-12-07T18:10:55","slug":"neauvia-organic-intense","status":"publish","type":"product","link":"https:\/\/kinamihealth.com\/sv\/produkt\/neauvia-organic-intense\/","title":{"rendered":"NEAUVIA\u2122 ORGANIC INTENSE"},"content":{"rendered":"<p><b>Neauvia Organic Intense Flux<\/b><span style=\"font-weight: 400;\"> \u00e4r en <\/span><b>specialiserad hudfyllnadsprodukt<\/b><span style=\"font-weight: 400;\"> som inneh\u00e5ller n\u00e5gra av de <\/span><b>finaste hyaluronsyrorna<\/b><span style=\"font-weight: 400;\"> som g\u00f6r det m\u00f6jligt att <\/span><b>bek\u00e4mpa \u00e5ldrande hud<\/b><span style=\"font-weight: 400;\"> runt de mest synliga omr\u00e5dena s\u00e5som \u00f6gon, hals, mun och dekolletage. Denna otroligt effektiva hydrogel kan p\u00e5 ett m\u00e4sterligt s\u00e4tt <\/span><b>korrigera djupa rynkor<\/b><span style=\"font-weight: 400;\">, <\/span><b>omforma nasolabialaveck<\/b><span style=\"font-weight: 400;\"> och <\/span><b>lyfta kindben och haka<\/b><span style=\"font-weight: 400;\">.<\/span><\/p>\n","protected":false},"excerpt":{"rendered":"<p>Neauvia Organic Intense Flux \u00e4r en specialiserad hudfyllnadsprodukt som inneh\u00e5ller n\u00e5gra av de finaste hyaluronsyrorna som g\u00f6r det m\u00f6jligt att bek\u00e4mpa \u00e5ldrande hud runt de mest synliga omr\u00e5dena s\u00e5som \u00f6gon, hals, mun och dekolletage. Denna otroligt effektiva hydrogel kan p\u00e5 ett m\u00e4sterligt s\u00e4tt korrigera djupa rynkor, omforma nasolabialaveck och lyfta kindben och haka.<\/p>\n","protected":false},"featured_media":120125,"comment_status":"closed","ping_status":"closed","template":"","meta":{"_acf_changed":false,"inline_featured_image":false},"product_brand":[3160],"product_cat":[3265,3260],"product_tag":[3256],"class_list":{"0":"post-120121","1":"product","2":"type-product","3":"status-publish","4":"has-post-thumbnail","6":"product_brand-neauvia","7":"product_cat-ha-dermal-fillers","8":"product_cat-dermal-fillers-sv","9":"product_tag-medical-devices-sv","11":"first","12":"instock","13":"taxable","14":"shipping-taxable","15":"purchasable","16":"product-type-simple","17":"add-to-wishlist-before_image"},"acf":[],"yoast_head":"<!-- This site is optimized with the Yoast SEO plugin v27.1.1 - https:\/\/yoast.com\/product\/yoast-seo-wordpress\/ -->\n<title>K\u00f6p Neauvia Organic Intense Flux online<\/title>\n<meta name=\"description\" content=\"K\u00f6p Neauvia Organic Intense Flux online \u2013 en supereffektiv hudfyllare som effektivt behandlar \u00e5ldrande hud runt \u00f6gonen, munnen, halsen och dekolletaget.\" \/>\n<meta name=\"robots\" content=\"index, follow, max-snippet:-1, max-image-preview:large, max-video-preview:-1\" \/>\n<link rel=\"canonical\" href=\"https:\/\/kinamihealth.com\/sv\/wp-json\/wp\/v2\/product\/120121\" \/>\n<meta property=\"og:locale\" content=\"sv_SE\" \/>\n<meta property=\"og:type\" content=\"article\" \/>\n<meta property=\"og:title\" content=\"K\u00f6p Neauvia Organic Intense Flux online\" \/>\n<meta property=\"og:description\" content=\"K\u00f6p Neauvia Organic Intense Flux online \u2013 en supereffektiv hudfyllare som effektivt behandlar \u00e5ldrande hud runt \u00f6gonen, munnen, halsen och dekolletaget.\" \/>\n<meta property=\"og:url\" content=\"https:\/\/kinamihealth.com\/sv\/produkt\/neauvia-organic-intense\/\" \/>\n<meta property=\"og:site_name\" content=\"Kinami Health\" \/>\n<meta property=\"article:modified_time\" content=\"2025-12-07T18:10:55+00:00\" \/>\n<meta property=\"og:image\" content=\"https:\/\/kinamihealth.com\/wp-content\/uploads\/2025\/02\/NEAUVIA-INTENSE-03.jpg\" \/>\n\t<meta property=\"og:image:width\" content=\"800\" \/>\n\t<meta property=\"og:image:height\" content=\"800\" \/>\n\t<meta property=\"og:image:type\" content=\"image\/jpeg\" \/>\n<meta name=\"twitter:card\" content=\"summary_large_image\" \/>\n<meta name=\"twitter:label1\" content=\"Ber\u00e4knad l\u00e4stid\" \/>\n\t<meta name=\"twitter:data1\" content=\"1 minut\" \/>\n<!-- \/ Yoast SEO plugin. -->","yoast_head_json":{"title":"K\u00f6p Neauvia Organic Intense Flux online","description":"K\u00f6p Neauvia Organic Intense Flux online \u2013 en supereffektiv hudfyllare som effektivt behandlar \u00e5ldrande hud runt \u00f6gonen, munnen, halsen och dekolletaget.","robots":{"index":"index","follow":"follow","max-snippet":"max-snippet:-1","max-image-preview":"max-image-preview:large","max-video-preview":"max-video-preview:-1"},"canonical":"https:\/\/kinamihealth.com\/sv\/wp-json\/wp\/v2\/product\/120121","og_locale":"sv_SE","og_type":"article","og_title":"K\u00f6p Neauvia Organic Intense Flux online","og_description":"K\u00f6p Neauvia Organic Intense Flux online \u2013 en supereffektiv hudfyllare som effektivt behandlar \u00e5ldrande hud runt \u00f6gonen, munnen, halsen och dekolletaget.","og_url":"https:\/\/kinamihealth.com\/sv\/produkt\/neauvia-organic-intense\/","og_site_name":"Kinami Health","article_modified_time":"2025-12-07T18:10:55+00:00","og_image":[{"width":800,"height":800,"url":"https:\/\/kinamihealth.com\/wp-content\/uploads\/2025\/02\/NEAUVIA-INTENSE-03.jpg","type":"image\/jpeg"}],"twitter_card":"summary_large_image","twitter_misc":{"Ber\u00e4knad l\u00e4stid":"1 minut"},"schema":{"@context":"https:\/\/schema.org","@graph":[{"@type":"WebPage","@id":"https:\/\/kinamihealth.com\/sv\/produkt\/neauvia-organic-intense\/","url":"https:\/\/kinamihealth.com\/sv\/produkt\/neauvia-organic-intense\/","name":"K\u00f6p Neauvia Organic Intense Flux online","isPartOf":{"@id":"https:\/\/kinamihealth.com\/#website"},"primaryImageOfPage":{"@id":"https:\/\/kinamihealth.com\/sv\/produkt\/neauvia-organic-intense\/#primaryimage"},"image":{"@id":"https:\/\/kinamihealth.com\/sv\/produkt\/neauvia-organic-intense\/#primaryimage"},"thumbnailUrl":"https:\/\/kinamihealth.com\/wp-content\/uploads\/2025\/02\/NEAUVIA-INTENSE-03.jpg","datePublished":"2025-02-15T16:56:19+00:00","dateModified":"2025-12-07T18:10:55+00:00","description":"K\u00f6p Neauvia Organic Intense Flux online \u2013 en supereffektiv hudfyllare som effektivt behandlar \u00e5ldrande hud runt \u00f6gonen, munnen, halsen och dekolletaget.","breadcrumb":{"@id":"https:\/\/kinamihealth.com\/sv\/produkt\/neauvia-organic-intense\/#breadcrumb"},"inLanguage":"sv-SE","potentialAction":[{"@type":"ReadAction","target":["https:\/\/kinamihealth.com\/sv\/produkt\/neauvia-organic-intense\/"]}]},{"@type":"ImageObject","inLanguage":"sv-SE","@id":"https:\/\/kinamihealth.com\/sv\/produkt\/neauvia-organic-intense\/#primaryimage","url":"https:\/\/kinamihealth.com\/wp-content\/uploads\/2025\/02\/NEAUVIA-INTENSE-03.jpg","contentUrl":"https:\/\/kinamihealth.com\/wp-content\/uploads\/2025\/02\/NEAUVIA-INTENSE-03.jpg","width":800,"height":800},{"@type":"BreadcrumbList","@id":"https:\/\/kinamihealth.com\/sv\/produkt\/neauvia-organic-intense\/#breadcrumb","itemListElement":[{"@type":"ListItem","position":1,"name":"Hem","item":"https:\/\/kinamihealth.com\/sr\/"},{"@type":"ListItem","position":2,"name":"Butik","item":"https:\/\/kinamihealth.com\/sv\/?page_id=127810"},{"@type":"ListItem","position":3,"name":"NEAUVIA\u2122 ORGANIC INTENSE"}]},{"@type":"WebSite","@id":"https:\/\/kinamihealth.com\/#website","url":"https:\/\/kinamihealth.com\/","name":"Kinami Health","description":"","publisher":{"@id":"https:\/\/kinamihealth.com\/#organization"},"potentialAction":[{"@type":"SearchAction","target":{"@type":"EntryPoint","urlTemplate":"https:\/\/kinamihealth.com\/?s={search_term_string}"},"query-input":{"@type":"PropertyValueSpecification","valueRequired":true,"valueName":"search_term_string"}}],"inLanguage":"sv-SE"},{"@type":"Organization","@id":"https:\/\/kinamihealth.com\/#organization","name":"Kinami Health","url":"https:\/\/kinamihealth.com\/","logo":{"@type":"ImageObject","inLanguage":"sv-SE","@id":"https:\/\/kinamihealth.com\/#\/schema\/logo\/image\/","url":"https:\/\/kinamihealth.com\/wp-content\/uploads\/2025\/01\/KH_logo_black_2-1.png","contentUrl":"https:\/\/kinamihealth.com\/wp-content\/uploads\/2025\/01\/KH_logo_black_2-1.png","width":339,"height":34,"caption":"Kinami Health"},"image":{"@id":"https:\/\/kinamihealth.com\/#\/schema\/logo\/image\/"}}]}},"_links":{"self":[{"href":"https:\/\/kinamihealth.com\/sv\/wp-json\/wp\/v2\/product\/120121","targetHints":{"allow":["GET"]}}],"collection":[{"href":"https:\/\/kinamihealth.com\/sv\/wp-json\/wp\/v2\/product"}],"about":[{"href":"https:\/\/kinamihealth.com\/sv\/wp-json\/wp\/v2\/types\/product"}],"replies":[{"embeddable":true,"href":"https:\/\/kinamihealth.com\/sv\/wp-json\/wp\/v2\/comments?post=120121"}],"version-history":[{"count":0,"href":"https:\/\/kinamihealth.com\/sv\/wp-json\/wp\/v2\/product\/120121\/revisions"}],"wp:featuredmedia":[{"embeddable":true,"href":"https:\/\/kinamihealth.com\/sv\/wp-json\/wp\/v2\/media\/120125"}],"wp:attachment":[{"href":"https:\/\/kinamihealth.com\/sv\/wp-json\/wp\/v2\/media?parent=120121"}],"wp:term":[{"taxonomy":"product_brand","embeddable":true,"href":"https:\/\/kinamihealth.com\/sv\/wp-json\/wp\/v2\/product_brand?post=120121"},{"taxonomy":"product_cat","embeddable":true,"href":"https:\/\/kinamihealth.com\/sv\/wp-json\/wp\/v2\/product_cat?post=120121"},{"taxonomy":"product_tag","embeddable":true,"href":"https:\/\/kinamihealth.com\/sv\/wp-json\/wp\/v2\/product_tag?post=120121"}],"curies":[{"name":"wp","href":"https:\/\/api.w.org\/{rel}","templated":true}]}}