{"id":120114,"date":"2025-02-15T16:56:20","date_gmt":"2025-02-15T16:56:20","guid":{"rendered":"https:\/\/kinamihealth.com\/product\/neauvia-organic-intense-lips\/"},"modified":"2025-12-07T18:21:10","modified_gmt":"2025-12-07T18:21:10","slug":"neauvia-organic-intense-lips","status":"publish","type":"product","link":"https:\/\/kinamihealth.com\/sv\/produkt\/neauvia-organic-intense-lips\/","title":{"rendered":"NEAUVIA\u2122 ORGANIC INTENSE LIPS"},"content":{"rendered":"<p><b>Neauvia Organic Intense Lips<\/b><span style=\"font-weight: 400;\"> \u00e4r en <\/span><b>fantastisk hudfyllnadsprodukt<\/b><span style=\"font-weight: 400;\"> utvecklad med hj\u00e4lp av den senaste tekniken f\u00f6r att behandla och <\/span><b>f\u00f6rb\u00e4ttra l\u00e4pparnas volym<\/b><span style=\"font-weight: 400;\">. Produkten inneh\u00e5ller de <\/span><b>h\u00f6gsta kvalitetsingredienserna<\/b><span style=\"font-weight: 400;\"> som syftar till att ge <\/span><b>fylligare<\/b><span style=\"font-weight: 400;\">, <\/span><b>naturligt utseende<\/b><span style=\"font-weight: 400;\"> och <\/span><b>friska l\u00e4ppar<\/b><span style=\"font-weight: 400;\">.<\/span><\/p>\n","protected":false},"excerpt":{"rendered":"<p>Neauvia Organic Intense Lips \u00e4r en fantastisk hudfyllnadsprodukt utvecklad med hj\u00e4lp av den senaste tekniken f\u00f6r att behandla och f\u00f6rb\u00e4ttra l\u00e4pparnas volym. Produkten inneh\u00e5ller de h\u00f6gsta kvalitetsingredienserna som syftar till att ge fylligare, naturligt utseende och friska l\u00e4ppar.<\/p>\n","protected":false},"featured_media":120118,"comment_status":"closed","ping_status":"closed","template":"","meta":{"_acf_changed":false,"inline_featured_image":false},"product_brand":[3160],"product_cat":[3265,3260],"product_tag":[3256],"class_list":{"0":"post-120114","1":"product","2":"type-product","3":"status-publish","4":"has-post-thumbnail","6":"product_brand-neauvia","7":"product_cat-ha-dermal-fillers","8":"product_cat-dermal-fillers-sv","9":"product_tag-medical-devices-sv","11":"first","12":"instock","13":"taxable","14":"shipping-taxable","15":"purchasable","16":"product-type-simple","17":"add-to-wishlist-before_image"},"acf":[],"yoast_head":"<!-- This site is optimized with the Yoast SEO plugin v27.1.1 - https:\/\/yoast.com\/product\/yoast-seo-wordpress\/ -->\n<title>K\u00f6p Neauvia Organic Intense Lips online<\/title>\n<meta name=\"description\" content=\"K\u00f6p Neauvia Organic Intense Lips online och anv\u00e4nd denna fascinerande nya hudfyllnadsprodukt f\u00f6r att \u00f6ka l\u00e4pparnas volym, fuktighet, elasticitet och intensitet.\" \/>\n<meta name=\"robots\" content=\"index, follow, max-snippet:-1, max-image-preview:large, max-video-preview:-1\" \/>\n<link rel=\"canonical\" href=\"https:\/\/kinamihealth.com\/sv\/wp-json\/wp\/v2\/product\/120114\" \/>\n<meta property=\"og:locale\" content=\"sv_SE\" \/>\n<meta property=\"og:type\" content=\"article\" \/>\n<meta property=\"og:title\" content=\"K\u00f6p Neauvia Organic Intense Lips online\" \/>\n<meta property=\"og:description\" content=\"K\u00f6p Neauvia Organic Intense Lips online och anv\u00e4nd denna fascinerande nya hudfyllnadsprodukt f\u00f6r att \u00f6ka l\u00e4pparnas volym, fuktighet, elasticitet och intensitet.\" \/>\n<meta property=\"og:url\" content=\"https:\/\/kinamihealth.com\/sv\/produkt\/neauvia-organic-intense-lips\/\" \/>\n<meta property=\"og:site_name\" content=\"Kinami Health\" \/>\n<meta property=\"article:modified_time\" content=\"2025-12-07T18:21:10+00:00\" \/>\n<meta property=\"og:image\" content=\"https:\/\/kinamihealth.com\/wp-content\/uploads\/2025\/02\/NEAUVIA-INTENSE-LIPS-03.jpg\" \/>\n\t<meta property=\"og:image:width\" content=\"800\" \/>\n\t<meta property=\"og:image:height\" content=\"800\" \/>\n\t<meta property=\"og:image:type\" content=\"image\/jpeg\" \/>\n<meta name=\"twitter:card\" content=\"summary_large_image\" \/>\n<meta name=\"twitter:label1\" content=\"Ber\u00e4knad l\u00e4stid\" \/>\n\t<meta name=\"twitter:data1\" content=\"1 minut\" \/>\n<!-- \/ Yoast SEO plugin. -->","yoast_head_json":{"title":"K\u00f6p Neauvia Organic Intense Lips online","description":"K\u00f6p Neauvia Organic Intense Lips online och anv\u00e4nd denna fascinerande nya hudfyllnadsprodukt f\u00f6r att \u00f6ka l\u00e4pparnas volym, fuktighet, elasticitet och intensitet.","robots":{"index":"index","follow":"follow","max-snippet":"max-snippet:-1","max-image-preview":"max-image-preview:large","max-video-preview":"max-video-preview:-1"},"canonical":"https:\/\/kinamihealth.com\/sv\/wp-json\/wp\/v2\/product\/120114","og_locale":"sv_SE","og_type":"article","og_title":"K\u00f6p Neauvia Organic Intense Lips online","og_description":"K\u00f6p Neauvia Organic Intense Lips online och anv\u00e4nd denna fascinerande nya hudfyllnadsprodukt f\u00f6r att \u00f6ka l\u00e4pparnas volym, fuktighet, elasticitet och intensitet.","og_url":"https:\/\/kinamihealth.com\/sv\/produkt\/neauvia-organic-intense-lips\/","og_site_name":"Kinami Health","article_modified_time":"2025-12-07T18:21:10+00:00","og_image":[{"width":800,"height":800,"url":"https:\/\/kinamihealth.com\/wp-content\/uploads\/2025\/02\/NEAUVIA-INTENSE-LIPS-03.jpg","type":"image\/jpeg"}],"twitter_card":"summary_large_image","twitter_misc":{"Ber\u00e4knad l\u00e4stid":"1 minut"},"schema":{"@context":"https:\/\/schema.org","@graph":[{"@type":"WebPage","@id":"https:\/\/kinamihealth.com\/sv\/produkt\/neauvia-organic-intense-lips\/","url":"https:\/\/kinamihealth.com\/sv\/produkt\/neauvia-organic-intense-lips\/","name":"K\u00f6p Neauvia Organic Intense Lips online","isPartOf":{"@id":"https:\/\/kinamihealth.com\/#website"},"primaryImageOfPage":{"@id":"https:\/\/kinamihealth.com\/sv\/produkt\/neauvia-organic-intense-lips\/#primaryimage"},"image":{"@id":"https:\/\/kinamihealth.com\/sv\/produkt\/neauvia-organic-intense-lips\/#primaryimage"},"thumbnailUrl":"https:\/\/kinamihealth.com\/wp-content\/uploads\/2025\/02\/NEAUVIA-INTENSE-LIPS-03.jpg","datePublished":"2025-02-15T16:56:20+00:00","dateModified":"2025-12-07T18:21:10+00:00","description":"K\u00f6p Neauvia Organic Intense Lips online och anv\u00e4nd denna fascinerande nya hudfyllnadsprodukt f\u00f6r att \u00f6ka l\u00e4pparnas volym, fuktighet, elasticitet och intensitet.","breadcrumb":{"@id":"https:\/\/kinamihealth.com\/sv\/produkt\/neauvia-organic-intense-lips\/#breadcrumb"},"inLanguage":"sv-SE","potentialAction":[{"@type":"ReadAction","target":["https:\/\/kinamihealth.com\/sv\/produkt\/neauvia-organic-intense-lips\/"]}]},{"@type":"ImageObject","inLanguage":"sv-SE","@id":"https:\/\/kinamihealth.com\/sv\/produkt\/neauvia-organic-intense-lips\/#primaryimage","url":"https:\/\/kinamihealth.com\/wp-content\/uploads\/2025\/02\/NEAUVIA-INTENSE-LIPS-03.jpg","contentUrl":"https:\/\/kinamihealth.com\/wp-content\/uploads\/2025\/02\/NEAUVIA-INTENSE-LIPS-03.jpg","width":800,"height":800},{"@type":"BreadcrumbList","@id":"https:\/\/kinamihealth.com\/sv\/produkt\/neauvia-organic-intense-lips\/#breadcrumb","itemListElement":[{"@type":"ListItem","position":1,"name":"Hem","item":"https:\/\/kinamihealth.com\/sr\/"},{"@type":"ListItem","position":2,"name":"Butik","item":"https:\/\/kinamihealth.com\/sv\/?page_id=127810"},{"@type":"ListItem","position":3,"name":"NEAUVIA\u2122 ORGANIC INTENSE LIPS"}]},{"@type":"WebSite","@id":"https:\/\/kinamihealth.com\/#website","url":"https:\/\/kinamihealth.com\/","name":"Kinami Health","description":"","publisher":{"@id":"https:\/\/kinamihealth.com\/#organization"},"potentialAction":[{"@type":"SearchAction","target":{"@type":"EntryPoint","urlTemplate":"https:\/\/kinamihealth.com\/?s={search_term_string}"},"query-input":{"@type":"PropertyValueSpecification","valueRequired":true,"valueName":"search_term_string"}}],"inLanguage":"sv-SE"},{"@type":"Organization","@id":"https:\/\/kinamihealth.com\/#organization","name":"Kinami Health","url":"https:\/\/kinamihealth.com\/","logo":{"@type":"ImageObject","inLanguage":"sv-SE","@id":"https:\/\/kinamihealth.com\/#\/schema\/logo\/image\/","url":"https:\/\/kinamihealth.com\/wp-content\/uploads\/2025\/01\/KH_logo_black_2-1.png","contentUrl":"https:\/\/kinamihealth.com\/wp-content\/uploads\/2025\/01\/KH_logo_black_2-1.png","width":339,"height":34,"caption":"Kinami Health"},"image":{"@id":"https:\/\/kinamihealth.com\/#\/schema\/logo\/image\/"}}]}},"_links":{"self":[{"href":"https:\/\/kinamihealth.com\/sv\/wp-json\/wp\/v2\/product\/120114","targetHints":{"allow":["GET"]}}],"collection":[{"href":"https:\/\/kinamihealth.com\/sv\/wp-json\/wp\/v2\/product"}],"about":[{"href":"https:\/\/kinamihealth.com\/sv\/wp-json\/wp\/v2\/types\/product"}],"replies":[{"embeddable":true,"href":"https:\/\/kinamihealth.com\/sv\/wp-json\/wp\/v2\/comments?post=120114"}],"version-history":[{"count":0,"href":"https:\/\/kinamihealth.com\/sv\/wp-json\/wp\/v2\/product\/120114\/revisions"}],"wp:featuredmedia":[{"embeddable":true,"href":"https:\/\/kinamihealth.com\/sv\/wp-json\/wp\/v2\/media\/120118"}],"wp:attachment":[{"href":"https:\/\/kinamihealth.com\/sv\/wp-json\/wp\/v2\/media?parent=120114"}],"wp:term":[{"taxonomy":"product_brand","embeddable":true,"href":"https:\/\/kinamihealth.com\/sv\/wp-json\/wp\/v2\/product_brand?post=120114"},{"taxonomy":"product_cat","embeddable":true,"href":"https:\/\/kinamihealth.com\/sv\/wp-json\/wp\/v2\/product_cat?post=120114"},{"taxonomy":"product_tag","embeddable":true,"href":"https:\/\/kinamihealth.com\/sv\/wp-json\/wp\/v2\/product_tag?post=120114"}],"curies":[{"name":"wp","href":"https:\/\/api.w.org\/{rel}","templated":true}]}}