{"id":120108,"date":"2025-02-15T16:56:22","date_gmt":"2025-02-15T16:56:22","guid":{"rendered":"https:\/\/kinamihealth.com\/product\/neauvia-organic-intense-man\/"},"modified":"2025-12-07T18:31:22","modified_gmt":"2025-12-07T18:31:22","slug":"neauvia-organic-intense-man","status":"publish","type":"product","link":"https:\/\/kinamihealth.com\/sv\/produkt\/neauvia-organic-intense-man\/","title":{"rendered":"NEAUVIA\u2122 ORGANIC INTENSE MAN"},"content":{"rendered":"<p><b>NEAUVIA ORGANIC INTENSE MAN<\/b><span style=\"font-weight: 400;\"> \u00e4r en <\/span><b>kraftfull och effektiv hudfyllnadsprodukt<\/b><span style=\"font-weight: 400;\"> noggrant utformad f\u00f6r m\u00e4ns hud. Den unika produktformuleringen och <\/span><b>h\u00f6gkvalitativa ingredienserna<\/b><span style=\"font-weight: 400;\"> g\u00f6r denna hudfyllare till det sj\u00e4lvklara valet f\u00f6r personer som vill <\/span><b>eliminera djupa och grova rynkor<\/b><span style=\"font-weight: 400;\">, <\/span><b>ers\u00e4tta f\u00f6rlorad volym<\/b><span style=\"font-weight: 400;\">, <\/span><b>\u00e5terfukta torr hud<\/b><span style=\"font-weight: 400;\"> och <\/span><b>eliminera tecken p\u00e5 \u00e5ldrande hos m\u00e4n<\/b><span style=\"font-weight: 400;\">.<\/span><\/p>\n","protected":false},"excerpt":{"rendered":"<p>NEAUVIA ORGANIC INTENSE MAN \u00e4r en kraftfull och effektiv hudfyllnadsprodukt noggrant utformad f\u00f6r m\u00e4ns hud. Den unika produktformuleringen och h\u00f6gkvalitativa ingredienserna g\u00f6r denna hudfyllare till det sj\u00e4lvklara valet f\u00f6r personer som vill eliminera djupa och grova rynkor, ers\u00e4tta f\u00f6rlorad volym, \u00e5terfukta torr hud och eliminera tecken p\u00e5 \u00e5ldrande hos m\u00e4n.<\/p>\n","protected":false},"featured_media":120111,"comment_status":"closed","ping_status":"closed","template":"","meta":{"_acf_changed":false,"inline_featured_image":false},"product_brand":[3160],"product_cat":[3265,3260],"product_tag":[3256],"class_list":{"0":"post-120108","1":"product","2":"type-product","3":"status-publish","4":"has-post-thumbnail","6":"product_brand-neauvia","7":"product_cat-ha-dermal-fillers","8":"product_cat-dermal-fillers-sv","9":"product_tag-medical-devices-sv","11":"first","12":"instock","13":"taxable","14":"shipping-taxable","15":"purchasable","16":"product-type-simple","17":"add-to-wishlist-before_image"},"acf":[],"yoast_head":"<!-- This site is optimized with the Yoast SEO plugin v27.1.1 - https:\/\/yoast.com\/product\/yoast-seo-wordpress\/ -->\n<title>K\u00f6p NEAUVIA ORGANIC INTENSE MAN online<\/title>\n<meta name=\"description\" content=\"K\u00f6p NEAUVIA ORGANIC INTENSE MAN online f\u00f6r att f\u00e5 fastare hud hos m\u00e4n, \u00e5terst\u00e4lla ungdomlig lyster, \u00f6ka hudens elasticitet och bek\u00e4mpa tecken p\u00e5 \u00e5ldrande.\" \/>\n<meta name=\"robots\" content=\"index, follow, max-snippet:-1, max-image-preview:large, max-video-preview:-1\" \/>\n<link rel=\"canonical\" href=\"https:\/\/kinamihealth.com\/sv\/wp-json\/wp\/v2\/product\/120108\" \/>\n<meta property=\"og:locale\" content=\"sv_SE\" \/>\n<meta property=\"og:type\" content=\"article\" \/>\n<meta property=\"og:title\" content=\"K\u00f6p NEAUVIA ORGANIC INTENSE MAN online\" \/>\n<meta property=\"og:description\" content=\"K\u00f6p NEAUVIA ORGANIC INTENSE MAN online f\u00f6r att f\u00e5 fastare hud hos m\u00e4n, \u00e5terst\u00e4lla ungdomlig lyster, \u00f6ka hudens elasticitet och bek\u00e4mpa tecken p\u00e5 \u00e5ldrande.\" \/>\n<meta property=\"og:url\" content=\"https:\/\/kinamihealth.com\/sv\/produkt\/neauvia-organic-intense-man\/\" \/>\n<meta property=\"og:site_name\" content=\"Kinami Health\" \/>\n<meta property=\"article:modified_time\" content=\"2025-12-07T18:31:22+00:00\" \/>\n<meta property=\"og:image\" content=\"https:\/\/kinamihealth.com\/wp-content\/uploads\/2025\/02\/Neauvia-Intense-Man_FRONT.webp\" \/>\n\t<meta property=\"og:image:width\" content=\"1500\" \/>\n\t<meta property=\"og:image:height\" content=\"1500\" \/>\n\t<meta property=\"og:image:type\" content=\"image\/webp\" \/>\n<meta name=\"twitter:card\" content=\"summary_large_image\" \/>\n<meta name=\"twitter:label1\" content=\"Ber\u00e4knad l\u00e4stid\" \/>\n\t<meta name=\"twitter:data1\" content=\"1 minut\" \/>\n<!-- \/ Yoast SEO plugin. -->","yoast_head_json":{"title":"K\u00f6p NEAUVIA ORGANIC INTENSE MAN online","description":"K\u00f6p NEAUVIA ORGANIC INTENSE MAN online f\u00f6r att f\u00e5 fastare hud hos m\u00e4n, \u00e5terst\u00e4lla ungdomlig lyster, \u00f6ka hudens elasticitet och bek\u00e4mpa tecken p\u00e5 \u00e5ldrande.","robots":{"index":"index","follow":"follow","max-snippet":"max-snippet:-1","max-image-preview":"max-image-preview:large","max-video-preview":"max-video-preview:-1"},"canonical":"https:\/\/kinamihealth.com\/sv\/wp-json\/wp\/v2\/product\/120108","og_locale":"sv_SE","og_type":"article","og_title":"K\u00f6p NEAUVIA ORGANIC INTENSE MAN online","og_description":"K\u00f6p NEAUVIA ORGANIC INTENSE MAN online f\u00f6r att f\u00e5 fastare hud hos m\u00e4n, \u00e5terst\u00e4lla ungdomlig lyster, \u00f6ka hudens elasticitet och bek\u00e4mpa tecken p\u00e5 \u00e5ldrande.","og_url":"https:\/\/kinamihealth.com\/sv\/produkt\/neauvia-organic-intense-man\/","og_site_name":"Kinami Health","article_modified_time":"2025-12-07T18:31:22+00:00","og_image":[{"width":1500,"height":1500,"url":"https:\/\/kinamihealth.com\/wp-content\/uploads\/2025\/02\/Neauvia-Intense-Man_FRONT.webp","type":"image\/webp"}],"twitter_card":"summary_large_image","twitter_misc":{"Ber\u00e4knad l\u00e4stid":"1 minut"},"schema":{"@context":"https:\/\/schema.org","@graph":[{"@type":"WebPage","@id":"https:\/\/kinamihealth.com\/sv\/produkt\/neauvia-organic-intense-man\/","url":"https:\/\/kinamihealth.com\/sv\/produkt\/neauvia-organic-intense-man\/","name":"K\u00f6p NEAUVIA ORGANIC INTENSE MAN online","isPartOf":{"@id":"https:\/\/kinamihealth.com\/#website"},"primaryImageOfPage":{"@id":"https:\/\/kinamihealth.com\/sv\/produkt\/neauvia-organic-intense-man\/#primaryimage"},"image":{"@id":"https:\/\/kinamihealth.com\/sv\/produkt\/neauvia-organic-intense-man\/#primaryimage"},"thumbnailUrl":"https:\/\/kinamihealth.com\/wp-content\/uploads\/2025\/02\/Neauvia-Intense-Man_FRONT.webp","datePublished":"2025-02-15T16:56:22+00:00","dateModified":"2025-12-07T18:31:22+00:00","description":"K\u00f6p NEAUVIA ORGANIC INTENSE MAN online f\u00f6r att f\u00e5 fastare hud hos m\u00e4n, \u00e5terst\u00e4lla ungdomlig lyster, \u00f6ka hudens elasticitet och bek\u00e4mpa tecken p\u00e5 \u00e5ldrande.","breadcrumb":{"@id":"https:\/\/kinamihealth.com\/sv\/produkt\/neauvia-organic-intense-man\/#breadcrumb"},"inLanguage":"sv-SE","potentialAction":[{"@type":"ReadAction","target":["https:\/\/kinamihealth.com\/sv\/produkt\/neauvia-organic-intense-man\/"]}]},{"@type":"ImageObject","inLanguage":"sv-SE","@id":"https:\/\/kinamihealth.com\/sv\/produkt\/neauvia-organic-intense-man\/#primaryimage","url":"https:\/\/kinamihealth.com\/wp-content\/uploads\/2025\/02\/Neauvia-Intense-Man_FRONT.webp","contentUrl":"https:\/\/kinamihealth.com\/wp-content\/uploads\/2025\/02\/Neauvia-Intense-Man_FRONT.webp","width":1500,"height":1500},{"@type":"BreadcrumbList","@id":"https:\/\/kinamihealth.com\/sv\/produkt\/neauvia-organic-intense-man\/#breadcrumb","itemListElement":[{"@type":"ListItem","position":1,"name":"Hem","item":"https:\/\/kinamihealth.com\/sr\/"},{"@type":"ListItem","position":2,"name":"Butik","item":"https:\/\/kinamihealth.com\/sv\/?page_id=127810"},{"@type":"ListItem","position":3,"name":"NEAUVIA\u2122 ORGANIC INTENSE MAN"}]},{"@type":"WebSite","@id":"https:\/\/kinamihealth.com\/#website","url":"https:\/\/kinamihealth.com\/","name":"Kinami Health","description":"","publisher":{"@id":"https:\/\/kinamihealth.com\/#organization"},"potentialAction":[{"@type":"SearchAction","target":{"@type":"EntryPoint","urlTemplate":"https:\/\/kinamihealth.com\/?s={search_term_string}"},"query-input":{"@type":"PropertyValueSpecification","valueRequired":true,"valueName":"search_term_string"}}],"inLanguage":"sv-SE"},{"@type":"Organization","@id":"https:\/\/kinamihealth.com\/#organization","name":"Kinami Health","url":"https:\/\/kinamihealth.com\/","logo":{"@type":"ImageObject","inLanguage":"sv-SE","@id":"https:\/\/kinamihealth.com\/#\/schema\/logo\/image\/","url":"https:\/\/kinamihealth.com\/wp-content\/uploads\/2025\/01\/KH_logo_black_2-1.png","contentUrl":"https:\/\/kinamihealth.com\/wp-content\/uploads\/2025\/01\/KH_logo_black_2-1.png","width":339,"height":34,"caption":"Kinami Health"},"image":{"@id":"https:\/\/kinamihealth.com\/#\/schema\/logo\/image\/"}}]}},"_links":{"self":[{"href":"https:\/\/kinamihealth.com\/sv\/wp-json\/wp\/v2\/product\/120108","targetHints":{"allow":["GET"]}}],"collection":[{"href":"https:\/\/kinamihealth.com\/sv\/wp-json\/wp\/v2\/product"}],"about":[{"href":"https:\/\/kinamihealth.com\/sv\/wp-json\/wp\/v2\/types\/product"}],"replies":[{"embeddable":true,"href":"https:\/\/kinamihealth.com\/sv\/wp-json\/wp\/v2\/comments?post=120108"}],"version-history":[{"count":0,"href":"https:\/\/kinamihealth.com\/sv\/wp-json\/wp\/v2\/product\/120108\/revisions"}],"wp:featuredmedia":[{"embeddable":true,"href":"https:\/\/kinamihealth.com\/sv\/wp-json\/wp\/v2\/media\/120111"}],"wp:attachment":[{"href":"https:\/\/kinamihealth.com\/sv\/wp-json\/wp\/v2\/media?parent=120108"}],"wp:term":[{"taxonomy":"product_brand","embeddable":true,"href":"https:\/\/kinamihealth.com\/sv\/wp-json\/wp\/v2\/product_brand?post=120108"},{"taxonomy":"product_cat","embeddable":true,"href":"https:\/\/kinamihealth.com\/sv\/wp-json\/wp\/v2\/product_cat?post=120108"},{"taxonomy":"product_tag","embeddable":true,"href":"https:\/\/kinamihealth.com\/sv\/wp-json\/wp\/v2\/product_tag?post=120108"}],"curies":[{"name":"wp","href":"https:\/\/api.w.org\/{rel}","templated":true}]}}