{"id":120096,"date":"2025-02-15T16:56:23","date_gmt":"2025-02-15T16:56:23","guid":{"rendered":"https:\/\/kinamihealth.com\/product\/neauvia-organic-stimulate\/"},"modified":"2025-12-07T18:55:26","modified_gmt":"2025-12-07T18:55:26","slug":"neauvia-organic-stimulate","status":"publish","type":"product","link":"https:\/\/kinamihealth.com\/sv\/produkt\/neauvia-organic-stimulate\/","title":{"rendered":"NEAUVIA\u2122 ORGANIC STIMULATE"},"content":{"rendered":"<p><span style=\"font-weight: 400;\">NEAUVIA Organic STIMULATE g\u00f6r underverk n\u00e4r det g\u00e4ller att <\/span><b>revitalisera grov och \u00e5ldrande hud<\/b><span style=\"font-weight: 400;\"> och hj\u00e4lper den att <\/span><b>\u00e5terf\u00e5 sin f\u00f6rlorade volym<\/b><span style=\"font-weight: 400;\"> och <\/span><b>hudt\u00e4thet<\/b><span style=\"font-weight: 400;\">. Denna <\/span><b>effektiva<\/b><span style=\"font-weight: 400;\"> och <\/span><b>l\u00e5ngvariga hudfyllare<\/b><span style=\"font-weight: 400;\"> hj\u00e4lper till att \u00e5terst\u00e4lla f\u00f6rlorad hudvolym och hudt\u00e4thet.<\/span><\/p>\n","protected":false},"excerpt":{"rendered":"<p>NEAUVIA Organic STIMULATE g\u00f6r underverk n\u00e4r det g\u00e4ller att revitalisera grov och \u00e5ldrande hud och hj\u00e4lper den att \u00e5terf\u00e5 sin f\u00f6rlorade volym och hudt\u00e4thet. Denna effektiva och l\u00e5ngvariga hudfyllare hj\u00e4lper till att \u00e5terst\u00e4lla f\u00f6rlorad hudvolym och hudt\u00e4thet.<\/p>\n","protected":false},"featured_media":120100,"comment_status":"closed","ping_status":"closed","template":"","meta":{"_acf_changed":false,"inline_featured_image":false},"product_brand":[3160],"product_cat":[3265,3260],"product_tag":[3256],"class_list":{"0":"post-120096","1":"product","2":"type-product","3":"status-publish","4":"has-post-thumbnail","6":"product_brand-neauvia","7":"product_cat-ha-dermal-fillers","8":"product_cat-dermal-fillers-sv","9":"product_tag-medical-devices-sv","11":"first","12":"instock","13":"taxable","14":"shipping-taxable","15":"purchasable","16":"product-type-simple","17":"add-to-wishlist-before_image"},"acf":[],"yoast_head":"<!-- This site is optimized with the Yoast SEO plugin v27.3 - https:\/\/yoast.com\/product\/yoast-seo-wordpress\/ -->\n<title>K\u00f6p NEAUVIA Organic STIMULATE online<\/title>\n<meta name=\"description\" content=\"K\u00f6p NEAUVIA Organic STIMULATE online f\u00f6r att effektivt bek\u00e4mpa f\u00f6rlust av hudvolym och \u00e5terst\u00e4lla f\u00f6rlorad hudt\u00e4thet.\" \/>\n<meta name=\"robots\" content=\"index, follow, max-snippet:-1, max-image-preview:large, max-video-preview:-1\" \/>\n<link rel=\"canonical\" href=\"https:\/\/kinamihealth.com\/sv\/wp-json\/wp\/v2\/product\/120096\" \/>\n<meta property=\"og:locale\" content=\"sv_SE\" \/>\n<meta property=\"og:type\" content=\"article\" \/>\n<meta property=\"og:title\" content=\"K\u00f6p NEAUVIA Organic STIMULATE online\" \/>\n<meta property=\"og:description\" content=\"K\u00f6p NEAUVIA Organic STIMULATE online f\u00f6r att effektivt bek\u00e4mpa f\u00f6rlust av hudvolym och \u00e5terst\u00e4lla f\u00f6rlorad hudt\u00e4thet.\" \/>\n<meta property=\"og:url\" content=\"https:\/\/kinamihealth.com\/sv\/produkt\/neauvia-organic-stimulate\/\" \/>\n<meta property=\"og:site_name\" content=\"Kinami Health\" \/>\n<meta property=\"article:modified_time\" content=\"2025-12-07T18:55:26+00:00\" \/>\n<meta property=\"og:image\" content=\"https:\/\/kinamihealth.com\/wp-content\/uploads\/2025\/02\/NEAUVIA-STIMULATE-01.jpg\" \/>\n\t<meta property=\"og:image:width\" content=\"800\" \/>\n\t<meta property=\"og:image:height\" content=\"800\" \/>\n\t<meta property=\"og:image:type\" content=\"image\/jpeg\" \/>\n<meta name=\"twitter:card\" content=\"summary_large_image\" \/>\n<meta name=\"twitter:label1\" content=\"Ber\u00e4knad l\u00e4stid\" \/>\n\t<meta name=\"twitter:data1\" content=\"1 minut\" \/>\n<!-- \/ Yoast SEO plugin. -->","yoast_head_json":{"title":"K\u00f6p NEAUVIA Organic STIMULATE online","description":"K\u00f6p NEAUVIA Organic STIMULATE online f\u00f6r att effektivt bek\u00e4mpa f\u00f6rlust av hudvolym och \u00e5terst\u00e4lla f\u00f6rlorad hudt\u00e4thet.","robots":{"index":"index","follow":"follow","max-snippet":"max-snippet:-1","max-image-preview":"max-image-preview:large","max-video-preview":"max-video-preview:-1"},"canonical":"https:\/\/kinamihealth.com\/sv\/wp-json\/wp\/v2\/product\/120096","og_locale":"sv_SE","og_type":"article","og_title":"K\u00f6p NEAUVIA Organic STIMULATE online","og_description":"K\u00f6p NEAUVIA Organic STIMULATE online f\u00f6r att effektivt bek\u00e4mpa f\u00f6rlust av hudvolym och \u00e5terst\u00e4lla f\u00f6rlorad hudt\u00e4thet.","og_url":"https:\/\/kinamihealth.com\/sv\/produkt\/neauvia-organic-stimulate\/","og_site_name":"Kinami Health","article_modified_time":"2025-12-07T18:55:26+00:00","og_image":[{"width":800,"height":800,"url":"https:\/\/kinamihealth.com\/wp-content\/uploads\/2025\/02\/NEAUVIA-STIMULATE-01.jpg","type":"image\/jpeg"}],"twitter_card":"summary_large_image","twitter_misc":{"Ber\u00e4knad l\u00e4stid":"1 minut"},"schema":{"@context":"https:\/\/schema.org","@graph":[{"@type":"WebPage","@id":"https:\/\/kinamihealth.com\/sv\/produkt\/neauvia-organic-stimulate\/","url":"https:\/\/kinamihealth.com\/sv\/produkt\/neauvia-organic-stimulate\/","name":"K\u00f6p NEAUVIA Organic STIMULATE online","isPartOf":{"@id":"https:\/\/kinamihealth.com\/#website"},"primaryImageOfPage":{"@id":"https:\/\/kinamihealth.com\/sv\/produkt\/neauvia-organic-stimulate\/#primaryimage"},"image":{"@id":"https:\/\/kinamihealth.com\/sv\/produkt\/neauvia-organic-stimulate\/#primaryimage"},"thumbnailUrl":"https:\/\/kinamihealth.com\/wp-content\/uploads\/2025\/02\/NEAUVIA-STIMULATE-01.jpg","datePublished":"2025-02-15T16:56:23+00:00","dateModified":"2025-12-07T18:55:26+00:00","description":"K\u00f6p NEAUVIA Organic STIMULATE online f\u00f6r att effektivt bek\u00e4mpa f\u00f6rlust av hudvolym och \u00e5terst\u00e4lla f\u00f6rlorad hudt\u00e4thet.","breadcrumb":{"@id":"https:\/\/kinamihealth.com\/sv\/produkt\/neauvia-organic-stimulate\/#breadcrumb"},"inLanguage":"sv-SE","potentialAction":[{"@type":"ReadAction","target":["https:\/\/kinamihealth.com\/sv\/produkt\/neauvia-organic-stimulate\/"]}]},{"@type":"ImageObject","inLanguage":"sv-SE","@id":"https:\/\/kinamihealth.com\/sv\/produkt\/neauvia-organic-stimulate\/#primaryimage","url":"https:\/\/kinamihealth.com\/wp-content\/uploads\/2025\/02\/NEAUVIA-STIMULATE-01.jpg","contentUrl":"https:\/\/kinamihealth.com\/wp-content\/uploads\/2025\/02\/NEAUVIA-STIMULATE-01.jpg","width":800,"height":800},{"@type":"BreadcrumbList","@id":"https:\/\/kinamihealth.com\/sv\/produkt\/neauvia-organic-stimulate\/#breadcrumb","itemListElement":[{"@type":"ListItem","position":1,"name":"Hem","item":"https:\/\/kinamihealth.com\/sr\/"},{"@type":"ListItem","position":2,"name":"Butik","item":"https:\/\/kinamihealth.com\/sv\/?page_id=127810"},{"@type":"ListItem","position":3,"name":"NEAUVIA\u2122 ORGANIC STIMULATE"}]},{"@type":"WebSite","@id":"https:\/\/kinamihealth.com\/#website","url":"https:\/\/kinamihealth.com\/","name":"Kinami Health","description":"","publisher":{"@id":"https:\/\/kinamihealth.com\/#organization"},"potentialAction":[{"@type":"SearchAction","target":{"@type":"EntryPoint","urlTemplate":"https:\/\/kinamihealth.com\/?s={search_term_string}"},"query-input":{"@type":"PropertyValueSpecification","valueRequired":true,"valueName":"search_term_string"}}],"inLanguage":"sv-SE"},{"@type":"Organization","@id":"https:\/\/kinamihealth.com\/#organization","name":"Kinami Health","url":"https:\/\/kinamihealth.com\/","logo":{"@type":"ImageObject","inLanguage":"sv-SE","@id":"https:\/\/kinamihealth.com\/#\/schema\/logo\/image\/","url":"https:\/\/kinamihealth.com\/wp-content\/uploads\/2025\/01\/KH_logo_black_2-1.png","contentUrl":"https:\/\/kinamihealth.com\/wp-content\/uploads\/2025\/01\/KH_logo_black_2-1.png","width":339,"height":34,"caption":"Kinami Health"},"image":{"@id":"https:\/\/kinamihealth.com\/#\/schema\/logo\/image\/"}}]}},"_links":{"self":[{"href":"https:\/\/kinamihealth.com\/sv\/wp-json\/wp\/v2\/product\/120096","targetHints":{"allow":["GET"]}}],"collection":[{"href":"https:\/\/kinamihealth.com\/sv\/wp-json\/wp\/v2\/product"}],"about":[{"href":"https:\/\/kinamihealth.com\/sv\/wp-json\/wp\/v2\/types\/product"}],"replies":[{"embeddable":true,"href":"https:\/\/kinamihealth.com\/sv\/wp-json\/wp\/v2\/comments?post=120096"}],"version-history":[{"count":0,"href":"https:\/\/kinamihealth.com\/sv\/wp-json\/wp\/v2\/product\/120096\/revisions"}],"wp:featuredmedia":[{"embeddable":true,"href":"https:\/\/kinamihealth.com\/sv\/wp-json\/wp\/v2\/media\/120100"}],"wp:attachment":[{"href":"https:\/\/kinamihealth.com\/sv\/wp-json\/wp\/v2\/media?parent=120096"}],"wp:term":[{"taxonomy":"product_brand","embeddable":true,"href":"https:\/\/kinamihealth.com\/sv\/wp-json\/wp\/v2\/product_brand?post=120096"},{"taxonomy":"product_cat","embeddable":true,"href":"https:\/\/kinamihealth.com\/sv\/wp-json\/wp\/v2\/product_cat?post=120096"},{"taxonomy":"product_tag","embeddable":true,"href":"https:\/\/kinamihealth.com\/sv\/wp-json\/wp\/v2\/product_tag?post=120096"}],"curies":[{"name":"wp","href":"https:\/\/api.w.org\/{rel}","templated":true}]}}