{"id":120093,"date":"2025-02-15T16:56:24","date_gmt":"2025-02-15T16:56:24","guid":{"rendered":"https:\/\/kinamihealth.com\/product\/neauvia-organic-stimulate-man\/"},"modified":"2025-10-30T16:25:20","modified_gmt":"2025-10-30T16:25:20","slug":"neauvia-organic-stimulate-man","status":"publish","type":"product","link":"https:\/\/kinamihealth.com\/sv\/produkt\/neauvia-organic-stimulate-man\/","title":{"rendered":"NEAUVIA\u2122 ORGANIC STIMULATE MAN"},"content":{"rendered":"<p><b>Neauvia Organic Stimulate Man <\/b><span style=\"font-weight: 400;\">\u00e4r en effektiv estetisk behandling utformad f\u00f6r att <\/span><b>ta itu med den verkliga strukturen hos m\u00e4ns hud<\/b><span style=\"font-weight: 400;\">. M\u00e4ns hud tenderar att vara tjockare, t\u00e4tare och fetare, vilket kr\u00e4ver en avancerad hudfyllare som \u00e4r robust och effektiv. Neauvia Organic Stimulate Man <\/span><b>fr\u00e4mjar kollagenstimulering<\/b><span style=\"font-weight: 400;\">, <\/span><b>\u00e5terst\u00e4ller volym<\/b><span style=\"font-weight: 400;\"> och <\/span><b>korrigerar rynkor<\/b><span style=\"font-weight: 400;\">.<\/span><\/p>\n","protected":false},"excerpt":{"rendered":"<p>Neauvia Organic Stimulate Man \u00e4r en effektiv estetisk behandling utformad f\u00f6r att ta itu med den verkliga strukturen hos m\u00e4ns hud. M\u00e4ns hud tenderar att vara tjockare, t\u00e4tare och fetare, vilket kr\u00e4ver en avancerad hudfyllare som \u00e4r robust och effektiv. Neauvia Organic Stimulate Man fr\u00e4mjar kollagenstimulering, \u00e5terst\u00e4ller volym och korrigerar rynkor.<\/p>\n","protected":false},"featured_media":120095,"comment_status":"closed","ping_status":"closed","template":"","meta":{"_acf_changed":false,"inline_featured_image":false},"product_brand":[3160],"product_cat":[3265,3260],"product_tag":[3256],"class_list":{"0":"post-120093","1":"product","2":"type-product","3":"status-publish","4":"has-post-thumbnail","6":"product_brand-neauvia","7":"product_cat-ha-dermal-fillers","8":"product_cat-dermal-fillers-sv","9":"product_tag-medical-devices-sv","11":"first","12":"instock","13":"taxable","14":"shipping-taxable","15":"purchasable","16":"product-type-simple","17":"add-to-wishlist-before_image"},"acf":[],"yoast_head":"<!-- This site is optimized with the Yoast SEO plugin v27.1.1 - https:\/\/yoast.com\/product\/yoast-seo-wordpress\/ -->\n<title>K\u00f6p NEAUVIA Organic STIMULATE Man online<\/title>\n<meta name=\"description\" content=\"K\u00f6p NEAUVIA Organic STIMULATE Man online f\u00f6r att \u00e5teruppliva huden. Denna unika filler lyfter hudens volym, minskar rynkor och \u00f6kar effektivt kollagenproduktionen.\" \/>\n<meta name=\"robots\" content=\"index, follow, max-snippet:-1, max-image-preview:large, max-video-preview:-1\" \/>\n<link rel=\"canonical\" href=\"https:\/\/kinamihealth.com\/sv\/wp-json\/wp\/v2\/product\/120093\" \/>\n<meta property=\"og:locale\" content=\"sv_SE\" \/>\n<meta property=\"og:type\" content=\"article\" \/>\n<meta property=\"og:title\" content=\"K\u00f6p NEAUVIA Organic STIMULATE Man online\" \/>\n<meta property=\"og:description\" content=\"K\u00f6p NEAUVIA Organic STIMULATE Man online f\u00f6r att \u00e5teruppliva huden. Denna unika filler lyfter hudens volym, minskar rynkor och \u00f6kar effektivt kollagenproduktionen.\" \/>\n<meta property=\"og:url\" content=\"https:\/\/kinamihealth.com\/sv\/produkt\/neauvia-organic-stimulate-man\/\" \/>\n<meta property=\"og:site_name\" content=\"Kinami Health\" \/>\n<meta property=\"article:modified_time\" content=\"2025-10-30T16:25:20+00:00\" \/>\n<meta property=\"og:image\" content=\"https:\/\/kinamihealth.com\/wp-content\/uploads\/2025\/02\/Neauvia-Stimulate-Man_Front.webp\" \/>\n\t<meta property=\"og:image:width\" content=\"1500\" \/>\n\t<meta property=\"og:image:height\" content=\"1500\" \/>\n\t<meta property=\"og:image:type\" content=\"image\/webp\" \/>\n<meta name=\"twitter:card\" content=\"summary_large_image\" \/>\n<meta name=\"twitter:label1\" content=\"Ber\u00e4knad l\u00e4stid\" \/>\n\t<meta name=\"twitter:data1\" content=\"1 minut\" \/>\n<!-- \/ Yoast SEO plugin. -->","yoast_head_json":{"title":"K\u00f6p NEAUVIA Organic STIMULATE Man online","description":"K\u00f6p NEAUVIA Organic STIMULATE Man online f\u00f6r att \u00e5teruppliva huden. Denna unika filler lyfter hudens volym, minskar rynkor och \u00f6kar effektivt kollagenproduktionen.","robots":{"index":"index","follow":"follow","max-snippet":"max-snippet:-1","max-image-preview":"max-image-preview:large","max-video-preview":"max-video-preview:-1"},"canonical":"https:\/\/kinamihealth.com\/sv\/wp-json\/wp\/v2\/product\/120093","og_locale":"sv_SE","og_type":"article","og_title":"K\u00f6p NEAUVIA Organic STIMULATE Man online","og_description":"K\u00f6p NEAUVIA Organic STIMULATE Man online f\u00f6r att \u00e5teruppliva huden. Denna unika filler lyfter hudens volym, minskar rynkor och \u00f6kar effektivt kollagenproduktionen.","og_url":"https:\/\/kinamihealth.com\/sv\/produkt\/neauvia-organic-stimulate-man\/","og_site_name":"Kinami Health","article_modified_time":"2025-10-30T16:25:20+00:00","og_image":[{"width":1500,"height":1500,"url":"https:\/\/kinamihealth.com\/wp-content\/uploads\/2025\/02\/Neauvia-Stimulate-Man_Front.webp","type":"image\/webp"}],"twitter_card":"summary_large_image","twitter_misc":{"Ber\u00e4knad l\u00e4stid":"1 minut"},"schema":{"@context":"https:\/\/schema.org","@graph":[{"@type":"WebPage","@id":"https:\/\/kinamihealth.com\/sv\/produkt\/neauvia-organic-stimulate-man\/","url":"https:\/\/kinamihealth.com\/sv\/produkt\/neauvia-organic-stimulate-man\/","name":"K\u00f6p NEAUVIA Organic STIMULATE Man online","isPartOf":{"@id":"https:\/\/kinamihealth.com\/#website"},"primaryImageOfPage":{"@id":"https:\/\/kinamihealth.com\/sv\/produkt\/neauvia-organic-stimulate-man\/#primaryimage"},"image":{"@id":"https:\/\/kinamihealth.com\/sv\/produkt\/neauvia-organic-stimulate-man\/#primaryimage"},"thumbnailUrl":"https:\/\/kinamihealth.com\/wp-content\/uploads\/2025\/02\/Neauvia-Stimulate-Man_Front.webp","datePublished":"2025-02-15T16:56:24+00:00","dateModified":"2025-10-30T16:25:20+00:00","description":"K\u00f6p NEAUVIA Organic STIMULATE Man online f\u00f6r att \u00e5teruppliva huden. Denna unika filler lyfter hudens volym, minskar rynkor och \u00f6kar effektivt kollagenproduktionen.","breadcrumb":{"@id":"https:\/\/kinamihealth.com\/sv\/produkt\/neauvia-organic-stimulate-man\/#breadcrumb"},"inLanguage":"sv-SE","potentialAction":[{"@type":"ReadAction","target":["https:\/\/kinamihealth.com\/sv\/produkt\/neauvia-organic-stimulate-man\/"]}]},{"@type":"ImageObject","inLanguage":"sv-SE","@id":"https:\/\/kinamihealth.com\/sv\/produkt\/neauvia-organic-stimulate-man\/#primaryimage","url":"https:\/\/kinamihealth.com\/wp-content\/uploads\/2025\/02\/Neauvia-Stimulate-Man_Front.webp","contentUrl":"https:\/\/kinamihealth.com\/wp-content\/uploads\/2025\/02\/Neauvia-Stimulate-Man_Front.webp","width":1500,"height":1500},{"@type":"BreadcrumbList","@id":"https:\/\/kinamihealth.com\/sv\/produkt\/neauvia-organic-stimulate-man\/#breadcrumb","itemListElement":[{"@type":"ListItem","position":1,"name":"Hem","item":"https:\/\/kinamihealth.com\/sr\/"},{"@type":"ListItem","position":2,"name":"Butik","item":"https:\/\/kinamihealth.com\/sv\/?page_id=127810"},{"@type":"ListItem","position":3,"name":"NEAUVIA\u2122 ORGANIC STIMULATE MAN"}]},{"@type":"WebSite","@id":"https:\/\/kinamihealth.com\/#website","url":"https:\/\/kinamihealth.com\/","name":"Kinami Health","description":"","publisher":{"@id":"https:\/\/kinamihealth.com\/#organization"},"potentialAction":[{"@type":"SearchAction","target":{"@type":"EntryPoint","urlTemplate":"https:\/\/kinamihealth.com\/?s={search_term_string}"},"query-input":{"@type":"PropertyValueSpecification","valueRequired":true,"valueName":"search_term_string"}}],"inLanguage":"sv-SE"},{"@type":"Organization","@id":"https:\/\/kinamihealth.com\/#organization","name":"Kinami Health","url":"https:\/\/kinamihealth.com\/","logo":{"@type":"ImageObject","inLanguage":"sv-SE","@id":"https:\/\/kinamihealth.com\/#\/schema\/logo\/image\/","url":"https:\/\/kinamihealth.com\/wp-content\/uploads\/2025\/01\/KH_logo_black_2-1.png","contentUrl":"https:\/\/kinamihealth.com\/wp-content\/uploads\/2025\/01\/KH_logo_black_2-1.png","width":339,"height":34,"caption":"Kinami Health"},"image":{"@id":"https:\/\/kinamihealth.com\/#\/schema\/logo\/image\/"}}]}},"_links":{"self":[{"href":"https:\/\/kinamihealth.com\/sv\/wp-json\/wp\/v2\/product\/120093","targetHints":{"allow":["GET"]}}],"collection":[{"href":"https:\/\/kinamihealth.com\/sv\/wp-json\/wp\/v2\/product"}],"about":[{"href":"https:\/\/kinamihealth.com\/sv\/wp-json\/wp\/v2\/types\/product"}],"replies":[{"embeddable":true,"href":"https:\/\/kinamihealth.com\/sv\/wp-json\/wp\/v2\/comments?post=120093"}],"version-history":[{"count":0,"href":"https:\/\/kinamihealth.com\/sv\/wp-json\/wp\/v2\/product\/120093\/revisions"}],"wp:featuredmedia":[{"embeddable":true,"href":"https:\/\/kinamihealth.com\/sv\/wp-json\/wp\/v2\/media\/120095"}],"wp:attachment":[{"href":"https:\/\/kinamihealth.com\/sv\/wp-json\/wp\/v2\/media?parent=120093"}],"wp:term":[{"taxonomy":"product_brand","embeddable":true,"href":"https:\/\/kinamihealth.com\/sv\/wp-json\/wp\/v2\/product_brand?post=120093"},{"taxonomy":"product_cat","embeddable":true,"href":"https:\/\/kinamihealth.com\/sv\/wp-json\/wp\/v2\/product_cat?post=120093"},{"taxonomy":"product_tag","embeddable":true,"href":"https:\/\/kinamihealth.com\/sv\/wp-json\/wp\/v2\/product_tag?post=120093"}],"curies":[{"name":"wp","href":"https:\/\/api.w.org\/{rel}","templated":true}]}}