{"id":120091,"date":"2025-02-15T16:56:13","date_gmt":"2025-02-15T16:56:13","guid":{"rendered":"https:\/\/kinamihealth.com\/product\/neauvia-organic-hydro-deluxe\/"},"modified":"2025-10-30T15:38:44","modified_gmt":"2025-10-30T15:38:44","slug":"neauvia-organic-hydro-deluxe","status":"publish","type":"product","link":"https:\/\/kinamihealth.com\/sv\/produkt\/neauvia-organic-hydro-deluxe\/","title":{"rendered":"NEAUVIA\u2122 ORGANIC HYDRO DELUXE"},"content":{"rendered":"<p><b>Neauvia Organic Hydro Deluxe<\/b><span style=\"font-weight: 400;\"> \u00e4r en super <\/span><b>effektiv hudfyllare<\/b><span style=\"font-weight: 400;\"> som syftar till att ta bort de f\u00f6rsta tecknen p\u00e5 \u00e5ldrande samtidigt som den <\/span><b>\u00e5terst\u00e4ller hudens friskhet<\/b><span style=\"font-weight: 400;\">, <\/span><b>lyfter huden<\/b><span style=\"font-weight: 400;\"> och ger <\/span><b>en naturlig och l\u00e5ngvarig lyster<\/b><span style=\"font-weight: 400;\">. Produkten har en stark tendens att <\/span><b>fr\u00e4mja hudens f\u00f6ryngring<\/b><span style=\"font-weight: 400;\"> och <\/span><b>f\u00f6rb\u00e4ttra hudens densitet<\/b><span style=\"font-weight: 400;\"> f\u00f6r att uppn\u00e5 <\/span><b>en ungdomlig och frisk hud<\/b><span style=\"font-weight: 400;\">.<\/span><\/p>\n","protected":false},"excerpt":{"rendered":"<p>Neauvia Organic Hydro Deluxe \u00e4r en super effektiv hudfyllare som syftar till att ta bort de f\u00f6rsta tecknen p\u00e5 \u00e5ldrande samtidigt som den \u00e5terst\u00e4ller hudens friskhet, lyfter huden och ger en naturlig och l\u00e5ngvarig lyster. Produkten har en stark tendens att fr\u00e4mja hudens f\u00f6ryngring och f\u00f6rb\u00e4ttra hudens densitet f\u00f6r att uppn\u00e5 en ungdomlig och frisk [&hellip;]<\/p>\n","protected":false},"featured_media":120092,"comment_status":"closed","ping_status":"closed","template":"","meta":{"_acf_changed":false,"inline_featured_image":false},"product_brand":[3160],"product_cat":[3265,3260],"product_tag":[3256],"class_list":{"0":"post-120091","1":"product","2":"type-product","3":"status-publish","4":"has-post-thumbnail","6":"product_brand-neauvia","7":"product_cat-ha-dermal-fillers","8":"product_cat-dermal-fillers-sv","9":"product_tag-medical-devices-sv","11":"first","12":"instock","13":"taxable","14":"shipping-taxable","15":"purchasable","16":"product-type-simple","17":"add-to-wishlist-before_image"},"acf":[],"yoast_head":"<!-- This site is optimized with the Yoast SEO plugin v27.1.1 - https:\/\/yoast.com\/product\/yoast-seo-wordpress\/ -->\n<title>K\u00f6p Neauvia Organic Hydro Deluxe online<\/title>\n<meta name=\"description\" content=\"K\u00f6p Neauvia Organic Hydro Deluxe Online, en mycket effektiv hudfyllnadsprodukt som maximalt \u00f6kar hudens fuktighet och tar bort \u00e5lderstecken.\" \/>\n<meta name=\"robots\" content=\"index, follow, max-snippet:-1, max-image-preview:large, max-video-preview:-1\" \/>\n<link rel=\"canonical\" href=\"https:\/\/kinamihealth.com\/sv\/wp-json\/wp\/v2\/product\/120091\" \/>\n<meta property=\"og:locale\" content=\"sv_SE\" \/>\n<meta property=\"og:type\" content=\"article\" \/>\n<meta property=\"og:title\" content=\"K\u00f6p Neauvia Organic Hydro Deluxe online\" \/>\n<meta property=\"og:description\" content=\"K\u00f6p Neauvia Organic Hydro Deluxe Online, en mycket effektiv hudfyllnadsprodukt som maximalt \u00f6kar hudens fuktighet och tar bort \u00e5lderstecken.\" \/>\n<meta property=\"og:url\" content=\"https:\/\/kinamihealth.com\/sv\/produkt\/neauvia-organic-hydro-deluxe\/\" \/>\n<meta property=\"og:site_name\" content=\"Kinami Health\" \/>\n<meta property=\"article:modified_time\" content=\"2025-10-30T15:38:44+00:00\" \/>\n<meta property=\"og:image\" content=\"https:\/\/kinamihealth.com\/wp-content\/uploads\/2025\/02\/NEAUVIA-HYDRODELUXE-2X1-01.jpg\" \/>\n\t<meta property=\"og:image:width\" content=\"800\" \/>\n\t<meta property=\"og:image:height\" content=\"800\" \/>\n\t<meta property=\"og:image:type\" content=\"image\/jpeg\" \/>\n<meta name=\"twitter:card\" content=\"summary_large_image\" \/>\n<meta name=\"twitter:label1\" content=\"Ber\u00e4knad l\u00e4stid\" \/>\n\t<meta name=\"twitter:data1\" content=\"1 minut\" \/>\n<!-- \/ Yoast SEO plugin. -->","yoast_head_json":{"title":"K\u00f6p Neauvia Organic Hydro Deluxe online","description":"K\u00f6p Neauvia Organic Hydro Deluxe Online, en mycket effektiv hudfyllnadsprodukt som maximalt \u00f6kar hudens fuktighet och tar bort \u00e5lderstecken.","robots":{"index":"index","follow":"follow","max-snippet":"max-snippet:-1","max-image-preview":"max-image-preview:large","max-video-preview":"max-video-preview:-1"},"canonical":"https:\/\/kinamihealth.com\/sv\/wp-json\/wp\/v2\/product\/120091","og_locale":"sv_SE","og_type":"article","og_title":"K\u00f6p Neauvia Organic Hydro Deluxe online","og_description":"K\u00f6p Neauvia Organic Hydro Deluxe Online, en mycket effektiv hudfyllnadsprodukt som maximalt \u00f6kar hudens fuktighet och tar bort \u00e5lderstecken.","og_url":"https:\/\/kinamihealth.com\/sv\/produkt\/neauvia-organic-hydro-deluxe\/","og_site_name":"Kinami Health","article_modified_time":"2025-10-30T15:38:44+00:00","og_image":[{"width":800,"height":800,"url":"https:\/\/kinamihealth.com\/wp-content\/uploads\/2025\/02\/NEAUVIA-HYDRODELUXE-2X1-01.jpg","type":"image\/jpeg"}],"twitter_card":"summary_large_image","twitter_misc":{"Ber\u00e4knad l\u00e4stid":"1 minut"},"schema":{"@context":"https:\/\/schema.org","@graph":[{"@type":"WebPage","@id":"https:\/\/kinamihealth.com\/sv\/produkt\/neauvia-organic-hydro-deluxe\/","url":"https:\/\/kinamihealth.com\/sv\/produkt\/neauvia-organic-hydro-deluxe\/","name":"K\u00f6p Neauvia Organic Hydro Deluxe online","isPartOf":{"@id":"https:\/\/kinamihealth.com\/#website"},"primaryImageOfPage":{"@id":"https:\/\/kinamihealth.com\/sv\/produkt\/neauvia-organic-hydro-deluxe\/#primaryimage"},"image":{"@id":"https:\/\/kinamihealth.com\/sv\/produkt\/neauvia-organic-hydro-deluxe\/#primaryimage"},"thumbnailUrl":"https:\/\/kinamihealth.com\/wp-content\/uploads\/2025\/02\/NEAUVIA-HYDRODELUXE-2X1-01.jpg","datePublished":"2025-02-15T16:56:13+00:00","dateModified":"2025-10-30T15:38:44+00:00","description":"K\u00f6p Neauvia Organic Hydro Deluxe Online, en mycket effektiv hudfyllnadsprodukt som maximalt \u00f6kar hudens fuktighet och tar bort \u00e5lderstecken.","breadcrumb":{"@id":"https:\/\/kinamihealth.com\/sv\/produkt\/neauvia-organic-hydro-deluxe\/#breadcrumb"},"inLanguage":"sv-SE","potentialAction":[{"@type":"ReadAction","target":["https:\/\/kinamihealth.com\/sv\/produkt\/neauvia-organic-hydro-deluxe\/"]}]},{"@type":"ImageObject","inLanguage":"sv-SE","@id":"https:\/\/kinamihealth.com\/sv\/produkt\/neauvia-organic-hydro-deluxe\/#primaryimage","url":"https:\/\/kinamihealth.com\/wp-content\/uploads\/2025\/02\/NEAUVIA-HYDRODELUXE-2X1-01.jpg","contentUrl":"https:\/\/kinamihealth.com\/wp-content\/uploads\/2025\/02\/NEAUVIA-HYDRODELUXE-2X1-01.jpg","width":800,"height":800},{"@type":"BreadcrumbList","@id":"https:\/\/kinamihealth.com\/sv\/produkt\/neauvia-organic-hydro-deluxe\/#breadcrumb","itemListElement":[{"@type":"ListItem","position":1,"name":"Hem","item":"https:\/\/kinamihealth.com\/sr\/"},{"@type":"ListItem","position":2,"name":"Butik","item":"https:\/\/kinamihealth.com\/sv\/?page_id=127810"},{"@type":"ListItem","position":3,"name":"NEAUVIA\u2122 ORGANIC HYDRO DELUXE"}]},{"@type":"WebSite","@id":"https:\/\/kinamihealth.com\/#website","url":"https:\/\/kinamihealth.com\/","name":"Kinami Health","description":"","publisher":{"@id":"https:\/\/kinamihealth.com\/#organization"},"potentialAction":[{"@type":"SearchAction","target":{"@type":"EntryPoint","urlTemplate":"https:\/\/kinamihealth.com\/?s={search_term_string}"},"query-input":{"@type":"PropertyValueSpecification","valueRequired":true,"valueName":"search_term_string"}}],"inLanguage":"sv-SE"},{"@type":"Organization","@id":"https:\/\/kinamihealth.com\/#organization","name":"Kinami Health","url":"https:\/\/kinamihealth.com\/","logo":{"@type":"ImageObject","inLanguage":"sv-SE","@id":"https:\/\/kinamihealth.com\/#\/schema\/logo\/image\/","url":"https:\/\/kinamihealth.com\/wp-content\/uploads\/2025\/01\/KH_logo_black_2-1.png","contentUrl":"https:\/\/kinamihealth.com\/wp-content\/uploads\/2025\/01\/KH_logo_black_2-1.png","width":339,"height":34,"caption":"Kinami Health"},"image":{"@id":"https:\/\/kinamihealth.com\/#\/schema\/logo\/image\/"}}]}},"_links":{"self":[{"href":"https:\/\/kinamihealth.com\/sv\/wp-json\/wp\/v2\/product\/120091","targetHints":{"allow":["GET"]}}],"collection":[{"href":"https:\/\/kinamihealth.com\/sv\/wp-json\/wp\/v2\/product"}],"about":[{"href":"https:\/\/kinamihealth.com\/sv\/wp-json\/wp\/v2\/types\/product"}],"replies":[{"embeddable":true,"href":"https:\/\/kinamihealth.com\/sv\/wp-json\/wp\/v2\/comments?post=120091"}],"version-history":[{"count":0,"href":"https:\/\/kinamihealth.com\/sv\/wp-json\/wp\/v2\/product\/120091\/revisions"}],"wp:featuredmedia":[{"embeddable":true,"href":"https:\/\/kinamihealth.com\/sv\/wp-json\/wp\/v2\/media\/120092"}],"wp:attachment":[{"href":"https:\/\/kinamihealth.com\/sv\/wp-json\/wp\/v2\/media?parent=120091"}],"wp:term":[{"taxonomy":"product_brand","embeddable":true,"href":"https:\/\/kinamihealth.com\/sv\/wp-json\/wp\/v2\/product_brand?post=120091"},{"taxonomy":"product_cat","embeddable":true,"href":"https:\/\/kinamihealth.com\/sv\/wp-json\/wp\/v2\/product_cat?post=120091"},{"taxonomy":"product_tag","embeddable":true,"href":"https:\/\/kinamihealth.com\/sv\/wp-json\/wp\/v2\/product_tag?post=120091"}],"curies":[{"name":"wp","href":"https:\/\/api.w.org\/{rel}","templated":true}]}}