{"id":120086,"date":"2025-02-15T16:56:18","date_gmt":"2025-02-15T16:56:18","guid":{"rendered":"https:\/\/kinamihealth.com\/product\/neauvia-organic-hydro-deluxe-man\/"},"modified":"2025-10-30T15:43:11","modified_gmt":"2025-10-30T15:43:11","slug":"neauvia-organic-hydro-deluxe-man","status":"publish","type":"product","link":"https:\/\/kinamihealth.com\/sv\/produkt\/neauvia-organic-hydro-deluxe-man\/","title":{"rendered":"NEAUVIA\u2122 ORGANIC HYDRO DELUXE MAN"},"content":{"rendered":"<p><b>NEAUVIA ORGANIC HYDRO DELUXE MAN<\/b><span style=\"font-weight: 400;\"> \u00e4r en extremt produktiv och <\/span><b><i>effektiv hudfyllare<\/i><\/b><span style=\"font-weight: 400;\"> f\u00f6r m\u00e4n som maximalt <\/span><b>f\u00f6rb\u00e4ttrar hudkvaliteten hos m\u00e4n<\/b><span style=\"font-weight: 400;\"> och <\/span><b>\u00f6kar fuktigheten<\/b><span style=\"font-weight: 400;\">. Denna mycket effektiva hudv\u00e5rdsprodukt kan fullst\u00e4ndigt <\/span><b>f\u00f6rl\u00e4nga fr\u00e4sch\u00f6ren<\/b><span style=\"font-weight: 400;\"> och <\/span><b>glansen hos tr\u00f6tt och grov manskinn<\/b><span style=\"font-weight: 400;\">.<\/span><\/p>\n","protected":false},"excerpt":{"rendered":"<p>NEAUVIA ORGANIC HYDRO DELUXE MAN \u00e4r en extremt produktiv och effektiv hudfyllare f\u00f6r m\u00e4n som maximalt f\u00f6rb\u00e4ttrar hudkvaliteten hos m\u00e4n och \u00f6kar fuktigheten. Denna mycket effektiva hudv\u00e5rdsprodukt kan fullst\u00e4ndigt f\u00f6rl\u00e4nga fr\u00e4sch\u00f6ren och glansen hos tr\u00f6tt och grov manskinn.<\/p>\n","protected":false},"featured_media":120087,"comment_status":"closed","ping_status":"closed","template":"","meta":{"_acf_changed":false,"inline_featured_image":false},"product_brand":[3160],"product_cat":[3265,3260],"product_tag":[3256],"class_list":{"0":"post-120086","1":"product","2":"type-product","3":"status-publish","4":"has-post-thumbnail","6":"product_brand-neauvia","7":"product_cat-ha-dermal-fillers","8":"product_cat-dermal-fillers-sv","9":"product_tag-medical-devices-sv","11":"first","12":"instock","13":"taxable","14":"shipping-taxable","15":"purchasable","16":"product-type-simple","17":"add-to-wishlist-before_image"},"acf":[],"yoast_head":"<!-- This site is optimized with the Yoast SEO plugin v27.1.1 - https:\/\/yoast.com\/product\/yoast-seo-wordpress\/ -->\n<title>K\u00f6p NEAUVIA ORGANIC HYDRO DELUXE MAN online<\/title>\n<meta name=\"description\" content=\"K\u00f6p NEAUVIA ORGANIC HYDRO DELUXE MAN online, en professionell hudv\u00e5rdsprodukt som bek\u00e4mpar \u00e5ldrande hud hos m\u00e4n och effektivt \u00e5terupplivar tr\u00f6tt hud.\" \/>\n<meta name=\"robots\" content=\"index, follow, max-snippet:-1, max-image-preview:large, max-video-preview:-1\" \/>\n<link rel=\"canonical\" href=\"https:\/\/kinamihealth.com\/sv\/wp-json\/wp\/v2\/product\/120086\" \/>\n<meta property=\"og:locale\" content=\"sv_SE\" \/>\n<meta property=\"og:type\" content=\"article\" \/>\n<meta property=\"og:title\" content=\"K\u00f6p NEAUVIA ORGANIC HYDRO DELUXE MAN online\" \/>\n<meta property=\"og:description\" content=\"K\u00f6p NEAUVIA ORGANIC HYDRO DELUXE MAN online, en professionell hudv\u00e5rdsprodukt som bek\u00e4mpar \u00e5ldrande hud hos m\u00e4n och effektivt \u00e5terupplivar tr\u00f6tt hud.\" \/>\n<meta property=\"og:url\" content=\"https:\/\/kinamihealth.com\/sv\/produkt\/neauvia-organic-hydro-deluxe-man\/\" \/>\n<meta property=\"og:site_name\" content=\"Kinami Health\" \/>\n<meta property=\"article:modified_time\" content=\"2025-10-30T15:43:11+00:00\" \/>\n<meta property=\"og:image\" content=\"https:\/\/kinamihealth.com\/wp-content\/uploads\/2025\/02\/NEAUVIA-HYDRODELUXE-MAN-01.jpg\" \/>\n\t<meta property=\"og:image:width\" content=\"800\" \/>\n\t<meta property=\"og:image:height\" content=\"800\" \/>\n\t<meta property=\"og:image:type\" content=\"image\/jpeg\" \/>\n<meta name=\"twitter:card\" content=\"summary_large_image\" \/>\n<meta name=\"twitter:label1\" content=\"Ber\u00e4knad l\u00e4stid\" \/>\n\t<meta name=\"twitter:data1\" content=\"1 minut\" \/>\n<!-- \/ Yoast SEO plugin. -->","yoast_head_json":{"title":"K\u00f6p NEAUVIA ORGANIC HYDRO DELUXE MAN online","description":"K\u00f6p NEAUVIA ORGANIC HYDRO DELUXE MAN online, en professionell hudv\u00e5rdsprodukt som bek\u00e4mpar \u00e5ldrande hud hos m\u00e4n och effektivt \u00e5terupplivar tr\u00f6tt hud.","robots":{"index":"index","follow":"follow","max-snippet":"max-snippet:-1","max-image-preview":"max-image-preview:large","max-video-preview":"max-video-preview:-1"},"canonical":"https:\/\/kinamihealth.com\/sv\/wp-json\/wp\/v2\/product\/120086","og_locale":"sv_SE","og_type":"article","og_title":"K\u00f6p NEAUVIA ORGANIC HYDRO DELUXE MAN online","og_description":"K\u00f6p NEAUVIA ORGANIC HYDRO DELUXE MAN online, en professionell hudv\u00e5rdsprodukt som bek\u00e4mpar \u00e5ldrande hud hos m\u00e4n och effektivt \u00e5terupplivar tr\u00f6tt hud.","og_url":"https:\/\/kinamihealth.com\/sv\/produkt\/neauvia-organic-hydro-deluxe-man\/","og_site_name":"Kinami Health","article_modified_time":"2025-10-30T15:43:11+00:00","og_image":[{"width":800,"height":800,"url":"https:\/\/kinamihealth.com\/wp-content\/uploads\/2025\/02\/NEAUVIA-HYDRODELUXE-MAN-01.jpg","type":"image\/jpeg"}],"twitter_card":"summary_large_image","twitter_misc":{"Ber\u00e4knad l\u00e4stid":"1 minut"},"schema":{"@context":"https:\/\/schema.org","@graph":[{"@type":"WebPage","@id":"https:\/\/kinamihealth.com\/sv\/produkt\/neauvia-organic-hydro-deluxe-man\/","url":"https:\/\/kinamihealth.com\/sv\/produkt\/neauvia-organic-hydro-deluxe-man\/","name":"K\u00f6p NEAUVIA ORGANIC HYDRO DELUXE MAN online","isPartOf":{"@id":"https:\/\/kinamihealth.com\/#website"},"primaryImageOfPage":{"@id":"https:\/\/kinamihealth.com\/sv\/produkt\/neauvia-organic-hydro-deluxe-man\/#primaryimage"},"image":{"@id":"https:\/\/kinamihealth.com\/sv\/produkt\/neauvia-organic-hydro-deluxe-man\/#primaryimage"},"thumbnailUrl":"https:\/\/kinamihealth.com\/wp-content\/uploads\/2025\/02\/NEAUVIA-HYDRODELUXE-MAN-01.jpg","datePublished":"2025-02-15T16:56:18+00:00","dateModified":"2025-10-30T15:43:11+00:00","description":"K\u00f6p NEAUVIA ORGANIC HYDRO DELUXE MAN online, en professionell hudv\u00e5rdsprodukt som bek\u00e4mpar \u00e5ldrande hud hos m\u00e4n och effektivt \u00e5terupplivar tr\u00f6tt hud.","breadcrumb":{"@id":"https:\/\/kinamihealth.com\/sv\/produkt\/neauvia-organic-hydro-deluxe-man\/#breadcrumb"},"inLanguage":"sv-SE","potentialAction":[{"@type":"ReadAction","target":["https:\/\/kinamihealth.com\/sv\/produkt\/neauvia-organic-hydro-deluxe-man\/"]}]},{"@type":"ImageObject","inLanguage":"sv-SE","@id":"https:\/\/kinamihealth.com\/sv\/produkt\/neauvia-organic-hydro-deluxe-man\/#primaryimage","url":"https:\/\/kinamihealth.com\/wp-content\/uploads\/2025\/02\/NEAUVIA-HYDRODELUXE-MAN-01.jpg","contentUrl":"https:\/\/kinamihealth.com\/wp-content\/uploads\/2025\/02\/NEAUVIA-HYDRODELUXE-MAN-01.jpg","width":800,"height":800},{"@type":"BreadcrumbList","@id":"https:\/\/kinamihealth.com\/sv\/produkt\/neauvia-organic-hydro-deluxe-man\/#breadcrumb","itemListElement":[{"@type":"ListItem","position":1,"name":"Hem","item":"https:\/\/kinamihealth.com\/sr\/"},{"@type":"ListItem","position":2,"name":"Butik","item":"https:\/\/kinamihealth.com\/sv\/?page_id=127810"},{"@type":"ListItem","position":3,"name":"NEAUVIA\u2122 ORGANIC HYDRO DELUXE MAN"}]},{"@type":"WebSite","@id":"https:\/\/kinamihealth.com\/#website","url":"https:\/\/kinamihealth.com\/","name":"Kinami Health","description":"","publisher":{"@id":"https:\/\/kinamihealth.com\/#organization"},"potentialAction":[{"@type":"SearchAction","target":{"@type":"EntryPoint","urlTemplate":"https:\/\/kinamihealth.com\/?s={search_term_string}"},"query-input":{"@type":"PropertyValueSpecification","valueRequired":true,"valueName":"search_term_string"}}],"inLanguage":"sv-SE"},{"@type":"Organization","@id":"https:\/\/kinamihealth.com\/#organization","name":"Kinami Health","url":"https:\/\/kinamihealth.com\/","logo":{"@type":"ImageObject","inLanguage":"sv-SE","@id":"https:\/\/kinamihealth.com\/#\/schema\/logo\/image\/","url":"https:\/\/kinamihealth.com\/wp-content\/uploads\/2025\/01\/KH_logo_black_2-1.png","contentUrl":"https:\/\/kinamihealth.com\/wp-content\/uploads\/2025\/01\/KH_logo_black_2-1.png","width":339,"height":34,"caption":"Kinami Health"},"image":{"@id":"https:\/\/kinamihealth.com\/#\/schema\/logo\/image\/"}}]}},"_links":{"self":[{"href":"https:\/\/kinamihealth.com\/sv\/wp-json\/wp\/v2\/product\/120086","targetHints":{"allow":["GET"]}}],"collection":[{"href":"https:\/\/kinamihealth.com\/sv\/wp-json\/wp\/v2\/product"}],"about":[{"href":"https:\/\/kinamihealth.com\/sv\/wp-json\/wp\/v2\/types\/product"}],"replies":[{"embeddable":true,"href":"https:\/\/kinamihealth.com\/sv\/wp-json\/wp\/v2\/comments?post=120086"}],"version-history":[{"count":0,"href":"https:\/\/kinamihealth.com\/sv\/wp-json\/wp\/v2\/product\/120086\/revisions"}],"wp:featuredmedia":[{"embeddable":true,"href":"https:\/\/kinamihealth.com\/sv\/wp-json\/wp\/v2\/media\/120087"}],"wp:attachment":[{"href":"https:\/\/kinamihealth.com\/sv\/wp-json\/wp\/v2\/media?parent=120086"}],"wp:term":[{"taxonomy":"product_brand","embeddable":true,"href":"https:\/\/kinamihealth.com\/sv\/wp-json\/wp\/v2\/product_brand?post=120086"},{"taxonomy":"product_cat","embeddable":true,"href":"https:\/\/kinamihealth.com\/sv\/wp-json\/wp\/v2\/product_cat?post=120086"},{"taxonomy":"product_tag","embeddable":true,"href":"https:\/\/kinamihealth.com\/sv\/wp-json\/wp\/v2\/product_tag?post=120086"}],"curies":[{"name":"wp","href":"https:\/\/api.w.org\/{rel}","templated":true}]}}