{"id":119547,"date":"2025-02-15T16:55:11","date_gmt":"2025-02-15T16:55:11","guid":{"rendered":"https:\/\/kinamihealth.com\/product\/mediderma-fr-antiox-md-anti-pollution-protect-facial-cream-gel\/"},"modified":"2025-12-07T14:17:32","modified_gmt":"2025-12-07T14:17:32","slug":"mediderma-fr-antiox-md-anti-pollution-protect-facial-cream-gel","status":"publish","type":"product","link":"https:\/\/kinamihealth.com\/sv\/produkt\/mediderma-fr-antiox-md-anti-pollution-protect-facial-cream-gel\/","title":{"rendered":"MEDIDERMA\u00ae FR-ANTIOX MD ANTI-POLLUTION PROTECT FACIAL CREAM GEL"},"content":{"rendered":"<p><b>FR-ANTIOX MD ANTI-POLLUTION PROTECT FACIAL CREAM GEL 50 ml <\/b><span style=\"font-weight: 400;\">\u00e4r en avancerad <\/span><b>kr\u00e4mgel<\/b><span style=\"font-weight: 400;\"> som inneh\u00e5ller <\/span><b>antioxidanter<\/b><span style=\"font-weight: 400;\">, <\/span><b>hyaluronsyra<\/b><span style=\"font-weight: 400;\"> och <\/span><b>vitaminer <\/b><span style=\"font-weight: 400;\">f\u00f6r att <\/span><b>\u00e5terfukta <\/b><span style=\"font-weight: 400;\">och <\/span><b>skydda <\/b><span style=\"font-weight: 400;\">huden mot <\/span><b>milj\u00f6f\u00f6roreningar<\/b><span style=\"font-weight: 400;\">. Anv\u00e4nd den <\/span><b>tv\u00e5 g\u00e5nger om dagen<\/b><span style=\"font-weight: 400;\">, varje dag, f\u00f6r att f\u00f6rebygga uppkomsten av <\/span><b>\u00e5ldersrelaterade sk\u00f6nhetsfel<\/b><span style=\"font-weight: 400;\">, s\u00e5som <\/span><b>rynkor, fina linjer, <\/b><span style=\"font-weight: 400;\">och <\/span><b>tr\u00f6tt <\/b><span style=\"font-weight: 400;\">och <\/span><b>matt hudton<\/b><span style=\"font-weight: 400;\">.<\/span><\/p>\n","protected":false},"excerpt":{"rendered":"<p>FR-ANTIOX MD ANTI-POLLUTION PROTECT FACIAL CREAM GEL 50 ml \u00e4r en avancerad kr\u00e4mgel som inneh\u00e5ller antioxidanter, hyaluronsyra och vitaminer f\u00f6r att \u00e5terfukta och skydda huden mot milj\u00f6f\u00f6roreningar. Anv\u00e4nd den tv\u00e5 g\u00e5nger om dagen, varje dag, f\u00f6r att f\u00f6rebygga uppkomsten av \u00e5ldersrelaterade sk\u00f6nhetsfel, s\u00e5som rynkor, fina linjer, och tr\u00f6tt och matt hudton.<\/p>\n","protected":false},"featured_media":119548,"comment_status":"closed","ping_status":"closed","template":"","meta":{"_acf_changed":false,"inline_featured_image":false},"product_brand":[3157],"product_cat":[3687],"product_tag":[3256],"class_list":{"0":"post-119547","1":"product","2":"type-product","3":"status-publish","4":"has-post-thumbnail","6":"product_brand-mediderma","7":"product_cat-skincare-sv","8":"product_tag-medical-devices-sv","10":"first","11":"instock","12":"taxable","13":"shipping-taxable","14":"purchasable","15":"product-type-simple","16":"add-to-wishlist-before_image"},"acf":[],"yoast_head":"<!-- This site is optimized with the Yoast SEO plugin v27.1.1 - https:\/\/yoast.com\/product\/yoast-seo-wordpress\/ -->\n<title>K\u00f6p FR-ANTIOX MD Anti-Pollution Protect Facial Cream Gel 50 ml<\/title>\n<meta name=\"description\" content=\"K\u00f6p FR-ANTIOX MD Anti-Pollution Protect Facial Cream Gel 50 ml online och kombinera de skyddande och \u00e5terfuktande egenskaperna hos denna antioxidantgel.\" \/>\n<meta name=\"robots\" content=\"index, follow, max-snippet:-1, max-image-preview:large, max-video-preview:-1\" \/>\n<link rel=\"canonical\" href=\"https:\/\/kinamihealth.com\/sv\/wp-json\/wp\/v2\/product\/119547\" \/>\n<meta property=\"og:locale\" content=\"sv_SE\" \/>\n<meta property=\"og:type\" content=\"article\" \/>\n<meta property=\"og:title\" content=\"K\u00f6p FR-ANTIOX MD Anti-Pollution Protect Facial Cream Gel 50 ml\" \/>\n<meta property=\"og:description\" content=\"K\u00f6p FR-ANTIOX MD Anti-Pollution Protect Facial Cream Gel 50 ml online och kombinera de skyddande och \u00e5terfuktande egenskaperna hos denna antioxidantgel.\" \/>\n<meta property=\"og:url\" content=\"https:\/\/kinamihealth.com\/sv\/produkt\/mediderma-fr-antiox-md-anti-pollution-protect-facial-cream-gel\/\" \/>\n<meta property=\"og:site_name\" content=\"Kinami Health\" \/>\n<meta property=\"article:modified_time\" content=\"2025-12-07T14:17:32+00:00\" \/>\n<meta property=\"og:image\" content=\"https:\/\/kinamihealth.com\/wp-content\/uploads\/2025\/02\/MEDIDERMA-FR-ANTIOX-MD-ANTI-POLLUTION-PROTECT-FACIAL-CREAM-GEL-01.jpg\" \/>\n\t<meta property=\"og:image:width\" content=\"800\" \/>\n\t<meta property=\"og:image:height\" content=\"800\" \/>\n\t<meta property=\"og:image:type\" content=\"image\/jpeg\" \/>\n<meta name=\"twitter:card\" content=\"summary_large_image\" \/>\n<meta name=\"twitter:label1\" content=\"Ber\u00e4knad l\u00e4stid\" \/>\n\t<meta name=\"twitter:data1\" content=\"1 minut\" \/>\n<!-- \/ Yoast SEO plugin. -->","yoast_head_json":{"title":"K\u00f6p FR-ANTIOX MD Anti-Pollution Protect Facial Cream Gel 50 ml","description":"K\u00f6p FR-ANTIOX MD Anti-Pollution Protect Facial Cream Gel 50 ml online och kombinera de skyddande och \u00e5terfuktande egenskaperna hos denna antioxidantgel.","robots":{"index":"index","follow":"follow","max-snippet":"max-snippet:-1","max-image-preview":"max-image-preview:large","max-video-preview":"max-video-preview:-1"},"canonical":"https:\/\/kinamihealth.com\/sv\/wp-json\/wp\/v2\/product\/119547","og_locale":"sv_SE","og_type":"article","og_title":"K\u00f6p FR-ANTIOX MD Anti-Pollution Protect Facial Cream Gel 50 ml","og_description":"K\u00f6p FR-ANTIOX MD Anti-Pollution Protect Facial Cream Gel 50 ml online och kombinera de skyddande och \u00e5terfuktande egenskaperna hos denna antioxidantgel.","og_url":"https:\/\/kinamihealth.com\/sv\/produkt\/mediderma-fr-antiox-md-anti-pollution-protect-facial-cream-gel\/","og_site_name":"Kinami Health","article_modified_time":"2025-12-07T14:17:32+00:00","og_image":[{"width":800,"height":800,"url":"https:\/\/kinamihealth.com\/wp-content\/uploads\/2025\/02\/MEDIDERMA-FR-ANTIOX-MD-ANTI-POLLUTION-PROTECT-FACIAL-CREAM-GEL-01.jpg","type":"image\/jpeg"}],"twitter_card":"summary_large_image","twitter_misc":{"Ber\u00e4knad l\u00e4stid":"1 minut"},"schema":{"@context":"https:\/\/schema.org","@graph":[{"@type":"WebPage","@id":"https:\/\/kinamihealth.com\/sv\/produkt\/mediderma-fr-antiox-md-anti-pollution-protect-facial-cream-gel\/","url":"https:\/\/kinamihealth.com\/sv\/produkt\/mediderma-fr-antiox-md-anti-pollution-protect-facial-cream-gel\/","name":"K\u00f6p FR-ANTIOX MD Anti-Pollution Protect Facial Cream Gel 50 ml","isPartOf":{"@id":"https:\/\/kinamihealth.com\/#website"},"primaryImageOfPage":{"@id":"https:\/\/kinamihealth.com\/sv\/produkt\/mediderma-fr-antiox-md-anti-pollution-protect-facial-cream-gel\/#primaryimage"},"image":{"@id":"https:\/\/kinamihealth.com\/sv\/produkt\/mediderma-fr-antiox-md-anti-pollution-protect-facial-cream-gel\/#primaryimage"},"thumbnailUrl":"https:\/\/kinamihealth.com\/wp-content\/uploads\/2025\/02\/MEDIDERMA-FR-ANTIOX-MD-ANTI-POLLUTION-PROTECT-FACIAL-CREAM-GEL-01.jpg","datePublished":"2025-02-15T16:55:11+00:00","dateModified":"2025-12-07T14:17:32+00:00","description":"K\u00f6p FR-ANTIOX MD Anti-Pollution Protect Facial Cream Gel 50 ml online och kombinera de skyddande och \u00e5terfuktande egenskaperna hos denna antioxidantgel.","breadcrumb":{"@id":"https:\/\/kinamihealth.com\/sv\/produkt\/mediderma-fr-antiox-md-anti-pollution-protect-facial-cream-gel\/#breadcrumb"},"inLanguage":"sv-SE","potentialAction":[{"@type":"ReadAction","target":["https:\/\/kinamihealth.com\/sv\/produkt\/mediderma-fr-antiox-md-anti-pollution-protect-facial-cream-gel\/"]}]},{"@type":"ImageObject","inLanguage":"sv-SE","@id":"https:\/\/kinamihealth.com\/sv\/produkt\/mediderma-fr-antiox-md-anti-pollution-protect-facial-cream-gel\/#primaryimage","url":"https:\/\/kinamihealth.com\/wp-content\/uploads\/2025\/02\/MEDIDERMA-FR-ANTIOX-MD-ANTI-POLLUTION-PROTECT-FACIAL-CREAM-GEL-01.jpg","contentUrl":"https:\/\/kinamihealth.com\/wp-content\/uploads\/2025\/02\/MEDIDERMA-FR-ANTIOX-MD-ANTI-POLLUTION-PROTECT-FACIAL-CREAM-GEL-01.jpg","width":800,"height":800},{"@type":"BreadcrumbList","@id":"https:\/\/kinamihealth.com\/sv\/produkt\/mediderma-fr-antiox-md-anti-pollution-protect-facial-cream-gel\/#breadcrumb","itemListElement":[{"@type":"ListItem","position":1,"name":"Hem","item":"https:\/\/kinamihealth.com\/sr\/"},{"@type":"ListItem","position":2,"name":"Butik","item":"https:\/\/kinamihealth.com\/sv\/?page_id=127810"},{"@type":"ListItem","position":3,"name":"MEDIDERMA\u00ae FR-ANTIOX MD ANTI-POLLUTION PROTECT FACIAL CREAM GEL"}]},{"@type":"WebSite","@id":"https:\/\/kinamihealth.com\/#website","url":"https:\/\/kinamihealth.com\/","name":"Kinami Health","description":"","publisher":{"@id":"https:\/\/kinamihealth.com\/#organization"},"potentialAction":[{"@type":"SearchAction","target":{"@type":"EntryPoint","urlTemplate":"https:\/\/kinamihealth.com\/?s={search_term_string}"},"query-input":{"@type":"PropertyValueSpecification","valueRequired":true,"valueName":"search_term_string"}}],"inLanguage":"sv-SE"},{"@type":"Organization","@id":"https:\/\/kinamihealth.com\/#organization","name":"Kinami Health","url":"https:\/\/kinamihealth.com\/","logo":{"@type":"ImageObject","inLanguage":"sv-SE","@id":"https:\/\/kinamihealth.com\/#\/schema\/logo\/image\/","url":"https:\/\/kinamihealth.com\/wp-content\/uploads\/2025\/01\/KH_logo_black_2-1.png","contentUrl":"https:\/\/kinamihealth.com\/wp-content\/uploads\/2025\/01\/KH_logo_black_2-1.png","width":339,"height":34,"caption":"Kinami Health"},"image":{"@id":"https:\/\/kinamihealth.com\/#\/schema\/logo\/image\/"}}]}},"_links":{"self":[{"href":"https:\/\/kinamihealth.com\/sv\/wp-json\/wp\/v2\/product\/119547","targetHints":{"allow":["GET"]}}],"collection":[{"href":"https:\/\/kinamihealth.com\/sv\/wp-json\/wp\/v2\/product"}],"about":[{"href":"https:\/\/kinamihealth.com\/sv\/wp-json\/wp\/v2\/types\/product"}],"replies":[{"embeddable":true,"href":"https:\/\/kinamihealth.com\/sv\/wp-json\/wp\/v2\/comments?post=119547"}],"version-history":[{"count":0,"href":"https:\/\/kinamihealth.com\/sv\/wp-json\/wp\/v2\/product\/119547\/revisions"}],"wp:featuredmedia":[{"embeddable":true,"href":"https:\/\/kinamihealth.com\/sv\/wp-json\/wp\/v2\/media\/119548"}],"wp:attachment":[{"href":"https:\/\/kinamihealth.com\/sv\/wp-json\/wp\/v2\/media?parent=119547"}],"wp:term":[{"taxonomy":"product_brand","embeddable":true,"href":"https:\/\/kinamihealth.com\/sv\/wp-json\/wp\/v2\/product_brand?post=119547"},{"taxonomy":"product_cat","embeddable":true,"href":"https:\/\/kinamihealth.com\/sv\/wp-json\/wp\/v2\/product_cat?post=119547"},{"taxonomy":"product_tag","embeddable":true,"href":"https:\/\/kinamihealth.com\/sv\/wp-json\/wp\/v2\/product_tag?post=119547"}],"curies":[{"name":"wp","href":"https:\/\/api.w.org\/{rel}","templated":true}]}}