{"id":119544,"date":"2025-02-15T16:54:50","date_gmt":"2025-02-15T16:54:50","guid":{"rendered":"https:\/\/kinamihealth.com\/product\/mediderma-ferulac-valencia-peel\/"},"modified":"2025-12-07T14:40:12","modified_gmt":"2025-12-07T14:40:12","slug":"mediderma-ferulac-valencia-peel","status":"publish","type":"product","link":"https:\/\/kinamihealth.com\/sv\/produkt\/mediderma-ferulac-valencia-peel\/","title":{"rendered":"MEDIDERMA\u00ae FERULAC VALENCIA PEEL"},"content":{"rendered":"<p><span style=\"font-weight: 400;\">FERULAC VALENCIA PEEL 50 ml \u00e4r en effektiv och <\/span><b>multifunktionell kemisk peeling<\/b><span style=\"font-weight: 400;\"> tillverkad av Mediderma f\u00f6r att bek\u00e4mpa pigmenteringsproblem och andra \u00e5ldersrelaterade hudfel. Produkten har en avancerad formula f\u00f6r att behandla h\u00e4nder, hals och ansikte. Med specialiserade ingredienser i nanostorlek aktiverar kemisk peeling p\u00e5 ett fantastiskt s\u00e4tt en f\u00f6ryngrande och regenererande process. <\/span><b><i>Best\u00e4ll Mediderma-produkter online<\/i><\/b><span style=\"font-weight: 400;\"> nu f\u00f6r att kunna erbjuda dina kunder endast de b\u00e4sta hudv\u00e5rdsprodukterna.\u00a0<\/span><\/p>\n","protected":false},"excerpt":{"rendered":"<p>FERULAC VALENCIA PEEL 50 ml \u00e4r en effektiv och multifunktionell kemisk peeling tillverkad av Mediderma f\u00f6r att bek\u00e4mpa pigmenteringsproblem och andra \u00e5ldersrelaterade hudfel. Produkten har en avancerad formula f\u00f6r att behandla h\u00e4nder, hals och ansikte. Med specialiserade ingredienser i nanostorlek aktiverar kemisk peeling p\u00e5 ett fantastiskt s\u00e4tt en f\u00f6ryngrande och regenererande process. Best\u00e4ll Mediderma-produkter online [&hellip;]<\/p>\n","protected":false},"featured_media":119545,"comment_status":"closed","ping_status":"closed","template":"","meta":{"_acf_changed":false,"inline_featured_image":false},"product_brand":[3157],"product_cat":[3374],"product_tag":[3256],"class_list":{"0":"post-119544","1":"product","2":"type-product","3":"status-publish","4":"has-post-thumbnail","6":"product_brand-mediderma","7":"product_cat-peels-and-masks-sv","8":"product_tag-medical-devices-sv","10":"first","11":"instock","12":"taxable","13":"shipping-taxable","14":"purchasable","15":"product-type-simple","16":"add-to-wishlist-before_image"},"acf":[],"yoast_head":"<!-- This site is optimized with the Yoast SEO plugin v27.3 - https:\/\/yoast.com\/product\/yoast-seo-wordpress\/ -->\n<title>K\u00f6p FERULAC VALENCIA PEEL 50 ml online<\/title>\n<meta name=\"description\" content=\"K\u00f6p FERULAC VALENCIA PEEL 50 ml online och minska hudf\u00f6r\u00e4ndringar, solfl\u00e4ckar, melasma och tecken p\u00e5 foto\u00e5ldrande i ansiktet, p\u00e5 halsen och h\u00e4nderna.\" \/>\n<meta name=\"robots\" content=\"index, follow, max-snippet:-1, max-image-preview:large, max-video-preview:-1\" \/>\n<link rel=\"canonical\" href=\"https:\/\/kinamihealth.com\/sv\/wp-json\/wp\/v2\/product\/119544\" \/>\n<meta property=\"og:locale\" content=\"sv_SE\" \/>\n<meta property=\"og:type\" content=\"article\" \/>\n<meta property=\"og:title\" content=\"K\u00f6p FERULAC VALENCIA PEEL 50 ml online\" \/>\n<meta property=\"og:description\" content=\"K\u00f6p FERULAC VALENCIA PEEL 50 ml online och minska hudf\u00f6r\u00e4ndringar, solfl\u00e4ckar, melasma och tecken p\u00e5 foto\u00e5ldrande i ansiktet, p\u00e5 halsen och h\u00e4nderna.\" \/>\n<meta property=\"og:url\" content=\"https:\/\/kinamihealth.com\/sv\/produkt\/mediderma-ferulac-valencia-peel\/\" \/>\n<meta property=\"og:site_name\" content=\"Kinami Health\" \/>\n<meta property=\"article:modified_time\" content=\"2025-12-07T14:40:12+00:00\" \/>\n<meta property=\"og:image\" content=\"https:\/\/kinamihealth.com\/wp-content\/uploads\/2025\/02\/MEDIDERMA-FERULAC-VALENCIA-PEEL-01.jpg\" \/>\n\t<meta property=\"og:image:width\" content=\"800\" \/>\n\t<meta property=\"og:image:height\" content=\"800\" \/>\n\t<meta property=\"og:image:type\" content=\"image\/jpeg\" \/>\n<meta name=\"twitter:card\" content=\"summary_large_image\" \/>\n<meta name=\"twitter:label1\" content=\"Ber\u00e4knad l\u00e4stid\" \/>\n\t<meta name=\"twitter:data1\" content=\"1 minut\" \/>\n<!-- \/ Yoast SEO plugin. -->","yoast_head_json":{"title":"K\u00f6p FERULAC VALENCIA PEEL 50 ml online","description":"K\u00f6p FERULAC VALENCIA PEEL 50 ml online och minska hudf\u00f6r\u00e4ndringar, solfl\u00e4ckar, melasma och tecken p\u00e5 foto\u00e5ldrande i ansiktet, p\u00e5 halsen och h\u00e4nderna.","robots":{"index":"index","follow":"follow","max-snippet":"max-snippet:-1","max-image-preview":"max-image-preview:large","max-video-preview":"max-video-preview:-1"},"canonical":"https:\/\/kinamihealth.com\/sv\/wp-json\/wp\/v2\/product\/119544","og_locale":"sv_SE","og_type":"article","og_title":"K\u00f6p FERULAC VALENCIA PEEL 50 ml online","og_description":"K\u00f6p FERULAC VALENCIA PEEL 50 ml online och minska hudf\u00f6r\u00e4ndringar, solfl\u00e4ckar, melasma och tecken p\u00e5 foto\u00e5ldrande i ansiktet, p\u00e5 halsen och h\u00e4nderna.","og_url":"https:\/\/kinamihealth.com\/sv\/produkt\/mediderma-ferulac-valencia-peel\/","og_site_name":"Kinami Health","article_modified_time":"2025-12-07T14:40:12+00:00","og_image":[{"width":800,"height":800,"url":"https:\/\/kinamihealth.com\/wp-content\/uploads\/2025\/02\/MEDIDERMA-FERULAC-VALENCIA-PEEL-01.jpg","type":"image\/jpeg"}],"twitter_card":"summary_large_image","twitter_misc":{"Ber\u00e4knad l\u00e4stid":"1 minut"},"schema":{"@context":"https:\/\/schema.org","@graph":[{"@type":"WebPage","@id":"https:\/\/kinamihealth.com\/sv\/produkt\/mediderma-ferulac-valencia-peel\/","url":"https:\/\/kinamihealth.com\/sv\/produkt\/mediderma-ferulac-valencia-peel\/","name":"K\u00f6p FERULAC VALENCIA PEEL 50 ml online","isPartOf":{"@id":"https:\/\/kinamihealth.com\/#website"},"primaryImageOfPage":{"@id":"https:\/\/kinamihealth.com\/sv\/produkt\/mediderma-ferulac-valencia-peel\/#primaryimage"},"image":{"@id":"https:\/\/kinamihealth.com\/sv\/produkt\/mediderma-ferulac-valencia-peel\/#primaryimage"},"thumbnailUrl":"https:\/\/kinamihealth.com\/wp-content\/uploads\/2025\/02\/MEDIDERMA-FERULAC-VALENCIA-PEEL-01.jpg","datePublished":"2025-02-15T16:54:50+00:00","dateModified":"2025-12-07T14:40:12+00:00","description":"K\u00f6p FERULAC VALENCIA PEEL 50 ml online och minska hudf\u00f6r\u00e4ndringar, solfl\u00e4ckar, melasma och tecken p\u00e5 foto\u00e5ldrande i ansiktet, p\u00e5 halsen och h\u00e4nderna.","breadcrumb":{"@id":"https:\/\/kinamihealth.com\/sv\/produkt\/mediderma-ferulac-valencia-peel\/#breadcrumb"},"inLanguage":"sv-SE","potentialAction":[{"@type":"ReadAction","target":["https:\/\/kinamihealth.com\/sv\/produkt\/mediderma-ferulac-valencia-peel\/"]}]},{"@type":"ImageObject","inLanguage":"sv-SE","@id":"https:\/\/kinamihealth.com\/sv\/produkt\/mediderma-ferulac-valencia-peel\/#primaryimage","url":"https:\/\/kinamihealth.com\/wp-content\/uploads\/2025\/02\/MEDIDERMA-FERULAC-VALENCIA-PEEL-01.jpg","contentUrl":"https:\/\/kinamihealth.com\/wp-content\/uploads\/2025\/02\/MEDIDERMA-FERULAC-VALENCIA-PEEL-01.jpg","width":800,"height":800},{"@type":"BreadcrumbList","@id":"https:\/\/kinamihealth.com\/sv\/produkt\/mediderma-ferulac-valencia-peel\/#breadcrumb","itemListElement":[{"@type":"ListItem","position":1,"name":"Hem","item":"https:\/\/kinamihealth.com\/sr\/"},{"@type":"ListItem","position":2,"name":"Butik","item":"https:\/\/kinamihealth.com\/sv\/?page_id=127810"},{"@type":"ListItem","position":3,"name":"MEDIDERMA\u00ae FERULAC VALENCIA PEEL"}]},{"@type":"WebSite","@id":"https:\/\/kinamihealth.com\/#website","url":"https:\/\/kinamihealth.com\/","name":"Kinami Health","description":"","publisher":{"@id":"https:\/\/kinamihealth.com\/#organization"},"potentialAction":[{"@type":"SearchAction","target":{"@type":"EntryPoint","urlTemplate":"https:\/\/kinamihealth.com\/?s={search_term_string}"},"query-input":{"@type":"PropertyValueSpecification","valueRequired":true,"valueName":"search_term_string"}}],"inLanguage":"sv-SE"},{"@type":"Organization","@id":"https:\/\/kinamihealth.com\/#organization","name":"Kinami Health","url":"https:\/\/kinamihealth.com\/","logo":{"@type":"ImageObject","inLanguage":"sv-SE","@id":"https:\/\/kinamihealth.com\/#\/schema\/logo\/image\/","url":"https:\/\/kinamihealth.com\/wp-content\/uploads\/2025\/01\/KH_logo_black_2-1.png","contentUrl":"https:\/\/kinamihealth.com\/wp-content\/uploads\/2025\/01\/KH_logo_black_2-1.png","width":339,"height":34,"caption":"Kinami Health"},"image":{"@id":"https:\/\/kinamihealth.com\/#\/schema\/logo\/image\/"}}]}},"_links":{"self":[{"href":"https:\/\/kinamihealth.com\/sv\/wp-json\/wp\/v2\/product\/119544","targetHints":{"allow":["GET"]}}],"collection":[{"href":"https:\/\/kinamihealth.com\/sv\/wp-json\/wp\/v2\/product"}],"about":[{"href":"https:\/\/kinamihealth.com\/sv\/wp-json\/wp\/v2\/types\/product"}],"replies":[{"embeddable":true,"href":"https:\/\/kinamihealth.com\/sv\/wp-json\/wp\/v2\/comments?post=119544"}],"version-history":[{"count":0,"href":"https:\/\/kinamihealth.com\/sv\/wp-json\/wp\/v2\/product\/119544\/revisions"}],"wp:featuredmedia":[{"embeddable":true,"href":"https:\/\/kinamihealth.com\/sv\/wp-json\/wp\/v2\/media\/119545"}],"wp:attachment":[{"href":"https:\/\/kinamihealth.com\/sv\/wp-json\/wp\/v2\/media?parent=119544"}],"wp:term":[{"taxonomy":"product_brand","embeddable":true,"href":"https:\/\/kinamihealth.com\/sv\/wp-json\/wp\/v2\/product_brand?post=119544"},{"taxonomy":"product_cat","embeddable":true,"href":"https:\/\/kinamihealth.com\/sv\/wp-json\/wp\/v2\/product_cat?post=119544"},{"taxonomy":"product_tag","embeddable":true,"href":"https:\/\/kinamihealth.com\/sv\/wp-json\/wp\/v2\/product_tag?post=119544"}],"curies":[{"name":"wp","href":"https:\/\/api.w.org\/{rel}","templated":true}]}}