{"id":119530,"date":"2025-02-15T16:53:48","date_gmt":"2025-02-15T16:53:48","guid":{"rendered":"https:\/\/kinamihealth.com\/product\/mediderma-azelac-peel-exfoliating-gel\/"},"modified":"2025-10-30T14:25:15","modified_gmt":"2025-10-30T14:25:15","slug":"mediderma-azelac-peel-exfoliating-gel","status":"publish","type":"product","link":"https:\/\/kinamihealth.com\/sv\/produkt\/mediderma-azelac-peel-exfoliating-gel\/","title":{"rendered":"MEDIDERMA\u00ae AZELAC\u00ae PEEL EXFOLIATING GEL"},"content":{"rendered":"<p><b>Azelac Peel Exfoliating Gel \u00e4r en professionell kemisk peeling<\/b><span style=\"font-weight: 400;\"> utvecklad f\u00f6r att behandla en rad olika hudproblem. Den avancerade formulan kombinerar kraftfulla aktiva ingredienser som<\/span><b> azelainsyra och mj\u00f6lksyra f\u00f6r att behandla hyperpigmentering, akne, rodnad och tecken p\u00e5 \u00e5ldrande<\/b><span style=\"font-weight: 400;\">.<\/span><\/p>\n","protected":false},"excerpt":{"rendered":"<p>Azelac Peel Exfoliating Gel \u00e4r en professionell kemisk peeling utvecklad f\u00f6r att behandla en rad olika hudproblem. Den avancerade formulan kombinerar kraftfulla aktiva ingredienser som azelainsyra och mj\u00f6lksyra f\u00f6r att behandla hyperpigmentering, akne, rodnad och tecken p\u00e5 \u00e5ldrande.<\/p>\n","protected":false},"featured_media":119532,"comment_status":"closed","ping_status":"closed","template":"","meta":{"_acf_changed":false,"inline_featured_image":false},"product_brand":[3157],"product_cat":[3374],"product_tag":[3256],"class_list":{"0":"post-119530","1":"product","2":"type-product","3":"status-publish","4":"has-post-thumbnail","6":"product_brand-mediderma","7":"product_cat-peels-and-masks-sv","8":"product_tag-medical-devices-sv","10":"first","11":"instock","12":"taxable","13":"shipping-taxable","14":"purchasable","15":"product-type-simple","16":"add-to-wishlist-before_image"},"acf":[],"yoast_head":"<!-- This site is optimized with the Yoast SEO plugin v27.1.1 - https:\/\/yoast.com\/product\/yoast-seo-wordpress\/ -->\n<title>K\u00f6p Azelac Peel Exfoliating Gel online<\/title>\n<meta name=\"description\" content=\"K\u00f6p Azelac Peel Exfoliating Gel online f\u00f6r professionell peeling. Idealisk f\u00f6r akne, rodnad, hyperpigmentering och l\u00e4mplig f\u00f6r alla hudtyper.\" \/>\n<meta name=\"robots\" content=\"index, follow, max-snippet:-1, max-image-preview:large, max-video-preview:-1\" \/>\n<link rel=\"canonical\" href=\"https:\/\/kinamihealth.com\/sv\/wp-json\/wp\/v2\/product\/119530\" \/>\n<meta property=\"og:locale\" content=\"sv_SE\" \/>\n<meta property=\"og:type\" content=\"article\" \/>\n<meta property=\"og:title\" content=\"K\u00f6p Azelac Peel Exfoliating Gel online\" \/>\n<meta property=\"og:description\" content=\"K\u00f6p Azelac Peel Exfoliating Gel online f\u00f6r professionell peeling. Idealisk f\u00f6r akne, rodnad, hyperpigmentering och l\u00e4mplig f\u00f6r alla hudtyper.\" \/>\n<meta property=\"og:url\" content=\"https:\/\/kinamihealth.com\/sv\/produkt\/mediderma-azelac-peel-exfoliating-gel\/\" \/>\n<meta property=\"og:site_name\" content=\"Kinami Health\" \/>\n<meta property=\"article:modified_time\" content=\"2025-10-30T14:25:15+00:00\" \/>\n<meta property=\"og:image\" content=\"https:\/\/kinamihealth.com\/wp-content\/uploads\/2025\/02\/MEDIDERMA-AZELAC-PEEL-EXFOLIATING-GEL-01.webp\" \/>\n\t<meta property=\"og:image:width\" content=\"800\" \/>\n\t<meta property=\"og:image:height\" content=\"800\" \/>\n\t<meta property=\"og:image:type\" content=\"image\/webp\" \/>\n<meta name=\"twitter:card\" content=\"summary_large_image\" \/>\n<meta name=\"twitter:label1\" content=\"Ber\u00e4knad l\u00e4stid\" \/>\n\t<meta name=\"twitter:data1\" content=\"1 minut\" \/>\n<!-- \/ Yoast SEO plugin. -->","yoast_head_json":{"title":"K\u00f6p Azelac Peel Exfoliating Gel online","description":"K\u00f6p Azelac Peel Exfoliating Gel online f\u00f6r professionell peeling. Idealisk f\u00f6r akne, rodnad, hyperpigmentering och l\u00e4mplig f\u00f6r alla hudtyper.","robots":{"index":"index","follow":"follow","max-snippet":"max-snippet:-1","max-image-preview":"max-image-preview:large","max-video-preview":"max-video-preview:-1"},"canonical":"https:\/\/kinamihealth.com\/sv\/wp-json\/wp\/v2\/product\/119530","og_locale":"sv_SE","og_type":"article","og_title":"K\u00f6p Azelac Peel Exfoliating Gel online","og_description":"K\u00f6p Azelac Peel Exfoliating Gel online f\u00f6r professionell peeling. Idealisk f\u00f6r akne, rodnad, hyperpigmentering och l\u00e4mplig f\u00f6r alla hudtyper.","og_url":"https:\/\/kinamihealth.com\/sv\/produkt\/mediderma-azelac-peel-exfoliating-gel\/","og_site_name":"Kinami Health","article_modified_time":"2025-10-30T14:25:15+00:00","og_image":[{"width":800,"height":800,"url":"https:\/\/kinamihealth.com\/wp-content\/uploads\/2025\/02\/MEDIDERMA-AZELAC-PEEL-EXFOLIATING-GEL-01.webp","type":"image\/webp"}],"twitter_card":"summary_large_image","twitter_misc":{"Ber\u00e4knad l\u00e4stid":"1 minut"},"schema":{"@context":"https:\/\/schema.org","@graph":[{"@type":"WebPage","@id":"https:\/\/kinamihealth.com\/sv\/produkt\/mediderma-azelac-peel-exfoliating-gel\/","url":"https:\/\/kinamihealth.com\/sv\/produkt\/mediderma-azelac-peel-exfoliating-gel\/","name":"K\u00f6p Azelac Peel Exfoliating Gel online","isPartOf":{"@id":"https:\/\/kinamihealth.com\/#website"},"primaryImageOfPage":{"@id":"https:\/\/kinamihealth.com\/sv\/produkt\/mediderma-azelac-peel-exfoliating-gel\/#primaryimage"},"image":{"@id":"https:\/\/kinamihealth.com\/sv\/produkt\/mediderma-azelac-peel-exfoliating-gel\/#primaryimage"},"thumbnailUrl":"https:\/\/kinamihealth.com\/wp-content\/uploads\/2025\/02\/MEDIDERMA-AZELAC-PEEL-EXFOLIATING-GEL-01.webp","datePublished":"2025-02-15T16:53:48+00:00","dateModified":"2025-10-30T14:25:15+00:00","description":"K\u00f6p Azelac Peel Exfoliating Gel online f\u00f6r professionell peeling. Idealisk f\u00f6r akne, rodnad, hyperpigmentering och l\u00e4mplig f\u00f6r alla hudtyper.","breadcrumb":{"@id":"https:\/\/kinamihealth.com\/sv\/produkt\/mediderma-azelac-peel-exfoliating-gel\/#breadcrumb"},"inLanguage":"sv-SE","potentialAction":[{"@type":"ReadAction","target":["https:\/\/kinamihealth.com\/sv\/produkt\/mediderma-azelac-peel-exfoliating-gel\/"]}]},{"@type":"ImageObject","inLanguage":"sv-SE","@id":"https:\/\/kinamihealth.com\/sv\/produkt\/mediderma-azelac-peel-exfoliating-gel\/#primaryimage","url":"https:\/\/kinamihealth.com\/wp-content\/uploads\/2025\/02\/MEDIDERMA-AZELAC-PEEL-EXFOLIATING-GEL-01.webp","contentUrl":"https:\/\/kinamihealth.com\/wp-content\/uploads\/2025\/02\/MEDIDERMA-AZELAC-PEEL-EXFOLIATING-GEL-01.webp","width":800,"height":800},{"@type":"BreadcrumbList","@id":"https:\/\/kinamihealth.com\/sv\/produkt\/mediderma-azelac-peel-exfoliating-gel\/#breadcrumb","itemListElement":[{"@type":"ListItem","position":1,"name":"Hem","item":"https:\/\/kinamihealth.com\/sr\/"},{"@type":"ListItem","position":2,"name":"Butik","item":"https:\/\/kinamihealth.com\/sv\/?page_id=127810"},{"@type":"ListItem","position":3,"name":"MEDIDERMA\u00ae AZELAC\u00ae PEEL EXFOLIATING GEL"}]},{"@type":"WebSite","@id":"https:\/\/kinamihealth.com\/#website","url":"https:\/\/kinamihealth.com\/","name":"Kinami Health","description":"","publisher":{"@id":"https:\/\/kinamihealth.com\/#organization"},"potentialAction":[{"@type":"SearchAction","target":{"@type":"EntryPoint","urlTemplate":"https:\/\/kinamihealth.com\/?s={search_term_string}"},"query-input":{"@type":"PropertyValueSpecification","valueRequired":true,"valueName":"search_term_string"}}],"inLanguage":"sv-SE"},{"@type":"Organization","@id":"https:\/\/kinamihealth.com\/#organization","name":"Kinami Health","url":"https:\/\/kinamihealth.com\/","logo":{"@type":"ImageObject","inLanguage":"sv-SE","@id":"https:\/\/kinamihealth.com\/#\/schema\/logo\/image\/","url":"https:\/\/kinamihealth.com\/wp-content\/uploads\/2025\/01\/KH_logo_black_2-1.png","contentUrl":"https:\/\/kinamihealth.com\/wp-content\/uploads\/2025\/01\/KH_logo_black_2-1.png","width":339,"height":34,"caption":"Kinami Health"},"image":{"@id":"https:\/\/kinamihealth.com\/#\/schema\/logo\/image\/"}}]}},"_links":{"self":[{"href":"https:\/\/kinamihealth.com\/sv\/wp-json\/wp\/v2\/product\/119530","targetHints":{"allow":["GET"]}}],"collection":[{"href":"https:\/\/kinamihealth.com\/sv\/wp-json\/wp\/v2\/product"}],"about":[{"href":"https:\/\/kinamihealth.com\/sv\/wp-json\/wp\/v2\/types\/product"}],"replies":[{"embeddable":true,"href":"https:\/\/kinamihealth.com\/sv\/wp-json\/wp\/v2\/comments?post=119530"}],"version-history":[{"count":0,"href":"https:\/\/kinamihealth.com\/sv\/wp-json\/wp\/v2\/product\/119530\/revisions"}],"wp:featuredmedia":[{"embeddable":true,"href":"https:\/\/kinamihealth.com\/sv\/wp-json\/wp\/v2\/media\/119532"}],"wp:attachment":[{"href":"https:\/\/kinamihealth.com\/sv\/wp-json\/wp\/v2\/media?parent=119530"}],"wp:term":[{"taxonomy":"product_brand","embeddable":true,"href":"https:\/\/kinamihealth.com\/sv\/wp-json\/wp\/v2\/product_brand?post=119530"},{"taxonomy":"product_cat","embeddable":true,"href":"https:\/\/kinamihealth.com\/sv\/wp-json\/wp\/v2\/product_cat?post=119530"},{"taxonomy":"product_tag","embeddable":true,"href":"https:\/\/kinamihealth.com\/sv\/wp-json\/wp\/v2\/product_tag?post=119530"}],"curies":[{"name":"wp","href":"https:\/\/api.w.org\/{rel}","templated":true}]}}