{"id":119528,"date":"2025-02-15T16:53:46","date_gmt":"2025-02-15T16:53:46","guid":{"rendered":"https:\/\/kinamihealth.com\/product\/mediderma-argipeel-exfoliating-gel\/"},"modified":"2025-12-07T15:32:31","modified_gmt":"2025-12-07T15:32:31","slug":"mediderma-argipeel-exfoliating-gel","status":"publish","type":"product","link":"https:\/\/kinamihealth.com\/sv\/produkt\/mediderma-argipeel-exfoliating-gel\/","title":{"rendered":"MEDIDERMA\u00ae ARGIPEEL EXFOLIATING GEL"},"content":{"rendered":"<p><b>Argipeel Exfoliating Gel \u00e4r en innovativ kemisk peeling speciellt framtagen f\u00f6r k\u00e4nslig och \u00f6mt\u00e5lig hud. Dess huvudsakliga aktiva ingrediens, arginin, \u00e4r en naturligt framst\u00e4lld aminosyra som erh\u00e5lls genom j\u00e4sning av sockerr\u00f6r. Tack vare sin stora molekylstorlek tr\u00e4nger arginin l\u00e5ngsamt in i huden, vilket minimerar irritation samtidigt som den ger kraftfulla \u00e5terfuktande och anti-aging-egenskaper.<\/b><\/p>\n","protected":false},"excerpt":{"rendered":"<p>Argipeel Exfoliating Gel \u00e4r en innovativ kemisk peeling speciellt framtagen f\u00f6r k\u00e4nslig och \u00f6mt\u00e5lig hud. Dess huvudsakliga aktiva ingrediens, arginin, \u00e4r en naturligt framst\u00e4lld aminosyra som erh\u00e5lls genom j\u00e4sning av sockerr\u00f6r. Tack vare sin stora molekylstorlek tr\u00e4nger arginin l\u00e5ngsamt in i huden, vilket minimerar irritation samtidigt som den ger kraftfulla \u00e5terfuktande och anti-aging-egenskaper.<\/p>\n","protected":false},"featured_media":119529,"comment_status":"closed","ping_status":"closed","template":"","meta":{"_acf_changed":false,"inline_featured_image":false},"product_brand":[3157],"product_cat":[3374],"product_tag":[3256],"class_list":{"0":"post-119528","1":"product","2":"type-product","3":"status-publish","4":"has-post-thumbnail","6":"product_brand-mediderma","7":"product_cat-peels-and-masks-sv","8":"product_tag-medical-devices-sv","10":"first","11":"instock","12":"taxable","13":"shipping-taxable","14":"purchasable","15":"product-type-simple","16":"add-to-wishlist-before_image"},"acf":[],"yoast_head":"<!-- This site is optimized with the Yoast SEO plugin v27.1.1 - https:\/\/yoast.com\/product\/yoast-seo-wordpress\/ -->\n<title>K\u00f6p Argipeel Exfoliating Gel online f\u00f6r k\u00e4nslig hud<\/title>\n<meta name=\"description\" content=\"K\u00f6p Argipeel Exfoliating Gel online \u2013 denna peelingbehandling \u00e4r idealisk f\u00f6r k\u00e4nslig hud och f\u00f6rb\u00e4ttrar hudens struktur, fuktbalans och lyster utan att irritera.\" \/>\n<meta name=\"robots\" content=\"index, follow, max-snippet:-1, max-image-preview:large, max-video-preview:-1\" \/>\n<link rel=\"canonical\" href=\"https:\/\/kinamihealth.com\/sv\/wp-json\/wp\/v2\/product\/119528\" \/>\n<meta property=\"og:locale\" content=\"sv_SE\" \/>\n<meta property=\"og:type\" content=\"article\" \/>\n<meta property=\"og:title\" content=\"K\u00f6p Argipeel Exfoliating Gel online f\u00f6r k\u00e4nslig hud\" \/>\n<meta property=\"og:description\" content=\"K\u00f6p Argipeel Exfoliating Gel online \u2013 denna peelingbehandling \u00e4r idealisk f\u00f6r k\u00e4nslig hud och f\u00f6rb\u00e4ttrar hudens struktur, fuktbalans och lyster utan att irritera.\" \/>\n<meta property=\"og:url\" content=\"https:\/\/kinamihealth.com\/sv\/produkt\/mediderma-argipeel-exfoliating-gel\/\" \/>\n<meta property=\"og:site_name\" content=\"Kinami Health\" \/>\n<meta property=\"article:modified_time\" content=\"2025-12-07T15:32:31+00:00\" \/>\n<meta property=\"og:image\" content=\"https:\/\/kinamihealth.com\/wp-content\/uploads\/2025\/02\/MEDIDERMA-ARGIPEEL-EXFOLIATING-GEL-01.webp\" \/>\n\t<meta property=\"og:image:width\" content=\"800\" \/>\n\t<meta property=\"og:image:height\" content=\"800\" \/>\n\t<meta property=\"og:image:type\" content=\"image\/webp\" \/>\n<meta name=\"twitter:card\" content=\"summary_large_image\" \/>\n<meta name=\"twitter:label1\" content=\"Ber\u00e4knad l\u00e4stid\" \/>\n\t<meta name=\"twitter:data1\" content=\"1 minut\" \/>\n<!-- \/ Yoast SEO plugin. -->","yoast_head_json":{"title":"K\u00f6p Argipeel Exfoliating Gel online f\u00f6r k\u00e4nslig hud","description":"K\u00f6p Argipeel Exfoliating Gel online \u2013 denna peelingbehandling \u00e4r idealisk f\u00f6r k\u00e4nslig hud och f\u00f6rb\u00e4ttrar hudens struktur, fuktbalans och lyster utan att irritera.","robots":{"index":"index","follow":"follow","max-snippet":"max-snippet:-1","max-image-preview":"max-image-preview:large","max-video-preview":"max-video-preview:-1"},"canonical":"https:\/\/kinamihealth.com\/sv\/wp-json\/wp\/v2\/product\/119528","og_locale":"sv_SE","og_type":"article","og_title":"K\u00f6p Argipeel Exfoliating Gel online f\u00f6r k\u00e4nslig hud","og_description":"K\u00f6p Argipeel Exfoliating Gel online \u2013 denna peelingbehandling \u00e4r idealisk f\u00f6r k\u00e4nslig hud och f\u00f6rb\u00e4ttrar hudens struktur, fuktbalans och lyster utan att irritera.","og_url":"https:\/\/kinamihealth.com\/sv\/produkt\/mediderma-argipeel-exfoliating-gel\/","og_site_name":"Kinami Health","article_modified_time":"2025-12-07T15:32:31+00:00","og_image":[{"width":800,"height":800,"url":"https:\/\/kinamihealth.com\/wp-content\/uploads\/2025\/02\/MEDIDERMA-ARGIPEEL-EXFOLIATING-GEL-01.webp","type":"image\/webp"}],"twitter_card":"summary_large_image","twitter_misc":{"Ber\u00e4knad l\u00e4stid":"1 minut"},"schema":{"@context":"https:\/\/schema.org","@graph":[{"@type":"WebPage","@id":"https:\/\/kinamihealth.com\/sv\/produkt\/mediderma-argipeel-exfoliating-gel\/","url":"https:\/\/kinamihealth.com\/sv\/produkt\/mediderma-argipeel-exfoliating-gel\/","name":"K\u00f6p Argipeel Exfoliating Gel online f\u00f6r k\u00e4nslig hud","isPartOf":{"@id":"https:\/\/kinamihealth.com\/#website"},"primaryImageOfPage":{"@id":"https:\/\/kinamihealth.com\/sv\/produkt\/mediderma-argipeel-exfoliating-gel\/#primaryimage"},"image":{"@id":"https:\/\/kinamihealth.com\/sv\/produkt\/mediderma-argipeel-exfoliating-gel\/#primaryimage"},"thumbnailUrl":"https:\/\/kinamihealth.com\/wp-content\/uploads\/2025\/02\/MEDIDERMA-ARGIPEEL-EXFOLIATING-GEL-01.webp","datePublished":"2025-02-15T16:53:46+00:00","dateModified":"2025-12-07T15:32:31+00:00","description":"K\u00f6p Argipeel Exfoliating Gel online \u2013 denna peelingbehandling \u00e4r idealisk f\u00f6r k\u00e4nslig hud och f\u00f6rb\u00e4ttrar hudens struktur, fuktbalans och lyster utan att irritera.","breadcrumb":{"@id":"https:\/\/kinamihealth.com\/sv\/produkt\/mediderma-argipeel-exfoliating-gel\/#breadcrumb"},"inLanguage":"sv-SE","potentialAction":[{"@type":"ReadAction","target":["https:\/\/kinamihealth.com\/sv\/produkt\/mediderma-argipeel-exfoliating-gel\/"]}]},{"@type":"ImageObject","inLanguage":"sv-SE","@id":"https:\/\/kinamihealth.com\/sv\/produkt\/mediderma-argipeel-exfoliating-gel\/#primaryimage","url":"https:\/\/kinamihealth.com\/wp-content\/uploads\/2025\/02\/MEDIDERMA-ARGIPEEL-EXFOLIATING-GEL-01.webp","contentUrl":"https:\/\/kinamihealth.com\/wp-content\/uploads\/2025\/02\/MEDIDERMA-ARGIPEEL-EXFOLIATING-GEL-01.webp","width":800,"height":800},{"@type":"BreadcrumbList","@id":"https:\/\/kinamihealth.com\/sv\/produkt\/mediderma-argipeel-exfoliating-gel\/#breadcrumb","itemListElement":[{"@type":"ListItem","position":1,"name":"Hem","item":"https:\/\/kinamihealth.com\/sr\/"},{"@type":"ListItem","position":2,"name":"Butik","item":"https:\/\/kinamihealth.com\/sv\/?page_id=127810"},{"@type":"ListItem","position":3,"name":"MEDIDERMA\u00ae ARGIPEEL EXFOLIATING GEL"}]},{"@type":"WebSite","@id":"https:\/\/kinamihealth.com\/#website","url":"https:\/\/kinamihealth.com\/","name":"Kinami Health","description":"","publisher":{"@id":"https:\/\/kinamihealth.com\/#organization"},"potentialAction":[{"@type":"SearchAction","target":{"@type":"EntryPoint","urlTemplate":"https:\/\/kinamihealth.com\/?s={search_term_string}"},"query-input":{"@type":"PropertyValueSpecification","valueRequired":true,"valueName":"search_term_string"}}],"inLanguage":"sv-SE"},{"@type":"Organization","@id":"https:\/\/kinamihealth.com\/#organization","name":"Kinami Health","url":"https:\/\/kinamihealth.com\/","logo":{"@type":"ImageObject","inLanguage":"sv-SE","@id":"https:\/\/kinamihealth.com\/#\/schema\/logo\/image\/","url":"https:\/\/kinamihealth.com\/wp-content\/uploads\/2025\/01\/KH_logo_black_2-1.png","contentUrl":"https:\/\/kinamihealth.com\/wp-content\/uploads\/2025\/01\/KH_logo_black_2-1.png","width":339,"height":34,"caption":"Kinami Health"},"image":{"@id":"https:\/\/kinamihealth.com\/#\/schema\/logo\/image\/"}}]}},"_links":{"self":[{"href":"https:\/\/kinamihealth.com\/sv\/wp-json\/wp\/v2\/product\/119528","targetHints":{"allow":["GET"]}}],"collection":[{"href":"https:\/\/kinamihealth.com\/sv\/wp-json\/wp\/v2\/product"}],"about":[{"href":"https:\/\/kinamihealth.com\/sv\/wp-json\/wp\/v2\/types\/product"}],"replies":[{"embeddable":true,"href":"https:\/\/kinamihealth.com\/sv\/wp-json\/wp\/v2\/comments?post=119528"}],"version-history":[{"count":0,"href":"https:\/\/kinamihealth.com\/sv\/wp-json\/wp\/v2\/product\/119528\/revisions"}],"wp:featuredmedia":[{"embeddable":true,"href":"https:\/\/kinamihealth.com\/sv\/wp-json\/wp\/v2\/media\/119529"}],"wp:attachment":[{"href":"https:\/\/kinamihealth.com\/sv\/wp-json\/wp\/v2\/media?parent=119528"}],"wp:term":[{"taxonomy":"product_brand","embeddable":true,"href":"https:\/\/kinamihealth.com\/sv\/wp-json\/wp\/v2\/product_brand?post=119528"},{"taxonomy":"product_cat","embeddable":true,"href":"https:\/\/kinamihealth.com\/sv\/wp-json\/wp\/v2\/product_cat?post=119528"},{"taxonomy":"product_tag","embeddable":true,"href":"https:\/\/kinamihealth.com\/sv\/wp-json\/wp\/v2\/product_tag?post=119528"}],"curies":[{"name":"wp","href":"https:\/\/api.w.org\/{rel}","templated":true}]}}