{"id":119520,"date":"2025-02-15T16:56:10","date_gmt":"2025-02-15T16:56:10","guid":{"rendered":"https:\/\/kinamihealth.com\/product\/mesoestetic-melan-tran3x-concentrate\/"},"modified":"2025-10-30T14:55:40","modified_gmt":"2025-10-30T14:55:40","slug":"mesoestetic-melan-tran3x-concentrate","status":"publish","type":"product","link":"https:\/\/kinamihealth.com\/sv\/produkt\/mesoestetic-melan-tran3x-concentrate\/","title":{"rendered":"MESOESTETIC\u00ae MELAN TRAN3X CONCENTRATE"},"content":{"rendered":"<p><span style=\"font-weight: 400;\">Mesoestetic Melan Tran3X Concentrate \u00e4r ett <\/span><b>avancerat depigmenteringsserum<\/b><span style=\"font-weight: 400;\"> utvecklat f\u00f6r att behandla <\/span><b>hyperpigmentering och oj\u00e4mn hudton<\/b><span style=\"font-weight: 400;\">. Det \u00e4r formulerat med kliniskt bepr\u00f6vade ingredienser och <\/span><b>minskar uppkomsten av m\u00f6rka fl\u00e4ckar<\/b><span style=\"font-weight: 400;\"> samt f\u00f6rhindrar att de \u00e5terkommer. Detta <\/span><b>intensiva depigmenteringskoncentrat<\/b><span style=\"font-weight: 400;\"> \u00e4r l\u00e4mpligt f\u00f6r professionellt bruk inom dermatologi och estetisk medicin.<\/span><\/p>\n","protected":false},"excerpt":{"rendered":"<p>Mesoestetic Melan Tran3X Concentrate \u00e4r ett avancerat depigmenteringsserum utvecklat f\u00f6r att behandla hyperpigmentering och oj\u00e4mn hudton. Det \u00e4r formulerat med kliniskt bepr\u00f6vade ingredienser och minskar uppkomsten av m\u00f6rka fl\u00e4ckar samt f\u00f6rhindrar att de \u00e5terkommer. Detta intensiva depigmenteringskoncentrat \u00e4r l\u00e4mpligt f\u00f6r professionellt bruk inom dermatologi och estetisk medicin.<\/p>\n","protected":false},"featured_media":119523,"comment_status":"closed","ping_status":"closed","template":"","meta":{"_acf_changed":false,"inline_featured_image":false},"product_brand":[3158],"product_cat":[3687],"product_tag":[3256],"class_list":{"0":"post-119520","1":"product","2":"type-product","3":"status-publish","4":"has-post-thumbnail","6":"product_brand-mesoestetic","7":"product_cat-skincare-sv","8":"product_tag-medical-devices-sv","10":"first","11":"instock","12":"taxable","13":"shipping-taxable","14":"purchasable","15":"product-type-simple","16":"add-to-wishlist-before_image"},"acf":[],"yoast_head":"<!-- This site is optimized with the Yoast SEO plugin v27.1.1 - https:\/\/yoast.com\/product\/yoast-seo-wordpress\/ -->\n<title>K\u00f6p Mesoestetic Melan Tran3X Concentrate online p\u00e5 Kinami Health<\/title>\n<meta name=\"description\" content=\"K\u00f6p Mesoestetic Melan Tran3X Concentrate online p\u00e5 Kinami Health. Ett kraftfullt depigmenteringsserum utvecklat f\u00f6r medicinsk personal. Best\u00e4ll idag!\" \/>\n<meta name=\"robots\" content=\"index, follow, max-snippet:-1, max-image-preview:large, max-video-preview:-1\" \/>\n<link rel=\"canonical\" href=\"https:\/\/kinamihealth.com\/sv\/wp-json\/wp\/v2\/product\/119520\" \/>\n<meta property=\"og:locale\" content=\"sv_SE\" \/>\n<meta property=\"og:type\" content=\"article\" \/>\n<meta property=\"og:title\" content=\"K\u00f6p Mesoestetic Melan Tran3X Concentrate online p\u00e5 Kinami Health\" \/>\n<meta property=\"og:description\" content=\"K\u00f6p Mesoestetic Melan Tran3X Concentrate online p\u00e5 Kinami Health. Ett kraftfullt depigmenteringsserum utvecklat f\u00f6r medicinsk personal. Best\u00e4ll idag!\" \/>\n<meta property=\"og:url\" content=\"https:\/\/kinamihealth.com\/sv\/produkt\/mesoestetic-melan-tran3x-concentrate\/\" \/>\n<meta property=\"og:site_name\" content=\"Kinami Health\" \/>\n<meta property=\"article:modified_time\" content=\"2025-10-30T14:55:40+00:00\" \/>\n<meta property=\"og:image\" content=\"https:\/\/kinamihealth.com\/wp-content\/uploads\/2025\/02\/MESOESTETIC-MELAN-TRAN3X-CONCENTRATE_Front-.webp\" \/>\n\t<meta property=\"og:image:width\" content=\"1500\" \/>\n\t<meta property=\"og:image:height\" content=\"1500\" \/>\n\t<meta property=\"og:image:type\" content=\"image\/webp\" \/>\n<meta name=\"twitter:card\" content=\"summary_large_image\" \/>\n<meta name=\"twitter:label1\" content=\"Ber\u00e4knad l\u00e4stid\" \/>\n\t<meta name=\"twitter:data1\" content=\"1 minut\" \/>\n<!-- \/ Yoast SEO plugin. -->","yoast_head_json":{"title":"K\u00f6p Mesoestetic Melan Tran3X Concentrate online p\u00e5 Kinami Health","description":"K\u00f6p Mesoestetic Melan Tran3X Concentrate online p\u00e5 Kinami Health. Ett kraftfullt depigmenteringsserum utvecklat f\u00f6r medicinsk personal. Best\u00e4ll idag!","robots":{"index":"index","follow":"follow","max-snippet":"max-snippet:-1","max-image-preview":"max-image-preview:large","max-video-preview":"max-video-preview:-1"},"canonical":"https:\/\/kinamihealth.com\/sv\/wp-json\/wp\/v2\/product\/119520","og_locale":"sv_SE","og_type":"article","og_title":"K\u00f6p Mesoestetic Melan Tran3X Concentrate online p\u00e5 Kinami Health","og_description":"K\u00f6p Mesoestetic Melan Tran3X Concentrate online p\u00e5 Kinami Health. Ett kraftfullt depigmenteringsserum utvecklat f\u00f6r medicinsk personal. Best\u00e4ll idag!","og_url":"https:\/\/kinamihealth.com\/sv\/produkt\/mesoestetic-melan-tran3x-concentrate\/","og_site_name":"Kinami Health","article_modified_time":"2025-10-30T14:55:40+00:00","og_image":[{"width":1500,"height":1500,"url":"https:\/\/kinamihealth.com\/wp-content\/uploads\/2025\/02\/MESOESTETIC-MELAN-TRAN3X-CONCENTRATE_Front-.webp","type":"image\/webp"}],"twitter_card":"summary_large_image","twitter_misc":{"Ber\u00e4knad l\u00e4stid":"1 minut"},"schema":{"@context":"https:\/\/schema.org","@graph":[{"@type":"WebPage","@id":"https:\/\/kinamihealth.com\/sv\/produkt\/mesoestetic-melan-tran3x-concentrate\/","url":"https:\/\/kinamihealth.com\/sv\/produkt\/mesoestetic-melan-tran3x-concentrate\/","name":"K\u00f6p Mesoestetic Melan Tran3X Concentrate online p\u00e5 Kinami Health","isPartOf":{"@id":"https:\/\/kinamihealth.com\/#website"},"primaryImageOfPage":{"@id":"https:\/\/kinamihealth.com\/sv\/produkt\/mesoestetic-melan-tran3x-concentrate\/#primaryimage"},"image":{"@id":"https:\/\/kinamihealth.com\/sv\/produkt\/mesoestetic-melan-tran3x-concentrate\/#primaryimage"},"thumbnailUrl":"https:\/\/kinamihealth.com\/wp-content\/uploads\/2025\/02\/MESOESTETIC-MELAN-TRAN3X-CONCENTRATE_Front-.webp","datePublished":"2025-02-15T16:56:10+00:00","dateModified":"2025-10-30T14:55:40+00:00","description":"K\u00f6p Mesoestetic Melan Tran3X Concentrate online p\u00e5 Kinami Health. Ett kraftfullt depigmenteringsserum utvecklat f\u00f6r medicinsk personal. Best\u00e4ll idag!","breadcrumb":{"@id":"https:\/\/kinamihealth.com\/sv\/produkt\/mesoestetic-melan-tran3x-concentrate\/#breadcrumb"},"inLanguage":"sv-SE","potentialAction":[{"@type":"ReadAction","target":["https:\/\/kinamihealth.com\/sv\/produkt\/mesoestetic-melan-tran3x-concentrate\/"]}]},{"@type":"ImageObject","inLanguage":"sv-SE","@id":"https:\/\/kinamihealth.com\/sv\/produkt\/mesoestetic-melan-tran3x-concentrate\/#primaryimage","url":"https:\/\/kinamihealth.com\/wp-content\/uploads\/2025\/02\/MESOESTETIC-MELAN-TRAN3X-CONCENTRATE_Front-.webp","contentUrl":"https:\/\/kinamihealth.com\/wp-content\/uploads\/2025\/02\/MESOESTETIC-MELAN-TRAN3X-CONCENTRATE_Front-.webp","width":1500,"height":1500},{"@type":"BreadcrumbList","@id":"https:\/\/kinamihealth.com\/sv\/produkt\/mesoestetic-melan-tran3x-concentrate\/#breadcrumb","itemListElement":[{"@type":"ListItem","position":1,"name":"Hem","item":"https:\/\/kinamihealth.com\/sr\/"},{"@type":"ListItem","position":2,"name":"Butik","item":"https:\/\/kinamihealth.com\/sv\/?page_id=127810"},{"@type":"ListItem","position":3,"name":"MESOESTETIC\u00ae MELAN TRAN3X CONCENTRATE"}]},{"@type":"WebSite","@id":"https:\/\/kinamihealth.com\/#website","url":"https:\/\/kinamihealth.com\/","name":"Kinami Health","description":"","publisher":{"@id":"https:\/\/kinamihealth.com\/#organization"},"potentialAction":[{"@type":"SearchAction","target":{"@type":"EntryPoint","urlTemplate":"https:\/\/kinamihealth.com\/?s={search_term_string}"},"query-input":{"@type":"PropertyValueSpecification","valueRequired":true,"valueName":"search_term_string"}}],"inLanguage":"sv-SE"},{"@type":"Organization","@id":"https:\/\/kinamihealth.com\/#organization","name":"Kinami Health","url":"https:\/\/kinamihealth.com\/","logo":{"@type":"ImageObject","inLanguage":"sv-SE","@id":"https:\/\/kinamihealth.com\/#\/schema\/logo\/image\/","url":"https:\/\/kinamihealth.com\/wp-content\/uploads\/2025\/01\/KH_logo_black_2-1.png","contentUrl":"https:\/\/kinamihealth.com\/wp-content\/uploads\/2025\/01\/KH_logo_black_2-1.png","width":339,"height":34,"caption":"Kinami Health"},"image":{"@id":"https:\/\/kinamihealth.com\/#\/schema\/logo\/image\/"}}]}},"_links":{"self":[{"href":"https:\/\/kinamihealth.com\/sv\/wp-json\/wp\/v2\/product\/119520","targetHints":{"allow":["GET"]}}],"collection":[{"href":"https:\/\/kinamihealth.com\/sv\/wp-json\/wp\/v2\/product"}],"about":[{"href":"https:\/\/kinamihealth.com\/sv\/wp-json\/wp\/v2\/types\/product"}],"replies":[{"embeddable":true,"href":"https:\/\/kinamihealth.com\/sv\/wp-json\/wp\/v2\/comments?post=119520"}],"version-history":[{"count":0,"href":"https:\/\/kinamihealth.com\/sv\/wp-json\/wp\/v2\/product\/119520\/revisions"}],"wp:featuredmedia":[{"embeddable":true,"href":"https:\/\/kinamihealth.com\/sv\/wp-json\/wp\/v2\/media\/119523"}],"wp:attachment":[{"href":"https:\/\/kinamihealth.com\/sv\/wp-json\/wp\/v2\/media?parent=119520"}],"wp:term":[{"taxonomy":"product_brand","embeddable":true,"href":"https:\/\/kinamihealth.com\/sv\/wp-json\/wp\/v2\/product_brand?post=119520"},{"taxonomy":"product_cat","embeddable":true,"href":"https:\/\/kinamihealth.com\/sv\/wp-json\/wp\/v2\/product_cat?post=119520"},{"taxonomy":"product_tag","embeddable":true,"href":"https:\/\/kinamihealth.com\/sv\/wp-json\/wp\/v2\/product_tag?post=119520"}],"curies":[{"name":"wp","href":"https:\/\/api.w.org\/{rel}","templated":true}]}}