{"id":119164,"date":"2025-02-15T16:57:48","date_gmt":"2025-02-15T16:57:48","guid":{"rendered":"https:\/\/kinamihealth.com\/product\/mediderma-sens-age-md-ultra-corrector-3a-renewer\/"},"modified":"2025-12-06T17:07:32","modified_gmt":"2025-12-06T17:07:32","slug":"mediderma-sens-age-md-ultra-corrector-3a-renewer","status":"publish","type":"product","link":"https:\/\/kinamihealth.com\/sv\/produkt\/mediderma-sens-age-md-ultra-corrector-3a-renewer\/","title":{"rendered":"MEDIDERMA\u00ae SENS-AGE MD ULTRA CORRECTOR 3A RENEWER"},"content":{"rendered":"<p><span style=\"font-weight: 400;\">Mediderma Sens-Age MD Ultra Corrector 3A Renewer Facial Cream 50 ml \u00e4r en <\/span><b>kliniskt framtagen regenererande anti-aging kr\u00e4m<\/b><span style=\"font-weight: 400;\"> avsedd f\u00f6r professionellt bruk. Den <\/span><b>riktar in sig p\u00e5 fina linjer<\/b><span style=\"font-weight: 400;\">, rynkor och oj\u00e4mn hudton och <\/span><b>\u00e5terst\u00e4ller en ungdomlig hy<\/b><span style=\"font-weight: 400;\">. Berikad med <\/span><b>avancerade retinoider, peptider och antioxidanter, <\/b><span style=\"font-weight: 400;\">f\u00f6ryngrar denna kraftfulla formula huden p\u00e5 cellniv\u00e5.\u00a0\u00a0<\/span><\/p>\n","protected":false},"excerpt":{"rendered":"<p>Mediderma Sens-Age MD Ultra Corrector 3A Renewer Facial Cream 50 ml \u00e4r en kliniskt framtagen regenererande anti-aging kr\u00e4m avsedd f\u00f6r professionellt bruk. Den riktar in sig p\u00e5 fina linjer, rynkor och oj\u00e4mn hudton och \u00e5terst\u00e4ller en ungdomlig hy. Berikad med avancerade retinoider, peptider och antioxidanter, f\u00f6ryngrar denna kraftfulla formula huden p\u00e5 cellniv\u00e5.\u00a0\u00a0<\/p>\n","protected":false},"featured_media":119165,"comment_status":"closed","ping_status":"closed","template":"","meta":{"_acf_changed":false,"inline_featured_image":false},"product_brand":[3157],"product_cat":[3687],"product_tag":[3256],"class_list":{"0":"post-119164","1":"product","2":"type-product","3":"status-publish","4":"has-post-thumbnail","6":"product_brand-mediderma","7":"product_cat-skincare-sv","8":"product_tag-medical-devices-sv","10":"first","11":"instock","12":"taxable","13":"shipping-taxable","14":"purchasable","15":"product-type-simple","16":"add-to-wishlist-before_image"},"acf":[],"yoast_head":"<!-- This site is optimized with the Yoast SEO plugin v27.1.1 - https:\/\/yoast.com\/product\/yoast-seo-wordpress\/ -->\n<title>K\u00f6p Mediderma\u00ae Sens-Age MD Ultra Corrector 3A Renewer ansiktskr\u00e4m 50 ml<\/title>\n<meta name=\"description\" content=\"K\u00f6p Sens-Age MD Ultra Corrector 3A Renewer Facial Cream 50 ml \u2013 en professionell anti-aging formel med retinoider, peptider och antioxidanter!\" \/>\n<meta name=\"robots\" content=\"index, follow, max-snippet:-1, max-image-preview:large, max-video-preview:-1\" \/>\n<link rel=\"canonical\" href=\"https:\/\/kinamihealth.com\/sv\/wp-json\/wp\/v2\/product\/119164\" \/>\n<meta property=\"og:locale\" content=\"sv_SE\" \/>\n<meta property=\"og:type\" content=\"article\" \/>\n<meta property=\"og:title\" content=\"K\u00f6p Mediderma\u00ae Sens-Age MD Ultra Corrector 3A Renewer ansiktskr\u00e4m 50 ml\" \/>\n<meta property=\"og:description\" content=\"K\u00f6p Sens-Age MD Ultra Corrector 3A Renewer Facial Cream 50 ml \u2013 en professionell anti-aging formel med retinoider, peptider och antioxidanter!\" \/>\n<meta property=\"og:url\" content=\"https:\/\/kinamihealth.com\/sv\/produkt\/mediderma-sens-age-md-ultra-corrector-3a-renewer\/\" \/>\n<meta property=\"og:site_name\" content=\"Kinami Health\" \/>\n<meta property=\"article:modified_time\" content=\"2025-12-06T17:07:32+00:00\" \/>\n<meta property=\"og:image\" content=\"https:\/\/kinamihealth.com\/wp-content\/uploads\/2025\/02\/MEDIDERMA-SENS-AGE-MD-ULTRA-CORRECTOR-3A-RENEWER-01-1.jpg\" \/>\n\t<meta property=\"og:image:width\" content=\"800\" \/>\n\t<meta property=\"og:image:height\" content=\"800\" \/>\n\t<meta property=\"og:image:type\" content=\"image\/jpeg\" \/>\n<meta name=\"twitter:card\" content=\"summary_large_image\" \/>\n<meta name=\"twitter:label1\" content=\"Ber\u00e4knad l\u00e4stid\" \/>\n\t<meta name=\"twitter:data1\" content=\"1 minut\" \/>\n<!-- \/ Yoast SEO plugin. -->","yoast_head_json":{"title":"K\u00f6p Mediderma\u00ae Sens-Age MD Ultra Corrector 3A Renewer ansiktskr\u00e4m 50 ml","description":"K\u00f6p Sens-Age MD Ultra Corrector 3A Renewer Facial Cream 50 ml \u2013 en professionell anti-aging formel med retinoider, peptider och antioxidanter!","robots":{"index":"index","follow":"follow","max-snippet":"max-snippet:-1","max-image-preview":"max-image-preview:large","max-video-preview":"max-video-preview:-1"},"canonical":"https:\/\/kinamihealth.com\/sv\/wp-json\/wp\/v2\/product\/119164","og_locale":"sv_SE","og_type":"article","og_title":"K\u00f6p Mediderma\u00ae Sens-Age MD Ultra Corrector 3A Renewer ansiktskr\u00e4m 50 ml","og_description":"K\u00f6p Sens-Age MD Ultra Corrector 3A Renewer Facial Cream 50 ml \u2013 en professionell anti-aging formel med retinoider, peptider och antioxidanter!","og_url":"https:\/\/kinamihealth.com\/sv\/produkt\/mediderma-sens-age-md-ultra-corrector-3a-renewer\/","og_site_name":"Kinami Health","article_modified_time":"2025-12-06T17:07:32+00:00","og_image":[{"width":800,"height":800,"url":"https:\/\/kinamihealth.com\/wp-content\/uploads\/2025\/02\/MEDIDERMA-SENS-AGE-MD-ULTRA-CORRECTOR-3A-RENEWER-01-1.jpg","type":"image\/jpeg"}],"twitter_card":"summary_large_image","twitter_misc":{"Ber\u00e4knad l\u00e4stid":"1 minut"},"schema":{"@context":"https:\/\/schema.org","@graph":[{"@type":"WebPage","@id":"https:\/\/kinamihealth.com\/sv\/produkt\/mediderma-sens-age-md-ultra-corrector-3a-renewer\/","url":"https:\/\/kinamihealth.com\/sv\/produkt\/mediderma-sens-age-md-ultra-corrector-3a-renewer\/","name":"K\u00f6p Mediderma\u00ae Sens-Age MD Ultra Corrector 3A Renewer ansiktskr\u00e4m 50 ml","isPartOf":{"@id":"https:\/\/kinamihealth.com\/#website"},"primaryImageOfPage":{"@id":"https:\/\/kinamihealth.com\/sv\/produkt\/mediderma-sens-age-md-ultra-corrector-3a-renewer\/#primaryimage"},"image":{"@id":"https:\/\/kinamihealth.com\/sv\/produkt\/mediderma-sens-age-md-ultra-corrector-3a-renewer\/#primaryimage"},"thumbnailUrl":"https:\/\/kinamihealth.com\/wp-content\/uploads\/2025\/02\/MEDIDERMA-SENS-AGE-MD-ULTRA-CORRECTOR-3A-RENEWER-01-1.jpg","datePublished":"2025-02-15T16:57:48+00:00","dateModified":"2025-12-06T17:07:32+00:00","description":"K\u00f6p Sens-Age MD Ultra Corrector 3A Renewer Facial Cream 50 ml \u2013 en professionell anti-aging formel med retinoider, peptider och antioxidanter!","breadcrumb":{"@id":"https:\/\/kinamihealth.com\/sv\/produkt\/mediderma-sens-age-md-ultra-corrector-3a-renewer\/#breadcrumb"},"inLanguage":"sv-SE","potentialAction":[{"@type":"ReadAction","target":["https:\/\/kinamihealth.com\/sv\/produkt\/mediderma-sens-age-md-ultra-corrector-3a-renewer\/"]}]},{"@type":"ImageObject","inLanguage":"sv-SE","@id":"https:\/\/kinamihealth.com\/sv\/produkt\/mediderma-sens-age-md-ultra-corrector-3a-renewer\/#primaryimage","url":"https:\/\/kinamihealth.com\/wp-content\/uploads\/2025\/02\/MEDIDERMA-SENS-AGE-MD-ULTRA-CORRECTOR-3A-RENEWER-01-1.jpg","contentUrl":"https:\/\/kinamihealth.com\/wp-content\/uploads\/2025\/02\/MEDIDERMA-SENS-AGE-MD-ULTRA-CORRECTOR-3A-RENEWER-01-1.jpg","width":800,"height":800},{"@type":"BreadcrumbList","@id":"https:\/\/kinamihealth.com\/sv\/produkt\/mediderma-sens-age-md-ultra-corrector-3a-renewer\/#breadcrumb","itemListElement":[{"@type":"ListItem","position":1,"name":"Hem","item":"https:\/\/kinamihealth.com\/sr\/"},{"@type":"ListItem","position":2,"name":"Butik","item":"https:\/\/kinamihealth.com\/sv\/?page_id=127810"},{"@type":"ListItem","position":3,"name":"MEDIDERMA\u00ae SENS-AGE MD ULTRA CORRECTOR 3A RENEWER"}]},{"@type":"WebSite","@id":"https:\/\/kinamihealth.com\/#website","url":"https:\/\/kinamihealth.com\/","name":"Kinami Health","description":"","publisher":{"@id":"https:\/\/kinamihealth.com\/#organization"},"potentialAction":[{"@type":"SearchAction","target":{"@type":"EntryPoint","urlTemplate":"https:\/\/kinamihealth.com\/?s={search_term_string}"},"query-input":{"@type":"PropertyValueSpecification","valueRequired":true,"valueName":"search_term_string"}}],"inLanguage":"sv-SE"},{"@type":"Organization","@id":"https:\/\/kinamihealth.com\/#organization","name":"Kinami Health","url":"https:\/\/kinamihealth.com\/","logo":{"@type":"ImageObject","inLanguage":"sv-SE","@id":"https:\/\/kinamihealth.com\/#\/schema\/logo\/image\/","url":"https:\/\/kinamihealth.com\/wp-content\/uploads\/2025\/01\/KH_logo_black_2-1.png","contentUrl":"https:\/\/kinamihealth.com\/wp-content\/uploads\/2025\/01\/KH_logo_black_2-1.png","width":339,"height":34,"caption":"Kinami Health"},"image":{"@id":"https:\/\/kinamihealth.com\/#\/schema\/logo\/image\/"}}]}},"_links":{"self":[{"href":"https:\/\/kinamihealth.com\/sv\/wp-json\/wp\/v2\/product\/119164","targetHints":{"allow":["GET"]}}],"collection":[{"href":"https:\/\/kinamihealth.com\/sv\/wp-json\/wp\/v2\/product"}],"about":[{"href":"https:\/\/kinamihealth.com\/sv\/wp-json\/wp\/v2\/types\/product"}],"replies":[{"embeddable":true,"href":"https:\/\/kinamihealth.com\/sv\/wp-json\/wp\/v2\/comments?post=119164"}],"version-history":[{"count":0,"href":"https:\/\/kinamihealth.com\/sv\/wp-json\/wp\/v2\/product\/119164\/revisions"}],"wp:featuredmedia":[{"embeddable":true,"href":"https:\/\/kinamihealth.com\/sv\/wp-json\/wp\/v2\/media\/119165"}],"wp:attachment":[{"href":"https:\/\/kinamihealth.com\/sv\/wp-json\/wp\/v2\/media?parent=119164"}],"wp:term":[{"taxonomy":"product_brand","embeddable":true,"href":"https:\/\/kinamihealth.com\/sv\/wp-json\/wp\/v2\/product_brand?post=119164"},{"taxonomy":"product_cat","embeddable":true,"href":"https:\/\/kinamihealth.com\/sv\/wp-json\/wp\/v2\/product_cat?post=119164"},{"taxonomy":"product_tag","embeddable":true,"href":"https:\/\/kinamihealth.com\/sv\/wp-json\/wp\/v2\/product_tag?post=119164"}],"curies":[{"name":"wp","href":"https:\/\/api.w.org\/{rel}","templated":true}]}}