{"id":119161,"date":"2025-02-15T16:57:48","date_gmt":"2025-02-15T16:57:48","guid":{"rendered":"https:\/\/kinamihealth.com\/product\/mediderma-sens-age-md-ultra-corrector-3a-eye-contour\/"},"modified":"2025-12-06T16:32:38","modified_gmt":"2025-12-06T16:32:38","slug":"mediderma-sens-age-md-ultra-corrector-3a-eye-contour","status":"publish","type":"product","link":"https:\/\/kinamihealth.com\/sv\/produkt\/mediderma-sens-age-md-ultra-corrector-3a-eye-contour\/","title":{"rendered":"MEDIDERMA\u00ae SENS-AGE MD ULTRA CORRECTOR 3A EYE CONTOUR"},"content":{"rendered":"<p><span style=\"font-weight: 400;\">Sens-Age MD Ultra Corrector 3A Eye Contour 15 ml \u00e4r en <\/span><b>avancerad dermatologisk \u00f6gonkonturbehandling <\/b><span style=\"font-weight: 400;\">utvecklad f\u00f6r att bek\u00e4mpa \u00e5lderstecken, svullnader och m\u00f6rka ringar under \u00f6gonen. Denna medicinska formula, utvecklad av <\/span><b>Mediderma<\/b><span style=\"font-weight: 400;\">, inneh\u00e5ller kraftfulla aktiva ingredienser som <\/span><b>\u00e5terst\u00e4ller hudens elasticitet, minskar rynkor<\/b><span style=\"font-weight: 400;\"> och f\u00f6rb\u00e4ttrar den allm\u00e4nna fuktbalansen.<\/span><\/p>\n","protected":false},"excerpt":{"rendered":"<p>Sens-Age MD Ultra Corrector 3A Eye Contour 15 ml \u00e4r en avancerad dermatologisk \u00f6gonkonturbehandling utvecklad f\u00f6r att bek\u00e4mpa \u00e5lderstecken, svullnader och m\u00f6rka ringar under \u00f6gonen. Denna medicinska formula, utvecklad av Mediderma, inneh\u00e5ller kraftfulla aktiva ingredienser som \u00e5terst\u00e4ller hudens elasticitet, minskar rynkor och f\u00f6rb\u00e4ttrar den allm\u00e4nna fuktbalansen.<\/p>\n","protected":false},"featured_media":119162,"comment_status":"closed","ping_status":"closed","template":"","meta":{"_acf_changed":false,"inline_featured_image":false},"product_brand":[3157],"product_cat":[3687],"product_tag":[3256],"class_list":{"0":"post-119161","1":"product","2":"type-product","3":"status-publish","4":"has-post-thumbnail","6":"product_brand-mediderma","7":"product_cat-skincare-sv","8":"product_tag-medical-devices-sv","10":"first","11":"instock","12":"taxable","13":"shipping-taxable","14":"purchasable","15":"product-type-simple","16":"add-to-wishlist-before_image"},"acf":[],"yoast_head":"<!-- This site is optimized with the Yoast SEO plugin v27.3 - https:\/\/yoast.com\/product\/yoast-seo-wordpress\/ -->\n<title>K\u00f6p Mediderma Sens-Age MD Ultra Corrector 3A Eye Contour 15 ml<\/title>\n<meta name=\"description\" content=\"K\u00f6p Sens-Age MD Ultra Corrector 3A Eye Contour 15 ml online \u2013 en kraftfull \u00f6gonkonturbehandling f\u00f6r att minska rynkor, m\u00f6rka ringar och svullnader.\" \/>\n<meta name=\"robots\" content=\"index, follow, max-snippet:-1, max-image-preview:large, max-video-preview:-1\" \/>\n<link rel=\"canonical\" href=\"https:\/\/kinamihealth.com\/sv\/wp-json\/wp\/v2\/product\/119161\" \/>\n<meta property=\"og:locale\" content=\"sv_SE\" \/>\n<meta property=\"og:type\" content=\"article\" \/>\n<meta property=\"og:title\" content=\"K\u00f6p Mediderma Sens-Age MD Ultra Corrector 3A Eye Contour 15 ml\" \/>\n<meta property=\"og:description\" content=\"K\u00f6p Sens-Age MD Ultra Corrector 3A Eye Contour 15 ml online \u2013 en kraftfull \u00f6gonkonturbehandling f\u00f6r att minska rynkor, m\u00f6rka ringar och svullnader.\" \/>\n<meta property=\"og:url\" content=\"https:\/\/kinamihealth.com\/sv\/produkt\/mediderma-sens-age-md-ultra-corrector-3a-eye-contour\/\" \/>\n<meta property=\"og:site_name\" content=\"Kinami Health\" \/>\n<meta property=\"article:modified_time\" content=\"2025-12-06T16:32:38+00:00\" \/>\n<meta property=\"og:image\" content=\"https:\/\/kinamihealth.com\/wp-content\/uploads\/2025\/02\/MEDIDERMA-SENS-AGE-MD-ULTRA-CORRECTOR-3A-EYE-CONTOUR-01.jpg\" \/>\n\t<meta property=\"og:image:width\" content=\"800\" \/>\n\t<meta property=\"og:image:height\" content=\"800\" \/>\n\t<meta property=\"og:image:type\" content=\"image\/jpeg\" \/>\n<meta name=\"twitter:card\" content=\"summary_large_image\" \/>\n<meta name=\"twitter:label1\" content=\"Ber\u00e4knad l\u00e4stid\" \/>\n\t<meta name=\"twitter:data1\" content=\"1 minut\" \/>\n<!-- \/ Yoast SEO plugin. -->","yoast_head_json":{"title":"K\u00f6p Mediderma Sens-Age MD Ultra Corrector 3A Eye Contour 15 ml","description":"K\u00f6p Sens-Age MD Ultra Corrector 3A Eye Contour 15 ml online \u2013 en kraftfull \u00f6gonkonturbehandling f\u00f6r att minska rynkor, m\u00f6rka ringar och svullnader.","robots":{"index":"index","follow":"follow","max-snippet":"max-snippet:-1","max-image-preview":"max-image-preview:large","max-video-preview":"max-video-preview:-1"},"canonical":"https:\/\/kinamihealth.com\/sv\/wp-json\/wp\/v2\/product\/119161","og_locale":"sv_SE","og_type":"article","og_title":"K\u00f6p Mediderma Sens-Age MD Ultra Corrector 3A Eye Contour 15 ml","og_description":"K\u00f6p Sens-Age MD Ultra Corrector 3A Eye Contour 15 ml online \u2013 en kraftfull \u00f6gonkonturbehandling f\u00f6r att minska rynkor, m\u00f6rka ringar och svullnader.","og_url":"https:\/\/kinamihealth.com\/sv\/produkt\/mediderma-sens-age-md-ultra-corrector-3a-eye-contour\/","og_site_name":"Kinami Health","article_modified_time":"2025-12-06T16:32:38+00:00","og_image":[{"width":800,"height":800,"url":"https:\/\/kinamihealth.com\/wp-content\/uploads\/2025\/02\/MEDIDERMA-SENS-AGE-MD-ULTRA-CORRECTOR-3A-EYE-CONTOUR-01.jpg","type":"image\/jpeg"}],"twitter_card":"summary_large_image","twitter_misc":{"Ber\u00e4knad l\u00e4stid":"1 minut"},"schema":{"@context":"https:\/\/schema.org","@graph":[{"@type":"WebPage","@id":"https:\/\/kinamihealth.com\/sv\/produkt\/mediderma-sens-age-md-ultra-corrector-3a-eye-contour\/","url":"https:\/\/kinamihealth.com\/sv\/produkt\/mediderma-sens-age-md-ultra-corrector-3a-eye-contour\/","name":"K\u00f6p Mediderma Sens-Age MD Ultra Corrector 3A Eye Contour 15 ml","isPartOf":{"@id":"https:\/\/kinamihealth.com\/#website"},"primaryImageOfPage":{"@id":"https:\/\/kinamihealth.com\/sv\/produkt\/mediderma-sens-age-md-ultra-corrector-3a-eye-contour\/#primaryimage"},"image":{"@id":"https:\/\/kinamihealth.com\/sv\/produkt\/mediderma-sens-age-md-ultra-corrector-3a-eye-contour\/#primaryimage"},"thumbnailUrl":"https:\/\/kinamihealth.com\/wp-content\/uploads\/2025\/02\/MEDIDERMA-SENS-AGE-MD-ULTRA-CORRECTOR-3A-EYE-CONTOUR-01.jpg","datePublished":"2025-02-15T16:57:48+00:00","dateModified":"2025-12-06T16:32:38+00:00","description":"K\u00f6p Sens-Age MD Ultra Corrector 3A Eye Contour 15 ml online \u2013 en kraftfull \u00f6gonkonturbehandling f\u00f6r att minska rynkor, m\u00f6rka ringar och svullnader.","breadcrumb":{"@id":"https:\/\/kinamihealth.com\/sv\/produkt\/mediderma-sens-age-md-ultra-corrector-3a-eye-contour\/#breadcrumb"},"inLanguage":"sv-SE","potentialAction":[{"@type":"ReadAction","target":["https:\/\/kinamihealth.com\/sv\/produkt\/mediderma-sens-age-md-ultra-corrector-3a-eye-contour\/"]}]},{"@type":"ImageObject","inLanguage":"sv-SE","@id":"https:\/\/kinamihealth.com\/sv\/produkt\/mediderma-sens-age-md-ultra-corrector-3a-eye-contour\/#primaryimage","url":"https:\/\/kinamihealth.com\/wp-content\/uploads\/2025\/02\/MEDIDERMA-SENS-AGE-MD-ULTRA-CORRECTOR-3A-EYE-CONTOUR-01.jpg","contentUrl":"https:\/\/kinamihealth.com\/wp-content\/uploads\/2025\/02\/MEDIDERMA-SENS-AGE-MD-ULTRA-CORRECTOR-3A-EYE-CONTOUR-01.jpg","width":800,"height":800},{"@type":"BreadcrumbList","@id":"https:\/\/kinamihealth.com\/sv\/produkt\/mediderma-sens-age-md-ultra-corrector-3a-eye-contour\/#breadcrumb","itemListElement":[{"@type":"ListItem","position":1,"name":"Hem","item":"https:\/\/kinamihealth.com\/sr\/"},{"@type":"ListItem","position":2,"name":"Butik","item":"https:\/\/kinamihealth.com\/sv\/?page_id=127810"},{"@type":"ListItem","position":3,"name":"MEDIDERMA\u00ae SENS-AGE MD ULTRA CORRECTOR 3A EYE CONTOUR"}]},{"@type":"WebSite","@id":"https:\/\/kinamihealth.com\/#website","url":"https:\/\/kinamihealth.com\/","name":"Kinami Health","description":"","publisher":{"@id":"https:\/\/kinamihealth.com\/#organization"},"potentialAction":[{"@type":"SearchAction","target":{"@type":"EntryPoint","urlTemplate":"https:\/\/kinamihealth.com\/?s={search_term_string}"},"query-input":{"@type":"PropertyValueSpecification","valueRequired":true,"valueName":"search_term_string"}}],"inLanguage":"sv-SE"},{"@type":"Organization","@id":"https:\/\/kinamihealth.com\/#organization","name":"Kinami Health","url":"https:\/\/kinamihealth.com\/","logo":{"@type":"ImageObject","inLanguage":"sv-SE","@id":"https:\/\/kinamihealth.com\/#\/schema\/logo\/image\/","url":"https:\/\/kinamihealth.com\/wp-content\/uploads\/2025\/01\/KH_logo_black_2-1.png","contentUrl":"https:\/\/kinamihealth.com\/wp-content\/uploads\/2025\/01\/KH_logo_black_2-1.png","width":339,"height":34,"caption":"Kinami Health"},"image":{"@id":"https:\/\/kinamihealth.com\/#\/schema\/logo\/image\/"}}]}},"_links":{"self":[{"href":"https:\/\/kinamihealth.com\/sv\/wp-json\/wp\/v2\/product\/119161","targetHints":{"allow":["GET"]}}],"collection":[{"href":"https:\/\/kinamihealth.com\/sv\/wp-json\/wp\/v2\/product"}],"about":[{"href":"https:\/\/kinamihealth.com\/sv\/wp-json\/wp\/v2\/types\/product"}],"replies":[{"embeddable":true,"href":"https:\/\/kinamihealth.com\/sv\/wp-json\/wp\/v2\/comments?post=119161"}],"version-history":[{"count":0,"href":"https:\/\/kinamihealth.com\/sv\/wp-json\/wp\/v2\/product\/119161\/revisions"}],"wp:featuredmedia":[{"embeddable":true,"href":"https:\/\/kinamihealth.com\/sv\/wp-json\/wp\/v2\/media\/119162"}],"wp:attachment":[{"href":"https:\/\/kinamihealth.com\/sv\/wp-json\/wp\/v2\/media?parent=119161"}],"wp:term":[{"taxonomy":"product_brand","embeddable":true,"href":"https:\/\/kinamihealth.com\/sv\/wp-json\/wp\/v2\/product_brand?post=119161"},{"taxonomy":"product_cat","embeddable":true,"href":"https:\/\/kinamihealth.com\/sv\/wp-json\/wp\/v2\/product_cat?post=119161"},{"taxonomy":"product_tag","embeddable":true,"href":"https:\/\/kinamihealth.com\/sv\/wp-json\/wp\/v2\/product_tag?post=119161"}],"curies":[{"name":"wp","href":"https:\/\/api.w.org\/{rel}","templated":true}]}}