{"id":119159,"date":"2025-02-15T16:57:43","date_gmt":"2025-02-15T16:57:43","guid":{"rendered":"https:\/\/kinamihealth.com\/product\/mediderma-sens-age-md-amc-activator\/"},"modified":"2025-12-06T17:27:14","modified_gmt":"2025-12-06T17:27:14","slug":"mediderma-sens-age-md-amc-activator","status":"publish","type":"product","link":"https:\/\/kinamihealth.com\/sv\/produkt\/mediderma-sens-age-md-amc-activator\/","title":{"rendered":"MEDIDERMA\u00ae SENS-AGE MD (AMC-Activator)"},"content":{"rendered":"<p><span style=\"font-weight: 400;\">Mediderma Sens-Age MD G-Activator Nourishing Facial Cream 50 ml \u00e4r en <\/span><b>avancerad anti-aging hudv\u00e5rdsprodukt<\/b><span style=\"font-weight: 400;\"> framtagen f\u00f6r att \u00e5terst\u00e4lla fuktbalansen, st\u00e4rka hudbarri\u00e4ren och f\u00f6rb\u00e4ttra hudens elasticitet. Denna kr\u00e4m \u00e4r avsedd f\u00f6r professionellt bruk och riktar sig mot <\/span><b>f\u00f6r tidiga \u00e5lderstecken<\/b><span style=\"font-weight: 400;\"> och ger en fastare och mer ungdomlig hy.\u00a0<\/span><\/p>\n","protected":false},"excerpt":{"rendered":"<p>Mediderma Sens-Age MD G-Activator Nourishing Facial Cream 50 ml \u00e4r en avancerad anti-aging hudv\u00e5rdsprodukt framtagen f\u00f6r att \u00e5terst\u00e4lla fuktbalansen, st\u00e4rka hudbarri\u00e4ren och f\u00f6rb\u00e4ttra hudens elasticitet. Denna kr\u00e4m \u00e4r avsedd f\u00f6r professionellt bruk och riktar sig mot f\u00f6r tidiga \u00e5lderstecken och ger en fastare och mer ungdomlig hy.\u00a0<\/p>\n","protected":false},"featured_media":119160,"comment_status":"closed","ping_status":"closed","template":"","meta":{"_acf_changed":false,"inline_featured_image":false},"product_brand":[3157],"product_cat":[3687],"product_tag":[3256],"class_list":{"0":"post-119159","1":"product","2":"type-product","3":"status-publish","4":"has-post-thumbnail","6":"product_brand-mediderma","7":"product_cat-skincare-sv","8":"product_tag-medical-devices-sv","10":"first","11":"instock","12":"taxable","13":"shipping-taxable","14":"purchasable","15":"product-type-simple","16":"add-to-wishlist-before_image"},"acf":[],"yoast_head":"<!-- This site is optimized with the Yoast SEO plugin v27.1.1 - https:\/\/yoast.com\/product\/yoast-seo-wordpress\/ -->\n<title>K\u00f6p Mediderma\u00ae Sens-Age MD G-Activator Nourishing Facial Cream 50 ml<\/title>\n<meta name=\"description\" content=\"K\u00f6p Mediderma\u00ae Sens-Age MD G-Activator Nourishing Facial Cream 50 ml online f\u00f6r att \u00e5terfukta, \u00e5terst\u00e4lla och skydda huden med avancerade anti-aging-ingredienser.\" \/>\n<meta name=\"robots\" content=\"index, follow, max-snippet:-1, max-image-preview:large, max-video-preview:-1\" \/>\n<link rel=\"canonical\" href=\"https:\/\/kinamihealth.com\/sv\/wp-json\/wp\/v2\/product\/119159\" \/>\n<meta property=\"og:locale\" content=\"sv_SE\" \/>\n<meta property=\"og:type\" content=\"article\" \/>\n<meta property=\"og:title\" content=\"K\u00f6p Mediderma\u00ae Sens-Age MD G-Activator Nourishing Facial Cream 50 ml\" \/>\n<meta property=\"og:description\" content=\"K\u00f6p Mediderma\u00ae Sens-Age MD G-Activator Nourishing Facial Cream 50 ml online f\u00f6r att \u00e5terfukta, \u00e5terst\u00e4lla och skydda huden med avancerade anti-aging-ingredienser.\" \/>\n<meta property=\"og:url\" content=\"https:\/\/kinamihealth.com\/sv\/produkt\/mediderma-sens-age-md-amc-activator\/\" \/>\n<meta property=\"og:site_name\" content=\"Kinami Health\" \/>\n<meta property=\"article:modified_time\" content=\"2025-12-06T17:27:14+00:00\" \/>\n<meta property=\"og:image\" content=\"https:\/\/kinamihealth.com\/wp-content\/uploads\/2025\/02\/MEDIDERMA-SENS-AGE-MD-G-ACTIVATOR-NOURISHING-FACIAL-CREAM-01.jpg\" \/>\n\t<meta property=\"og:image:width\" content=\"800\" \/>\n\t<meta property=\"og:image:height\" content=\"800\" \/>\n\t<meta property=\"og:image:type\" content=\"image\/jpeg\" \/>\n<meta name=\"twitter:card\" content=\"summary_large_image\" \/>\n<meta name=\"twitter:label1\" content=\"Ber\u00e4knad l\u00e4stid\" \/>\n\t<meta name=\"twitter:data1\" content=\"1 minut\" \/>\n<!-- \/ Yoast SEO plugin. -->","yoast_head_json":{"title":"K\u00f6p Mediderma\u00ae Sens-Age MD G-Activator Nourishing Facial Cream 50 ml","description":"K\u00f6p Mediderma\u00ae Sens-Age MD G-Activator Nourishing Facial Cream 50 ml online f\u00f6r att \u00e5terfukta, \u00e5terst\u00e4lla och skydda huden med avancerade anti-aging-ingredienser.","robots":{"index":"index","follow":"follow","max-snippet":"max-snippet:-1","max-image-preview":"max-image-preview:large","max-video-preview":"max-video-preview:-1"},"canonical":"https:\/\/kinamihealth.com\/sv\/wp-json\/wp\/v2\/product\/119159","og_locale":"sv_SE","og_type":"article","og_title":"K\u00f6p Mediderma\u00ae Sens-Age MD G-Activator Nourishing Facial Cream 50 ml","og_description":"K\u00f6p Mediderma\u00ae Sens-Age MD G-Activator Nourishing Facial Cream 50 ml online f\u00f6r att \u00e5terfukta, \u00e5terst\u00e4lla och skydda huden med avancerade anti-aging-ingredienser.","og_url":"https:\/\/kinamihealth.com\/sv\/produkt\/mediderma-sens-age-md-amc-activator\/","og_site_name":"Kinami Health","article_modified_time":"2025-12-06T17:27:14+00:00","og_image":[{"width":800,"height":800,"url":"https:\/\/kinamihealth.com\/wp-content\/uploads\/2025\/02\/MEDIDERMA-SENS-AGE-MD-G-ACTIVATOR-NOURISHING-FACIAL-CREAM-01.jpg","type":"image\/jpeg"}],"twitter_card":"summary_large_image","twitter_misc":{"Ber\u00e4knad l\u00e4stid":"1 minut"},"schema":{"@context":"https:\/\/schema.org","@graph":[{"@type":"WebPage","@id":"https:\/\/kinamihealth.com\/sv\/produkt\/mediderma-sens-age-md-amc-activator\/","url":"https:\/\/kinamihealth.com\/sv\/produkt\/mediderma-sens-age-md-amc-activator\/","name":"K\u00f6p Mediderma\u00ae Sens-Age MD G-Activator Nourishing Facial Cream 50 ml","isPartOf":{"@id":"https:\/\/kinamihealth.com\/#website"},"primaryImageOfPage":{"@id":"https:\/\/kinamihealth.com\/sv\/produkt\/mediderma-sens-age-md-amc-activator\/#primaryimage"},"image":{"@id":"https:\/\/kinamihealth.com\/sv\/produkt\/mediderma-sens-age-md-amc-activator\/#primaryimage"},"thumbnailUrl":"https:\/\/kinamihealth.com\/wp-content\/uploads\/2025\/02\/MEDIDERMA-SENS-AGE-MD-G-ACTIVATOR-NOURISHING-FACIAL-CREAM-01.jpg","datePublished":"2025-02-15T16:57:43+00:00","dateModified":"2025-12-06T17:27:14+00:00","description":"K\u00f6p Mediderma\u00ae Sens-Age MD G-Activator Nourishing Facial Cream 50 ml online f\u00f6r att \u00e5terfukta, \u00e5terst\u00e4lla och skydda huden med avancerade anti-aging-ingredienser.","breadcrumb":{"@id":"https:\/\/kinamihealth.com\/sv\/produkt\/mediderma-sens-age-md-amc-activator\/#breadcrumb"},"inLanguage":"sv-SE","potentialAction":[{"@type":"ReadAction","target":["https:\/\/kinamihealth.com\/sv\/produkt\/mediderma-sens-age-md-amc-activator\/"]}]},{"@type":"ImageObject","inLanguage":"sv-SE","@id":"https:\/\/kinamihealth.com\/sv\/produkt\/mediderma-sens-age-md-amc-activator\/#primaryimage","url":"https:\/\/kinamihealth.com\/wp-content\/uploads\/2025\/02\/MEDIDERMA-SENS-AGE-MD-G-ACTIVATOR-NOURISHING-FACIAL-CREAM-01.jpg","contentUrl":"https:\/\/kinamihealth.com\/wp-content\/uploads\/2025\/02\/MEDIDERMA-SENS-AGE-MD-G-ACTIVATOR-NOURISHING-FACIAL-CREAM-01.jpg","width":800,"height":800},{"@type":"BreadcrumbList","@id":"https:\/\/kinamihealth.com\/sv\/produkt\/mediderma-sens-age-md-amc-activator\/#breadcrumb","itemListElement":[{"@type":"ListItem","position":1,"name":"Hem","item":"https:\/\/kinamihealth.com\/sr\/"},{"@type":"ListItem","position":2,"name":"Butik","item":"https:\/\/kinamihealth.com\/sv\/?page_id=127810"},{"@type":"ListItem","position":3,"name":"MEDIDERMA\u00ae SENS-AGE MD (AMC-Activator)"}]},{"@type":"WebSite","@id":"https:\/\/kinamihealth.com\/#website","url":"https:\/\/kinamihealth.com\/","name":"Kinami Health","description":"","publisher":{"@id":"https:\/\/kinamihealth.com\/#organization"},"potentialAction":[{"@type":"SearchAction","target":{"@type":"EntryPoint","urlTemplate":"https:\/\/kinamihealth.com\/?s={search_term_string}"},"query-input":{"@type":"PropertyValueSpecification","valueRequired":true,"valueName":"search_term_string"}}],"inLanguage":"sv-SE"},{"@type":"Organization","@id":"https:\/\/kinamihealth.com\/#organization","name":"Kinami Health","url":"https:\/\/kinamihealth.com\/","logo":{"@type":"ImageObject","inLanguage":"sv-SE","@id":"https:\/\/kinamihealth.com\/#\/schema\/logo\/image\/","url":"https:\/\/kinamihealth.com\/wp-content\/uploads\/2025\/01\/KH_logo_black_2-1.png","contentUrl":"https:\/\/kinamihealth.com\/wp-content\/uploads\/2025\/01\/KH_logo_black_2-1.png","width":339,"height":34,"caption":"Kinami Health"},"image":{"@id":"https:\/\/kinamihealth.com\/#\/schema\/logo\/image\/"}}]}},"_links":{"self":[{"href":"https:\/\/kinamihealth.com\/sv\/wp-json\/wp\/v2\/product\/119159","targetHints":{"allow":["GET"]}}],"collection":[{"href":"https:\/\/kinamihealth.com\/sv\/wp-json\/wp\/v2\/product"}],"about":[{"href":"https:\/\/kinamihealth.com\/sv\/wp-json\/wp\/v2\/types\/product"}],"replies":[{"embeddable":true,"href":"https:\/\/kinamihealth.com\/sv\/wp-json\/wp\/v2\/comments?post=119159"}],"version-history":[{"count":0,"href":"https:\/\/kinamihealth.com\/sv\/wp-json\/wp\/v2\/product\/119159\/revisions"}],"wp:featuredmedia":[{"embeddable":true,"href":"https:\/\/kinamihealth.com\/sv\/wp-json\/wp\/v2\/media\/119160"}],"wp:attachment":[{"href":"https:\/\/kinamihealth.com\/sv\/wp-json\/wp\/v2\/media?parent=119159"}],"wp:term":[{"taxonomy":"product_brand","embeddable":true,"href":"https:\/\/kinamihealth.com\/sv\/wp-json\/wp\/v2\/product_brand?post=119159"},{"taxonomy":"product_cat","embeddable":true,"href":"https:\/\/kinamihealth.com\/sv\/wp-json\/wp\/v2\/product_cat?post=119159"},{"taxonomy":"product_tag","embeddable":true,"href":"https:\/\/kinamihealth.com\/sv\/wp-json\/wp\/v2\/product_tag?post=119159"}],"curies":[{"name":"wp","href":"https:\/\/api.w.org\/{rel}","templated":true}]}}