{"id":119155,"date":"2025-02-15T16:57:12","date_gmt":"2025-02-15T16:57:12","guid":{"rendered":"https:\/\/kinamihealth.com\/product\/mediderma-retises-nanopeel-1-gel\/"},"modified":"2025-12-06T17:49:42","modified_gmt":"2025-12-06T17:49:42","slug":"mediderma-retises-nanopeel-1-gel","status":"publish","type":"product","link":"https:\/\/kinamihealth.com\/sv\/produkt\/mediderma-retises-nanopeel-1-gel\/","title":{"rendered":"MEDIDERMA\u00ae RETISES NANOPEEL 1% GEL"},"content":{"rendered":"<p><span style=\"font-weight: 400;\">Retises Nanopeel 1% Gel \u00e4r en <\/span><b>kemisk peeling <\/b><span style=\"font-weight: 400;\">utvecklad f\u00f6r att <\/span><b>f\u00f6rb\u00e4ttra hudens f\u00f6rnyelse och f\u00f6rb\u00e4ttra den \u00f6vergripande strukturen<\/b><span style=\"font-weight: 400;\">. Denna peeling \u00e4r formulerad med <\/span><b>liposomalt retinol<\/b><span style=\"font-weight: 400;\"> och erbjuder <\/span><b>djup penetration<\/b><span style=\"font-weight: 400;\"> f\u00f6r effektiv exfoliering och f\u00f6ryngring. Den anv\u00e4nds fr\u00e4mst inom <\/span><b>estetisk och dermatologisk v\u00e5rd<\/b><span style=\"font-weight: 400;\"> f\u00f6r att behandla tecken p\u00e5 \u00e5ldrande, pigmenteringsproblem och oj\u00e4mn hudton.\u00a0<\/span><\/p>\n","protected":false},"excerpt":{"rendered":"<p>Retises Nanopeel 1% Gel \u00e4r en kemisk peeling utvecklad f\u00f6r att f\u00f6rb\u00e4ttra hudens f\u00f6rnyelse och f\u00f6rb\u00e4ttra den \u00f6vergripande strukturen. Denna peeling \u00e4r formulerad med liposomalt retinol och erbjuder djup penetration f\u00f6r effektiv exfoliering och f\u00f6ryngring. Den anv\u00e4nds fr\u00e4mst inom estetisk och dermatologisk v\u00e5rd f\u00f6r att behandla tecken p\u00e5 \u00e5ldrande, pigmenteringsproblem och oj\u00e4mn hudton.\u00a0<\/p>\n","protected":false},"featured_media":119156,"comment_status":"closed","ping_status":"closed","template":"","meta":{"_acf_changed":false,"inline_featured_image":false},"product_brand":[3157],"product_cat":[3374],"product_tag":[3256],"class_list":{"0":"post-119155","1":"product","2":"type-product","3":"status-publish","4":"has-post-thumbnail","6":"product_brand-mediderma","7":"product_cat-peels-and-masks-sv","8":"product_tag-medical-devices-sv","10":"first","11":"instock","12":"taxable","13":"shipping-taxable","14":"purchasable","15":"product-type-simple","16":"add-to-wishlist-before_image"},"acf":[],"yoast_head":"<!-- This site is optimized with the Yoast SEO plugin v27.1.1 - https:\/\/yoast.com\/product\/yoast-seo-wordpress\/ -->\n<title>K\u00f6p Retises Nanopeel 1% gel online: h\u00f6gkvalitativ peeling f\u00f6r professionellt bruk<\/title>\n<meta name=\"description\" content=\"K\u00f6p Retises Nanopeel 1% Gel online f\u00f6r professionell hudf\u00f6ryngring som riktar sig mot fina linjer, hyperpigmentering och akne\u00e4rr. Best\u00e4ll idag.\" \/>\n<meta name=\"robots\" content=\"index, follow, max-snippet:-1, max-image-preview:large, max-video-preview:-1\" \/>\n<link rel=\"canonical\" href=\"https:\/\/kinamihealth.com\/sv\/wp-json\/wp\/v2\/product\/119155\" \/>\n<meta property=\"og:locale\" content=\"sv_SE\" \/>\n<meta property=\"og:type\" content=\"article\" \/>\n<meta property=\"og:title\" content=\"K\u00f6p Retises Nanopeel 1% gel online: h\u00f6gkvalitativ peeling f\u00f6r professionellt bruk\" \/>\n<meta property=\"og:description\" content=\"K\u00f6p Retises Nanopeel 1% Gel online f\u00f6r professionell hudf\u00f6ryngring som riktar sig mot fina linjer, hyperpigmentering och akne\u00e4rr. Best\u00e4ll idag.\" \/>\n<meta property=\"og:url\" content=\"https:\/\/kinamihealth.com\/sv\/produkt\/mediderma-retises-nanopeel-1-gel\/\" \/>\n<meta property=\"og:site_name\" content=\"Kinami Health\" \/>\n<meta property=\"article:modified_time\" content=\"2025-12-06T17:49:42+00:00\" \/>\n<meta property=\"og:image\" content=\"https:\/\/kinamihealth.com\/wp-content\/uploads\/2025\/02\/MEDIDERMA-RETISES-NANOPEEL-1-GEL-01.jpg\" \/>\n\t<meta property=\"og:image:width\" content=\"800\" \/>\n\t<meta property=\"og:image:height\" content=\"800\" \/>\n\t<meta property=\"og:image:type\" content=\"image\/jpeg\" \/>\n<meta name=\"twitter:card\" content=\"summary_large_image\" \/>\n<meta name=\"twitter:label1\" content=\"Ber\u00e4knad l\u00e4stid\" \/>\n\t<meta name=\"twitter:data1\" content=\"1 minut\" \/>\n<!-- \/ Yoast SEO plugin. -->","yoast_head_json":{"title":"K\u00f6p Retises Nanopeel 1% gel online: h\u00f6gkvalitativ peeling f\u00f6r professionellt bruk","description":"K\u00f6p Retises Nanopeel 1% Gel online f\u00f6r professionell hudf\u00f6ryngring som riktar sig mot fina linjer, hyperpigmentering och akne\u00e4rr. Best\u00e4ll idag.","robots":{"index":"index","follow":"follow","max-snippet":"max-snippet:-1","max-image-preview":"max-image-preview:large","max-video-preview":"max-video-preview:-1"},"canonical":"https:\/\/kinamihealth.com\/sv\/wp-json\/wp\/v2\/product\/119155","og_locale":"sv_SE","og_type":"article","og_title":"K\u00f6p Retises Nanopeel 1% gel online: h\u00f6gkvalitativ peeling f\u00f6r professionellt bruk","og_description":"K\u00f6p Retises Nanopeel 1% Gel online f\u00f6r professionell hudf\u00f6ryngring som riktar sig mot fina linjer, hyperpigmentering och akne\u00e4rr. Best\u00e4ll idag.","og_url":"https:\/\/kinamihealth.com\/sv\/produkt\/mediderma-retises-nanopeel-1-gel\/","og_site_name":"Kinami Health","article_modified_time":"2025-12-06T17:49:42+00:00","og_image":[{"width":800,"height":800,"url":"https:\/\/kinamihealth.com\/wp-content\/uploads\/2025\/02\/MEDIDERMA-RETISES-NANOPEEL-1-GEL-01.jpg","type":"image\/jpeg"}],"twitter_card":"summary_large_image","twitter_misc":{"Ber\u00e4knad l\u00e4stid":"1 minut"},"schema":{"@context":"https:\/\/schema.org","@graph":[{"@type":"WebPage","@id":"https:\/\/kinamihealth.com\/sv\/produkt\/mediderma-retises-nanopeel-1-gel\/","url":"https:\/\/kinamihealth.com\/sv\/produkt\/mediderma-retises-nanopeel-1-gel\/","name":"K\u00f6p Retises Nanopeel 1% gel online: h\u00f6gkvalitativ peeling f\u00f6r professionellt bruk","isPartOf":{"@id":"https:\/\/kinamihealth.com\/#website"},"primaryImageOfPage":{"@id":"https:\/\/kinamihealth.com\/sv\/produkt\/mediderma-retises-nanopeel-1-gel\/#primaryimage"},"image":{"@id":"https:\/\/kinamihealth.com\/sv\/produkt\/mediderma-retises-nanopeel-1-gel\/#primaryimage"},"thumbnailUrl":"https:\/\/kinamihealth.com\/wp-content\/uploads\/2025\/02\/MEDIDERMA-RETISES-NANOPEEL-1-GEL-01.jpg","datePublished":"2025-02-15T16:57:12+00:00","dateModified":"2025-12-06T17:49:42+00:00","description":"K\u00f6p Retises Nanopeel 1% Gel online f\u00f6r professionell hudf\u00f6ryngring som riktar sig mot fina linjer, hyperpigmentering och akne\u00e4rr. Best\u00e4ll idag.","breadcrumb":{"@id":"https:\/\/kinamihealth.com\/sv\/produkt\/mediderma-retises-nanopeel-1-gel\/#breadcrumb"},"inLanguage":"sv-SE","potentialAction":[{"@type":"ReadAction","target":["https:\/\/kinamihealth.com\/sv\/produkt\/mediderma-retises-nanopeel-1-gel\/"]}]},{"@type":"ImageObject","inLanguage":"sv-SE","@id":"https:\/\/kinamihealth.com\/sv\/produkt\/mediderma-retises-nanopeel-1-gel\/#primaryimage","url":"https:\/\/kinamihealth.com\/wp-content\/uploads\/2025\/02\/MEDIDERMA-RETISES-NANOPEEL-1-GEL-01.jpg","contentUrl":"https:\/\/kinamihealth.com\/wp-content\/uploads\/2025\/02\/MEDIDERMA-RETISES-NANOPEEL-1-GEL-01.jpg","width":800,"height":800},{"@type":"BreadcrumbList","@id":"https:\/\/kinamihealth.com\/sv\/produkt\/mediderma-retises-nanopeel-1-gel\/#breadcrumb","itemListElement":[{"@type":"ListItem","position":1,"name":"Hem","item":"https:\/\/kinamihealth.com\/sr\/"},{"@type":"ListItem","position":2,"name":"Butik","item":"https:\/\/kinamihealth.com\/sv\/?page_id=127810"},{"@type":"ListItem","position":3,"name":"MEDIDERMA\u00ae RETISES NANOPEEL 1% GEL"}]},{"@type":"WebSite","@id":"https:\/\/kinamihealth.com\/#website","url":"https:\/\/kinamihealth.com\/","name":"Kinami Health","description":"","publisher":{"@id":"https:\/\/kinamihealth.com\/#organization"},"potentialAction":[{"@type":"SearchAction","target":{"@type":"EntryPoint","urlTemplate":"https:\/\/kinamihealth.com\/?s={search_term_string}"},"query-input":{"@type":"PropertyValueSpecification","valueRequired":true,"valueName":"search_term_string"}}],"inLanguage":"sv-SE"},{"@type":"Organization","@id":"https:\/\/kinamihealth.com\/#organization","name":"Kinami Health","url":"https:\/\/kinamihealth.com\/","logo":{"@type":"ImageObject","inLanguage":"sv-SE","@id":"https:\/\/kinamihealth.com\/#\/schema\/logo\/image\/","url":"https:\/\/kinamihealth.com\/wp-content\/uploads\/2025\/01\/KH_logo_black_2-1.png","contentUrl":"https:\/\/kinamihealth.com\/wp-content\/uploads\/2025\/01\/KH_logo_black_2-1.png","width":339,"height":34,"caption":"Kinami Health"},"image":{"@id":"https:\/\/kinamihealth.com\/#\/schema\/logo\/image\/"}}]}},"_links":{"self":[{"href":"https:\/\/kinamihealth.com\/sv\/wp-json\/wp\/v2\/product\/119155","targetHints":{"allow":["GET"]}}],"collection":[{"href":"https:\/\/kinamihealth.com\/sv\/wp-json\/wp\/v2\/product"}],"about":[{"href":"https:\/\/kinamihealth.com\/sv\/wp-json\/wp\/v2\/types\/product"}],"replies":[{"embeddable":true,"href":"https:\/\/kinamihealth.com\/sv\/wp-json\/wp\/v2\/comments?post=119155"}],"version-history":[{"count":0,"href":"https:\/\/kinamihealth.com\/sv\/wp-json\/wp\/v2\/product\/119155\/revisions"}],"wp:featuredmedia":[{"embeddable":true,"href":"https:\/\/kinamihealth.com\/sv\/wp-json\/wp\/v2\/media\/119156"}],"wp:attachment":[{"href":"https:\/\/kinamihealth.com\/sv\/wp-json\/wp\/v2\/media?parent=119155"}],"wp:term":[{"taxonomy":"product_brand","embeddable":true,"href":"https:\/\/kinamihealth.com\/sv\/wp-json\/wp\/v2\/product_brand?post=119155"},{"taxonomy":"product_cat","embeddable":true,"href":"https:\/\/kinamihealth.com\/sv\/wp-json\/wp\/v2\/product_cat?post=119155"},{"taxonomy":"product_tag","embeddable":true,"href":"https:\/\/kinamihealth.com\/sv\/wp-json\/wp\/v2\/product_tag?post=119155"}],"curies":[{"name":"wp","href":"https:\/\/api.w.org\/{rel}","templated":true}]}}