{"id":119153,"date":"2025-02-15T16:57:11","date_gmt":"2025-02-15T16:57:11","guid":{"rendered":"https:\/\/kinamihealth.com\/product\/mediderma-3-retises-ct-yellow-peel\/"},"modified":"2025-12-06T18:03:52","modified_gmt":"2025-12-06T18:03:52","slug":"mediderma-3-retises-ct-yellow-peel","status":"publish","type":"product","link":"https:\/\/kinamihealth.com\/sv\/produkt\/mediderma-3-retises-ct-yellow-peel\/","title":{"rendered":"MEDIDERMA\u00ae 3-RETISES CT Yellow Peel"},"content":{"rendered":"<p><span style=\"font-weight: 400;\">Retises CT Yellow Peel 6 ampuller \u00e4r en <\/span><b>professionell kemisk peeling<\/b><span style=\"font-weight: 400;\"> skapad f\u00f6r att f\u00f6ryngra och f\u00f6rb\u00e4ttra hudens struktur. Denna peeling \u00e4r formulerad med <\/span><b>retinol, C-vitamin, azelainsyra och salicylsyra<\/b><span style=\"font-weight: 400;\"> och riktar sig mot tecken p\u00e5 \u00e5ldrande, pigmentering och akne\u00e4rr. Den \u00e4r l\u00e4mplig f\u00f6r dermatologer och estetiska specialister och ger <\/span><b>effektiv exfoliering<\/b><span style=\"font-weight: 400;\"> och fr\u00e4mjar hudf\u00f6rnyelse.<\/span><\/p>\n","protected":false},"excerpt":{"rendered":"<p>Retises CT Yellow Peel 6 ampuller \u00e4r en professionell kemisk peeling skapad f\u00f6r att f\u00f6ryngra och f\u00f6rb\u00e4ttra hudens struktur. Denna peeling \u00e4r formulerad med retinol, C-vitamin, azelainsyra och salicylsyra och riktar sig mot tecken p\u00e5 \u00e5ldrande, pigmentering och akne\u00e4rr. Den \u00e4r l\u00e4mplig f\u00f6r dermatologer och estetiska specialister och ger effektiv exfoliering och fr\u00e4mjar hudf\u00f6rnyelse.<\/p>\n","protected":false},"featured_media":119154,"comment_status":"closed","ping_status":"closed","template":"","meta":{"_acf_changed":false,"inline_featured_image":false},"product_brand":[3157],"product_cat":[3374],"product_tag":[3256],"class_list":{"0":"post-119153","1":"product","2":"type-product","3":"status-publish","4":"has-post-thumbnail","6":"product_brand-mediderma","7":"product_cat-peels-and-masks-sv","8":"product_tag-medical-devices-sv","10":"first","11":"instock","12":"taxable","13":"shipping-taxable","14":"purchasable","15":"product-type-simple","16":"add-to-wishlist-before_image"},"acf":[],"yoast_head":"<!-- This site is optimized with the Yoast SEO plugin v27.1.1 - https:\/\/yoast.com\/product\/yoast-seo-wordpress\/ -->\n<title>K\u00f6p Retises CT Yellow Peel 6 ampuller online p\u00e5 Kinami Health Store<\/title>\n<meta name=\"description\" content=\"K\u00f6p Retises CT Yellow Peel 6 ampuller online \u2013 en kraftfull kemisk peeling f\u00f6r hudf\u00f6ryngring, akne\u00e4rr och pigmentering. Best\u00e4ll nu!\" \/>\n<meta name=\"robots\" content=\"index, follow, max-snippet:-1, max-image-preview:large, max-video-preview:-1\" \/>\n<link rel=\"canonical\" href=\"https:\/\/kinamihealth.com\/sv\/wp-json\/wp\/v2\/product\/119153\" \/>\n<meta property=\"og:locale\" content=\"sv_SE\" \/>\n<meta property=\"og:type\" content=\"article\" \/>\n<meta property=\"og:title\" content=\"K\u00f6p Retises CT Yellow Peel 6 ampuller online p\u00e5 Kinami Health Store\" \/>\n<meta property=\"og:description\" content=\"K\u00f6p Retises CT Yellow Peel 6 ampuller online \u2013 en kraftfull kemisk peeling f\u00f6r hudf\u00f6ryngring, akne\u00e4rr och pigmentering. Best\u00e4ll nu!\" \/>\n<meta property=\"og:url\" content=\"https:\/\/kinamihealth.com\/sv\/produkt\/mediderma-3-retises-ct-yellow-peel\/\" \/>\n<meta property=\"og:site_name\" content=\"Kinami Health\" \/>\n<meta property=\"article:modified_time\" content=\"2025-12-06T18:03:52+00:00\" \/>\n<meta property=\"og:image\" content=\"https:\/\/kinamihealth.com\/wp-content\/uploads\/2025\/02\/MEDIDERMA-RETISES-CT-YELLOWPWWL-01.jpg\" \/>\n\t<meta property=\"og:image:width\" content=\"800\" \/>\n\t<meta property=\"og:image:height\" content=\"800\" \/>\n\t<meta property=\"og:image:type\" content=\"image\/jpeg\" \/>\n<meta name=\"twitter:card\" content=\"summary_large_image\" \/>\n<meta name=\"twitter:label1\" content=\"Ber\u00e4knad l\u00e4stid\" \/>\n\t<meta name=\"twitter:data1\" content=\"1 minut\" \/>\n<!-- \/ Yoast SEO plugin. -->","yoast_head_json":{"title":"K\u00f6p Retises CT Yellow Peel 6 ampuller online p\u00e5 Kinami Health Store","description":"K\u00f6p Retises CT Yellow Peel 6 ampuller online \u2013 en kraftfull kemisk peeling f\u00f6r hudf\u00f6ryngring, akne\u00e4rr och pigmentering. Best\u00e4ll nu!","robots":{"index":"index","follow":"follow","max-snippet":"max-snippet:-1","max-image-preview":"max-image-preview:large","max-video-preview":"max-video-preview:-1"},"canonical":"https:\/\/kinamihealth.com\/sv\/wp-json\/wp\/v2\/product\/119153","og_locale":"sv_SE","og_type":"article","og_title":"K\u00f6p Retises CT Yellow Peel 6 ampuller online p\u00e5 Kinami Health Store","og_description":"K\u00f6p Retises CT Yellow Peel 6 ampuller online \u2013 en kraftfull kemisk peeling f\u00f6r hudf\u00f6ryngring, akne\u00e4rr och pigmentering. Best\u00e4ll nu!","og_url":"https:\/\/kinamihealth.com\/sv\/produkt\/mediderma-3-retises-ct-yellow-peel\/","og_site_name":"Kinami Health","article_modified_time":"2025-12-06T18:03:52+00:00","og_image":[{"width":800,"height":800,"url":"https:\/\/kinamihealth.com\/wp-content\/uploads\/2025\/02\/MEDIDERMA-RETISES-CT-YELLOWPWWL-01.jpg","type":"image\/jpeg"}],"twitter_card":"summary_large_image","twitter_misc":{"Ber\u00e4knad l\u00e4stid":"1 minut"},"schema":{"@context":"https:\/\/schema.org","@graph":[{"@type":"WebPage","@id":"https:\/\/kinamihealth.com\/sv\/produkt\/mediderma-3-retises-ct-yellow-peel\/","url":"https:\/\/kinamihealth.com\/sv\/produkt\/mediderma-3-retises-ct-yellow-peel\/","name":"K\u00f6p Retises CT Yellow Peel 6 ampuller online p\u00e5 Kinami Health Store","isPartOf":{"@id":"https:\/\/kinamihealth.com\/#website"},"primaryImageOfPage":{"@id":"https:\/\/kinamihealth.com\/sv\/produkt\/mediderma-3-retises-ct-yellow-peel\/#primaryimage"},"image":{"@id":"https:\/\/kinamihealth.com\/sv\/produkt\/mediderma-3-retises-ct-yellow-peel\/#primaryimage"},"thumbnailUrl":"https:\/\/kinamihealth.com\/wp-content\/uploads\/2025\/02\/MEDIDERMA-RETISES-CT-YELLOWPWWL-01.jpg","datePublished":"2025-02-15T16:57:11+00:00","dateModified":"2025-12-06T18:03:52+00:00","description":"K\u00f6p Retises CT Yellow Peel 6 ampuller online \u2013 en kraftfull kemisk peeling f\u00f6r hudf\u00f6ryngring, akne\u00e4rr och pigmentering. Best\u00e4ll nu!","breadcrumb":{"@id":"https:\/\/kinamihealth.com\/sv\/produkt\/mediderma-3-retises-ct-yellow-peel\/#breadcrumb"},"inLanguage":"sv-SE","potentialAction":[{"@type":"ReadAction","target":["https:\/\/kinamihealth.com\/sv\/produkt\/mediderma-3-retises-ct-yellow-peel\/"]}]},{"@type":"ImageObject","inLanguage":"sv-SE","@id":"https:\/\/kinamihealth.com\/sv\/produkt\/mediderma-3-retises-ct-yellow-peel\/#primaryimage","url":"https:\/\/kinamihealth.com\/wp-content\/uploads\/2025\/02\/MEDIDERMA-RETISES-CT-YELLOWPWWL-01.jpg","contentUrl":"https:\/\/kinamihealth.com\/wp-content\/uploads\/2025\/02\/MEDIDERMA-RETISES-CT-YELLOWPWWL-01.jpg","width":800,"height":800},{"@type":"BreadcrumbList","@id":"https:\/\/kinamihealth.com\/sv\/produkt\/mediderma-3-retises-ct-yellow-peel\/#breadcrumb","itemListElement":[{"@type":"ListItem","position":1,"name":"Hem","item":"https:\/\/kinamihealth.com\/sr\/"},{"@type":"ListItem","position":2,"name":"Butik","item":"https:\/\/kinamihealth.com\/sv\/?page_id=127810"},{"@type":"ListItem","position":3,"name":"MEDIDERMA\u00ae 3-RETISES CT Yellow Peel"}]},{"@type":"WebSite","@id":"https:\/\/kinamihealth.com\/#website","url":"https:\/\/kinamihealth.com\/","name":"Kinami Health","description":"","publisher":{"@id":"https:\/\/kinamihealth.com\/#organization"},"potentialAction":[{"@type":"SearchAction","target":{"@type":"EntryPoint","urlTemplate":"https:\/\/kinamihealth.com\/?s={search_term_string}"},"query-input":{"@type":"PropertyValueSpecification","valueRequired":true,"valueName":"search_term_string"}}],"inLanguage":"sv-SE"},{"@type":"Organization","@id":"https:\/\/kinamihealth.com\/#organization","name":"Kinami Health","url":"https:\/\/kinamihealth.com\/","logo":{"@type":"ImageObject","inLanguage":"sv-SE","@id":"https:\/\/kinamihealth.com\/#\/schema\/logo\/image\/","url":"https:\/\/kinamihealth.com\/wp-content\/uploads\/2025\/01\/KH_logo_black_2-1.png","contentUrl":"https:\/\/kinamihealth.com\/wp-content\/uploads\/2025\/01\/KH_logo_black_2-1.png","width":339,"height":34,"caption":"Kinami Health"},"image":{"@id":"https:\/\/kinamihealth.com\/#\/schema\/logo\/image\/"}}]}},"_links":{"self":[{"href":"https:\/\/kinamihealth.com\/sv\/wp-json\/wp\/v2\/product\/119153","targetHints":{"allow":["GET"]}}],"collection":[{"href":"https:\/\/kinamihealth.com\/sv\/wp-json\/wp\/v2\/product"}],"about":[{"href":"https:\/\/kinamihealth.com\/sv\/wp-json\/wp\/v2\/types\/product"}],"replies":[{"embeddable":true,"href":"https:\/\/kinamihealth.com\/sv\/wp-json\/wp\/v2\/comments?post=119153"}],"version-history":[{"count":0,"href":"https:\/\/kinamihealth.com\/sv\/wp-json\/wp\/v2\/product\/119153\/revisions"}],"wp:featuredmedia":[{"embeddable":true,"href":"https:\/\/kinamihealth.com\/sv\/wp-json\/wp\/v2\/media\/119154"}],"wp:attachment":[{"href":"https:\/\/kinamihealth.com\/sv\/wp-json\/wp\/v2\/media?parent=119153"}],"wp:term":[{"taxonomy":"product_brand","embeddable":true,"href":"https:\/\/kinamihealth.com\/sv\/wp-json\/wp\/v2\/product_brand?post=119153"},{"taxonomy":"product_cat","embeddable":true,"href":"https:\/\/kinamihealth.com\/sv\/wp-json\/wp\/v2\/product_cat?post=119153"},{"taxonomy":"product_tag","embeddable":true,"href":"https:\/\/kinamihealth.com\/sv\/wp-json\/wp\/v2\/product_tag?post=119153"}],"curies":[{"name":"wp","href":"https:\/\/api.w.org\/{rel}","templated":true}]}}