{"id":119151,"date":"2025-02-15T16:56:58","date_gmt":"2025-02-15T16:56:58","guid":{"rendered":"https:\/\/kinamihealth.com\/product\/mediderma-redness-control-aa-sensitive-gel\/"},"modified":"2025-12-06T18:14:25","modified_gmt":"2025-12-06T18:14:25","slug":"mediderma-redness-control-aa-sensitive-gel","status":"publish","type":"product","link":"https:\/\/kinamihealth.com\/sv\/produkt\/mediderma-redness-control-aa-sensitive-gel\/","title":{"rendered":"MEDIDERMA\u00ae REDNESS CONTROL A&amp;A SENSITIVE GEL"},"content":{"rendered":"<p><span style=\"font-weight: 400;\">Uppt\u00e4ck f\u00f6rdelarna med <\/span><b>Redness Control A&amp;A Sensitive Gel<\/b><span style=\"font-weight: 400;\"> \u2013 en <\/span><b>kraftfull hudv\u00e5rdsprodukt<\/b><span style=\"font-weight: 400;\"> utvecklad f\u00f6r att <\/span><b>v\u00e5rdande k\u00e4nslig hud<\/b><span style=\"font-weight: 400;\"> ben\u00e4gen f\u00f6r <\/span><b>inflammationer och rodnad<\/b><span style=\"font-weight: 400;\">. Produkten kombinerar noggrant utvalda aktiva ingredienser som samverkar f\u00f6r att ge <\/span><b>fukt och elasticitet<\/b><span style=\"font-weight: 400;\">, samtidigt som den <\/span><b>minskar fet hud och hyperpigmentering<\/b><span style=\"font-weight: 400;\">. <\/span><b>K\u00f6p Redness Control A&amp;A Sensitive Gel<\/b><span style=\"font-weight: 400;\"> och njut av en <\/span><b>frisk och balanserad hud.\u00a0<\/b><\/p>\n","protected":false},"excerpt":{"rendered":"<p>Uppt\u00e4ck f\u00f6rdelarna med Redness Control A&amp;A Sensitive Gel \u2013 en kraftfull hudv\u00e5rdsprodukt utvecklad f\u00f6r att v\u00e5rdande k\u00e4nslig hud ben\u00e4gen f\u00f6r inflammationer och rodnad. Produkten kombinerar noggrant utvalda aktiva ingredienser som samverkar f\u00f6r att ge fukt och elasticitet, samtidigt som den minskar fet hud och hyperpigmentering. K\u00f6p Redness Control A&amp;A Sensitive Gel och njut av en [&hellip;]<\/p>\n","protected":false},"featured_media":119152,"comment_status":"closed","ping_status":"closed","template":"","meta":{"_acf_changed":false,"inline_featured_image":false},"product_brand":[3157],"product_cat":[3687],"product_tag":[3256],"class_list":{"0":"post-119151","1":"product","2":"type-product","3":"status-publish","4":"has-post-thumbnail","6":"product_brand-mediderma","7":"product_cat-skincare-sv","8":"product_tag-medical-devices-sv","10":"first","11":"instock","12":"taxable","13":"shipping-taxable","14":"purchasable","15":"product-type-simple","16":"add-to-wishlist-before_image"},"acf":[],"yoast_head":"<!-- This site is optimized with the Yoast SEO plugin v27.1.1 - https:\/\/yoast.com\/product\/yoast-seo-wordpress\/ -->\n<title>K\u00f6p Redness Control A&amp;A Sensitive Gel online<\/title>\n<meta name=\"description\" content=\"K\u00f6p Redness Control A&amp;A Sensitive Gel. \u00c5terfukta, skydda och \u00e5terst\u00e4ll balansen. Best\u00e4ll nu p\u00e5 Kinami Health!\" \/>\n<meta name=\"robots\" content=\"index, follow, max-snippet:-1, max-image-preview:large, max-video-preview:-1\" \/>\n<link rel=\"canonical\" href=\"https:\/\/kinamihealth.com\/sv\/wp-json\/wp\/v2\/product\/119151\" \/>\n<meta property=\"og:locale\" content=\"sv_SE\" \/>\n<meta property=\"og:type\" content=\"article\" \/>\n<meta property=\"og:title\" content=\"K\u00f6p Redness Control A&amp;A Sensitive Gel online\" \/>\n<meta property=\"og:description\" content=\"K\u00f6p Redness Control A&amp;A Sensitive Gel. \u00c5terfukta, skydda och \u00e5terst\u00e4ll balansen. Best\u00e4ll nu p\u00e5 Kinami Health!\" \/>\n<meta property=\"og:url\" content=\"https:\/\/kinamihealth.com\/sv\/produkt\/mediderma-redness-control-aa-sensitive-gel\/\" \/>\n<meta property=\"og:site_name\" content=\"Kinami Health\" \/>\n<meta property=\"article:modified_time\" content=\"2025-12-06T18:14:25+00:00\" \/>\n<meta property=\"og:image\" content=\"https:\/\/kinamihealth.com\/wp-content\/uploads\/2025\/02\/MEDIDERMA-REDNESS-CONTROL-AA-SENSITIVE-GEL-01.jpg\" \/>\n\t<meta property=\"og:image:width\" content=\"800\" \/>\n\t<meta property=\"og:image:height\" content=\"800\" \/>\n\t<meta property=\"og:image:type\" content=\"image\/jpeg\" \/>\n<meta name=\"twitter:card\" content=\"summary_large_image\" \/>\n<meta name=\"twitter:label1\" content=\"Ber\u00e4knad l\u00e4stid\" \/>\n\t<meta name=\"twitter:data1\" content=\"1 minut\" \/>\n<!-- \/ Yoast SEO plugin. -->","yoast_head_json":{"title":"K\u00f6p Redness Control A&A Sensitive Gel online","description":"K\u00f6p Redness Control A&A Sensitive Gel. \u00c5terfukta, skydda och \u00e5terst\u00e4ll balansen. Best\u00e4ll nu p\u00e5 Kinami Health!","robots":{"index":"index","follow":"follow","max-snippet":"max-snippet:-1","max-image-preview":"max-image-preview:large","max-video-preview":"max-video-preview:-1"},"canonical":"https:\/\/kinamihealth.com\/sv\/wp-json\/wp\/v2\/product\/119151","og_locale":"sv_SE","og_type":"article","og_title":"K\u00f6p Redness Control A&A Sensitive Gel online","og_description":"K\u00f6p Redness Control A&A Sensitive Gel. \u00c5terfukta, skydda och \u00e5terst\u00e4ll balansen. Best\u00e4ll nu p\u00e5 Kinami Health!","og_url":"https:\/\/kinamihealth.com\/sv\/produkt\/mediderma-redness-control-aa-sensitive-gel\/","og_site_name":"Kinami Health","article_modified_time":"2025-12-06T18:14:25+00:00","og_image":[{"width":800,"height":800,"url":"https:\/\/kinamihealth.com\/wp-content\/uploads\/2025\/02\/MEDIDERMA-REDNESS-CONTROL-AA-SENSITIVE-GEL-01.jpg","type":"image\/jpeg"}],"twitter_card":"summary_large_image","twitter_misc":{"Ber\u00e4knad l\u00e4stid":"1 minut"},"schema":{"@context":"https:\/\/schema.org","@graph":[{"@type":"WebPage","@id":"https:\/\/kinamihealth.com\/sv\/produkt\/mediderma-redness-control-aa-sensitive-gel\/","url":"https:\/\/kinamihealth.com\/sv\/produkt\/mediderma-redness-control-aa-sensitive-gel\/","name":"K\u00f6p Redness Control A&A Sensitive Gel online","isPartOf":{"@id":"https:\/\/kinamihealth.com\/#website"},"primaryImageOfPage":{"@id":"https:\/\/kinamihealth.com\/sv\/produkt\/mediderma-redness-control-aa-sensitive-gel\/#primaryimage"},"image":{"@id":"https:\/\/kinamihealth.com\/sv\/produkt\/mediderma-redness-control-aa-sensitive-gel\/#primaryimage"},"thumbnailUrl":"https:\/\/kinamihealth.com\/wp-content\/uploads\/2025\/02\/MEDIDERMA-REDNESS-CONTROL-AA-SENSITIVE-GEL-01.jpg","datePublished":"2025-02-15T16:56:58+00:00","dateModified":"2025-12-06T18:14:25+00:00","description":"K\u00f6p Redness Control A&A Sensitive Gel. \u00c5terfukta, skydda och \u00e5terst\u00e4ll balansen. Best\u00e4ll nu p\u00e5 Kinami Health!","breadcrumb":{"@id":"https:\/\/kinamihealth.com\/sv\/produkt\/mediderma-redness-control-aa-sensitive-gel\/#breadcrumb"},"inLanguage":"sv-SE","potentialAction":[{"@type":"ReadAction","target":["https:\/\/kinamihealth.com\/sv\/produkt\/mediderma-redness-control-aa-sensitive-gel\/"]}]},{"@type":"ImageObject","inLanguage":"sv-SE","@id":"https:\/\/kinamihealth.com\/sv\/produkt\/mediderma-redness-control-aa-sensitive-gel\/#primaryimage","url":"https:\/\/kinamihealth.com\/wp-content\/uploads\/2025\/02\/MEDIDERMA-REDNESS-CONTROL-AA-SENSITIVE-GEL-01.jpg","contentUrl":"https:\/\/kinamihealth.com\/wp-content\/uploads\/2025\/02\/MEDIDERMA-REDNESS-CONTROL-AA-SENSITIVE-GEL-01.jpg","width":800,"height":800},{"@type":"BreadcrumbList","@id":"https:\/\/kinamihealth.com\/sv\/produkt\/mediderma-redness-control-aa-sensitive-gel\/#breadcrumb","itemListElement":[{"@type":"ListItem","position":1,"name":"Hem","item":"https:\/\/kinamihealth.com\/sr\/"},{"@type":"ListItem","position":2,"name":"Butik","item":"https:\/\/kinamihealth.com\/sv\/?page_id=127810"},{"@type":"ListItem","position":3,"name":"MEDIDERMA\u00ae REDNESS CONTROL A&amp;A SENSITIVE GEL"}]},{"@type":"WebSite","@id":"https:\/\/kinamihealth.com\/#website","url":"https:\/\/kinamihealth.com\/","name":"Kinami Health","description":"","publisher":{"@id":"https:\/\/kinamihealth.com\/#organization"},"potentialAction":[{"@type":"SearchAction","target":{"@type":"EntryPoint","urlTemplate":"https:\/\/kinamihealth.com\/?s={search_term_string}"},"query-input":{"@type":"PropertyValueSpecification","valueRequired":true,"valueName":"search_term_string"}}],"inLanguage":"sv-SE"},{"@type":"Organization","@id":"https:\/\/kinamihealth.com\/#organization","name":"Kinami Health","url":"https:\/\/kinamihealth.com\/","logo":{"@type":"ImageObject","inLanguage":"sv-SE","@id":"https:\/\/kinamihealth.com\/#\/schema\/logo\/image\/","url":"https:\/\/kinamihealth.com\/wp-content\/uploads\/2025\/01\/KH_logo_black_2-1.png","contentUrl":"https:\/\/kinamihealth.com\/wp-content\/uploads\/2025\/01\/KH_logo_black_2-1.png","width":339,"height":34,"caption":"Kinami Health"},"image":{"@id":"https:\/\/kinamihealth.com\/#\/schema\/logo\/image\/"}}]}},"_links":{"self":[{"href":"https:\/\/kinamihealth.com\/sv\/wp-json\/wp\/v2\/product\/119151","targetHints":{"allow":["GET"]}}],"collection":[{"href":"https:\/\/kinamihealth.com\/sv\/wp-json\/wp\/v2\/product"}],"about":[{"href":"https:\/\/kinamihealth.com\/sv\/wp-json\/wp\/v2\/types\/product"}],"replies":[{"embeddable":true,"href":"https:\/\/kinamihealth.com\/sv\/wp-json\/wp\/v2\/comments?post=119151"}],"version-history":[{"count":0,"href":"https:\/\/kinamihealth.com\/sv\/wp-json\/wp\/v2\/product\/119151\/revisions"}],"wp:featuredmedia":[{"embeddable":true,"href":"https:\/\/kinamihealth.com\/sv\/wp-json\/wp\/v2\/media\/119152"}],"wp:attachment":[{"href":"https:\/\/kinamihealth.com\/sv\/wp-json\/wp\/v2\/media?parent=119151"}],"wp:term":[{"taxonomy":"product_brand","embeddable":true,"href":"https:\/\/kinamihealth.com\/sv\/wp-json\/wp\/v2\/product_brand?post=119151"},{"taxonomy":"product_cat","embeddable":true,"href":"https:\/\/kinamihealth.com\/sv\/wp-json\/wp\/v2\/product_cat?post=119151"},{"taxonomy":"product_tag","embeddable":true,"href":"https:\/\/kinamihealth.com\/sv\/wp-json\/wp\/v2\/product_tag?post=119151"}],"curies":[{"name":"wp","href":"https:\/\/api.w.org\/{rel}","templated":true}]}}