{"id":119141,"date":"2025-02-15T16:55:24","date_gmt":"2025-02-15T16:55:24","guid":{"rendered":"https:\/\/kinamihealth.com\/product\/mediderma-hylanses-md-ha-advance-hydration-gel-cream\/"},"modified":"2025-12-06T19:08:50","modified_gmt":"2025-12-06T19:08:50","slug":"mediderma-hylanses-md-ha-advance-hydration-gel-cream","status":"publish","type":"product","link":"https:\/\/kinamihealth.com\/sv\/produkt\/mediderma-hylanses-md-ha-advance-hydration-gel-cream\/","title":{"rendered":"MEDIDERMA\u00ae HYLANSES MD HA ADVANCE (Hydration Gel Cream)"},"content":{"rendered":"<p><b>HYLANSES MD HA ADVANCE HYDRATION GEL CREAM 50 ml<\/b><span style=\"font-weight: 400;\"> \u00e4r en <\/span><b>avancerad fuktgivande gel <\/b><span style=\"font-weight: 400;\">som anv\u00e4nder <\/span><b>tre typer <\/b><span style=\"font-weight: 400;\">av <\/span><b>hyaluronsyra (HA) <\/b><span style=\"font-weight: 400;\">f\u00f6r att uppn\u00e5 fullst\u00e4ndig <\/span><b>fuktighet <\/b><span style=\"font-weight: 400;\">i <\/span><b>alla hudlager <\/b><span style=\"font-weight: 400;\">runt <\/span><b>ansiktet <\/b><span style=\"font-weight: 400;\">och <\/span><b>halsen<\/b><span style=\"font-weight: 400;\">.<\/span><\/p>\n","protected":false},"excerpt":{"rendered":"<p>HYLANSES MD HA ADVANCE HYDRATION GEL CREAM 50 ml \u00e4r en avancerad fuktgivande gel som anv\u00e4nder tre typer av hyaluronsyra (HA) f\u00f6r att uppn\u00e5 fullst\u00e4ndig fuktighet i alla hudlager runt ansiktet och halsen.<\/p>\n","protected":false},"featured_media":119142,"comment_status":"closed","ping_status":"closed","template":"","meta":{"_acf_changed":false,"inline_featured_image":false},"product_brand":[3157],"product_cat":[3687],"product_tag":[3256],"class_list":{"0":"post-119141","1":"product","2":"type-product","3":"status-publish","4":"has-post-thumbnail","6":"product_brand-mediderma","7":"product_cat-skincare-sv","8":"product_tag-medical-devices-sv","10":"first","11":"instock","12":"taxable","13":"shipping-taxable","14":"purchasable","15":"product-type-simple","16":"add-to-wishlist-before_image"},"acf":[],"yoast_head":"<!-- This site is optimized with the Yoast SEO plugin v27.1.1 - https:\/\/yoast.com\/product\/yoast-seo-wordpress\/ -->\n<title>K\u00f6p HYLANSES MD HA ADVANCE HYDRATION GEL CREAM<\/title>\n<meta name=\"description\" content=\"K\u00f6p HYLANSES MD HA ADVANCE HYDRATION GEL CREAM online och anv\u00e4nd hyaluronsyra f\u00f6r att \u00e5terfukta de olika lagren av torr hud.\" \/>\n<meta name=\"robots\" content=\"index, follow, max-snippet:-1, max-image-preview:large, max-video-preview:-1\" \/>\n<link rel=\"canonical\" href=\"https:\/\/kinamihealth.com\/sv\/wp-json\/wp\/v2\/product\/119141\" \/>\n<meta property=\"og:locale\" content=\"sv_SE\" \/>\n<meta property=\"og:type\" content=\"article\" \/>\n<meta property=\"og:title\" content=\"K\u00f6p HYLANSES MD HA ADVANCE HYDRATION GEL CREAM\" \/>\n<meta property=\"og:description\" content=\"K\u00f6p HYLANSES MD HA ADVANCE HYDRATION GEL CREAM online och anv\u00e4nd hyaluronsyra f\u00f6r att \u00e5terfukta de olika lagren av torr hud.\" \/>\n<meta property=\"og:url\" content=\"https:\/\/kinamihealth.com\/sv\/produkt\/mediderma-hylanses-md-ha-advance-hydration-gel-cream\/\" \/>\n<meta property=\"og:site_name\" content=\"Kinami Health\" \/>\n<meta property=\"article:modified_time\" content=\"2025-12-06T19:08:50+00:00\" \/>\n<meta property=\"og:image\" content=\"https:\/\/kinamihealth.com\/wp-content\/uploads\/2025\/02\/MEDIDERMA-HYLANSES-HA-ADVANCE-01.jpg\" \/>\n\t<meta property=\"og:image:width\" content=\"800\" \/>\n\t<meta property=\"og:image:height\" content=\"800\" \/>\n\t<meta property=\"og:image:type\" content=\"image\/jpeg\" \/>\n<meta name=\"twitter:card\" content=\"summary_large_image\" \/>\n<meta name=\"twitter:label1\" content=\"Ber\u00e4knad l\u00e4stid\" \/>\n\t<meta name=\"twitter:data1\" content=\"1 minut\" \/>\n<!-- \/ Yoast SEO plugin. -->","yoast_head_json":{"title":"K\u00f6p HYLANSES MD HA ADVANCE HYDRATION GEL CREAM","description":"K\u00f6p HYLANSES MD HA ADVANCE HYDRATION GEL CREAM online och anv\u00e4nd hyaluronsyra f\u00f6r att \u00e5terfukta de olika lagren av torr hud.","robots":{"index":"index","follow":"follow","max-snippet":"max-snippet:-1","max-image-preview":"max-image-preview:large","max-video-preview":"max-video-preview:-1"},"canonical":"https:\/\/kinamihealth.com\/sv\/wp-json\/wp\/v2\/product\/119141","og_locale":"sv_SE","og_type":"article","og_title":"K\u00f6p HYLANSES MD HA ADVANCE HYDRATION GEL CREAM","og_description":"K\u00f6p HYLANSES MD HA ADVANCE HYDRATION GEL CREAM online och anv\u00e4nd hyaluronsyra f\u00f6r att \u00e5terfukta de olika lagren av torr hud.","og_url":"https:\/\/kinamihealth.com\/sv\/produkt\/mediderma-hylanses-md-ha-advance-hydration-gel-cream\/","og_site_name":"Kinami Health","article_modified_time":"2025-12-06T19:08:50+00:00","og_image":[{"width":800,"height":800,"url":"https:\/\/kinamihealth.com\/wp-content\/uploads\/2025\/02\/MEDIDERMA-HYLANSES-HA-ADVANCE-01.jpg","type":"image\/jpeg"}],"twitter_card":"summary_large_image","twitter_misc":{"Ber\u00e4knad l\u00e4stid":"1 minut"},"schema":{"@context":"https:\/\/schema.org","@graph":[{"@type":"WebPage","@id":"https:\/\/kinamihealth.com\/sv\/produkt\/mediderma-hylanses-md-ha-advance-hydration-gel-cream\/","url":"https:\/\/kinamihealth.com\/sv\/produkt\/mediderma-hylanses-md-ha-advance-hydration-gel-cream\/","name":"K\u00f6p HYLANSES MD HA ADVANCE HYDRATION GEL CREAM","isPartOf":{"@id":"https:\/\/kinamihealth.com\/#website"},"primaryImageOfPage":{"@id":"https:\/\/kinamihealth.com\/sv\/produkt\/mediderma-hylanses-md-ha-advance-hydration-gel-cream\/#primaryimage"},"image":{"@id":"https:\/\/kinamihealth.com\/sv\/produkt\/mediderma-hylanses-md-ha-advance-hydration-gel-cream\/#primaryimage"},"thumbnailUrl":"https:\/\/kinamihealth.com\/wp-content\/uploads\/2025\/02\/MEDIDERMA-HYLANSES-HA-ADVANCE-01.jpg","datePublished":"2025-02-15T16:55:24+00:00","dateModified":"2025-12-06T19:08:50+00:00","description":"K\u00f6p HYLANSES MD HA ADVANCE HYDRATION GEL CREAM online och anv\u00e4nd hyaluronsyra f\u00f6r att \u00e5terfukta de olika lagren av torr hud.","breadcrumb":{"@id":"https:\/\/kinamihealth.com\/sv\/produkt\/mediderma-hylanses-md-ha-advance-hydration-gel-cream\/#breadcrumb"},"inLanguage":"sv-SE","potentialAction":[{"@type":"ReadAction","target":["https:\/\/kinamihealth.com\/sv\/produkt\/mediderma-hylanses-md-ha-advance-hydration-gel-cream\/"]}]},{"@type":"ImageObject","inLanguage":"sv-SE","@id":"https:\/\/kinamihealth.com\/sv\/produkt\/mediderma-hylanses-md-ha-advance-hydration-gel-cream\/#primaryimage","url":"https:\/\/kinamihealth.com\/wp-content\/uploads\/2025\/02\/MEDIDERMA-HYLANSES-HA-ADVANCE-01.jpg","contentUrl":"https:\/\/kinamihealth.com\/wp-content\/uploads\/2025\/02\/MEDIDERMA-HYLANSES-HA-ADVANCE-01.jpg","width":800,"height":800},{"@type":"BreadcrumbList","@id":"https:\/\/kinamihealth.com\/sv\/produkt\/mediderma-hylanses-md-ha-advance-hydration-gel-cream\/#breadcrumb","itemListElement":[{"@type":"ListItem","position":1,"name":"Hem","item":"https:\/\/kinamihealth.com\/sr\/"},{"@type":"ListItem","position":2,"name":"Butik","item":"https:\/\/kinamihealth.com\/sv\/?page_id=127810"},{"@type":"ListItem","position":3,"name":"MEDIDERMA\u00ae HYLANSES MD HA ADVANCE (Hydration Gel Cream)"}]},{"@type":"WebSite","@id":"https:\/\/kinamihealth.com\/#website","url":"https:\/\/kinamihealth.com\/","name":"Kinami Health","description":"","publisher":{"@id":"https:\/\/kinamihealth.com\/#organization"},"potentialAction":[{"@type":"SearchAction","target":{"@type":"EntryPoint","urlTemplate":"https:\/\/kinamihealth.com\/?s={search_term_string}"},"query-input":{"@type":"PropertyValueSpecification","valueRequired":true,"valueName":"search_term_string"}}],"inLanguage":"sv-SE"},{"@type":"Organization","@id":"https:\/\/kinamihealth.com\/#organization","name":"Kinami Health","url":"https:\/\/kinamihealth.com\/","logo":{"@type":"ImageObject","inLanguage":"sv-SE","@id":"https:\/\/kinamihealth.com\/#\/schema\/logo\/image\/","url":"https:\/\/kinamihealth.com\/wp-content\/uploads\/2025\/01\/KH_logo_black_2-1.png","contentUrl":"https:\/\/kinamihealth.com\/wp-content\/uploads\/2025\/01\/KH_logo_black_2-1.png","width":339,"height":34,"caption":"Kinami Health"},"image":{"@id":"https:\/\/kinamihealth.com\/#\/schema\/logo\/image\/"}}]}},"_links":{"self":[{"href":"https:\/\/kinamihealth.com\/sv\/wp-json\/wp\/v2\/product\/119141","targetHints":{"allow":["GET"]}}],"collection":[{"href":"https:\/\/kinamihealth.com\/sv\/wp-json\/wp\/v2\/product"}],"about":[{"href":"https:\/\/kinamihealth.com\/sv\/wp-json\/wp\/v2\/types\/product"}],"replies":[{"embeddable":true,"href":"https:\/\/kinamihealth.com\/sv\/wp-json\/wp\/v2\/comments?post=119141"}],"version-history":[{"count":0,"href":"https:\/\/kinamihealth.com\/sv\/wp-json\/wp\/v2\/product\/119141\/revisions"}],"wp:featuredmedia":[{"embeddable":true,"href":"https:\/\/kinamihealth.com\/sv\/wp-json\/wp\/v2\/media\/119142"}],"wp:attachment":[{"href":"https:\/\/kinamihealth.com\/sv\/wp-json\/wp\/v2\/media?parent=119141"}],"wp:term":[{"taxonomy":"product_brand","embeddable":true,"href":"https:\/\/kinamihealth.com\/sv\/wp-json\/wp\/v2\/product_brand?post=119141"},{"taxonomy":"product_cat","embeddable":true,"href":"https:\/\/kinamihealth.com\/sv\/wp-json\/wp\/v2\/product_cat?post=119141"},{"taxonomy":"product_tag","embeddable":true,"href":"https:\/\/kinamihealth.com\/sv\/wp-json\/wp\/v2\/product_tag?post=119141"}],"curies":[{"name":"wp","href":"https:\/\/api.w.org\/{rel}","templated":true}]}}