{"id":119139,"date":"2025-02-15T16:55:23","date_gmt":"2025-02-15T16:55:23","guid":{"rendered":"https:\/\/kinamihealth.com\/product\/mediderma-hylanses-md-cleanser-mousse-foamy-cream\/"},"modified":"2025-10-29T15:57:03","modified_gmt":"2025-10-29T15:57:03","slug":"mediderma-hylanses-md-cleanser-mousse-foamy-cream","status":"publish","type":"product","link":"https:\/\/kinamihealth.com\/sv\/produkt\/mediderma-hylanses-md-cleanser-mousse-foamy-cream\/","title":{"rendered":"MEDIDERMA\u00ae HYLANSES MD CLEANSER MOUSSE (Foamy Cream)"},"content":{"rendered":"<p><b>HYLANSES MD CLEANSER MOUSSE 200 ml <\/b><span style=\"font-weight: 400;\">\u00e4r en <\/span><b>tv\u00e5lfri skummande reng\u00f6ringsprodukt<\/b><span style=\"font-weight: 400;\"> noggrant framtagen f\u00f6r <\/span><b>alla hudtyper<\/b><span style=\"font-weight: 400;\">, \u00e4ven <\/span><b>k\u00e4nslig hud <\/b><span style=\"font-weight: 400;\">som \u00e4r <\/span><b>ben\u00e4gen <\/b><span style=\"font-weight: 400;\">att <\/span><b>f\u00e5 akne<\/b><span style=\"font-weight: 400;\">. Denna kraftfulla <\/span><b>antibakteriella kr\u00e4m <\/b><span style=\"font-weight: 400;\">ger en noggrann <\/span><b>reng\u00f6ring <\/b><span style=\"font-weight: 400;\">av <\/span><b>ansiktet<\/b><span style=\"font-weight: 400;\"> och <\/span><b>bevarar <\/b><span style=\"font-weight: 400;\">fuktigheten <\/span><b>och <\/b><span style=\"font-weight: 400;\">balansen <\/span><b>i <\/b><span style=\"font-weight: 400;\">huden<\/span><b>. Ta<\/b><\/p>\n","protected":false},"excerpt":{"rendered":"<p>HYLANSES MD CLEANSER MOUSSE 200 ml \u00e4r en tv\u00e5lfri skummande reng\u00f6ringsprodukt noggrant framtagen f\u00f6r alla hudtyper, \u00e4ven k\u00e4nslig hud som \u00e4r ben\u00e4gen att f\u00e5 akne. Denna kraftfulla antibakteriella kr\u00e4m ger en noggrann reng\u00f6ring av ansiktet och bevarar fuktigheten och balansen i huden. Ta<\/p>\n","protected":false},"featured_media":119140,"comment_status":"closed","ping_status":"closed","template":"","meta":{"_acf_changed":false,"inline_featured_image":false},"product_brand":[3157],"product_cat":[3687],"product_tag":[3256],"class_list":{"0":"post-119139","1":"product","2":"type-product","3":"status-publish","4":"has-post-thumbnail","6":"product_brand-mediderma","7":"product_cat-skincare-sv","8":"product_tag-medical-devices-sv","10":"first","11":"instock","12":"taxable","13":"shipping-taxable","14":"purchasable","15":"product-type-simple","16":"add-to-wishlist-before_image"},"acf":[],"yoast_head":"<!-- This site is optimized with the Yoast SEO plugin v27.1.1 - https:\/\/yoast.com\/product\/yoast-seo-wordpress\/ -->\n<title>K\u00f6p HYLANSES MD CLEANSER MOUSSE 200 ml<\/title>\n<meta name=\"description\" content=\"K\u00f6p HYLANSES MD CLEANSER MOUSSE 200 ml online och anv\u00e4nd denna antibakteriella och skummande kr\u00e4m f\u00f6r daglig reng\u00f6ring av ansiktet.\" \/>\n<meta name=\"robots\" content=\"index, follow, max-snippet:-1, max-image-preview:large, max-video-preview:-1\" \/>\n<link rel=\"canonical\" href=\"https:\/\/kinamihealth.com\/sv\/wp-json\/wp\/v2\/product\/119139\" \/>\n<meta property=\"og:locale\" content=\"sv_SE\" \/>\n<meta property=\"og:type\" content=\"article\" \/>\n<meta property=\"og:title\" content=\"K\u00f6p HYLANSES MD CLEANSER MOUSSE 200 ml\" \/>\n<meta property=\"og:description\" content=\"K\u00f6p HYLANSES MD CLEANSER MOUSSE 200 ml online och anv\u00e4nd denna antibakteriella och skummande kr\u00e4m f\u00f6r daglig reng\u00f6ring av ansiktet.\" \/>\n<meta property=\"og:url\" content=\"https:\/\/kinamihealth.com\/sv\/produkt\/mediderma-hylanses-md-cleanser-mousse-foamy-cream\/\" \/>\n<meta property=\"og:site_name\" content=\"Kinami Health\" \/>\n<meta property=\"article:modified_time\" content=\"2025-10-29T15:57:03+00:00\" \/>\n<meta property=\"og:image\" content=\"https:\/\/kinamihealth.com\/wp-content\/uploads\/2025\/02\/MEDIDERMA-HYLANSES-MD-CLEANSER-MOUSSE-01.jpg\" \/>\n\t<meta property=\"og:image:width\" content=\"800\" \/>\n\t<meta property=\"og:image:height\" content=\"800\" \/>\n\t<meta property=\"og:image:type\" content=\"image\/jpeg\" \/>\n<meta name=\"twitter:card\" content=\"summary_large_image\" \/>\n<meta name=\"twitter:label1\" content=\"Ber\u00e4knad l\u00e4stid\" \/>\n\t<meta name=\"twitter:data1\" content=\"1 minut\" \/>\n<!-- \/ Yoast SEO plugin. -->","yoast_head_json":{"title":"K\u00f6p HYLANSES MD CLEANSER MOUSSE 200 ml","description":"K\u00f6p HYLANSES MD CLEANSER MOUSSE 200 ml online och anv\u00e4nd denna antibakteriella och skummande kr\u00e4m f\u00f6r daglig reng\u00f6ring av ansiktet.","robots":{"index":"index","follow":"follow","max-snippet":"max-snippet:-1","max-image-preview":"max-image-preview:large","max-video-preview":"max-video-preview:-1"},"canonical":"https:\/\/kinamihealth.com\/sv\/wp-json\/wp\/v2\/product\/119139","og_locale":"sv_SE","og_type":"article","og_title":"K\u00f6p HYLANSES MD CLEANSER MOUSSE 200 ml","og_description":"K\u00f6p HYLANSES MD CLEANSER MOUSSE 200 ml online och anv\u00e4nd denna antibakteriella och skummande kr\u00e4m f\u00f6r daglig reng\u00f6ring av ansiktet.","og_url":"https:\/\/kinamihealth.com\/sv\/produkt\/mediderma-hylanses-md-cleanser-mousse-foamy-cream\/","og_site_name":"Kinami Health","article_modified_time":"2025-10-29T15:57:03+00:00","og_image":[{"width":800,"height":800,"url":"https:\/\/kinamihealth.com\/wp-content\/uploads\/2025\/02\/MEDIDERMA-HYLANSES-MD-CLEANSER-MOUSSE-01.jpg","type":"image\/jpeg"}],"twitter_card":"summary_large_image","twitter_misc":{"Ber\u00e4knad l\u00e4stid":"1 minut"},"schema":{"@context":"https:\/\/schema.org","@graph":[{"@type":"WebPage","@id":"https:\/\/kinamihealth.com\/sv\/produkt\/mediderma-hylanses-md-cleanser-mousse-foamy-cream\/","url":"https:\/\/kinamihealth.com\/sv\/produkt\/mediderma-hylanses-md-cleanser-mousse-foamy-cream\/","name":"K\u00f6p HYLANSES MD CLEANSER MOUSSE 200 ml","isPartOf":{"@id":"https:\/\/kinamihealth.com\/#website"},"primaryImageOfPage":{"@id":"https:\/\/kinamihealth.com\/sv\/produkt\/mediderma-hylanses-md-cleanser-mousse-foamy-cream\/#primaryimage"},"image":{"@id":"https:\/\/kinamihealth.com\/sv\/produkt\/mediderma-hylanses-md-cleanser-mousse-foamy-cream\/#primaryimage"},"thumbnailUrl":"https:\/\/kinamihealth.com\/wp-content\/uploads\/2025\/02\/MEDIDERMA-HYLANSES-MD-CLEANSER-MOUSSE-01.jpg","datePublished":"2025-02-15T16:55:23+00:00","dateModified":"2025-10-29T15:57:03+00:00","description":"K\u00f6p HYLANSES MD CLEANSER MOUSSE 200 ml online och anv\u00e4nd denna antibakteriella och skummande kr\u00e4m f\u00f6r daglig reng\u00f6ring av ansiktet.","breadcrumb":{"@id":"https:\/\/kinamihealth.com\/sv\/produkt\/mediderma-hylanses-md-cleanser-mousse-foamy-cream\/#breadcrumb"},"inLanguage":"sv-SE","potentialAction":[{"@type":"ReadAction","target":["https:\/\/kinamihealth.com\/sv\/produkt\/mediderma-hylanses-md-cleanser-mousse-foamy-cream\/"]}]},{"@type":"ImageObject","inLanguage":"sv-SE","@id":"https:\/\/kinamihealth.com\/sv\/produkt\/mediderma-hylanses-md-cleanser-mousse-foamy-cream\/#primaryimage","url":"https:\/\/kinamihealth.com\/wp-content\/uploads\/2025\/02\/MEDIDERMA-HYLANSES-MD-CLEANSER-MOUSSE-01.jpg","contentUrl":"https:\/\/kinamihealth.com\/wp-content\/uploads\/2025\/02\/MEDIDERMA-HYLANSES-MD-CLEANSER-MOUSSE-01.jpg","width":800,"height":800},{"@type":"BreadcrumbList","@id":"https:\/\/kinamihealth.com\/sv\/produkt\/mediderma-hylanses-md-cleanser-mousse-foamy-cream\/#breadcrumb","itemListElement":[{"@type":"ListItem","position":1,"name":"Hem","item":"https:\/\/kinamihealth.com\/sr\/"},{"@type":"ListItem","position":2,"name":"Butik","item":"https:\/\/kinamihealth.com\/sv\/?page_id=127810"},{"@type":"ListItem","position":3,"name":"MEDIDERMA\u00ae HYLANSES MD CLEANSER MOUSSE (Foamy Cream)"}]},{"@type":"WebSite","@id":"https:\/\/kinamihealth.com\/#website","url":"https:\/\/kinamihealth.com\/","name":"Kinami Health","description":"","publisher":{"@id":"https:\/\/kinamihealth.com\/#organization"},"potentialAction":[{"@type":"SearchAction","target":{"@type":"EntryPoint","urlTemplate":"https:\/\/kinamihealth.com\/?s={search_term_string}"},"query-input":{"@type":"PropertyValueSpecification","valueRequired":true,"valueName":"search_term_string"}}],"inLanguage":"sv-SE"},{"@type":"Organization","@id":"https:\/\/kinamihealth.com\/#organization","name":"Kinami Health","url":"https:\/\/kinamihealth.com\/","logo":{"@type":"ImageObject","inLanguage":"sv-SE","@id":"https:\/\/kinamihealth.com\/#\/schema\/logo\/image\/","url":"https:\/\/kinamihealth.com\/wp-content\/uploads\/2025\/01\/KH_logo_black_2-1.png","contentUrl":"https:\/\/kinamihealth.com\/wp-content\/uploads\/2025\/01\/KH_logo_black_2-1.png","width":339,"height":34,"caption":"Kinami Health"},"image":{"@id":"https:\/\/kinamihealth.com\/#\/schema\/logo\/image\/"}}]}},"_links":{"self":[{"href":"https:\/\/kinamihealth.com\/sv\/wp-json\/wp\/v2\/product\/119139","targetHints":{"allow":["GET"]}}],"collection":[{"href":"https:\/\/kinamihealth.com\/sv\/wp-json\/wp\/v2\/product"}],"about":[{"href":"https:\/\/kinamihealth.com\/sv\/wp-json\/wp\/v2\/types\/product"}],"replies":[{"embeddable":true,"href":"https:\/\/kinamihealth.com\/sv\/wp-json\/wp\/v2\/comments?post=119139"}],"version-history":[{"count":0,"href":"https:\/\/kinamihealth.com\/sv\/wp-json\/wp\/v2\/product\/119139\/revisions"}],"wp:featuredmedia":[{"embeddable":true,"href":"https:\/\/kinamihealth.com\/sv\/wp-json\/wp\/v2\/media\/119140"}],"wp:attachment":[{"href":"https:\/\/kinamihealth.com\/sv\/wp-json\/wp\/v2\/media?parent=119139"}],"wp:term":[{"taxonomy":"product_brand","embeddable":true,"href":"https:\/\/kinamihealth.com\/sv\/wp-json\/wp\/v2\/product_brand?post=119139"},{"taxonomy":"product_cat","embeddable":true,"href":"https:\/\/kinamihealth.com\/sv\/wp-json\/wp\/v2\/product_cat?post=119139"},{"taxonomy":"product_tag","embeddable":true,"href":"https:\/\/kinamihealth.com\/sv\/wp-json\/wp\/v2\/product_tag?post=119139"}],"curies":[{"name":"wp","href":"https:\/\/api.w.org\/{rel}","templated":true}]}}