{"id":119099,"date":"2025-02-15T16:56:00","date_gmt":"2025-02-15T16:56:00","guid":{"rendered":"https:\/\/kinamihealth.com\/product\/karisma-rh-collagen-softfiller-biorestitutivo-face\/"},"modified":"2025-12-06T14:47:40","modified_gmt":"2025-12-06T14:47:40","slug":"karisma-rh-collagen-softfiller-biorestitutivo-face","status":"publish","type":"product","link":"https:\/\/kinamihealth.com\/sv\/produkt\/karisma-rh-collagen-softfiller-biorestitutivo-face\/","title":{"rendered":"KARISMA RH COLLAGEN SOFTFILLER BIORESTITUTIVO FACE"},"content":{"rendered":"<p><span style=\"font-weight: 400;\">Karisma Face Rh Collagen \u00e4r <\/span><b>en innovativ bio-restitutiv mjuk filler<\/b><span style=\"font-weight: 400;\"> utformad f\u00f6r att \u00e5terst\u00e4lla hudens fasthet och elasticitet. Den best\u00e5r av <\/span><b>rekombinant humant kollagen<\/b><span style=\"font-weight: 400;\"> (Rh Collagen), h\u00f6gmolekyl\u00e4r <\/span><b>hyaluronsyra<\/b><span style=\"font-weight: 400;\"> och <\/span><b>karboximetylcellulosa<\/b><span style=\"font-weight: 400;\"> och motverkar \u00e5lderstecken genom att fr\u00e4mja <\/span><b>produktionen av typ I-kollagen<\/b><span style=\"font-weight: 400;\"> i humana fibroblaster. K\u00f6p Karisma Face Rh Collagen i <strong>Kinami Health<\/strong><\/span><b><i>-butiken<\/i><\/b> <span style=\"font-weight: 400;\">och njut av f\u00f6rdelarna med \u00e4kta, h\u00f6gkvalitativa och effektiva produkter.<\/span><\/p>\n","protected":false},"excerpt":{"rendered":"<p>Karisma Face Rh Collagen \u00e4r en innovativ bio-restitutiv mjuk filler utformad f\u00f6r att \u00e5terst\u00e4lla hudens fasthet och elasticitet. Den best\u00e5r av rekombinant humant kollagen (Rh Collagen), h\u00f6gmolekyl\u00e4r hyaluronsyra och karboximetylcellulosa och motverkar \u00e5lderstecken genom att fr\u00e4mja produktionen av typ I-kollagen i humana fibroblaster. K\u00f6p Karisma Face Rh Collagen i Kinami Health-butiken och njut av f\u00f6rdelarna [&hellip;]<\/p>\n","protected":false},"featured_media":119100,"comment_status":"closed","ping_status":"closed","template":"","meta":{"_acf_changed":false,"inline_featured_image":false},"product_brand":[3154],"product_cat":[3509,3260],"product_tag":[3256],"class_list":{"0":"post-119099","1":"product","2":"type-product","3":"status-publish","4":"has-post-thumbnail","6":"product_brand-karisma","7":"product_cat-biostimulators-sv","8":"product_cat-dermal-fillers-sv","9":"product_tag-medical-devices-sv","11":"first","12":"instock","13":"taxable","14":"shipping-taxable","15":"purchasable","16":"product-type-simple","17":"add-to-wishlist-before_image"},"acf":[],"yoast_head":"<!-- This site is optimized with the Yoast SEO plugin v27.3 - https:\/\/yoast.com\/product\/yoast-seo-wordpress\/ -->\n<title>K\u00f6p Karisma Face Rh Collagen online \u2013 avancerad hudregenererande filler<\/title>\n<meta name=\"description\" content=\"K\u00f6p Karisma Face Rh Collagen online \u2013 en bio-\u00e5terst\u00e4llande mjuk filler utformad f\u00f6r att \u00e5terst\u00e4lla hudens elasticitet och fasthet. Best\u00e4ll nu i Kinami Health-butiken!\" \/>\n<meta name=\"robots\" content=\"index, follow, max-snippet:-1, max-image-preview:large, max-video-preview:-1\" \/>\n<link rel=\"canonical\" href=\"https:\/\/kinamihealth.com\/sv\/wp-json\/wp\/v2\/product\/119099\" \/>\n<meta property=\"og:locale\" content=\"sv_SE\" \/>\n<meta property=\"og:type\" content=\"article\" \/>\n<meta property=\"og:title\" content=\"K\u00f6p Karisma Face Rh Collagen online \u2013 avancerad hudregenererande filler\" \/>\n<meta property=\"og:description\" content=\"K\u00f6p Karisma Face Rh Collagen online \u2013 en bio-\u00e5terst\u00e4llande mjuk filler utformad f\u00f6r att \u00e5terst\u00e4lla hudens elasticitet och fasthet. Best\u00e4ll nu i Kinami Health-butiken!\" \/>\n<meta property=\"og:url\" content=\"https:\/\/kinamihealth.com\/sv\/produkt\/karisma-rh-collagen-softfiller-biorestitutivo-face\/\" \/>\n<meta property=\"og:site_name\" content=\"Kinami Health\" \/>\n<meta property=\"article:modified_time\" content=\"2025-12-06T14:47:40+00:00\" \/>\n<meta property=\"og:image\" content=\"https:\/\/kinamihealth.com\/wp-content\/uploads\/2025\/02\/KARISMA-SOFTFILLER-FACE-04.jpg\" \/>\n\t<meta property=\"og:image:width\" content=\"800\" \/>\n\t<meta property=\"og:image:height\" content=\"800\" \/>\n\t<meta property=\"og:image:type\" content=\"image\/jpeg\" \/>\n<meta name=\"twitter:card\" content=\"summary_large_image\" \/>\n<meta name=\"twitter:label1\" content=\"Ber\u00e4knad l\u00e4stid\" \/>\n\t<meta name=\"twitter:data1\" content=\"1 minut\" \/>\n<!-- \/ Yoast SEO plugin. -->","yoast_head_json":{"title":"K\u00f6p Karisma Face Rh Collagen online \u2013 avancerad hudregenererande filler","description":"K\u00f6p Karisma Face Rh Collagen online \u2013 en bio-\u00e5terst\u00e4llande mjuk filler utformad f\u00f6r att \u00e5terst\u00e4lla hudens elasticitet och fasthet. Best\u00e4ll nu i Kinami Health-butiken!","robots":{"index":"index","follow":"follow","max-snippet":"max-snippet:-1","max-image-preview":"max-image-preview:large","max-video-preview":"max-video-preview:-1"},"canonical":"https:\/\/kinamihealth.com\/sv\/wp-json\/wp\/v2\/product\/119099","og_locale":"sv_SE","og_type":"article","og_title":"K\u00f6p Karisma Face Rh Collagen online \u2013 avancerad hudregenererande filler","og_description":"K\u00f6p Karisma Face Rh Collagen online \u2013 en bio-\u00e5terst\u00e4llande mjuk filler utformad f\u00f6r att \u00e5terst\u00e4lla hudens elasticitet och fasthet. Best\u00e4ll nu i Kinami Health-butiken!","og_url":"https:\/\/kinamihealth.com\/sv\/produkt\/karisma-rh-collagen-softfiller-biorestitutivo-face\/","og_site_name":"Kinami Health","article_modified_time":"2025-12-06T14:47:40+00:00","og_image":[{"width":800,"height":800,"url":"https:\/\/kinamihealth.com\/wp-content\/uploads\/2025\/02\/KARISMA-SOFTFILLER-FACE-04.jpg","type":"image\/jpeg"}],"twitter_card":"summary_large_image","twitter_misc":{"Ber\u00e4knad l\u00e4stid":"1 minut"},"schema":{"@context":"https:\/\/schema.org","@graph":[{"@type":"WebPage","@id":"https:\/\/kinamihealth.com\/sv\/produkt\/karisma-rh-collagen-softfiller-biorestitutivo-face\/","url":"https:\/\/kinamihealth.com\/sv\/produkt\/karisma-rh-collagen-softfiller-biorestitutivo-face\/","name":"K\u00f6p Karisma Face Rh Collagen online \u2013 avancerad hudregenererande filler","isPartOf":{"@id":"https:\/\/kinamihealth.com\/#website"},"primaryImageOfPage":{"@id":"https:\/\/kinamihealth.com\/sv\/produkt\/karisma-rh-collagen-softfiller-biorestitutivo-face\/#primaryimage"},"image":{"@id":"https:\/\/kinamihealth.com\/sv\/produkt\/karisma-rh-collagen-softfiller-biorestitutivo-face\/#primaryimage"},"thumbnailUrl":"https:\/\/kinamihealth.com\/wp-content\/uploads\/2025\/02\/KARISMA-SOFTFILLER-FACE-04.jpg","datePublished":"2025-02-15T16:56:00+00:00","dateModified":"2025-12-06T14:47:40+00:00","description":"K\u00f6p Karisma Face Rh Collagen online \u2013 en bio-\u00e5terst\u00e4llande mjuk filler utformad f\u00f6r att \u00e5terst\u00e4lla hudens elasticitet och fasthet. Best\u00e4ll nu i Kinami Health-butiken!","breadcrumb":{"@id":"https:\/\/kinamihealth.com\/sv\/produkt\/karisma-rh-collagen-softfiller-biorestitutivo-face\/#breadcrumb"},"inLanguage":"sv-SE","potentialAction":[{"@type":"ReadAction","target":["https:\/\/kinamihealth.com\/sv\/produkt\/karisma-rh-collagen-softfiller-biorestitutivo-face\/"]}]},{"@type":"ImageObject","inLanguage":"sv-SE","@id":"https:\/\/kinamihealth.com\/sv\/produkt\/karisma-rh-collagen-softfiller-biorestitutivo-face\/#primaryimage","url":"https:\/\/kinamihealth.com\/wp-content\/uploads\/2025\/02\/KARISMA-SOFTFILLER-FACE-04.jpg","contentUrl":"https:\/\/kinamihealth.com\/wp-content\/uploads\/2025\/02\/KARISMA-SOFTFILLER-FACE-04.jpg","width":800,"height":800},{"@type":"BreadcrumbList","@id":"https:\/\/kinamihealth.com\/sv\/produkt\/karisma-rh-collagen-softfiller-biorestitutivo-face\/#breadcrumb","itemListElement":[{"@type":"ListItem","position":1,"name":"Hem","item":"https:\/\/kinamihealth.com\/sr\/"},{"@type":"ListItem","position":2,"name":"Butik","item":"https:\/\/kinamihealth.com\/sv\/?page_id=127810"},{"@type":"ListItem","position":3,"name":"KARISMA RH COLLAGEN SOFTFILLER BIORESTITUTIVO FACE"}]},{"@type":"WebSite","@id":"https:\/\/kinamihealth.com\/#website","url":"https:\/\/kinamihealth.com\/","name":"Kinami Health","description":"","publisher":{"@id":"https:\/\/kinamihealth.com\/#organization"},"potentialAction":[{"@type":"SearchAction","target":{"@type":"EntryPoint","urlTemplate":"https:\/\/kinamihealth.com\/?s={search_term_string}"},"query-input":{"@type":"PropertyValueSpecification","valueRequired":true,"valueName":"search_term_string"}}],"inLanguage":"sv-SE"},{"@type":"Organization","@id":"https:\/\/kinamihealth.com\/#organization","name":"Kinami Health","url":"https:\/\/kinamihealth.com\/","logo":{"@type":"ImageObject","inLanguage":"sv-SE","@id":"https:\/\/kinamihealth.com\/#\/schema\/logo\/image\/","url":"https:\/\/kinamihealth.com\/wp-content\/uploads\/2025\/01\/KH_logo_black_2-1.png","contentUrl":"https:\/\/kinamihealth.com\/wp-content\/uploads\/2025\/01\/KH_logo_black_2-1.png","width":339,"height":34,"caption":"Kinami Health"},"image":{"@id":"https:\/\/kinamihealth.com\/#\/schema\/logo\/image\/"}}]}},"_links":{"self":[{"href":"https:\/\/kinamihealth.com\/sv\/wp-json\/wp\/v2\/product\/119099","targetHints":{"allow":["GET"]}}],"collection":[{"href":"https:\/\/kinamihealth.com\/sv\/wp-json\/wp\/v2\/product"}],"about":[{"href":"https:\/\/kinamihealth.com\/sv\/wp-json\/wp\/v2\/types\/product"}],"replies":[{"embeddable":true,"href":"https:\/\/kinamihealth.com\/sv\/wp-json\/wp\/v2\/comments?post=119099"}],"version-history":[{"count":0,"href":"https:\/\/kinamihealth.com\/sv\/wp-json\/wp\/v2\/product\/119099\/revisions"}],"wp:featuredmedia":[{"embeddable":true,"href":"https:\/\/kinamihealth.com\/sv\/wp-json\/wp\/v2\/media\/119100"}],"wp:attachment":[{"href":"https:\/\/kinamihealth.com\/sv\/wp-json\/wp\/v2\/media?parent=119099"}],"wp:term":[{"taxonomy":"product_brand","embeddable":true,"href":"https:\/\/kinamihealth.com\/sv\/wp-json\/wp\/v2\/product_brand?post=119099"},{"taxonomy":"product_cat","embeddable":true,"href":"https:\/\/kinamihealth.com\/sv\/wp-json\/wp\/v2\/product_cat?post=119099"},{"taxonomy":"product_tag","embeddable":true,"href":"https:\/\/kinamihealth.com\/sv\/wp-json\/wp\/v2\/product_tag?post=119099"}],"curies":[{"name":"wp","href":"https:\/\/api.w.org\/{rel}","templated":true}]}}