{"id":119097,"date":"2025-03-11T18:14:46","date_gmt":"2025-03-11T18:14:46","guid":{"rendered":"https:\/\/kinamihealth.com\/product\/lanluma-v\/"},"modified":"2025-12-06T14:56:57","modified_gmt":"2025-12-06T14:56:57","slug":"lanluma-v","status":"publish","type":"product","link":"https:\/\/kinamihealth.com\/sv\/produkt\/lanluma-v\/","title":{"rendered":"LANLUMA\u00ae V"},"content":{"rendered":"<p><span style=\"font-weight: 400;\">Lanluma V \u00e4r en <\/span><b>innovativ injicerbar behandling<\/b><span style=\"font-weight: 400;\"> utformad f\u00f6r att \u00f6ka volymen och stimulera kollagenproduktionen. Det \u00e4r en <\/span><b>biostimulator baserad p\u00e5 poly-L-mj\u00f6lksyra (PLLA)<\/b><span style=\"font-weight: 400;\"> som gradvis f\u00f6rb\u00e4ttrar <\/span><b>hudens struktur, elasticitet och fasthet<\/b><span style=\"font-weight: 400;\">. Professionella kliniker som vill <\/span><b>k\u00f6pa Lanluma V<\/b><span style=\"font-weight: 400;\"> kan hitta den hos Kinami Health<\/span><b><i>\u00a0shop<\/i><\/b><span style=\"font-weight: 400;\">, en p\u00e5litlig leverant\u00f6r av medicinska estetiska produkter.<\/span><\/p>\n","protected":false},"excerpt":{"rendered":"<p>Lanluma V \u00e4r en innovativ injicerbar behandling utformad f\u00f6r att \u00f6ka volymen och stimulera kollagenproduktionen. Det \u00e4r en biostimulator baserad p\u00e5 poly-L-mj\u00f6lksyra (PLLA) som gradvis f\u00f6rb\u00e4ttrar hudens struktur, elasticitet och fasthet. Professionella kliniker som vill k\u00f6pa Lanluma V kan hitta den hos Kinami Health\u00a0shop, en p\u00e5litlig leverant\u00f6r av medicinska estetiska produkter.<\/p>\n","protected":false},"featured_media":119098,"comment_status":"closed","ping_status":"closed","template":"","meta":{"_acf_changed":false,"inline_featured_image":false},"product_brand":[3155],"product_cat":[3260],"product_tag":[3256],"class_list":{"0":"post-119097","1":"product","2":"type-product","3":"status-publish","4":"has-post-thumbnail","6":"product_brand-lanluma","7":"product_cat-dermal-fillers-sv","8":"product_tag-medical-devices-sv","10":"first","11":"instock","12":"taxable","13":"shipping-taxable","14":"purchasable","15":"product-type-simple","16":"add-to-wishlist-before_image"},"acf":[],"yoast_head":"<!-- This site is optimized with the Yoast SEO plugin v27.3 - https:\/\/yoast.com\/product\/yoast-seo-wordpress\/ -->\n<title>K\u00f6p Lanluma V online \u2013 s\u00e4ker och effektiv kollagenstimulering<\/title>\n<meta name=\"description\" content=\"K\u00f6p Lanluma V online f\u00f6r att \u00f6ka hudens volym och stimulera kollagenproduktionen med denna l\u00e5ngvariga PLLA-injektion. Snabb leverans fr\u00e5n Kinami Health.\" \/>\n<meta name=\"robots\" content=\"index, follow, max-snippet:-1, max-image-preview:large, max-video-preview:-1\" \/>\n<link rel=\"canonical\" href=\"https:\/\/kinamihealth.com\/sv\/wp-json\/wp\/v2\/product\/119097\" \/>\n<meta property=\"og:locale\" content=\"sv_SE\" \/>\n<meta property=\"og:type\" content=\"article\" \/>\n<meta property=\"og:title\" content=\"K\u00f6p Lanluma V online \u2013 s\u00e4ker och effektiv kollagenstimulering\" \/>\n<meta property=\"og:description\" content=\"K\u00f6p Lanluma V online f\u00f6r att \u00f6ka hudens volym och stimulera kollagenproduktionen med denna l\u00e5ngvariga PLLA-injektion. Snabb leverans fr\u00e5n Kinami Health.\" \/>\n<meta property=\"og:url\" content=\"https:\/\/kinamihealth.com\/sv\/produkt\/lanluma-v\/\" \/>\n<meta property=\"og:site_name\" content=\"Kinami Health\" \/>\n<meta property=\"article:modified_time\" content=\"2025-12-06T14:56:57+00:00\" \/>\n<meta property=\"og:image\" content=\"https:\/\/kinamihealth.com\/wp-content\/uploads\/2025\/03\/LANLUMA\u00ae-V.jpg\" \/>\n\t<meta property=\"og:image:width\" content=\"800\" \/>\n\t<meta property=\"og:image:height\" content=\"800\" \/>\n\t<meta property=\"og:image:type\" content=\"image\/jpeg\" \/>\n<meta name=\"twitter:card\" content=\"summary_large_image\" \/>\n<meta name=\"twitter:label1\" content=\"Ber\u00e4knad l\u00e4stid\" \/>\n\t<meta name=\"twitter:data1\" content=\"1 minut\" \/>\n<!-- \/ Yoast SEO plugin. -->","yoast_head_json":{"title":"K\u00f6p Lanluma V online \u2013 s\u00e4ker och effektiv kollagenstimulering","description":"K\u00f6p Lanluma V online f\u00f6r att \u00f6ka hudens volym och stimulera kollagenproduktionen med denna l\u00e5ngvariga PLLA-injektion. Snabb leverans fr\u00e5n Kinami Health.","robots":{"index":"index","follow":"follow","max-snippet":"max-snippet:-1","max-image-preview":"max-image-preview:large","max-video-preview":"max-video-preview:-1"},"canonical":"https:\/\/kinamihealth.com\/sv\/wp-json\/wp\/v2\/product\/119097","og_locale":"sv_SE","og_type":"article","og_title":"K\u00f6p Lanluma V online \u2013 s\u00e4ker och effektiv kollagenstimulering","og_description":"K\u00f6p Lanluma V online f\u00f6r att \u00f6ka hudens volym och stimulera kollagenproduktionen med denna l\u00e5ngvariga PLLA-injektion. Snabb leverans fr\u00e5n Kinami Health.","og_url":"https:\/\/kinamihealth.com\/sv\/produkt\/lanluma-v\/","og_site_name":"Kinami Health","article_modified_time":"2025-12-06T14:56:57+00:00","og_image":[{"width":800,"height":800,"url":"https:\/\/kinamihealth.com\/wp-content\/uploads\/2025\/03\/LANLUMA\u00ae-V.jpg","type":"image\/jpeg"}],"twitter_card":"summary_large_image","twitter_misc":{"Ber\u00e4knad l\u00e4stid":"1 minut"},"schema":{"@context":"https:\/\/schema.org","@graph":[{"@type":"WebPage","@id":"https:\/\/kinamihealth.com\/sv\/produkt\/lanluma-v\/","url":"https:\/\/kinamihealth.com\/sv\/produkt\/lanluma-v\/","name":"K\u00f6p Lanluma V online \u2013 s\u00e4ker och effektiv kollagenstimulering","isPartOf":{"@id":"https:\/\/kinamihealth.com\/#website"},"primaryImageOfPage":{"@id":"https:\/\/kinamihealth.com\/sv\/produkt\/lanluma-v\/#primaryimage"},"image":{"@id":"https:\/\/kinamihealth.com\/sv\/produkt\/lanluma-v\/#primaryimage"},"thumbnailUrl":"https:\/\/kinamihealth.com\/wp-content\/uploads\/2025\/03\/LANLUMA\u00ae-V.jpg","datePublished":"2025-03-11T18:14:46+00:00","dateModified":"2025-12-06T14:56:57+00:00","description":"K\u00f6p Lanluma V online f\u00f6r att \u00f6ka hudens volym och stimulera kollagenproduktionen med denna l\u00e5ngvariga PLLA-injektion. Snabb leverans fr\u00e5n Kinami Health.","breadcrumb":{"@id":"https:\/\/kinamihealth.com\/sv\/produkt\/lanluma-v\/#breadcrumb"},"inLanguage":"sv-SE","potentialAction":[{"@type":"ReadAction","target":["https:\/\/kinamihealth.com\/sv\/produkt\/lanluma-v\/"]}]},{"@type":"ImageObject","inLanguage":"sv-SE","@id":"https:\/\/kinamihealth.com\/sv\/produkt\/lanluma-v\/#primaryimage","url":"https:\/\/kinamihealth.com\/wp-content\/uploads\/2025\/03\/LANLUMA\u00ae-V.jpg","contentUrl":"https:\/\/kinamihealth.com\/wp-content\/uploads\/2025\/03\/LANLUMA\u00ae-V.jpg","width":800,"height":800},{"@type":"BreadcrumbList","@id":"https:\/\/kinamihealth.com\/sv\/produkt\/lanluma-v\/#breadcrumb","itemListElement":[{"@type":"ListItem","position":1,"name":"Hem","item":"https:\/\/kinamihealth.com\/sr\/"},{"@type":"ListItem","position":2,"name":"Butik","item":"https:\/\/kinamihealth.com\/sv\/?page_id=127810"},{"@type":"ListItem","position":3,"name":"LANLUMA\u00ae V"}]},{"@type":"WebSite","@id":"https:\/\/kinamihealth.com\/#website","url":"https:\/\/kinamihealth.com\/","name":"Kinami Health","description":"","publisher":{"@id":"https:\/\/kinamihealth.com\/#organization"},"potentialAction":[{"@type":"SearchAction","target":{"@type":"EntryPoint","urlTemplate":"https:\/\/kinamihealth.com\/?s={search_term_string}"},"query-input":{"@type":"PropertyValueSpecification","valueRequired":true,"valueName":"search_term_string"}}],"inLanguage":"sv-SE"},{"@type":"Organization","@id":"https:\/\/kinamihealth.com\/#organization","name":"Kinami Health","url":"https:\/\/kinamihealth.com\/","logo":{"@type":"ImageObject","inLanguage":"sv-SE","@id":"https:\/\/kinamihealth.com\/#\/schema\/logo\/image\/","url":"https:\/\/kinamihealth.com\/wp-content\/uploads\/2025\/01\/KH_logo_black_2-1.png","contentUrl":"https:\/\/kinamihealth.com\/wp-content\/uploads\/2025\/01\/KH_logo_black_2-1.png","width":339,"height":34,"caption":"Kinami Health"},"image":{"@id":"https:\/\/kinamihealth.com\/#\/schema\/logo\/image\/"}}]}},"_links":{"self":[{"href":"https:\/\/kinamihealth.com\/sv\/wp-json\/wp\/v2\/product\/119097","targetHints":{"allow":["GET"]}}],"collection":[{"href":"https:\/\/kinamihealth.com\/sv\/wp-json\/wp\/v2\/product"}],"about":[{"href":"https:\/\/kinamihealth.com\/sv\/wp-json\/wp\/v2\/types\/product"}],"replies":[{"embeddable":true,"href":"https:\/\/kinamihealth.com\/sv\/wp-json\/wp\/v2\/comments?post=119097"}],"version-history":[{"count":0,"href":"https:\/\/kinamihealth.com\/sv\/wp-json\/wp\/v2\/product\/119097\/revisions"}],"wp:featuredmedia":[{"embeddable":true,"href":"https:\/\/kinamihealth.com\/sv\/wp-json\/wp\/v2\/media\/119098"}],"wp:attachment":[{"href":"https:\/\/kinamihealth.com\/sv\/wp-json\/wp\/v2\/media?parent=119097"}],"wp:term":[{"taxonomy":"product_brand","embeddable":true,"href":"https:\/\/kinamihealth.com\/sv\/wp-json\/wp\/v2\/product_brand?post=119097"},{"taxonomy":"product_cat","embeddable":true,"href":"https:\/\/kinamihealth.com\/sv\/wp-json\/wp\/v2\/product_cat?post=119097"},{"taxonomy":"product_tag","embeddable":true,"href":"https:\/\/kinamihealth.com\/sv\/wp-json\/wp\/v2\/product_tag?post=119097"}],"curies":[{"name":"wp","href":"https:\/\/api.w.org\/{rel}","templated":true}]}}