{"id":119095,"date":"2025-02-15T16:56:01","date_gmt":"2025-02-15T16:56:01","guid":{"rendered":"https:\/\/kinamihealth.com\/product\/lemonbottle-ampoule-solution-10ml\/"},"modified":"2025-12-06T15:25:03","modified_gmt":"2025-12-06T15:25:03","slug":"lemonbottle-ampoule-solution-10ml","status":"publish","type":"product","link":"https:\/\/kinamihealth.com\/sv\/produkt\/lemonbottle-ampoule-solution-10ml\/","title":{"rendered":"LEMONBOTTLE AMPOULE SOLUTION 10ml"},"content":{"rendered":"<p><span style=\"font-weight: 400;\">Lemonbottle Ampoule Solution \u00e4r en innovativ <\/span><b>fettuppl\u00f6sande injicerbara<\/b><span style=\"font-weight: 400;\"> l\u00f6sning utvecklad f\u00f6r medicinsk personal som s\u00f6ker en <\/span><b>icke-invasiv<\/b><span style=\"font-weight: 400;\"> behandling f\u00f6r kroppskonturering och ansiktsbantning. Denna avancerade formula \u00e4r <\/span><b>v\u00e4xtbaserad<\/b><span style=\"font-weight: 400;\">, vilket eliminerar behovet av fosfatidylkolin och deoxikolsyra, vilket g\u00f6r den till ett mildare men \u00e4nd\u00e5 effektivt alternativ till traditionella fettuppl\u00f6sande injektioner. <\/span><b><i>Bes\u00f6k Kinami Health onlinebutik<\/i><\/b><span style=\"font-weight: 400;\"> och k\u00f6p Lemonbottle Ampoule Solution<\/span> <span style=\"font-weight: 400;\">fr\u00e5n en p\u00e5litlig leverant\u00f6r av h\u00f6gkvalitativa estetiska produkter.<\/span><\/p>\n","protected":false},"excerpt":{"rendered":"<p>Lemonbottle Ampoule Solution \u00e4r en innovativ fettuppl\u00f6sande injicerbara l\u00f6sning utvecklad f\u00f6r medicinsk personal som s\u00f6ker en icke-invasiv behandling f\u00f6r kroppskonturering och ansiktsbantning. Denna avancerade formula \u00e4r v\u00e4xtbaserad, vilket eliminerar behovet av fosfatidylkolin och deoxikolsyra, vilket g\u00f6r den till ett mildare men \u00e4nd\u00e5 effektivt alternativ till traditionella fettuppl\u00f6sande injektioner. Bes\u00f6k Kinami Health onlinebutik och k\u00f6p Lemonbottle [&hellip;]<\/p>\n","protected":false},"featured_media":119096,"comment_status":"closed","ping_status":"closed","template":"","meta":{"_acf_changed":false,"inline_featured_image":false},"product_brand":[3156],"product_cat":[3284],"product_tag":[3256],"class_list":{"0":"post-119095","1":"product","2":"type-product","3":"status-publish","4":"has-post-thumbnail","6":"product_brand-lemonbottle","7":"product_cat-mesotherapy-sv","8":"product_tag-medical-devices-sv","10":"first","11":"instock","12":"taxable","13":"shipping-taxable","14":"purchasable","15":"product-type-simple","16":"add-to-wishlist-before_image"},"acf":[],"yoast_head":"<!-- This site is optimized with the Yoast SEO plugin v27.3 - https:\/\/yoast.com\/product\/yoast-seo-wordpress\/ -->\n<title>K\u00f6p Lemonbottle Ampoule Solution online \u2013 fettuppl\u00f6sande injektioner<\/title>\n<meta name=\"description\" content=\"K\u00f6p Lemonbottle Ampoule Solution online f\u00f6r professionella fettuppl\u00f6sande behandlingar. V\u00e4xtbaserad och effektiv f\u00f6r kroppskonturering hos Kinami Health.\" \/>\n<meta name=\"robots\" content=\"index, follow, max-snippet:-1, max-image-preview:large, max-video-preview:-1\" \/>\n<link rel=\"canonical\" href=\"https:\/\/kinamihealth.com\/sv\/wp-json\/wp\/v2\/product\/119095\" \/>\n<meta property=\"og:locale\" content=\"sv_SE\" \/>\n<meta property=\"og:type\" content=\"article\" \/>\n<meta property=\"og:title\" content=\"K\u00f6p Lemonbottle Ampoule Solution online \u2013 fettuppl\u00f6sande injektioner\" \/>\n<meta property=\"og:description\" content=\"K\u00f6p Lemonbottle Ampoule Solution online f\u00f6r professionella fettuppl\u00f6sande behandlingar. V\u00e4xtbaserad och effektiv f\u00f6r kroppskonturering hos Kinami Health.\" \/>\n<meta property=\"og:url\" content=\"https:\/\/kinamihealth.com\/sv\/produkt\/lemonbottle-ampoule-solution-10ml\/\" \/>\n<meta property=\"og:site_name\" content=\"Kinami Health\" \/>\n<meta property=\"article:modified_time\" content=\"2025-12-06T15:25:03+00:00\" \/>\n<meta property=\"og:image\" content=\"https:\/\/kinamihealth.com\/wp-content\/uploads\/2025\/02\/LEMONBOTTLE-Lipolysis_EN_Page_01_Image_0001.webp\" \/>\n\t<meta property=\"og:image:width\" content=\"1440\" \/>\n\t<meta property=\"og:image:height\" content=\"1080\" \/>\n\t<meta property=\"og:image:type\" content=\"image\/webp\" \/>\n<meta name=\"twitter:card\" content=\"summary_large_image\" \/>\n<meta name=\"twitter:label1\" content=\"Ber\u00e4knad l\u00e4stid\" \/>\n\t<meta name=\"twitter:data1\" content=\"1 minut\" \/>\n<!-- \/ Yoast SEO plugin. -->","yoast_head_json":{"title":"K\u00f6p Lemonbottle Ampoule Solution online \u2013 fettuppl\u00f6sande injektioner","description":"K\u00f6p Lemonbottle Ampoule Solution online f\u00f6r professionella fettuppl\u00f6sande behandlingar. V\u00e4xtbaserad och effektiv f\u00f6r kroppskonturering hos Kinami Health.","robots":{"index":"index","follow":"follow","max-snippet":"max-snippet:-1","max-image-preview":"max-image-preview:large","max-video-preview":"max-video-preview:-1"},"canonical":"https:\/\/kinamihealth.com\/sv\/wp-json\/wp\/v2\/product\/119095","og_locale":"sv_SE","og_type":"article","og_title":"K\u00f6p Lemonbottle Ampoule Solution online \u2013 fettuppl\u00f6sande injektioner","og_description":"K\u00f6p Lemonbottle Ampoule Solution online f\u00f6r professionella fettuppl\u00f6sande behandlingar. V\u00e4xtbaserad och effektiv f\u00f6r kroppskonturering hos Kinami Health.","og_url":"https:\/\/kinamihealth.com\/sv\/produkt\/lemonbottle-ampoule-solution-10ml\/","og_site_name":"Kinami Health","article_modified_time":"2025-12-06T15:25:03+00:00","og_image":[{"width":1440,"height":1080,"url":"https:\/\/kinamihealth.com\/wp-content\/uploads\/2025\/02\/LEMONBOTTLE-Lipolysis_EN_Page_01_Image_0001.webp","type":"image\/webp"}],"twitter_card":"summary_large_image","twitter_misc":{"Ber\u00e4knad l\u00e4stid":"1 minut"},"schema":{"@context":"https:\/\/schema.org","@graph":[{"@type":"WebPage","@id":"https:\/\/kinamihealth.com\/sv\/produkt\/lemonbottle-ampoule-solution-10ml\/","url":"https:\/\/kinamihealth.com\/sv\/produkt\/lemonbottle-ampoule-solution-10ml\/","name":"K\u00f6p Lemonbottle Ampoule Solution online \u2013 fettuppl\u00f6sande injektioner","isPartOf":{"@id":"https:\/\/kinamihealth.com\/#website"},"primaryImageOfPage":{"@id":"https:\/\/kinamihealth.com\/sv\/produkt\/lemonbottle-ampoule-solution-10ml\/#primaryimage"},"image":{"@id":"https:\/\/kinamihealth.com\/sv\/produkt\/lemonbottle-ampoule-solution-10ml\/#primaryimage"},"thumbnailUrl":"https:\/\/kinamihealth.com\/wp-content\/uploads\/2025\/02\/LEMONBOTTLE-Lipolysis_EN_Page_01_Image_0001.webp","datePublished":"2025-02-15T16:56:01+00:00","dateModified":"2025-12-06T15:25:03+00:00","description":"K\u00f6p Lemonbottle Ampoule Solution online f\u00f6r professionella fettuppl\u00f6sande behandlingar. V\u00e4xtbaserad och effektiv f\u00f6r kroppskonturering hos Kinami Health.","breadcrumb":{"@id":"https:\/\/kinamihealth.com\/sv\/produkt\/lemonbottle-ampoule-solution-10ml\/#breadcrumb"},"inLanguage":"sv-SE","potentialAction":[{"@type":"ReadAction","target":["https:\/\/kinamihealth.com\/sv\/produkt\/lemonbottle-ampoule-solution-10ml\/"]}]},{"@type":"ImageObject","inLanguage":"sv-SE","@id":"https:\/\/kinamihealth.com\/sv\/produkt\/lemonbottle-ampoule-solution-10ml\/#primaryimage","url":"https:\/\/kinamihealth.com\/wp-content\/uploads\/2025\/02\/LEMONBOTTLE-Lipolysis_EN_Page_01_Image_0001.webp","contentUrl":"https:\/\/kinamihealth.com\/wp-content\/uploads\/2025\/02\/LEMONBOTTLE-Lipolysis_EN_Page_01_Image_0001.webp","width":1440,"height":1080},{"@type":"BreadcrumbList","@id":"https:\/\/kinamihealth.com\/sv\/produkt\/lemonbottle-ampoule-solution-10ml\/#breadcrumb","itemListElement":[{"@type":"ListItem","position":1,"name":"Hem","item":"https:\/\/kinamihealth.com\/sr\/"},{"@type":"ListItem","position":2,"name":"Butik","item":"https:\/\/kinamihealth.com\/sv\/?page_id=127810"},{"@type":"ListItem","position":3,"name":"LEMONBOTTLE AMPOULE SOLUTION 10ml"}]},{"@type":"WebSite","@id":"https:\/\/kinamihealth.com\/#website","url":"https:\/\/kinamihealth.com\/","name":"Kinami Health","description":"","publisher":{"@id":"https:\/\/kinamihealth.com\/#organization"},"potentialAction":[{"@type":"SearchAction","target":{"@type":"EntryPoint","urlTemplate":"https:\/\/kinamihealth.com\/?s={search_term_string}"},"query-input":{"@type":"PropertyValueSpecification","valueRequired":true,"valueName":"search_term_string"}}],"inLanguage":"sv-SE"},{"@type":"Organization","@id":"https:\/\/kinamihealth.com\/#organization","name":"Kinami Health","url":"https:\/\/kinamihealth.com\/","logo":{"@type":"ImageObject","inLanguage":"sv-SE","@id":"https:\/\/kinamihealth.com\/#\/schema\/logo\/image\/","url":"https:\/\/kinamihealth.com\/wp-content\/uploads\/2025\/01\/KH_logo_black_2-1.png","contentUrl":"https:\/\/kinamihealth.com\/wp-content\/uploads\/2025\/01\/KH_logo_black_2-1.png","width":339,"height":34,"caption":"Kinami Health"},"image":{"@id":"https:\/\/kinamihealth.com\/#\/schema\/logo\/image\/"}}]}},"_links":{"self":[{"href":"https:\/\/kinamihealth.com\/sv\/wp-json\/wp\/v2\/product\/119095","targetHints":{"allow":["GET"]}}],"collection":[{"href":"https:\/\/kinamihealth.com\/sv\/wp-json\/wp\/v2\/product"}],"about":[{"href":"https:\/\/kinamihealth.com\/sv\/wp-json\/wp\/v2\/types\/product"}],"replies":[{"embeddable":true,"href":"https:\/\/kinamihealth.com\/sv\/wp-json\/wp\/v2\/comments?post=119095"}],"version-history":[{"count":0,"href":"https:\/\/kinamihealth.com\/sv\/wp-json\/wp\/v2\/product\/119095\/revisions"}],"wp:featuredmedia":[{"embeddable":true,"href":"https:\/\/kinamihealth.com\/sv\/wp-json\/wp\/v2\/media\/119096"}],"wp:attachment":[{"href":"https:\/\/kinamihealth.com\/sv\/wp-json\/wp\/v2\/media?parent=119095"}],"wp:term":[{"taxonomy":"product_brand","embeddable":true,"href":"https:\/\/kinamihealth.com\/sv\/wp-json\/wp\/v2\/product_brand?post=119095"},{"taxonomy":"product_cat","embeddable":true,"href":"https:\/\/kinamihealth.com\/sv\/wp-json\/wp\/v2\/product_cat?post=119095"},{"taxonomy":"product_tag","embeddable":true,"href":"https:\/\/kinamihealth.com\/sv\/wp-json\/wp\/v2\/product_tag?post=119095"}],"curies":[{"name":"wp","href":"https:\/\/api.w.org\/{rel}","templated":true}]}}