{"id":118778,"date":"2025-02-15T16:55:50","date_gmt":"2025-02-15T16:55:50","guid":{"rendered":"https:\/\/kinamihealth.com\/product\/juvederm-ultra-2-with-lidocaine\/"},"modified":"2025-12-06T14:42:05","modified_gmt":"2025-12-06T14:42:05","slug":"juvederm-ultra-2-with-lidocaine","status":"publish","type":"product","link":"https:\/\/kinamihealth.com\/sv\/produkt\/juvederm-ultra-2-with-lidocaine\/","title":{"rendered":"JUVEDERM\u00ae ULTRA 2 with Lidocaine"},"content":{"rendered":"<p><span style=\"font-weight: 400;\">Juv\u00e9derm Ultra 2 \u00e4r en <\/span><b>h\u00f6gkvalitativ hyaluronsyrabaserad hudfyllnadsprodukt<\/b><span style=\"font-weight: 400;\"> utvecklad f\u00f6r att subtilt \u00f6ka volymen och korrigera fina linjer. Denna <\/span><b>injicerbara gel<\/b><span style=\"font-weight: 400;\"> har utvecklats av Allergan och sm\u00e4lter smidigt in i huden, vilket ger <\/span><b>naturliga resultat<\/b><span style=\"font-weight: 400;\"> med en mjuk konsistens.<\/span><\/p>\n","protected":false},"excerpt":{"rendered":"<p>Juv\u00e9derm Ultra 2 \u00e4r en h\u00f6gkvalitativ hyaluronsyrabaserad hudfyllnadsprodukt utvecklad f\u00f6r att subtilt \u00f6ka volymen och korrigera fina linjer. Denna injicerbara gel har utvecklats av Allergan och sm\u00e4lter smidigt in i huden, vilket ger naturliga resultat med en mjuk konsistens.<\/p>\n","protected":false},"featured_media":118779,"comment_status":"closed","ping_status":"closed","template":"","meta":{"_acf_changed":false,"inline_featured_image":false},"product_brand":[3153],"product_cat":[3265,3260],"product_tag":[3256],"class_list":{"0":"post-118778","1":"product","2":"type-product","3":"status-publish","4":"has-post-thumbnail","6":"product_brand-juvederm","7":"product_cat-ha-dermal-fillers","8":"product_cat-dermal-fillers-sv","9":"product_tag-medical-devices-sv","11":"first","12":"instock","13":"taxable","14":"shipping-taxable","15":"purchasable","16":"product-type-simple","17":"add-to-wishlist-before_image"},"acf":[],"yoast_head":"<!-- This site is optimized with the Yoast SEO plugin v27.3 - https:\/\/yoast.com\/product\/yoast-seo-wordpress\/ -->\n<title>K\u00f6p Juv\u00e9derm Ultra 2 online: Hyaluronsyrafiller f\u00f6r naturliga resultat<\/title>\n<meta name=\"description\" content=\"K\u00f6p Juv\u00e9derm Ultra 2 online f\u00f6r att j\u00e4mna ut fina linjer, f\u00f6rst\u00e4rka l\u00e4pparna och f\u00e5 ett naturligt resultat. Handla p\u00e5 Kinami Health till konkurrenskraftiga marknadspriser.\" \/>\n<meta name=\"robots\" content=\"index, follow, max-snippet:-1, max-image-preview:large, max-video-preview:-1\" \/>\n<link rel=\"canonical\" href=\"https:\/\/kinamihealth.com\/sv\/wp-json\/wp\/v2\/product\/118778\" \/>\n<meta property=\"og:locale\" content=\"sv_SE\" \/>\n<meta property=\"og:type\" content=\"article\" \/>\n<meta property=\"og:title\" content=\"K\u00f6p Juv\u00e9derm Ultra 2 online: Hyaluronsyrafiller f\u00f6r naturliga resultat\" \/>\n<meta property=\"og:description\" content=\"K\u00f6p Juv\u00e9derm Ultra 2 online f\u00f6r att j\u00e4mna ut fina linjer, f\u00f6rst\u00e4rka l\u00e4pparna och f\u00e5 ett naturligt resultat. Handla p\u00e5 Kinami Health till konkurrenskraftiga marknadspriser.\" \/>\n<meta property=\"og:url\" content=\"https:\/\/kinamihealth.com\/sv\/produkt\/juvederm-ultra-2-with-lidocaine\/\" \/>\n<meta property=\"og:site_name\" content=\"Kinami Health\" \/>\n<meta property=\"article:modified_time\" content=\"2025-12-06T14:42:05+00:00\" \/>\n<meta property=\"og:image\" content=\"https:\/\/kinamihealth.com\/wp-content\/uploads\/2025\/02\/JUVEDERM-ULTRA2-01.jpg\" \/>\n\t<meta property=\"og:image:width\" content=\"800\" \/>\n\t<meta property=\"og:image:height\" content=\"800\" \/>\n\t<meta property=\"og:image:type\" content=\"image\/jpeg\" \/>\n<meta name=\"twitter:card\" content=\"summary_large_image\" \/>\n<meta name=\"twitter:label1\" content=\"Ber\u00e4knad l\u00e4stid\" \/>\n\t<meta name=\"twitter:data1\" content=\"1 minut\" \/>\n<!-- \/ Yoast SEO plugin. -->","yoast_head_json":{"title":"K\u00f6p Juv\u00e9derm Ultra 2 online: Hyaluronsyrafiller f\u00f6r naturliga resultat","description":"K\u00f6p Juv\u00e9derm Ultra 2 online f\u00f6r att j\u00e4mna ut fina linjer, f\u00f6rst\u00e4rka l\u00e4pparna och f\u00e5 ett naturligt resultat. Handla p\u00e5 Kinami Health till konkurrenskraftiga marknadspriser.","robots":{"index":"index","follow":"follow","max-snippet":"max-snippet:-1","max-image-preview":"max-image-preview:large","max-video-preview":"max-video-preview:-1"},"canonical":"https:\/\/kinamihealth.com\/sv\/wp-json\/wp\/v2\/product\/118778","og_locale":"sv_SE","og_type":"article","og_title":"K\u00f6p Juv\u00e9derm Ultra 2 online: Hyaluronsyrafiller f\u00f6r naturliga resultat","og_description":"K\u00f6p Juv\u00e9derm Ultra 2 online f\u00f6r att j\u00e4mna ut fina linjer, f\u00f6rst\u00e4rka l\u00e4pparna och f\u00e5 ett naturligt resultat. Handla p\u00e5 Kinami Health till konkurrenskraftiga marknadspriser.","og_url":"https:\/\/kinamihealth.com\/sv\/produkt\/juvederm-ultra-2-with-lidocaine\/","og_site_name":"Kinami Health","article_modified_time":"2025-12-06T14:42:05+00:00","og_image":[{"width":800,"height":800,"url":"https:\/\/kinamihealth.com\/wp-content\/uploads\/2025\/02\/JUVEDERM-ULTRA2-01.jpg","type":"image\/jpeg"}],"twitter_card":"summary_large_image","twitter_misc":{"Ber\u00e4knad l\u00e4stid":"1 minut"},"schema":{"@context":"https:\/\/schema.org","@graph":[{"@type":"WebPage","@id":"https:\/\/kinamihealth.com\/sv\/produkt\/juvederm-ultra-2-with-lidocaine\/","url":"https:\/\/kinamihealth.com\/sv\/produkt\/juvederm-ultra-2-with-lidocaine\/","name":"K\u00f6p Juv\u00e9derm Ultra 2 online: Hyaluronsyrafiller f\u00f6r naturliga resultat","isPartOf":{"@id":"https:\/\/kinamihealth.com\/#website"},"primaryImageOfPage":{"@id":"https:\/\/kinamihealth.com\/sv\/produkt\/juvederm-ultra-2-with-lidocaine\/#primaryimage"},"image":{"@id":"https:\/\/kinamihealth.com\/sv\/produkt\/juvederm-ultra-2-with-lidocaine\/#primaryimage"},"thumbnailUrl":"https:\/\/kinamihealth.com\/wp-content\/uploads\/2025\/02\/JUVEDERM-ULTRA2-01.jpg","datePublished":"2025-02-15T16:55:50+00:00","dateModified":"2025-12-06T14:42:05+00:00","description":"K\u00f6p Juv\u00e9derm Ultra 2 online f\u00f6r att j\u00e4mna ut fina linjer, f\u00f6rst\u00e4rka l\u00e4pparna och f\u00e5 ett naturligt resultat. Handla p\u00e5 Kinami Health till konkurrenskraftiga marknadspriser.","breadcrumb":{"@id":"https:\/\/kinamihealth.com\/sv\/produkt\/juvederm-ultra-2-with-lidocaine\/#breadcrumb"},"inLanguage":"sv-SE","potentialAction":[{"@type":"ReadAction","target":["https:\/\/kinamihealth.com\/sv\/produkt\/juvederm-ultra-2-with-lidocaine\/"]}]},{"@type":"ImageObject","inLanguage":"sv-SE","@id":"https:\/\/kinamihealth.com\/sv\/produkt\/juvederm-ultra-2-with-lidocaine\/#primaryimage","url":"https:\/\/kinamihealth.com\/wp-content\/uploads\/2025\/02\/JUVEDERM-ULTRA2-01.jpg","contentUrl":"https:\/\/kinamihealth.com\/wp-content\/uploads\/2025\/02\/JUVEDERM-ULTRA2-01.jpg","width":800,"height":800},{"@type":"BreadcrumbList","@id":"https:\/\/kinamihealth.com\/sv\/produkt\/juvederm-ultra-2-with-lidocaine\/#breadcrumb","itemListElement":[{"@type":"ListItem","position":1,"name":"Hem","item":"https:\/\/kinamihealth.com\/sr\/"},{"@type":"ListItem","position":2,"name":"Butik","item":"https:\/\/kinamihealth.com\/sv\/?page_id=127810"},{"@type":"ListItem","position":3,"name":"JUVEDERM\u00ae ULTRA 2 with Lidocaine"}]},{"@type":"WebSite","@id":"https:\/\/kinamihealth.com\/#website","url":"https:\/\/kinamihealth.com\/","name":"Kinami Health","description":"","publisher":{"@id":"https:\/\/kinamihealth.com\/#organization"},"potentialAction":[{"@type":"SearchAction","target":{"@type":"EntryPoint","urlTemplate":"https:\/\/kinamihealth.com\/?s={search_term_string}"},"query-input":{"@type":"PropertyValueSpecification","valueRequired":true,"valueName":"search_term_string"}}],"inLanguage":"sv-SE"},{"@type":"Organization","@id":"https:\/\/kinamihealth.com\/#organization","name":"Kinami Health","url":"https:\/\/kinamihealth.com\/","logo":{"@type":"ImageObject","inLanguage":"sv-SE","@id":"https:\/\/kinamihealth.com\/#\/schema\/logo\/image\/","url":"https:\/\/kinamihealth.com\/wp-content\/uploads\/2025\/01\/KH_logo_black_2-1.png","contentUrl":"https:\/\/kinamihealth.com\/wp-content\/uploads\/2025\/01\/KH_logo_black_2-1.png","width":339,"height":34,"caption":"Kinami Health"},"image":{"@id":"https:\/\/kinamihealth.com\/#\/schema\/logo\/image\/"}}]}},"_links":{"self":[{"href":"https:\/\/kinamihealth.com\/sv\/wp-json\/wp\/v2\/product\/118778","targetHints":{"allow":["GET"]}}],"collection":[{"href":"https:\/\/kinamihealth.com\/sv\/wp-json\/wp\/v2\/product"}],"about":[{"href":"https:\/\/kinamihealth.com\/sv\/wp-json\/wp\/v2\/types\/product"}],"replies":[{"embeddable":true,"href":"https:\/\/kinamihealth.com\/sv\/wp-json\/wp\/v2\/comments?post=118778"}],"version-history":[{"count":0,"href":"https:\/\/kinamihealth.com\/sv\/wp-json\/wp\/v2\/product\/118778\/revisions"}],"wp:featuredmedia":[{"embeddable":true,"href":"https:\/\/kinamihealth.com\/sv\/wp-json\/wp\/v2\/media\/118779"}],"wp:attachment":[{"href":"https:\/\/kinamihealth.com\/sv\/wp-json\/wp\/v2\/media?parent=118778"}],"wp:term":[{"taxonomy":"product_brand","embeddable":true,"href":"https:\/\/kinamihealth.com\/sv\/wp-json\/wp\/v2\/product_brand?post=118778"},{"taxonomy":"product_cat","embeddable":true,"href":"https:\/\/kinamihealth.com\/sv\/wp-json\/wp\/v2\/product_cat?post=118778"},{"taxonomy":"product_tag","embeddable":true,"href":"https:\/\/kinamihealth.com\/sv\/wp-json\/wp\/v2\/product_tag?post=118778"}],"curies":[{"name":"wp","href":"https:\/\/api.w.org\/{rel}","templated":true}]}}