{"id":118763,"date":"2025-02-15T16:55:52","date_gmt":"2025-02-15T16:55:52","guid":{"rendered":"https:\/\/kinamihealth.com\/product\/juvederm-ultra-smile-with-lidocaine\/"},"modified":"2025-12-06T14:10:38","modified_gmt":"2025-12-06T14:10:38","slug":"juvederm-ultra-smile-with-lidocaine","status":"publish","type":"product","link":"https:\/\/kinamihealth.com\/sv\/produkt\/juvederm-ultra-smile-with-lidocaine\/","title":{"rendered":"JUVEDERM\u00ae ULTRA SMILE with Lidocaine"},"content":{"rendered":"<p><span style=\"font-weight: 400;\">Juv\u00e9derm Ultra Smile \u00e4r en <\/span><b>premiumhyaluronsyrabaserad hudfyllnadsprodukt<\/b><span style=\"font-weight: 400;\"> s\u00e4rskilt utvecklad f\u00f6r att \u00f6ka l\u00e4ppvolymen, omdefiniera konturerna och f\u00f6rb\u00e4ttra fuktbalansen. Denna fyllnadsprodukt tillverkas av Allergan och har en <\/span><b>sl\u00e4t gelkonsistens<\/b><span style=\"font-weight: 400;\"> som ger ett naturligt resultat. <\/span><b>Den inneh\u00e5ller lidokain<\/b><span style=\"font-weight: 400;\">, vilket minimerar obehaget under injektionen och g\u00f6r behandlingen mer bekv\u00e4m f\u00f6r patienterna.\u00a0<\/span><\/p>\n","protected":false},"excerpt":{"rendered":"<p>Juv\u00e9derm Ultra Smile \u00e4r en premiumhyaluronsyrabaserad hudfyllnadsprodukt s\u00e4rskilt utvecklad f\u00f6r att \u00f6ka l\u00e4ppvolymen, omdefiniera konturerna och f\u00f6rb\u00e4ttra fuktbalansen. Denna fyllnadsprodukt tillverkas av Allergan och har en sl\u00e4t gelkonsistens som ger ett naturligt resultat. Den inneh\u00e5ller lidokain, vilket minimerar obehaget under injektionen och g\u00f6r behandlingen mer bekv\u00e4m f\u00f6r patienterna.\u00a0<\/p>\n","protected":false},"featured_media":118764,"comment_status":"closed","ping_status":"closed","template":"","meta":{"_acf_changed":false,"inline_featured_image":false},"product_brand":[3153],"product_cat":[3265,3260],"product_tag":[3256],"class_list":{"0":"post-118763","1":"product","2":"type-product","3":"status-publish","4":"has-post-thumbnail","6":"product_brand-juvederm","7":"product_cat-ha-dermal-fillers","8":"product_cat-dermal-fillers-sv","9":"product_tag-medical-devices-sv","11":"first","12":"instock","13":"taxable","14":"shipping-taxable","15":"purchasable","16":"product-type-simple","17":"add-to-wishlist-before_image"},"acf":[],"yoast_head":"<!-- This site is optimized with the Yoast SEO plugin v27.5 - https:\/\/yoast.com\/product\/yoast-seo-wordpress\/ -->\n<title>K\u00f6p Juv\u00e9derm Ultra Smile online \u2013 F\u00f6rb\u00e4ttra l\u00e4pparnas volym och definition<\/title>\n<meta name=\"description\" content=\"K\u00f6p Juv\u00e9derm Ultra Smile online f\u00f6r naturlig l\u00e4ppf\u00f6rstoring med hyaluronsyrabaserad filler. Ge volym, definiera konturer och \u00e5terfukta l\u00e4pparna. Best\u00e4ll idag!\" \/>\n<meta name=\"robots\" content=\"index, follow, max-snippet:-1, max-image-preview:large, max-video-preview:-1\" \/>\n<link rel=\"canonical\" href=\"https:\/\/kinamihealth.com\/sv\/wp-json\/wp\/v2\/product\/118763\" \/>\n<meta property=\"og:locale\" content=\"sv_SE\" \/>\n<meta property=\"og:type\" content=\"article\" \/>\n<meta property=\"og:title\" content=\"K\u00f6p Juv\u00e9derm Ultra Smile online \u2013 F\u00f6rb\u00e4ttra l\u00e4pparnas volym och definition\" \/>\n<meta property=\"og:description\" content=\"K\u00f6p Juv\u00e9derm Ultra Smile online f\u00f6r naturlig l\u00e4ppf\u00f6rstoring med hyaluronsyrabaserad filler. Ge volym, definiera konturer och \u00e5terfukta l\u00e4pparna. Best\u00e4ll idag!\" \/>\n<meta property=\"og:url\" content=\"https:\/\/kinamihealth.com\/sv\/produkt\/juvederm-ultra-smile-with-lidocaine\/\" \/>\n<meta property=\"og:site_name\" content=\"Kinami Health\" \/>\n<meta property=\"article:modified_time\" content=\"2025-12-06T14:10:38+00:00\" \/>\n<meta property=\"og:image\" content=\"https:\/\/kinamihealth.com\/wp-content\/uploads\/2025\/02\/JUVEDERM-ULTRASMILE-01.jpg\" \/>\n\t<meta property=\"og:image:width\" content=\"800\" \/>\n\t<meta property=\"og:image:height\" content=\"800\" \/>\n\t<meta property=\"og:image:type\" content=\"image\/jpeg\" \/>\n<meta name=\"twitter:card\" content=\"summary_large_image\" \/>\n<meta name=\"twitter:label1\" content=\"Ber\u00e4knad l\u00e4stid\" \/>\n\t<meta name=\"twitter:data1\" content=\"1 minut\" \/>\n<!-- \/ Yoast SEO plugin. -->","yoast_head_json":{"title":"K\u00f6p Juv\u00e9derm Ultra Smile online \u2013 F\u00f6rb\u00e4ttra l\u00e4pparnas volym och definition","description":"K\u00f6p Juv\u00e9derm Ultra Smile online f\u00f6r naturlig l\u00e4ppf\u00f6rstoring med hyaluronsyrabaserad filler. Ge volym, definiera konturer och \u00e5terfukta l\u00e4pparna. Best\u00e4ll idag!","robots":{"index":"index","follow":"follow","max-snippet":"max-snippet:-1","max-image-preview":"max-image-preview:large","max-video-preview":"max-video-preview:-1"},"canonical":"https:\/\/kinamihealth.com\/sv\/wp-json\/wp\/v2\/product\/118763","og_locale":"sv_SE","og_type":"article","og_title":"K\u00f6p Juv\u00e9derm Ultra Smile online \u2013 F\u00f6rb\u00e4ttra l\u00e4pparnas volym och definition","og_description":"K\u00f6p Juv\u00e9derm Ultra Smile online f\u00f6r naturlig l\u00e4ppf\u00f6rstoring med hyaluronsyrabaserad filler. Ge volym, definiera konturer och \u00e5terfukta l\u00e4pparna. Best\u00e4ll idag!","og_url":"https:\/\/kinamihealth.com\/sv\/produkt\/juvederm-ultra-smile-with-lidocaine\/","og_site_name":"Kinami Health","article_modified_time":"2025-12-06T14:10:38+00:00","og_image":[{"width":800,"height":800,"url":"https:\/\/kinamihealth.com\/wp-content\/uploads\/2025\/02\/JUVEDERM-ULTRASMILE-01.jpg","type":"image\/jpeg"}],"twitter_card":"summary_large_image","twitter_misc":{"Ber\u00e4knad l\u00e4stid":"1 minut"},"schema":{"@context":"https:\/\/schema.org","@graph":[{"@type":"WebPage","@id":"https:\/\/kinamihealth.com\/sv\/produkt\/juvederm-ultra-smile-with-lidocaine\/","url":"https:\/\/kinamihealth.com\/sv\/produkt\/juvederm-ultra-smile-with-lidocaine\/","name":"K\u00f6p Juv\u00e9derm Ultra Smile online \u2013 F\u00f6rb\u00e4ttra l\u00e4pparnas volym och definition","isPartOf":{"@id":"https:\/\/kinamihealth.com\/#website"},"primaryImageOfPage":{"@id":"https:\/\/kinamihealth.com\/sv\/produkt\/juvederm-ultra-smile-with-lidocaine\/#primaryimage"},"image":{"@id":"https:\/\/kinamihealth.com\/sv\/produkt\/juvederm-ultra-smile-with-lidocaine\/#primaryimage"},"thumbnailUrl":"https:\/\/kinamihealth.com\/wp-content\/uploads\/2025\/02\/JUVEDERM-ULTRASMILE-01.jpg","datePublished":"2025-02-15T16:55:52+00:00","dateModified":"2025-12-06T14:10:38+00:00","description":"K\u00f6p Juv\u00e9derm Ultra Smile online f\u00f6r naturlig l\u00e4ppf\u00f6rstoring med hyaluronsyrabaserad filler. Ge volym, definiera konturer och \u00e5terfukta l\u00e4pparna. Best\u00e4ll idag!","breadcrumb":{"@id":"https:\/\/kinamihealth.com\/sv\/produkt\/juvederm-ultra-smile-with-lidocaine\/#breadcrumb"},"inLanguage":"sv-SE","potentialAction":[{"@type":"ReadAction","target":["https:\/\/kinamihealth.com\/sv\/produkt\/juvederm-ultra-smile-with-lidocaine\/"]}]},{"@type":"ImageObject","inLanguage":"sv-SE","@id":"https:\/\/kinamihealth.com\/sv\/produkt\/juvederm-ultra-smile-with-lidocaine\/#primaryimage","url":"https:\/\/kinamihealth.com\/wp-content\/uploads\/2025\/02\/JUVEDERM-ULTRASMILE-01.jpg","contentUrl":"https:\/\/kinamihealth.com\/wp-content\/uploads\/2025\/02\/JUVEDERM-ULTRASMILE-01.jpg","width":800,"height":800},{"@type":"BreadcrumbList","@id":"https:\/\/kinamihealth.com\/sv\/produkt\/juvederm-ultra-smile-with-lidocaine\/#breadcrumb","itemListElement":[{"@type":"ListItem","position":1,"name":"Hem","item":"https:\/\/kinamihealth.com\/sr\/"},{"@type":"ListItem","position":2,"name":"Butik","item":"https:\/\/kinamihealth.com\/sv\/?page_id=127810"},{"@type":"ListItem","position":3,"name":"JUVEDERM\u00ae ULTRA SMILE with Lidocaine"}]},{"@type":"WebSite","@id":"https:\/\/kinamihealth.com\/#website","url":"https:\/\/kinamihealth.com\/","name":"Kinami Health","description":"","publisher":{"@id":"https:\/\/kinamihealth.com\/#organization"},"potentialAction":[{"@type":"SearchAction","target":{"@type":"EntryPoint","urlTemplate":"https:\/\/kinamihealth.com\/?s={search_term_string}"},"query-input":{"@type":"PropertyValueSpecification","valueRequired":true,"valueName":"search_term_string"}}],"inLanguage":"sv-SE"},{"@type":"Organization","@id":"https:\/\/kinamihealth.com\/#organization","name":"Kinami Health","url":"https:\/\/kinamihealth.com\/","logo":{"@type":"ImageObject","inLanguage":"sv-SE","@id":"https:\/\/kinamihealth.com\/#\/schema\/logo\/image\/","url":"https:\/\/kinamihealth.com\/wp-content\/uploads\/2025\/01\/KH_logo_black_2-1.png","contentUrl":"https:\/\/kinamihealth.com\/wp-content\/uploads\/2025\/01\/KH_logo_black_2-1.png","width":339,"height":34,"caption":"Kinami Health"},"image":{"@id":"https:\/\/kinamihealth.com\/#\/schema\/logo\/image\/"}}]}},"_links":{"self":[{"href":"https:\/\/kinamihealth.com\/sv\/wp-json\/wp\/v2\/product\/118763","targetHints":{"allow":["GET"]}}],"collection":[{"href":"https:\/\/kinamihealth.com\/sv\/wp-json\/wp\/v2\/product"}],"about":[{"href":"https:\/\/kinamihealth.com\/sv\/wp-json\/wp\/v2\/types\/product"}],"replies":[{"embeddable":true,"href":"https:\/\/kinamihealth.com\/sv\/wp-json\/wp\/v2\/comments?post=118763"}],"version-history":[{"count":0,"href":"https:\/\/kinamihealth.com\/sv\/wp-json\/wp\/v2\/product\/118763\/revisions"}],"wp:featuredmedia":[{"embeddable":true,"href":"https:\/\/kinamihealth.com\/sv\/wp-json\/wp\/v2\/media\/118764"}],"wp:attachment":[{"href":"https:\/\/kinamihealth.com\/sv\/wp-json\/wp\/v2\/media?parent=118763"}],"wp:term":[{"taxonomy":"product_brand","embeddable":true,"href":"https:\/\/kinamihealth.com\/sv\/wp-json\/wp\/v2\/product_brand?post=118763"},{"taxonomy":"product_cat","embeddable":true,"href":"https:\/\/kinamihealth.com\/sv\/wp-json\/wp\/v2\/product_cat?post=118763"},{"taxonomy":"product_tag","embeddable":true,"href":"https:\/\/kinamihealth.com\/sv\/wp-json\/wp\/v2\/product_tag?post=118763"}],"curies":[{"name":"wp","href":"https:\/\/api.w.org\/{rel}","templated":true}]}}