{"id":118759,"date":"2025-02-15T16:55:54","date_gmt":"2025-02-15T16:55:54","guid":{"rendered":"https:\/\/kinamihealth.com\/product\/juvederm-volift-retouch-with-lidocaine\/"},"modified":"2025-12-06T14:01:38","modified_gmt":"2025-12-06T14:01:38","slug":"juvederm-volift-retouch-with-lidocaine","status":"publish","type":"product","link":"https:\/\/kinamihealth.com\/sv\/produkt\/juvederm-volift-retouch-with-lidocaine\/","title":{"rendered":"JUV\u00c9DERM\u00ae VOLIFT\u00ae RETOUCH with Lidocaine"},"content":{"rendered":"<p><span style=\"font-weight: 400;\">Juv\u00e9derm Volift Retouch med lidokain \u00e4r en <\/span><b><i>premium hudfyllnadsprodukt<\/i><\/b> <span style=\"font-weight: 400;\">utvecklad f\u00f6r subtil volym\u00e5terst\u00e4llning och konturf\u00f6rfining. Denna avancerade <\/span><b>hyaluronsyrabaserade fyllnadsprodukt<\/b><span style=\"font-weight: 400;\"> \u00e4r framtagen f\u00f6r att korrigera m\u00e5ttliga till <\/span><b>djupa ansiktsrynkor och f\u00f6rst\u00e4rka l\u00e4ppvolymen<\/b><span style=\"font-weight: 400;\"> med precision. Dess <\/span><b>Vycross<\/b><b>\u00ae<\/b><b>-teknik<\/b><span style=\"font-weight: 400;\"> garanterar l\u00e5ngvariga resultat och en j\u00e4mn konsistens.\u00a0<\/span><\/p>\n","protected":false},"excerpt":{"rendered":"<p>Juv\u00e9derm Volift Retouch med lidokain \u00e4r en premium hudfyllnadsprodukt utvecklad f\u00f6r subtil volym\u00e5terst\u00e4llning och konturf\u00f6rfining. Denna avancerade hyaluronsyrabaserade fyllnadsprodukt \u00e4r framtagen f\u00f6r att korrigera m\u00e5ttliga till djupa ansiktsrynkor och f\u00f6rst\u00e4rka l\u00e4ppvolymen med precision. Dess Vycross\u00ae-teknik garanterar l\u00e5ngvariga resultat och en j\u00e4mn konsistens.\u00a0<\/p>\n","protected":false},"featured_media":118760,"comment_status":"closed","ping_status":"closed","template":"","meta":{"_acf_changed":false,"inline_featured_image":false},"product_brand":[3153],"product_cat":[3265,3260],"product_tag":[3256],"class_list":{"0":"post-118759","1":"product","2":"type-product","3":"status-publish","4":"has-post-thumbnail","6":"product_brand-juvederm","7":"product_cat-ha-dermal-fillers","8":"product_cat-dermal-fillers-sv","9":"product_tag-medical-devices-sv","11":"first","12":"instock","13":"taxable","14":"shipping-taxable","15":"purchasable","16":"product-type-simple","17":"add-to-wishlist-before_image"},"acf":[],"yoast_head":"<!-- This site is optimized with the Yoast SEO plugin v27.3 - https:\/\/yoast.com\/product\/yoast-seo-wordpress\/ -->\n<title>K\u00f6p Juv\u00e9derm Volift Retouch med lidokain online p\u00e5 Kinami Health<\/title>\n<meta name=\"description\" content=\"K\u00f6p Juv\u00e9derm Volift Retouch med lidokain online f\u00f6r subtila f\u00f6rb\u00e4ttringar och volym\u00e5terst\u00e4llning med hyaluronsyra. Best\u00e4ll idag!\" \/>\n<meta name=\"robots\" content=\"index, follow, max-snippet:-1, max-image-preview:large, max-video-preview:-1\" \/>\n<link rel=\"canonical\" href=\"https:\/\/kinamihealth.com\/sv\/wp-json\/wp\/v2\/product\/118759\" \/>\n<meta property=\"og:locale\" content=\"sv_SE\" \/>\n<meta property=\"og:type\" content=\"article\" \/>\n<meta property=\"og:title\" content=\"K\u00f6p Juv\u00e9derm Volift Retouch med lidokain online p\u00e5 Kinami Health\" \/>\n<meta property=\"og:description\" content=\"K\u00f6p Juv\u00e9derm Volift Retouch med lidokain online f\u00f6r subtila f\u00f6rb\u00e4ttringar och volym\u00e5terst\u00e4llning med hyaluronsyra. Best\u00e4ll idag!\" \/>\n<meta property=\"og:url\" content=\"https:\/\/kinamihealth.com\/sv\/produkt\/juvederm-volift-retouch-with-lidocaine\/\" \/>\n<meta property=\"og:site_name\" content=\"Kinami Health\" \/>\n<meta property=\"article:modified_time\" content=\"2025-12-06T14:01:38+00:00\" \/>\n<meta property=\"og:image\" content=\"https:\/\/kinamihealth.com\/wp-content\/uploads\/2025\/02\/PERFECTHA-VOLIFT-RETOUCH-LIDO-01.webp\" \/>\n\t<meta property=\"og:image:width\" content=\"800\" \/>\n\t<meta property=\"og:image:height\" content=\"800\" \/>\n\t<meta property=\"og:image:type\" content=\"image\/webp\" \/>\n<meta name=\"twitter:card\" content=\"summary_large_image\" \/>\n<meta name=\"twitter:label1\" content=\"Ber\u00e4knad l\u00e4stid\" \/>\n\t<meta name=\"twitter:data1\" content=\"1 minut\" \/>\n<!-- \/ Yoast SEO plugin. -->","yoast_head_json":{"title":"K\u00f6p Juv\u00e9derm Volift Retouch med lidokain online p\u00e5 Kinami Health","description":"K\u00f6p Juv\u00e9derm Volift Retouch med lidokain online f\u00f6r subtila f\u00f6rb\u00e4ttringar och volym\u00e5terst\u00e4llning med hyaluronsyra. Best\u00e4ll idag!","robots":{"index":"index","follow":"follow","max-snippet":"max-snippet:-1","max-image-preview":"max-image-preview:large","max-video-preview":"max-video-preview:-1"},"canonical":"https:\/\/kinamihealth.com\/sv\/wp-json\/wp\/v2\/product\/118759","og_locale":"sv_SE","og_type":"article","og_title":"K\u00f6p Juv\u00e9derm Volift Retouch med lidokain online p\u00e5 Kinami Health","og_description":"K\u00f6p Juv\u00e9derm Volift Retouch med lidokain online f\u00f6r subtila f\u00f6rb\u00e4ttringar och volym\u00e5terst\u00e4llning med hyaluronsyra. Best\u00e4ll idag!","og_url":"https:\/\/kinamihealth.com\/sv\/produkt\/juvederm-volift-retouch-with-lidocaine\/","og_site_name":"Kinami Health","article_modified_time":"2025-12-06T14:01:38+00:00","og_image":[{"width":800,"height":800,"url":"https:\/\/kinamihealth.com\/wp-content\/uploads\/2025\/02\/PERFECTHA-VOLIFT-RETOUCH-LIDO-01.webp","type":"image\/webp"}],"twitter_card":"summary_large_image","twitter_misc":{"Ber\u00e4knad l\u00e4stid":"1 minut"},"schema":{"@context":"https:\/\/schema.org","@graph":[{"@type":"WebPage","@id":"https:\/\/kinamihealth.com\/sv\/produkt\/juvederm-volift-retouch-with-lidocaine\/","url":"https:\/\/kinamihealth.com\/sv\/produkt\/juvederm-volift-retouch-with-lidocaine\/","name":"K\u00f6p Juv\u00e9derm Volift Retouch med lidokain online p\u00e5 Kinami Health","isPartOf":{"@id":"https:\/\/kinamihealth.com\/#website"},"primaryImageOfPage":{"@id":"https:\/\/kinamihealth.com\/sv\/produkt\/juvederm-volift-retouch-with-lidocaine\/#primaryimage"},"image":{"@id":"https:\/\/kinamihealth.com\/sv\/produkt\/juvederm-volift-retouch-with-lidocaine\/#primaryimage"},"thumbnailUrl":"https:\/\/kinamihealth.com\/wp-content\/uploads\/2025\/02\/PERFECTHA-VOLIFT-RETOUCH-LIDO-01.webp","datePublished":"2025-02-15T16:55:54+00:00","dateModified":"2025-12-06T14:01:38+00:00","description":"K\u00f6p Juv\u00e9derm Volift Retouch med lidokain online f\u00f6r subtila f\u00f6rb\u00e4ttringar och volym\u00e5terst\u00e4llning med hyaluronsyra. Best\u00e4ll idag!","breadcrumb":{"@id":"https:\/\/kinamihealth.com\/sv\/produkt\/juvederm-volift-retouch-with-lidocaine\/#breadcrumb"},"inLanguage":"sv-SE","potentialAction":[{"@type":"ReadAction","target":["https:\/\/kinamihealth.com\/sv\/produkt\/juvederm-volift-retouch-with-lidocaine\/"]}]},{"@type":"ImageObject","inLanguage":"sv-SE","@id":"https:\/\/kinamihealth.com\/sv\/produkt\/juvederm-volift-retouch-with-lidocaine\/#primaryimage","url":"https:\/\/kinamihealth.com\/wp-content\/uploads\/2025\/02\/PERFECTHA-VOLIFT-RETOUCH-LIDO-01.webp","contentUrl":"https:\/\/kinamihealth.com\/wp-content\/uploads\/2025\/02\/PERFECTHA-VOLIFT-RETOUCH-LIDO-01.webp","width":800,"height":800},{"@type":"BreadcrumbList","@id":"https:\/\/kinamihealth.com\/sv\/produkt\/juvederm-volift-retouch-with-lidocaine\/#breadcrumb","itemListElement":[{"@type":"ListItem","position":1,"name":"Hem","item":"https:\/\/kinamihealth.com\/sr\/"},{"@type":"ListItem","position":2,"name":"Butik","item":"https:\/\/kinamihealth.com\/sv\/?page_id=127810"},{"@type":"ListItem","position":3,"name":"JUV\u00c9DERM\u00ae VOLIFT\u00ae RETOUCH with Lidocaine"}]},{"@type":"WebSite","@id":"https:\/\/kinamihealth.com\/#website","url":"https:\/\/kinamihealth.com\/","name":"Kinami Health","description":"","publisher":{"@id":"https:\/\/kinamihealth.com\/#organization"},"potentialAction":[{"@type":"SearchAction","target":{"@type":"EntryPoint","urlTemplate":"https:\/\/kinamihealth.com\/?s={search_term_string}"},"query-input":{"@type":"PropertyValueSpecification","valueRequired":true,"valueName":"search_term_string"}}],"inLanguage":"sv-SE"},{"@type":"Organization","@id":"https:\/\/kinamihealth.com\/#organization","name":"Kinami Health","url":"https:\/\/kinamihealth.com\/","logo":{"@type":"ImageObject","inLanguage":"sv-SE","@id":"https:\/\/kinamihealth.com\/#\/schema\/logo\/image\/","url":"https:\/\/kinamihealth.com\/wp-content\/uploads\/2025\/01\/KH_logo_black_2-1.png","contentUrl":"https:\/\/kinamihealth.com\/wp-content\/uploads\/2025\/01\/KH_logo_black_2-1.png","width":339,"height":34,"caption":"Kinami Health"},"image":{"@id":"https:\/\/kinamihealth.com\/#\/schema\/logo\/image\/"}}]}},"_links":{"self":[{"href":"https:\/\/kinamihealth.com\/sv\/wp-json\/wp\/v2\/product\/118759","targetHints":{"allow":["GET"]}}],"collection":[{"href":"https:\/\/kinamihealth.com\/sv\/wp-json\/wp\/v2\/product"}],"about":[{"href":"https:\/\/kinamihealth.com\/sv\/wp-json\/wp\/v2\/types\/product"}],"replies":[{"embeddable":true,"href":"https:\/\/kinamihealth.com\/sv\/wp-json\/wp\/v2\/comments?post=118759"}],"version-history":[{"count":0,"href":"https:\/\/kinamihealth.com\/sv\/wp-json\/wp\/v2\/product\/118759\/revisions"}],"wp:featuredmedia":[{"embeddable":true,"href":"https:\/\/kinamihealth.com\/sv\/wp-json\/wp\/v2\/media\/118760"}],"wp:attachment":[{"href":"https:\/\/kinamihealth.com\/sv\/wp-json\/wp\/v2\/media?parent=118759"}],"wp:term":[{"taxonomy":"product_brand","embeddable":true,"href":"https:\/\/kinamihealth.com\/sv\/wp-json\/wp\/v2\/product_brand?post=118759"},{"taxonomy":"product_cat","embeddable":true,"href":"https:\/\/kinamihealth.com\/sv\/wp-json\/wp\/v2\/product_cat?post=118759"},{"taxonomy":"product_tag","embeddable":true,"href":"https:\/\/kinamihealth.com\/sv\/wp-json\/wp\/v2\/product_tag?post=118759"}],"curies":[{"name":"wp","href":"https:\/\/api.w.org\/{rel}","templated":true}]}}