{"id":118735,"date":"2025-02-15T16:57:28","date_gmt":"2025-02-15T16:57:28","guid":{"rendered":"https:\/\/kinamihealth.com\/product\/revofil-aquashine-soft-filler-2-pre-filled-syringes\/"},"modified":"2025-11-26T15:21:23","modified_gmt":"2025-11-26T15:21:23","slug":"revofil-aquashine-soft-filler-2-pre-filled-syringes","status":"publish","type":"product","link":"https:\/\/kinamihealth.com\/sv\/produkt\/revofil-aquashine-soft-filler-2-pre-filled-syringes\/","title":{"rendered":"REVOFIL AQUASHINE SOFT FILLER &#8211; 2 Pre-Filled Syringes"},"content":{"rendered":"<p><b>REVOFIL AQUASHINE BR SOFT FILLER \u00e4r en hudfyllnadsprodukt<\/b><span style=\"font-weight: 400;\"> utvecklad f\u00f6r omfattande hudf\u00f6ryngring. Denna innovativa mjuka fyllnadsprodukt kombinerar tv\u00e4rbunden hyaluronsyra med bioaktiva peptider f\u00f6r att ge \u00f6verl\u00e4gsen \u00e5terfuktning och \u00f6kad elasticitet. Varje f\u00f6rpackning inneh\u00e5ller tv\u00e5 f\u00f6rfyllda sprutor med 2 ml steril gel, vilket ger medicinsk personal tillf\u00f6rlitliga behandlingsalternativ f\u00f6r flera hudproblem.<\/span><\/p>\n","protected":false},"excerpt":{"rendered":"<p>REVOFIL AQUASHINE BR SOFT FILLER \u00e4r en hudfyllnadsprodukt utvecklad f\u00f6r omfattande hudf\u00f6ryngring. Denna innovativa mjuka fyllnadsprodukt kombinerar tv\u00e4rbunden hyaluronsyra med bioaktiva peptider f\u00f6r att ge \u00f6verl\u00e4gsen \u00e5terfuktning och \u00f6kad elasticitet. Varje f\u00f6rpackning inneh\u00e5ller tv\u00e5 f\u00f6rfyllda sprutor med 2 ml steril gel, vilket ger medicinsk personal tillf\u00f6rlitliga behandlingsalternativ f\u00f6r flera hudproblem.<\/p>\n","protected":false},"featured_media":118739,"comment_status":"closed","ping_status":"closed","template":"","meta":{"_acf_changed":false,"inline_featured_image":false},"product_brand":[3174],"product_cat":[3265,3260],"product_tag":[3256],"class_list":{"0":"post-118735","1":"product","2":"type-product","3":"status-publish","4":"has-post-thumbnail","6":"product_brand-revofil","7":"product_cat-ha-dermal-fillers","8":"product_cat-dermal-fillers-sv","9":"product_tag-medical-devices-sv","11":"first","12":"instock","13":"taxable","14":"shipping-taxable","15":"purchasable","16":"product-type-simple","17":"add-to-wishlist-before_image"},"acf":[],"yoast_head":"<!-- This site is optimized with the Yoast SEO plugin v27.3 - https:\/\/yoast.com\/product\/yoast-seo-wordpress\/ -->\n<title>K\u00f6p REVOFIL AQUASHINE SOFT FILLER \u2013 2 f\u00f6rfyllda sprutor online | Kinami Health<\/title>\n<meta name=\"description\" content=\"K\u00f6p REVOFIL AQUASHINE SOFT FILLER \u2013 2 f\u00f6rfyllda sprutor online f\u00f6r att st\u00f6dja hudens fuktighet, elasticitet och synlig hudf\u00f6ryngring.\" \/>\n<meta name=\"robots\" content=\"index, follow, max-snippet:-1, max-image-preview:large, max-video-preview:-1\" \/>\n<link rel=\"canonical\" href=\"https:\/\/kinamihealth.com\/sv\/wp-json\/wp\/v2\/product\/118735\" \/>\n<meta property=\"og:locale\" content=\"sv_SE\" \/>\n<meta property=\"og:type\" content=\"article\" \/>\n<meta property=\"og:title\" content=\"K\u00f6p REVOFIL AQUASHINE SOFT FILLER \u2013 2 f\u00f6rfyllda sprutor online | Kinami Health\" \/>\n<meta property=\"og:description\" content=\"K\u00f6p REVOFIL AQUASHINE SOFT FILLER \u2013 2 f\u00f6rfyllda sprutor online f\u00f6r att st\u00f6dja hudens fuktighet, elasticitet och synlig hudf\u00f6ryngring.\" \/>\n<meta property=\"og:url\" content=\"https:\/\/kinamihealth.com\/sv\/produkt\/revofil-aquashine-soft-filler-2-pre-filled-syringes\/\" \/>\n<meta property=\"og:site_name\" content=\"Kinami Health\" \/>\n<meta property=\"article:modified_time\" content=\"2025-11-26T15:21:23+00:00\" \/>\n<meta property=\"og:image\" content=\"https:\/\/kinamihealth.com\/wp-content\/uploads\/2025\/02\/REVOFIL-AQUASHINE-SOFTFILLER-2ML-04.webp\" \/>\n\t<meta property=\"og:image:width\" content=\"800\" \/>\n\t<meta property=\"og:image:height\" content=\"800\" \/>\n\t<meta property=\"og:image:type\" content=\"image\/webp\" \/>\n<meta name=\"twitter:card\" content=\"summary_large_image\" \/>\n<meta name=\"twitter:label1\" content=\"Ber\u00e4knad l\u00e4stid\" \/>\n\t<meta name=\"twitter:data1\" content=\"1 minut\" \/>\n<!-- \/ Yoast SEO plugin. -->","yoast_head_json":{"title":"K\u00f6p REVOFIL AQUASHINE SOFT FILLER \u2013 2 f\u00f6rfyllda sprutor online | Kinami Health","description":"K\u00f6p REVOFIL AQUASHINE SOFT FILLER \u2013 2 f\u00f6rfyllda sprutor online f\u00f6r att st\u00f6dja hudens fuktighet, elasticitet och synlig hudf\u00f6ryngring.","robots":{"index":"index","follow":"follow","max-snippet":"max-snippet:-1","max-image-preview":"max-image-preview:large","max-video-preview":"max-video-preview:-1"},"canonical":"https:\/\/kinamihealth.com\/sv\/wp-json\/wp\/v2\/product\/118735","og_locale":"sv_SE","og_type":"article","og_title":"K\u00f6p REVOFIL AQUASHINE SOFT FILLER \u2013 2 f\u00f6rfyllda sprutor online | Kinami Health","og_description":"K\u00f6p REVOFIL AQUASHINE SOFT FILLER \u2013 2 f\u00f6rfyllda sprutor online f\u00f6r att st\u00f6dja hudens fuktighet, elasticitet och synlig hudf\u00f6ryngring.","og_url":"https:\/\/kinamihealth.com\/sv\/produkt\/revofil-aquashine-soft-filler-2-pre-filled-syringes\/","og_site_name":"Kinami Health","article_modified_time":"2025-11-26T15:21:23+00:00","og_image":[{"width":800,"height":800,"url":"https:\/\/kinamihealth.com\/wp-content\/uploads\/2025\/02\/REVOFIL-AQUASHINE-SOFTFILLER-2ML-04.webp","type":"image\/webp"}],"twitter_card":"summary_large_image","twitter_misc":{"Ber\u00e4knad l\u00e4stid":"1 minut"},"schema":{"@context":"https:\/\/schema.org","@graph":[{"@type":"WebPage","@id":"https:\/\/kinamihealth.com\/sv\/produkt\/revofil-aquashine-soft-filler-2-pre-filled-syringes\/","url":"https:\/\/kinamihealth.com\/sv\/produkt\/revofil-aquashine-soft-filler-2-pre-filled-syringes\/","name":"K\u00f6p REVOFIL AQUASHINE SOFT FILLER \u2013 2 f\u00f6rfyllda sprutor online | Kinami Health","isPartOf":{"@id":"https:\/\/kinamihealth.com\/#website"},"primaryImageOfPage":{"@id":"https:\/\/kinamihealth.com\/sv\/produkt\/revofil-aquashine-soft-filler-2-pre-filled-syringes\/#primaryimage"},"image":{"@id":"https:\/\/kinamihealth.com\/sv\/produkt\/revofil-aquashine-soft-filler-2-pre-filled-syringes\/#primaryimage"},"thumbnailUrl":"https:\/\/kinamihealth.com\/wp-content\/uploads\/2025\/02\/REVOFIL-AQUASHINE-SOFTFILLER-2ML-04.webp","datePublished":"2025-02-15T16:57:28+00:00","dateModified":"2025-11-26T15:21:23+00:00","description":"K\u00f6p REVOFIL AQUASHINE SOFT FILLER \u2013 2 f\u00f6rfyllda sprutor online f\u00f6r att st\u00f6dja hudens fuktighet, elasticitet och synlig hudf\u00f6ryngring.","breadcrumb":{"@id":"https:\/\/kinamihealth.com\/sv\/produkt\/revofil-aquashine-soft-filler-2-pre-filled-syringes\/#breadcrumb"},"inLanguage":"sv-SE","potentialAction":[{"@type":"ReadAction","target":["https:\/\/kinamihealth.com\/sv\/produkt\/revofil-aquashine-soft-filler-2-pre-filled-syringes\/"]}]},{"@type":"ImageObject","inLanguage":"sv-SE","@id":"https:\/\/kinamihealth.com\/sv\/produkt\/revofil-aquashine-soft-filler-2-pre-filled-syringes\/#primaryimage","url":"https:\/\/kinamihealth.com\/wp-content\/uploads\/2025\/02\/REVOFIL-AQUASHINE-SOFTFILLER-2ML-04.webp","contentUrl":"https:\/\/kinamihealth.com\/wp-content\/uploads\/2025\/02\/REVOFIL-AQUASHINE-SOFTFILLER-2ML-04.webp","width":800,"height":800},{"@type":"BreadcrumbList","@id":"https:\/\/kinamihealth.com\/sv\/produkt\/revofil-aquashine-soft-filler-2-pre-filled-syringes\/#breadcrumb","itemListElement":[{"@type":"ListItem","position":1,"name":"Hem","item":"https:\/\/kinamihealth.com\/sr\/"},{"@type":"ListItem","position":2,"name":"Butik","item":"https:\/\/kinamihealth.com\/sv\/?page_id=127810"},{"@type":"ListItem","position":3,"name":"REVOFIL AQUASHINE SOFT FILLER &#8211; 2 Pre-Filled Syringes"}]},{"@type":"WebSite","@id":"https:\/\/kinamihealth.com\/#website","url":"https:\/\/kinamihealth.com\/","name":"Kinami Health","description":"","publisher":{"@id":"https:\/\/kinamihealth.com\/#organization"},"potentialAction":[{"@type":"SearchAction","target":{"@type":"EntryPoint","urlTemplate":"https:\/\/kinamihealth.com\/?s={search_term_string}"},"query-input":{"@type":"PropertyValueSpecification","valueRequired":true,"valueName":"search_term_string"}}],"inLanguage":"sv-SE"},{"@type":"Organization","@id":"https:\/\/kinamihealth.com\/#organization","name":"Kinami Health","url":"https:\/\/kinamihealth.com\/","logo":{"@type":"ImageObject","inLanguage":"sv-SE","@id":"https:\/\/kinamihealth.com\/#\/schema\/logo\/image\/","url":"https:\/\/kinamihealth.com\/wp-content\/uploads\/2025\/01\/KH_logo_black_2-1.png","contentUrl":"https:\/\/kinamihealth.com\/wp-content\/uploads\/2025\/01\/KH_logo_black_2-1.png","width":339,"height":34,"caption":"Kinami Health"},"image":{"@id":"https:\/\/kinamihealth.com\/#\/schema\/logo\/image\/"}}]}},"_links":{"self":[{"href":"https:\/\/kinamihealth.com\/sv\/wp-json\/wp\/v2\/product\/118735","targetHints":{"allow":["GET"]}}],"collection":[{"href":"https:\/\/kinamihealth.com\/sv\/wp-json\/wp\/v2\/product"}],"about":[{"href":"https:\/\/kinamihealth.com\/sv\/wp-json\/wp\/v2\/types\/product"}],"replies":[{"embeddable":true,"href":"https:\/\/kinamihealth.com\/sv\/wp-json\/wp\/v2\/comments?post=118735"}],"version-history":[{"count":0,"href":"https:\/\/kinamihealth.com\/sv\/wp-json\/wp\/v2\/product\/118735\/revisions"}],"wp:featuredmedia":[{"embeddable":true,"href":"https:\/\/kinamihealth.com\/sv\/wp-json\/wp\/v2\/media\/118739"}],"wp:attachment":[{"href":"https:\/\/kinamihealth.com\/sv\/wp-json\/wp\/v2\/media?parent=118735"}],"wp:term":[{"taxonomy":"product_brand","embeddable":true,"href":"https:\/\/kinamihealth.com\/sv\/wp-json\/wp\/v2\/product_brand?post=118735"},{"taxonomy":"product_cat","embeddable":true,"href":"https:\/\/kinamihealth.com\/sv\/wp-json\/wp\/v2\/product_cat?post=118735"},{"taxonomy":"product_tag","embeddable":true,"href":"https:\/\/kinamihealth.com\/sv\/wp-json\/wp\/v2\/product_tag?post=118735"}],"curies":[{"name":"wp","href":"https:\/\/api.w.org\/{rel}","templated":true}]}}