{"id":118720,"date":"2025-03-11T18:14:42","date_gmt":"2025-03-11T18:14:42","guid":{"rendered":"https:\/\/kinamihealth.com\/product\/jalupro-young-eye\/"},"modified":"2025-10-28T17:31:09","modified_gmt":"2025-10-28T17:31:09","slug":"jalupro-young-eye","status":"publish","type":"product","link":"https:\/\/kinamihealth.com\/sv\/produkt\/jalupro-young-eye\/","title":{"rendered":"JALUPRO\u00ae YOUNG EYE"},"content":{"rendered":"<p><span style=\"font-weight: 400;\">K\u00f6p Jalupro Young Eye \u2013 en professionell injicerbar l\u00f6sning utvecklad f\u00f6r att minska m\u00f6rka ringar, svullnader, kr\u00e5kf\u00f6tter och rynkor runt \u00f6gonen. \u00c5terfukta, strama upp och f\u00f6ryngra den k\u00e4nsliga huden med denna avancerade behandling.<\/span><\/p>\n","protected":false},"excerpt":{"rendered":"<p>K\u00f6p Jalupro Young Eye \u2013 en professionell injicerbar l\u00f6sning utvecklad f\u00f6r att minska m\u00f6rka ringar, svullnader, kr\u00e5kf\u00f6tter och rynkor runt \u00f6gonen. \u00c5terfukta, strama upp och f\u00f6ryngra den k\u00e4nsliga huden med denna avancerade behandling.<\/p>\n","protected":false},"featured_media":118721,"comment_status":"closed","ping_status":"closed","template":"","meta":{"_acf_changed":false,"inline_featured_image":false},"product_brand":[3152],"product_cat":[3260],"product_tag":[3256],"class_list":{"0":"post-118720","1":"product","2":"type-product","3":"status-publish","4":"has-post-thumbnail","6":"product_brand-jalupro","7":"product_cat-dermal-fillers-sv","8":"product_tag-medical-devices-sv","10":"first","11":"instock","12":"taxable","13":"shipping-taxable","14":"purchasable","15":"product-type-simple","16":"add-to-wishlist-before_image"},"acf":[],"yoast_head":"<!-- This site is optimized with the Yoast SEO plugin v27.3 - https:\/\/yoast.com\/product\/yoast-seo-wordpress\/ -->\n<title>K\u00f6p Jalupro Young Eye online mot rynkor och svullnader<\/title>\n<meta name=\"description\" content=\"K\u00f6p Jalupro Young Eye online f\u00f6r att bek\u00e4mpa m\u00f6rka ringar, svullnader, kr\u00e5kf\u00f6tter, fina linjer och rynkor, vilket ger en mjukare och fastare hud runt \u00f6gonen.\" \/>\n<meta name=\"robots\" content=\"index, follow, max-snippet:-1, max-image-preview:large, max-video-preview:-1\" \/>\n<link rel=\"canonical\" href=\"https:\/\/kinamihealth.com\/sv\/wp-json\/wp\/v2\/product\/118720\" \/>\n<meta property=\"og:locale\" content=\"sv_SE\" \/>\n<meta property=\"og:type\" content=\"article\" \/>\n<meta property=\"og:title\" content=\"K\u00f6p Jalupro Young Eye online mot rynkor och svullnader\" \/>\n<meta property=\"og:description\" content=\"K\u00f6p Jalupro Young Eye online f\u00f6r att bek\u00e4mpa m\u00f6rka ringar, svullnader, kr\u00e5kf\u00f6tter, fina linjer och rynkor, vilket ger en mjukare och fastare hud runt \u00f6gonen.\" \/>\n<meta property=\"og:url\" content=\"https:\/\/kinamihealth.com\/sv\/produkt\/jalupro-young-eye\/\" \/>\n<meta property=\"og:site_name\" content=\"Kinami Health\" \/>\n<meta property=\"article:modified_time\" content=\"2025-10-28T17:31:09+00:00\" \/>\n<meta property=\"og:image\" content=\"https:\/\/kinamihealth.com\/wp-content\/uploads\/2025\/03\/JALUPRO\u00ae-YOUNG-EYE.jpg\" \/>\n\t<meta property=\"og:image:width\" content=\"800\" \/>\n\t<meta property=\"og:image:height\" content=\"800\" \/>\n\t<meta property=\"og:image:type\" content=\"image\/jpeg\" \/>\n<meta name=\"twitter:card\" content=\"summary_large_image\" \/>\n<meta name=\"twitter:label1\" content=\"Ber\u00e4knad l\u00e4stid\" \/>\n\t<meta name=\"twitter:data1\" content=\"1 minut\" \/>\n<!-- \/ Yoast SEO plugin. -->","yoast_head_json":{"title":"K\u00f6p Jalupro Young Eye online mot rynkor och svullnader","description":"K\u00f6p Jalupro Young Eye online f\u00f6r att bek\u00e4mpa m\u00f6rka ringar, svullnader, kr\u00e5kf\u00f6tter, fina linjer och rynkor, vilket ger en mjukare och fastare hud runt \u00f6gonen.","robots":{"index":"index","follow":"follow","max-snippet":"max-snippet:-1","max-image-preview":"max-image-preview:large","max-video-preview":"max-video-preview:-1"},"canonical":"https:\/\/kinamihealth.com\/sv\/wp-json\/wp\/v2\/product\/118720","og_locale":"sv_SE","og_type":"article","og_title":"K\u00f6p Jalupro Young Eye online mot rynkor och svullnader","og_description":"K\u00f6p Jalupro Young Eye online f\u00f6r att bek\u00e4mpa m\u00f6rka ringar, svullnader, kr\u00e5kf\u00f6tter, fina linjer och rynkor, vilket ger en mjukare och fastare hud runt \u00f6gonen.","og_url":"https:\/\/kinamihealth.com\/sv\/produkt\/jalupro-young-eye\/","og_site_name":"Kinami Health","article_modified_time":"2025-10-28T17:31:09+00:00","og_image":[{"width":800,"height":800,"url":"https:\/\/kinamihealth.com\/wp-content\/uploads\/2025\/03\/JALUPRO\u00ae-YOUNG-EYE.jpg","type":"image\/jpeg"}],"twitter_card":"summary_large_image","twitter_misc":{"Ber\u00e4knad l\u00e4stid":"1 minut"},"schema":{"@context":"https:\/\/schema.org","@graph":[{"@type":"WebPage","@id":"https:\/\/kinamihealth.com\/sv\/produkt\/jalupro-young-eye\/","url":"https:\/\/kinamihealth.com\/sv\/produkt\/jalupro-young-eye\/","name":"K\u00f6p Jalupro Young Eye online mot rynkor och svullnader","isPartOf":{"@id":"https:\/\/kinamihealth.com\/#website"},"primaryImageOfPage":{"@id":"https:\/\/kinamihealth.com\/sv\/produkt\/jalupro-young-eye\/#primaryimage"},"image":{"@id":"https:\/\/kinamihealth.com\/sv\/produkt\/jalupro-young-eye\/#primaryimage"},"thumbnailUrl":"https:\/\/kinamihealth.com\/wp-content\/uploads\/2025\/03\/JALUPRO\u00ae-YOUNG-EYE.jpg","datePublished":"2025-03-11T18:14:42+00:00","dateModified":"2025-10-28T17:31:09+00:00","description":"K\u00f6p Jalupro Young Eye online f\u00f6r att bek\u00e4mpa m\u00f6rka ringar, svullnader, kr\u00e5kf\u00f6tter, fina linjer och rynkor, vilket ger en mjukare och fastare hud runt \u00f6gonen.","breadcrumb":{"@id":"https:\/\/kinamihealth.com\/sv\/produkt\/jalupro-young-eye\/#breadcrumb"},"inLanguage":"sv-SE","potentialAction":[{"@type":"ReadAction","target":["https:\/\/kinamihealth.com\/sv\/produkt\/jalupro-young-eye\/"]}]},{"@type":"ImageObject","inLanguage":"sv-SE","@id":"https:\/\/kinamihealth.com\/sv\/produkt\/jalupro-young-eye\/#primaryimage","url":"https:\/\/kinamihealth.com\/wp-content\/uploads\/2025\/03\/JALUPRO\u00ae-YOUNG-EYE.jpg","contentUrl":"https:\/\/kinamihealth.com\/wp-content\/uploads\/2025\/03\/JALUPRO\u00ae-YOUNG-EYE.jpg","width":800,"height":800},{"@type":"BreadcrumbList","@id":"https:\/\/kinamihealth.com\/sv\/produkt\/jalupro-young-eye\/#breadcrumb","itemListElement":[{"@type":"ListItem","position":1,"name":"Hem","item":"https:\/\/kinamihealth.com\/sr\/"},{"@type":"ListItem","position":2,"name":"Butik","item":"https:\/\/kinamihealth.com\/sv\/?page_id=127810"},{"@type":"ListItem","position":3,"name":"JALUPRO\u00ae YOUNG EYE"}]},{"@type":"WebSite","@id":"https:\/\/kinamihealth.com\/#website","url":"https:\/\/kinamihealth.com\/","name":"Kinami Health","description":"","publisher":{"@id":"https:\/\/kinamihealth.com\/#organization"},"potentialAction":[{"@type":"SearchAction","target":{"@type":"EntryPoint","urlTemplate":"https:\/\/kinamihealth.com\/?s={search_term_string}"},"query-input":{"@type":"PropertyValueSpecification","valueRequired":true,"valueName":"search_term_string"}}],"inLanguage":"sv-SE"},{"@type":"Organization","@id":"https:\/\/kinamihealth.com\/#organization","name":"Kinami Health","url":"https:\/\/kinamihealth.com\/","logo":{"@type":"ImageObject","inLanguage":"sv-SE","@id":"https:\/\/kinamihealth.com\/#\/schema\/logo\/image\/","url":"https:\/\/kinamihealth.com\/wp-content\/uploads\/2025\/01\/KH_logo_black_2-1.png","contentUrl":"https:\/\/kinamihealth.com\/wp-content\/uploads\/2025\/01\/KH_logo_black_2-1.png","width":339,"height":34,"caption":"Kinami Health"},"image":{"@id":"https:\/\/kinamihealth.com\/#\/schema\/logo\/image\/"}}]}},"_links":{"self":[{"href":"https:\/\/kinamihealth.com\/sv\/wp-json\/wp\/v2\/product\/118720","targetHints":{"allow":["GET"]}}],"collection":[{"href":"https:\/\/kinamihealth.com\/sv\/wp-json\/wp\/v2\/product"}],"about":[{"href":"https:\/\/kinamihealth.com\/sv\/wp-json\/wp\/v2\/types\/product"}],"replies":[{"embeddable":true,"href":"https:\/\/kinamihealth.com\/sv\/wp-json\/wp\/v2\/comments?post=118720"}],"version-history":[{"count":0,"href":"https:\/\/kinamihealth.com\/sv\/wp-json\/wp\/v2\/product\/118720\/revisions"}],"wp:featuredmedia":[{"embeddable":true,"href":"https:\/\/kinamihealth.com\/sv\/wp-json\/wp\/v2\/media\/118721"}],"wp:attachment":[{"href":"https:\/\/kinamihealth.com\/sv\/wp-json\/wp\/v2\/media?parent=118720"}],"wp:term":[{"taxonomy":"product_brand","embeddable":true,"href":"https:\/\/kinamihealth.com\/sv\/wp-json\/wp\/v2\/product_brand?post=118720"},{"taxonomy":"product_cat","embeddable":true,"href":"https:\/\/kinamihealth.com\/sv\/wp-json\/wp\/v2\/product_cat?post=118720"},{"taxonomy":"product_tag","embeddable":true,"href":"https:\/\/kinamihealth.com\/sv\/wp-json\/wp\/v2\/product_tag?post=118720"}],"curies":[{"name":"wp","href":"https:\/\/api.w.org\/{rel}","templated":true}]}}