{"id":118710,"date":"2025-02-15T16:55:44","date_gmt":"2025-02-15T16:55:44","guid":{"rendered":"https:\/\/kinamihealth.com\/product\/jalupro-hmw\/"},"modified":"2025-10-28T17:38:13","modified_gmt":"2025-10-28T17:38:13","slug":"jalupro-hmw","status":"publish","type":"product","link":"https:\/\/kinamihealth.com\/sv\/produkt\/jalupro-hmw\/","title":{"rendered":"JALUPRO\u00ae HMW"},"content":{"rendered":"<p><span style=\"font-weight: 400;\">K\u00f6p Jalupro HMW, en h\u00f6gkvalitativ hudfyllnadsprodukt framtagen f\u00f6r att behandla olika hudproblem, inklusive rynkor, \u00e4rr och volymf\u00f6rlust. Den kombinerar fuktgivande hyaluronsyra med kollagenstimulerande aminosyror f\u00f6r att f\u00f6ryngra huden. Jalupro HMW \u00e4r l\u00e4mplig f\u00f6r ansikts- och kroppsbehandlingar och ger l\u00e5ngvariga resultat samtidigt som den f\u00f6rb\u00e4ttrar hudens struktur och elasticitet.<\/span><\/p>\n","protected":false},"excerpt":{"rendered":"<p>K\u00f6p Jalupro HMW, en h\u00f6gkvalitativ hudfyllnadsprodukt framtagen f\u00f6r att behandla olika hudproblem, inklusive rynkor, \u00e4rr och volymf\u00f6rlust. Den kombinerar fuktgivande hyaluronsyra med kollagenstimulerande aminosyror f\u00f6r att f\u00f6ryngra huden. Jalupro HMW \u00e4r l\u00e4mplig f\u00f6r ansikts- och kroppsbehandlingar och ger l\u00e5ngvariga resultat samtidigt som den f\u00f6rb\u00e4ttrar hudens struktur och elasticitet.<\/p>\n","protected":false},"featured_media":118711,"comment_status":"closed","ping_status":"closed","template":"","meta":{"_acf_changed":false,"inline_featured_image":false},"product_brand":[3152],"product_cat":[3260,3667],"product_tag":[3256],"class_list":{"0":"post-118710","1":"product","2":"type-product","3":"status-publish","4":"has-post-thumbnail","6":"product_brand-jalupro","7":"product_cat-dermal-fillers-sv","8":"product_cat-skinboosters-sv","9":"product_tag-medical-devices-sv","11":"first","12":"instock","13":"taxable","14":"shipping-taxable","15":"purchasable","16":"product-type-simple","17":"add-to-wishlist-before_image"},"acf":[],"yoast_head":"<!-- This site is optimized with the Yoast SEO plugin v27.3 - https:\/\/yoast.com\/product\/yoast-seo-wordpress\/ -->\n<title>K\u00f6p Jalupro HMW online f\u00f6r att \u00e5terst\u00e4lla hudens elasticitet<\/title>\n<meta name=\"description\" content=\"K\u00f6p Jalupro HMW online \u2013 en injicerbar produkt som kombinerar hyaluronsyra och aminosyror f\u00f6r att \u00e5terst\u00e4lla volym, minska \u00e4rr och f\u00f6ryngra huden i upp till 6 m\u00e5nader.\" \/>\n<meta name=\"robots\" content=\"index, follow, max-snippet:-1, max-image-preview:large, max-video-preview:-1\" \/>\n<link rel=\"canonical\" href=\"https:\/\/kinamihealth.com\/sv\/wp-json\/wp\/v2\/product\/118710\" \/>\n<meta property=\"og:locale\" content=\"sv_SE\" \/>\n<meta property=\"og:type\" content=\"article\" \/>\n<meta property=\"og:title\" content=\"K\u00f6p Jalupro HMW online f\u00f6r att \u00e5terst\u00e4lla hudens elasticitet\" \/>\n<meta property=\"og:description\" content=\"K\u00f6p Jalupro HMW online \u2013 en injicerbar produkt som kombinerar hyaluronsyra och aminosyror f\u00f6r att \u00e5terst\u00e4lla volym, minska \u00e4rr och f\u00f6ryngra huden i upp till 6 m\u00e5nader.\" \/>\n<meta property=\"og:url\" content=\"https:\/\/kinamihealth.com\/sv\/produkt\/jalupro-hmw\/\" \/>\n<meta property=\"og:site_name\" content=\"Kinami Health\" \/>\n<meta property=\"article:modified_time\" content=\"2025-10-28T17:38:13+00:00\" \/>\n<meta property=\"og:image\" content=\"https:\/\/kinamihealth.com\/wp-content\/uploads\/2025\/02\/JALUPRO-HMW-04.jpg\" \/>\n\t<meta property=\"og:image:width\" content=\"800\" \/>\n\t<meta property=\"og:image:height\" content=\"800\" \/>\n\t<meta property=\"og:image:type\" content=\"image\/jpeg\" \/>\n<meta name=\"twitter:card\" content=\"summary_large_image\" \/>\n<meta name=\"twitter:label1\" content=\"Ber\u00e4knad l\u00e4stid\" \/>\n\t<meta name=\"twitter:data1\" content=\"1 minut\" \/>\n<!-- \/ Yoast SEO plugin. -->","yoast_head_json":{"title":"K\u00f6p Jalupro HMW online f\u00f6r att \u00e5terst\u00e4lla hudens elasticitet","description":"K\u00f6p Jalupro HMW online \u2013 en injicerbar produkt som kombinerar hyaluronsyra och aminosyror f\u00f6r att \u00e5terst\u00e4lla volym, minska \u00e4rr och f\u00f6ryngra huden i upp till 6 m\u00e5nader.","robots":{"index":"index","follow":"follow","max-snippet":"max-snippet:-1","max-image-preview":"max-image-preview:large","max-video-preview":"max-video-preview:-1"},"canonical":"https:\/\/kinamihealth.com\/sv\/wp-json\/wp\/v2\/product\/118710","og_locale":"sv_SE","og_type":"article","og_title":"K\u00f6p Jalupro HMW online f\u00f6r att \u00e5terst\u00e4lla hudens elasticitet","og_description":"K\u00f6p Jalupro HMW online \u2013 en injicerbar produkt som kombinerar hyaluronsyra och aminosyror f\u00f6r att \u00e5terst\u00e4lla volym, minska \u00e4rr och f\u00f6ryngra huden i upp till 6 m\u00e5nader.","og_url":"https:\/\/kinamihealth.com\/sv\/produkt\/jalupro-hmw\/","og_site_name":"Kinami Health","article_modified_time":"2025-10-28T17:38:13+00:00","og_image":[{"width":800,"height":800,"url":"https:\/\/kinamihealth.com\/wp-content\/uploads\/2025\/02\/JALUPRO-HMW-04.jpg","type":"image\/jpeg"}],"twitter_card":"summary_large_image","twitter_misc":{"Ber\u00e4knad l\u00e4stid":"1 minut"},"schema":{"@context":"https:\/\/schema.org","@graph":[{"@type":"WebPage","@id":"https:\/\/kinamihealth.com\/sv\/produkt\/jalupro-hmw\/","url":"https:\/\/kinamihealth.com\/sv\/produkt\/jalupro-hmw\/","name":"K\u00f6p Jalupro HMW online f\u00f6r att \u00e5terst\u00e4lla hudens elasticitet","isPartOf":{"@id":"https:\/\/kinamihealth.com\/#website"},"primaryImageOfPage":{"@id":"https:\/\/kinamihealth.com\/sv\/produkt\/jalupro-hmw\/#primaryimage"},"image":{"@id":"https:\/\/kinamihealth.com\/sv\/produkt\/jalupro-hmw\/#primaryimage"},"thumbnailUrl":"https:\/\/kinamihealth.com\/wp-content\/uploads\/2025\/02\/JALUPRO-HMW-04.jpg","datePublished":"2025-02-15T16:55:44+00:00","dateModified":"2025-10-28T17:38:13+00:00","description":"K\u00f6p Jalupro HMW online \u2013 en injicerbar produkt som kombinerar hyaluronsyra och aminosyror f\u00f6r att \u00e5terst\u00e4lla volym, minska \u00e4rr och f\u00f6ryngra huden i upp till 6 m\u00e5nader.","breadcrumb":{"@id":"https:\/\/kinamihealth.com\/sv\/produkt\/jalupro-hmw\/#breadcrumb"},"inLanguage":"sv-SE","potentialAction":[{"@type":"ReadAction","target":["https:\/\/kinamihealth.com\/sv\/produkt\/jalupro-hmw\/"]}]},{"@type":"ImageObject","inLanguage":"sv-SE","@id":"https:\/\/kinamihealth.com\/sv\/produkt\/jalupro-hmw\/#primaryimage","url":"https:\/\/kinamihealth.com\/wp-content\/uploads\/2025\/02\/JALUPRO-HMW-04.jpg","contentUrl":"https:\/\/kinamihealth.com\/wp-content\/uploads\/2025\/02\/JALUPRO-HMW-04.jpg","width":800,"height":800},{"@type":"BreadcrumbList","@id":"https:\/\/kinamihealth.com\/sv\/produkt\/jalupro-hmw\/#breadcrumb","itemListElement":[{"@type":"ListItem","position":1,"name":"Hem","item":"https:\/\/kinamihealth.com\/sr\/"},{"@type":"ListItem","position":2,"name":"Butik","item":"https:\/\/kinamihealth.com\/sv\/?page_id=127810"},{"@type":"ListItem","position":3,"name":"JALUPRO\u00ae HMW"}]},{"@type":"WebSite","@id":"https:\/\/kinamihealth.com\/#website","url":"https:\/\/kinamihealth.com\/","name":"Kinami Health","description":"","publisher":{"@id":"https:\/\/kinamihealth.com\/#organization"},"potentialAction":[{"@type":"SearchAction","target":{"@type":"EntryPoint","urlTemplate":"https:\/\/kinamihealth.com\/?s={search_term_string}"},"query-input":{"@type":"PropertyValueSpecification","valueRequired":true,"valueName":"search_term_string"}}],"inLanguage":"sv-SE"},{"@type":"Organization","@id":"https:\/\/kinamihealth.com\/#organization","name":"Kinami Health","url":"https:\/\/kinamihealth.com\/","logo":{"@type":"ImageObject","inLanguage":"sv-SE","@id":"https:\/\/kinamihealth.com\/#\/schema\/logo\/image\/","url":"https:\/\/kinamihealth.com\/wp-content\/uploads\/2025\/01\/KH_logo_black_2-1.png","contentUrl":"https:\/\/kinamihealth.com\/wp-content\/uploads\/2025\/01\/KH_logo_black_2-1.png","width":339,"height":34,"caption":"Kinami Health"},"image":{"@id":"https:\/\/kinamihealth.com\/#\/schema\/logo\/image\/"}}]}},"_links":{"self":[{"href":"https:\/\/kinamihealth.com\/sv\/wp-json\/wp\/v2\/product\/118710","targetHints":{"allow":["GET"]}}],"collection":[{"href":"https:\/\/kinamihealth.com\/sv\/wp-json\/wp\/v2\/product"}],"about":[{"href":"https:\/\/kinamihealth.com\/sv\/wp-json\/wp\/v2\/types\/product"}],"replies":[{"embeddable":true,"href":"https:\/\/kinamihealth.com\/sv\/wp-json\/wp\/v2\/comments?post=118710"}],"version-history":[{"count":0,"href":"https:\/\/kinamihealth.com\/sv\/wp-json\/wp\/v2\/product\/118710\/revisions"}],"wp:featuredmedia":[{"embeddable":true,"href":"https:\/\/kinamihealth.com\/sv\/wp-json\/wp\/v2\/media\/118711"}],"wp:attachment":[{"href":"https:\/\/kinamihealth.com\/sv\/wp-json\/wp\/v2\/media?parent=118710"}],"wp:term":[{"taxonomy":"product_brand","embeddable":true,"href":"https:\/\/kinamihealth.com\/sv\/wp-json\/wp\/v2\/product_brand?post=118710"},{"taxonomy":"product_cat","embeddable":true,"href":"https:\/\/kinamihealth.com\/sv\/wp-json\/wp\/v2\/product_cat?post=118710"},{"taxonomy":"product_tag","embeddable":true,"href":"https:\/\/kinamihealth.com\/sv\/wp-json\/wp\/v2\/product_tag?post=118710"}],"curies":[{"name":"wp","href":"https:\/\/api.w.org\/{rel}","templated":true}]}}