{"id":118708,"date":"2025-02-15T16:55:43","date_gmt":"2025-02-15T16:55:43","guid":{"rendered":"https:\/\/kinamihealth.com\/product\/jalupro-2x30mg-3ml-2x100mg\/"},"modified":"2025-12-05T15:27:03","modified_gmt":"2025-12-05T15:27:03","slug":"jalupro-2x30mg-3ml-2x100mg","status":"publish","type":"product","link":"https:\/\/kinamihealth.com\/sv\/produkt\/jalupro-2x30mg-3ml-2x100mg\/","title":{"rendered":"JALUPRO\u00ae 2x30mg\/3ml + 2x100mg"},"content":{"rendered":"<p><b>JALUPRO 2&#215;30 mg\/ 3 ml + 2&#215;100 mg<\/b><span style=\"font-weight: 400;\"> \u00e4r en <\/span><b>hudfyllnadsmedel<\/b><span style=\"font-weight: 400;\"> med en speciell <\/span><b>formel <\/b><span style=\"font-weight: 400;\">som kombinerar de <\/span><b>\u00e5terfuktande egenskaperna <\/b><span style=\"font-weight: 400;\">hos <\/span><b>hyaluronsyra <\/b><span style=\"font-weight: 400;\">med de <\/span><b>l\u00e4kande <\/b><span style=\"font-weight: 400;\">och <\/span><b>revitaliserande f\u00f6rdelarna <\/b><span style=\"font-weight: 400;\">hos <\/span><b>aminosyrorna<\/b><span style=\"font-weight: 400;\">. Anv\u00e4nd denna filler separat eller kombinera den med andra produkter eller behandlingar som ett <\/span><b>komplement<\/b><span style=\"font-weight: 400;\">. Denna <\/span><b>injicerbara blandning <\/b><span style=\"font-weight: 400;\">kan appliceras p\u00e5 <\/span><b>ansiktet<\/b><span style=\"font-weight: 400;\">, <\/span><b>klyftan<\/b><span style=\"font-weight: 400;\">, <\/span><b>halsen<\/b><span style=\"font-weight: 400;\">, <\/span><b>armh\u00e5lorna, kn\u00e4na, buken, <\/b><span style=\"font-weight: 400;\">och <\/span><b>l\u00e5ren. <\/b><span style=\"font-weight: 400;\">Applicera den p\u00e5 <\/span><b>l\u00e4pparna <\/b><span style=\"font-weight: 400;\">f\u00f6r att \u00f6ka <\/span><b>volymen <\/b><span style=\"font-weight: 400;\">och <\/span><b>omforma <\/b><span style=\"font-weight: 400;\">konturerna. <\/span><b>K\u00f6p JALUPRO 2&#215;30 mg\/3 ml + 2&#215;100 mg <\/b><span style=\"font-weight: 400;\">fr\u00e5n <strong>Kinami Health<\/strong><\/span><b>\u00a0<\/b><span style=\"font-weight: 400;\">och <\/span><b>best\u00e4ll premiumprodukter fr\u00e5n JALUPRO <\/b><span style=\"font-weight: 400;\">f\u00f6r ansikte och kropp.<\/span><\/p>\n","protected":false},"excerpt":{"rendered":"<p>JALUPRO 2&#215;30 mg\/ 3 ml + 2&#215;100 mg \u00e4r en hudfyllnadsmedel med en speciell formel som kombinerar de \u00e5terfuktande egenskaperna hos hyaluronsyra med de l\u00e4kande och revitaliserande f\u00f6rdelarna hos aminosyrorna. Anv\u00e4nd denna filler separat eller kombinera den med andra produkter eller behandlingar som ett komplement. Denna injicerbara blandning kan appliceras p\u00e5 ansiktet, klyftan, halsen, armh\u00e5lorna, [&hellip;]<\/p>\n","protected":false},"featured_media":118709,"comment_status":"closed","ping_status":"closed","template":"","meta":{"_acf_changed":false,"inline_featured_image":false},"product_brand":[3152],"product_cat":[3260],"product_tag":[3256],"class_list":{"0":"post-118708","1":"product","2":"type-product","3":"status-publish","4":"has-post-thumbnail","6":"product_brand-jalupro","7":"product_cat-dermal-fillers-sv","8":"product_tag-medical-devices-sv","10":"first","11":"instock","12":"taxable","13":"shipping-taxable","14":"purchasable","15":"product-type-simple","16":"add-to-wishlist-before_image"},"acf":[],"yoast_head":"<!-- This site is optimized with the Yoast SEO plugin v27.1.1 - https:\/\/yoast.com\/product\/yoast-seo-wordpress\/ -->\n<title>K\u00f6p JALUPRO 2x30 mg\/3 ml + 2x100 mg<\/title>\n<meta name=\"description\" content=\"K\u00f6p JALUPRO 2x30 mg\/3 ml + 2x100 mg online och kombinera natriumhyaluronat och aminosyror f\u00f6r att korrigera hudproblem i ansiktet och p\u00e5 kroppen.\" \/>\n<meta name=\"robots\" content=\"index, follow, max-snippet:-1, max-image-preview:large, max-video-preview:-1\" \/>\n<link rel=\"canonical\" href=\"https:\/\/kinamihealth.com\/sv\/wp-json\/wp\/v2\/product\/118708\" \/>\n<meta property=\"og:locale\" content=\"sv_SE\" \/>\n<meta property=\"og:type\" content=\"article\" \/>\n<meta property=\"og:title\" content=\"K\u00f6p JALUPRO 2x30 mg\/3 ml + 2x100 mg\" \/>\n<meta property=\"og:description\" content=\"K\u00f6p JALUPRO 2x30 mg\/3 ml + 2x100 mg online och kombinera natriumhyaluronat och aminosyror f\u00f6r att korrigera hudproblem i ansiktet och p\u00e5 kroppen.\" \/>\n<meta property=\"og:url\" content=\"https:\/\/kinamihealth.com\/sv\/produkt\/jalupro-2x30mg-3ml-2x100mg\/\" \/>\n<meta property=\"og:site_name\" content=\"Kinami Health\" \/>\n<meta property=\"article:modified_time\" content=\"2025-12-05T15:27:03+00:00\" \/>\n<meta property=\"og:image\" content=\"https:\/\/kinamihealth.com\/wp-content\/uploads\/2025\/02\/PRODERMA-JALUPRO-01.webp\" \/>\n\t<meta property=\"og:image:width\" content=\"800\" \/>\n\t<meta property=\"og:image:height\" content=\"800\" \/>\n\t<meta property=\"og:image:type\" content=\"image\/webp\" \/>\n<meta name=\"twitter:card\" content=\"summary_large_image\" \/>\n<meta name=\"twitter:label1\" content=\"Ber\u00e4knad l\u00e4stid\" \/>\n\t<meta name=\"twitter:data1\" content=\"1 minut\" \/>\n<!-- \/ Yoast SEO plugin. -->","yoast_head_json":{"title":"K\u00f6p JALUPRO 2x30 mg\/3 ml + 2x100 mg","description":"K\u00f6p JALUPRO 2x30 mg\/3 ml + 2x100 mg online och kombinera natriumhyaluronat och aminosyror f\u00f6r att korrigera hudproblem i ansiktet och p\u00e5 kroppen.","robots":{"index":"index","follow":"follow","max-snippet":"max-snippet:-1","max-image-preview":"max-image-preview:large","max-video-preview":"max-video-preview:-1"},"canonical":"https:\/\/kinamihealth.com\/sv\/wp-json\/wp\/v2\/product\/118708","og_locale":"sv_SE","og_type":"article","og_title":"K\u00f6p JALUPRO 2x30 mg\/3 ml + 2x100 mg","og_description":"K\u00f6p JALUPRO 2x30 mg\/3 ml + 2x100 mg online och kombinera natriumhyaluronat och aminosyror f\u00f6r att korrigera hudproblem i ansiktet och p\u00e5 kroppen.","og_url":"https:\/\/kinamihealth.com\/sv\/produkt\/jalupro-2x30mg-3ml-2x100mg\/","og_site_name":"Kinami Health","article_modified_time":"2025-12-05T15:27:03+00:00","og_image":[{"width":800,"height":800,"url":"https:\/\/kinamihealth.com\/wp-content\/uploads\/2025\/02\/PRODERMA-JALUPRO-01.webp","type":"image\/webp"}],"twitter_card":"summary_large_image","twitter_misc":{"Ber\u00e4knad l\u00e4stid":"1 minut"},"schema":{"@context":"https:\/\/schema.org","@graph":[{"@type":"WebPage","@id":"https:\/\/kinamihealth.com\/sv\/produkt\/jalupro-2x30mg-3ml-2x100mg\/","url":"https:\/\/kinamihealth.com\/sv\/produkt\/jalupro-2x30mg-3ml-2x100mg\/","name":"K\u00f6p JALUPRO 2x30 mg\/3 ml + 2x100 mg","isPartOf":{"@id":"https:\/\/kinamihealth.com\/#website"},"primaryImageOfPage":{"@id":"https:\/\/kinamihealth.com\/sv\/produkt\/jalupro-2x30mg-3ml-2x100mg\/#primaryimage"},"image":{"@id":"https:\/\/kinamihealth.com\/sv\/produkt\/jalupro-2x30mg-3ml-2x100mg\/#primaryimage"},"thumbnailUrl":"https:\/\/kinamihealth.com\/wp-content\/uploads\/2025\/02\/PRODERMA-JALUPRO-01.webp","datePublished":"2025-02-15T16:55:43+00:00","dateModified":"2025-12-05T15:27:03+00:00","description":"K\u00f6p JALUPRO 2x30 mg\/3 ml + 2x100 mg online och kombinera natriumhyaluronat och aminosyror f\u00f6r att korrigera hudproblem i ansiktet och p\u00e5 kroppen.","breadcrumb":{"@id":"https:\/\/kinamihealth.com\/sv\/produkt\/jalupro-2x30mg-3ml-2x100mg\/#breadcrumb"},"inLanguage":"sv-SE","potentialAction":[{"@type":"ReadAction","target":["https:\/\/kinamihealth.com\/sv\/produkt\/jalupro-2x30mg-3ml-2x100mg\/"]}]},{"@type":"ImageObject","inLanguage":"sv-SE","@id":"https:\/\/kinamihealth.com\/sv\/produkt\/jalupro-2x30mg-3ml-2x100mg\/#primaryimage","url":"https:\/\/kinamihealth.com\/wp-content\/uploads\/2025\/02\/PRODERMA-JALUPRO-01.webp","contentUrl":"https:\/\/kinamihealth.com\/wp-content\/uploads\/2025\/02\/PRODERMA-JALUPRO-01.webp","width":800,"height":800},{"@type":"BreadcrumbList","@id":"https:\/\/kinamihealth.com\/sv\/produkt\/jalupro-2x30mg-3ml-2x100mg\/#breadcrumb","itemListElement":[{"@type":"ListItem","position":1,"name":"Hem","item":"https:\/\/kinamihealth.com\/sr\/"},{"@type":"ListItem","position":2,"name":"Butik","item":"https:\/\/kinamihealth.com\/sv\/?page_id=127810"},{"@type":"ListItem","position":3,"name":"JALUPRO\u00ae 2x30mg\/3ml + 2x100mg"}]},{"@type":"WebSite","@id":"https:\/\/kinamihealth.com\/#website","url":"https:\/\/kinamihealth.com\/","name":"Kinami Health","description":"","publisher":{"@id":"https:\/\/kinamihealth.com\/#organization"},"potentialAction":[{"@type":"SearchAction","target":{"@type":"EntryPoint","urlTemplate":"https:\/\/kinamihealth.com\/?s={search_term_string}"},"query-input":{"@type":"PropertyValueSpecification","valueRequired":true,"valueName":"search_term_string"}}],"inLanguage":"sv-SE"},{"@type":"Organization","@id":"https:\/\/kinamihealth.com\/#organization","name":"Kinami Health","url":"https:\/\/kinamihealth.com\/","logo":{"@type":"ImageObject","inLanguage":"sv-SE","@id":"https:\/\/kinamihealth.com\/#\/schema\/logo\/image\/","url":"https:\/\/kinamihealth.com\/wp-content\/uploads\/2025\/01\/KH_logo_black_2-1.png","contentUrl":"https:\/\/kinamihealth.com\/wp-content\/uploads\/2025\/01\/KH_logo_black_2-1.png","width":339,"height":34,"caption":"Kinami Health"},"image":{"@id":"https:\/\/kinamihealth.com\/#\/schema\/logo\/image\/"}}]}},"_links":{"self":[{"href":"https:\/\/kinamihealth.com\/sv\/wp-json\/wp\/v2\/product\/118708","targetHints":{"allow":["GET"]}}],"collection":[{"href":"https:\/\/kinamihealth.com\/sv\/wp-json\/wp\/v2\/product"}],"about":[{"href":"https:\/\/kinamihealth.com\/sv\/wp-json\/wp\/v2\/types\/product"}],"replies":[{"embeddable":true,"href":"https:\/\/kinamihealth.com\/sv\/wp-json\/wp\/v2\/comments?post=118708"}],"version-history":[{"count":0,"href":"https:\/\/kinamihealth.com\/sv\/wp-json\/wp\/v2\/product\/118708\/revisions"}],"wp:featuredmedia":[{"embeddable":true,"href":"https:\/\/kinamihealth.com\/sv\/wp-json\/wp\/v2\/media\/118709"}],"wp:attachment":[{"href":"https:\/\/kinamihealth.com\/sv\/wp-json\/wp\/v2\/media?parent=118708"}],"wp:term":[{"taxonomy":"product_brand","embeddable":true,"href":"https:\/\/kinamihealth.com\/sv\/wp-json\/wp\/v2\/product_brand?post=118708"},{"taxonomy":"product_cat","embeddable":true,"href":"https:\/\/kinamihealth.com\/sv\/wp-json\/wp\/v2\/product_cat?post=118708"},{"taxonomy":"product_tag","embeddable":true,"href":"https:\/\/kinamihealth.com\/sv\/wp-json\/wp\/v2\/product_tag?post=118708"}],"curies":[{"name":"wp","href":"https:\/\/api.w.org\/{rel}","templated":true}]}}