{"id":118706,"date":"2025-02-15T16:55:43","date_gmt":"2025-02-15T16:55:43","guid":{"rendered":"https:\/\/kinamihealth.com\/product\/jalupro-enhancer-gel\/"},"modified":"2025-12-05T15:20:06","modified_gmt":"2025-12-05T15:20:06","slug":"jalupro-enhancer-gel","status":"publish","type":"product","link":"https:\/\/kinamihealth.com\/sv\/produkt\/jalupro-enhancer-gel\/","title":{"rendered":"JALUPRO\u00ae ENHANCER GEL"},"content":{"rendered":"<p><span style=\"font-weight: 400;\">Jalupro Enhancer Gel \u00e4r en professionell l\u00f6sning utvecklad f\u00f6r att fr\u00e4mja friskare, fylligare och l\u00e4ngre \u00f6gonfransar och \u00f6gonbryn. Den inneh\u00e5ller avancerade peptider och botaniska extrakt som stimulerar tillv\u00e4xt, st\u00e4rker h\u00e5rs\u00e4ckarna och \u00e5terst\u00e4ller \u00f6gonfransarnas struktur, vilket g\u00f6r den till ett m\u00e5ste f\u00f6r kliniska behandlingar och hembehandlingar.<\/span><\/p>\n","protected":false},"excerpt":{"rendered":"<p>Jalupro Enhancer Gel \u00e4r en professionell l\u00f6sning utvecklad f\u00f6r att fr\u00e4mja friskare, fylligare och l\u00e4ngre \u00f6gonfransar och \u00f6gonbryn. Den inneh\u00e5ller avancerade peptider och botaniska extrakt som stimulerar tillv\u00e4xt, st\u00e4rker h\u00e5rs\u00e4ckarna och \u00e5terst\u00e4ller \u00f6gonfransarnas struktur, vilket g\u00f6r den till ett m\u00e5ste f\u00f6r kliniska behandlingar och hembehandlingar.<\/p>\n","protected":false},"featured_media":118707,"comment_status":"closed","ping_status":"closed","template":"","meta":{"_acf_changed":false,"inline_featured_image":false},"product_brand":[3152],"product_cat":[3660],"product_tag":[3256],"class_list":{"0":"post-118706","1":"product","2":"type-product","3":"status-publish","4":"has-post-thumbnail","6":"product_brand-jalupro","7":"product_cat-eyelash-enhancers-sv","8":"product_tag-medical-devices-sv","10":"first","11":"instock","12":"taxable","13":"shipping-taxable","14":"purchasable","15":"product-type-simple","16":"add-to-wishlist-before_image"},"acf":[],"yoast_head":"<!-- This site is optimized with the Yoast SEO plugin v27.1.1 - https:\/\/yoast.com\/product\/yoast-seo-wordpress\/ -->\n<title>K\u00f6p Jalupro Enhancer Gel online f\u00f6r \u00f6gonfrans- och \u00f6gonbrynsv\u00e4xt<\/title>\n<meta name=\"description\" content=\"K\u00f6p Jalupro Enhancer Gel online f\u00f6r att st\u00e4rka och f\u00f6rl\u00e4nga \u00f6gonfransar och \u00f6gonbryn. Gel\u00e9n \u00e4r framst\u00e4lld med peptider och r\u00f6dkl\u00f6ver och fr\u00e4mjar tillv\u00e4xt och h\u00e4lsa.\" \/>\n<meta name=\"robots\" content=\"index, follow, max-snippet:-1, max-image-preview:large, max-video-preview:-1\" \/>\n<link rel=\"canonical\" href=\"https:\/\/kinamihealth.com\/sv\/wp-json\/wp\/v2\/product\/118706\" \/>\n<meta property=\"og:locale\" content=\"sv_SE\" \/>\n<meta property=\"og:type\" content=\"article\" \/>\n<meta property=\"og:title\" content=\"K\u00f6p Jalupro Enhancer Gel online f\u00f6r \u00f6gonfrans- och \u00f6gonbrynsv\u00e4xt\" \/>\n<meta property=\"og:description\" content=\"K\u00f6p Jalupro Enhancer Gel online f\u00f6r att st\u00e4rka och f\u00f6rl\u00e4nga \u00f6gonfransar och \u00f6gonbryn. Gel\u00e9n \u00e4r framst\u00e4lld med peptider och r\u00f6dkl\u00f6ver och fr\u00e4mjar tillv\u00e4xt och h\u00e4lsa.\" \/>\n<meta property=\"og:url\" content=\"https:\/\/kinamihealth.com\/sv\/produkt\/jalupro-enhancer-gel\/\" \/>\n<meta property=\"og:site_name\" content=\"Kinami Health\" \/>\n<meta property=\"article:modified_time\" content=\"2025-12-05T15:20:06+00:00\" \/>\n<meta property=\"og:image\" content=\"https:\/\/kinamihealth.com\/wp-content\/uploads\/2025\/02\/JALUPRO-ENHANCER-GEL-01.jpg\" \/>\n\t<meta property=\"og:image:width\" content=\"800\" \/>\n\t<meta property=\"og:image:height\" content=\"800\" \/>\n\t<meta property=\"og:image:type\" content=\"image\/jpeg\" \/>\n<meta name=\"twitter:card\" content=\"summary_large_image\" \/>\n<meta name=\"twitter:label1\" content=\"Ber\u00e4knad l\u00e4stid\" \/>\n\t<meta name=\"twitter:data1\" content=\"1 minut\" \/>\n<!-- \/ Yoast SEO plugin. -->","yoast_head_json":{"title":"K\u00f6p Jalupro Enhancer Gel online f\u00f6r \u00f6gonfrans- och \u00f6gonbrynsv\u00e4xt","description":"K\u00f6p Jalupro Enhancer Gel online f\u00f6r att st\u00e4rka och f\u00f6rl\u00e4nga \u00f6gonfransar och \u00f6gonbryn. Gel\u00e9n \u00e4r framst\u00e4lld med peptider och r\u00f6dkl\u00f6ver och fr\u00e4mjar tillv\u00e4xt och h\u00e4lsa.","robots":{"index":"index","follow":"follow","max-snippet":"max-snippet:-1","max-image-preview":"max-image-preview:large","max-video-preview":"max-video-preview:-1"},"canonical":"https:\/\/kinamihealth.com\/sv\/wp-json\/wp\/v2\/product\/118706","og_locale":"sv_SE","og_type":"article","og_title":"K\u00f6p Jalupro Enhancer Gel online f\u00f6r \u00f6gonfrans- och \u00f6gonbrynsv\u00e4xt","og_description":"K\u00f6p Jalupro Enhancer Gel online f\u00f6r att st\u00e4rka och f\u00f6rl\u00e4nga \u00f6gonfransar och \u00f6gonbryn. Gel\u00e9n \u00e4r framst\u00e4lld med peptider och r\u00f6dkl\u00f6ver och fr\u00e4mjar tillv\u00e4xt och h\u00e4lsa.","og_url":"https:\/\/kinamihealth.com\/sv\/produkt\/jalupro-enhancer-gel\/","og_site_name":"Kinami Health","article_modified_time":"2025-12-05T15:20:06+00:00","og_image":[{"width":800,"height":800,"url":"https:\/\/kinamihealth.com\/wp-content\/uploads\/2025\/02\/JALUPRO-ENHANCER-GEL-01.jpg","type":"image\/jpeg"}],"twitter_card":"summary_large_image","twitter_misc":{"Ber\u00e4knad l\u00e4stid":"1 minut"},"schema":{"@context":"https:\/\/schema.org","@graph":[{"@type":"WebPage","@id":"https:\/\/kinamihealth.com\/sv\/produkt\/jalupro-enhancer-gel\/","url":"https:\/\/kinamihealth.com\/sv\/produkt\/jalupro-enhancer-gel\/","name":"K\u00f6p Jalupro Enhancer Gel online f\u00f6r \u00f6gonfrans- och \u00f6gonbrynsv\u00e4xt","isPartOf":{"@id":"https:\/\/kinamihealth.com\/#website"},"primaryImageOfPage":{"@id":"https:\/\/kinamihealth.com\/sv\/produkt\/jalupro-enhancer-gel\/#primaryimage"},"image":{"@id":"https:\/\/kinamihealth.com\/sv\/produkt\/jalupro-enhancer-gel\/#primaryimage"},"thumbnailUrl":"https:\/\/kinamihealth.com\/wp-content\/uploads\/2025\/02\/JALUPRO-ENHANCER-GEL-01.jpg","datePublished":"2025-02-15T16:55:43+00:00","dateModified":"2025-12-05T15:20:06+00:00","description":"K\u00f6p Jalupro Enhancer Gel online f\u00f6r att st\u00e4rka och f\u00f6rl\u00e4nga \u00f6gonfransar och \u00f6gonbryn. Gel\u00e9n \u00e4r framst\u00e4lld med peptider och r\u00f6dkl\u00f6ver och fr\u00e4mjar tillv\u00e4xt och h\u00e4lsa.","breadcrumb":{"@id":"https:\/\/kinamihealth.com\/sv\/produkt\/jalupro-enhancer-gel\/#breadcrumb"},"inLanguage":"sv-SE","potentialAction":[{"@type":"ReadAction","target":["https:\/\/kinamihealth.com\/sv\/produkt\/jalupro-enhancer-gel\/"]}]},{"@type":"ImageObject","inLanguage":"sv-SE","@id":"https:\/\/kinamihealth.com\/sv\/produkt\/jalupro-enhancer-gel\/#primaryimage","url":"https:\/\/kinamihealth.com\/wp-content\/uploads\/2025\/02\/JALUPRO-ENHANCER-GEL-01.jpg","contentUrl":"https:\/\/kinamihealth.com\/wp-content\/uploads\/2025\/02\/JALUPRO-ENHANCER-GEL-01.jpg","width":800,"height":800},{"@type":"BreadcrumbList","@id":"https:\/\/kinamihealth.com\/sv\/produkt\/jalupro-enhancer-gel\/#breadcrumb","itemListElement":[{"@type":"ListItem","position":1,"name":"Hem","item":"https:\/\/kinamihealth.com\/sr\/"},{"@type":"ListItem","position":2,"name":"Butik","item":"https:\/\/kinamihealth.com\/sv\/?page_id=127810"},{"@type":"ListItem","position":3,"name":"JALUPRO\u00ae ENHANCER GEL"}]},{"@type":"WebSite","@id":"https:\/\/kinamihealth.com\/#website","url":"https:\/\/kinamihealth.com\/","name":"Kinami Health","description":"","publisher":{"@id":"https:\/\/kinamihealth.com\/#organization"},"potentialAction":[{"@type":"SearchAction","target":{"@type":"EntryPoint","urlTemplate":"https:\/\/kinamihealth.com\/?s={search_term_string}"},"query-input":{"@type":"PropertyValueSpecification","valueRequired":true,"valueName":"search_term_string"}}],"inLanguage":"sv-SE"},{"@type":"Organization","@id":"https:\/\/kinamihealth.com\/#organization","name":"Kinami Health","url":"https:\/\/kinamihealth.com\/","logo":{"@type":"ImageObject","inLanguage":"sv-SE","@id":"https:\/\/kinamihealth.com\/#\/schema\/logo\/image\/","url":"https:\/\/kinamihealth.com\/wp-content\/uploads\/2025\/01\/KH_logo_black_2-1.png","contentUrl":"https:\/\/kinamihealth.com\/wp-content\/uploads\/2025\/01\/KH_logo_black_2-1.png","width":339,"height":34,"caption":"Kinami Health"},"image":{"@id":"https:\/\/kinamihealth.com\/#\/schema\/logo\/image\/"}}]}},"_links":{"self":[{"href":"https:\/\/kinamihealth.com\/sv\/wp-json\/wp\/v2\/product\/118706","targetHints":{"allow":["GET"]}}],"collection":[{"href":"https:\/\/kinamihealth.com\/sv\/wp-json\/wp\/v2\/product"}],"about":[{"href":"https:\/\/kinamihealth.com\/sv\/wp-json\/wp\/v2\/types\/product"}],"replies":[{"embeddable":true,"href":"https:\/\/kinamihealth.com\/sv\/wp-json\/wp\/v2\/comments?post=118706"}],"version-history":[{"count":0,"href":"https:\/\/kinamihealth.com\/sv\/wp-json\/wp\/v2\/product\/118706\/revisions"}],"wp:featuredmedia":[{"embeddable":true,"href":"https:\/\/kinamihealth.com\/sv\/wp-json\/wp\/v2\/media\/118707"}],"wp:attachment":[{"href":"https:\/\/kinamihealth.com\/sv\/wp-json\/wp\/v2\/media?parent=118706"}],"wp:term":[{"taxonomy":"product_brand","embeddable":true,"href":"https:\/\/kinamihealth.com\/sv\/wp-json\/wp\/v2\/product_brand?post=118706"},{"taxonomy":"product_cat","embeddable":true,"href":"https:\/\/kinamihealth.com\/sv\/wp-json\/wp\/v2\/product_cat?post=118706"},{"taxonomy":"product_tag","embeddable":true,"href":"https:\/\/kinamihealth.com\/sv\/wp-json\/wp\/v2\/product_tag?post=118706"}],"curies":[{"name":"wp","href":"https:\/\/api.w.org\/{rel}","templated":true}]}}