{"id":118683,"date":"2025-02-15T16:55:32","date_gmt":"2025-02-15T16:55:32","guid":{"rendered":"https:\/\/kinamihealth.com\/product\/intraline-mono-m2750-27g-50mm-70mm\/"},"modified":"2025-12-05T14:18:04","modified_gmt":"2025-12-05T14:18:04","slug":"intraline-mono-m2750-27g-50mm-70mm","status":"publish","type":"product","link":"https:\/\/kinamihealth.com\/sv\/produkt\/intraline-mono-m2750-27g-50mm-70mm\/","title":{"rendered":"INTRALINE\u00ae MONO M2750 &#8211; 27G 50mm\/70mm"},"content":{"rendered":"<p><b>INTRALINE\u00ae MONO M2750<\/b><span style=\"font-weight: 400;\"> best\u00e5r av avancerade <\/span><b>PDO-tr\u00e5dar<\/b><span style=\"font-weight: 400;\"> speciellt utformade av <\/span><b>Intraline<\/b><span style=\"font-weight: 400;\"> f\u00f6r att \u00f6ka <\/span><b>kollagenproduktionen<\/b><span style=\"font-weight: 400;\">, f\u00f6rb\u00e4ttra <\/span><b>hudtonen<\/b><span style=\"font-weight: 400;\"> och f\u00f6rfina hudstrukturen. Dessa monofilament <\/span><b>tr\u00e5dar<\/b><span style=\"font-weight: 400;\"> \u00e4r tillverkade av medicinsk <\/span><b>polydioxanon (PDO)<\/b><span style=\"font-weight: 400;\">, k\u00e4nt f\u00f6r sin utm\u00e4rkta biokompatibilitet och dragh\u00e5llfasthet. Med en precis storlek p\u00e5 27G (50 mm\u201370 mm) ger INTRALINE MONO M2750-tr\u00e5dar en mild men effektiv <\/span><b>hudf\u00f6ryngring<\/b><span style=\"font-weight: 400;\">, vilket g\u00f6r dem till ett perfekt val f\u00f6r estetiska kliniker och behandlare som s\u00f6ker p\u00e5litliga, subtila estetiska f\u00f6rb\u00e4ttringar.<\/span><\/p>\n","protected":false},"excerpt":{"rendered":"<p>INTRALINE\u00ae MONO M2750 best\u00e5r av avancerade PDO-tr\u00e5dar speciellt utformade av Intraline f\u00f6r att \u00f6ka kollagenproduktionen, f\u00f6rb\u00e4ttra hudtonen och f\u00f6rfina hudstrukturen. Dessa monofilament tr\u00e5dar \u00e4r tillverkade av medicinsk polydioxanon (PDO), k\u00e4nt f\u00f6r sin utm\u00e4rkta biokompatibilitet och dragh\u00e5llfasthet. Med en precis storlek p\u00e5 27G (50 mm\u201370 mm) ger INTRALINE MONO M2750-tr\u00e5dar en mild men effektiv hudf\u00f6ryngring, vilket [&hellip;]<\/p>\n","protected":false},"featured_media":118684,"comment_status":"closed","ping_status":"closed","template":"","meta":{"_acf_changed":false,"inline_featured_image":false},"product_brand":[3082],"product_cat":[3644,3643],"product_tag":[3256],"class_list":{"0":"post-118683","1":"product","2":"type-product","3":"status-publish","4":"has-post-thumbnail","6":"product_brand-intraline","7":"product_cat-pdo-threads-sv","8":"product_cat-threads-sv","9":"product_tag-medical-devices-sv","11":"first","12":"instock","13":"taxable","14":"shipping-taxable","15":"purchasable","16":"product-type-simple","17":"add-to-wishlist-before_image"},"acf":[],"yoast_head":"<!-- This site is optimized with the Yoast SEO plugin v27.1.1 - https:\/\/yoast.com\/product\/yoast-seo-wordpress\/ -->\n<title>Best\u00e4ll INTRALINE\u00ae MONO M2750 online | Handla online | Kinami Health<\/title>\n<meta name=\"description\" content=\"Best\u00e4ll INTRALINE\u00ae MONO M2750 online och st\u00f6d kollagenstimuleringen med 27 g tr\u00e5dar som \u00e4r idealiska f\u00f6r att f\u00f6rfina hudtonen och f\u00f6rb\u00e4ttra hudstrukturen.\" \/>\n<meta name=\"robots\" content=\"index, follow, max-snippet:-1, max-image-preview:large, max-video-preview:-1\" \/>\n<link rel=\"canonical\" href=\"https:\/\/kinamihealth.com\/sv\/wp-json\/wp\/v2\/product\/118683\" \/>\n<meta property=\"og:locale\" content=\"sv_SE\" \/>\n<meta property=\"og:type\" content=\"article\" \/>\n<meta property=\"og:title\" content=\"Best\u00e4ll INTRALINE\u00ae MONO M2750 online | Handla online | Kinami Health\" \/>\n<meta property=\"og:description\" content=\"Best\u00e4ll INTRALINE\u00ae MONO M2750 online och st\u00f6d kollagenstimuleringen med 27 g tr\u00e5dar som \u00e4r idealiska f\u00f6r att f\u00f6rfina hudtonen och f\u00f6rb\u00e4ttra hudstrukturen.\" \/>\n<meta property=\"og:url\" content=\"https:\/\/kinamihealth.com\/sv\/produkt\/intraline-mono-m2750-27g-50mm-70mm\/\" \/>\n<meta property=\"og:site_name\" content=\"Kinami Health\" \/>\n<meta property=\"article:modified_time\" content=\"2025-12-05T14:18:04+00:00\" \/>\n<meta property=\"og:image\" content=\"https:\/\/kinamihealth.com\/wp-content\/uploads\/2025\/02\/INTRALINE-MONO-M2750-50MM70MM-01.jpg\" \/>\n\t<meta property=\"og:image:width\" content=\"800\" \/>\n\t<meta property=\"og:image:height\" content=\"800\" \/>\n\t<meta property=\"og:image:type\" content=\"image\/jpeg\" \/>\n<meta name=\"twitter:card\" content=\"summary_large_image\" \/>\n<meta name=\"twitter:label1\" content=\"Ber\u00e4knad l\u00e4stid\" \/>\n\t<meta name=\"twitter:data1\" content=\"1 minut\" \/>\n<!-- \/ Yoast SEO plugin. -->","yoast_head_json":{"title":"Best\u00e4ll INTRALINE\u00ae MONO M2750 online | Handla online | Kinami Health","description":"Best\u00e4ll INTRALINE\u00ae MONO M2750 online och st\u00f6d kollagenstimuleringen med 27 g tr\u00e5dar som \u00e4r idealiska f\u00f6r att f\u00f6rfina hudtonen och f\u00f6rb\u00e4ttra hudstrukturen.","robots":{"index":"index","follow":"follow","max-snippet":"max-snippet:-1","max-image-preview":"max-image-preview:large","max-video-preview":"max-video-preview:-1"},"canonical":"https:\/\/kinamihealth.com\/sv\/wp-json\/wp\/v2\/product\/118683","og_locale":"sv_SE","og_type":"article","og_title":"Best\u00e4ll INTRALINE\u00ae MONO M2750 online | Handla online | Kinami Health","og_description":"Best\u00e4ll INTRALINE\u00ae MONO M2750 online och st\u00f6d kollagenstimuleringen med 27 g tr\u00e5dar som \u00e4r idealiska f\u00f6r att f\u00f6rfina hudtonen och f\u00f6rb\u00e4ttra hudstrukturen.","og_url":"https:\/\/kinamihealth.com\/sv\/produkt\/intraline-mono-m2750-27g-50mm-70mm\/","og_site_name":"Kinami Health","article_modified_time":"2025-12-05T14:18:04+00:00","og_image":[{"width":800,"height":800,"url":"https:\/\/kinamihealth.com\/wp-content\/uploads\/2025\/02\/INTRALINE-MONO-M2750-50MM70MM-01.jpg","type":"image\/jpeg"}],"twitter_card":"summary_large_image","twitter_misc":{"Ber\u00e4knad l\u00e4stid":"1 minut"},"schema":{"@context":"https:\/\/schema.org","@graph":[{"@type":"WebPage","@id":"https:\/\/kinamihealth.com\/sv\/produkt\/intraline-mono-m2750-27g-50mm-70mm\/","url":"https:\/\/kinamihealth.com\/sv\/produkt\/intraline-mono-m2750-27g-50mm-70mm\/","name":"Best\u00e4ll INTRALINE\u00ae MONO M2750 online | Handla online | Kinami Health","isPartOf":{"@id":"https:\/\/kinamihealth.com\/#website"},"primaryImageOfPage":{"@id":"https:\/\/kinamihealth.com\/sv\/produkt\/intraline-mono-m2750-27g-50mm-70mm\/#primaryimage"},"image":{"@id":"https:\/\/kinamihealth.com\/sv\/produkt\/intraline-mono-m2750-27g-50mm-70mm\/#primaryimage"},"thumbnailUrl":"https:\/\/kinamihealth.com\/wp-content\/uploads\/2025\/02\/INTRALINE-MONO-M2750-50MM70MM-01.jpg","datePublished":"2025-02-15T16:55:32+00:00","dateModified":"2025-12-05T14:18:04+00:00","description":"Best\u00e4ll INTRALINE\u00ae MONO M2750 online och st\u00f6d kollagenstimuleringen med 27 g tr\u00e5dar som \u00e4r idealiska f\u00f6r att f\u00f6rfina hudtonen och f\u00f6rb\u00e4ttra hudstrukturen.","breadcrumb":{"@id":"https:\/\/kinamihealth.com\/sv\/produkt\/intraline-mono-m2750-27g-50mm-70mm\/#breadcrumb"},"inLanguage":"sv-SE","potentialAction":[{"@type":"ReadAction","target":["https:\/\/kinamihealth.com\/sv\/produkt\/intraline-mono-m2750-27g-50mm-70mm\/"]}]},{"@type":"ImageObject","inLanguage":"sv-SE","@id":"https:\/\/kinamihealth.com\/sv\/produkt\/intraline-mono-m2750-27g-50mm-70mm\/#primaryimage","url":"https:\/\/kinamihealth.com\/wp-content\/uploads\/2025\/02\/INTRALINE-MONO-M2750-50MM70MM-01.jpg","contentUrl":"https:\/\/kinamihealth.com\/wp-content\/uploads\/2025\/02\/INTRALINE-MONO-M2750-50MM70MM-01.jpg","width":800,"height":800},{"@type":"BreadcrumbList","@id":"https:\/\/kinamihealth.com\/sv\/produkt\/intraline-mono-m2750-27g-50mm-70mm\/#breadcrumb","itemListElement":[{"@type":"ListItem","position":1,"name":"Hem","item":"https:\/\/kinamihealth.com\/sr\/"},{"@type":"ListItem","position":2,"name":"Butik","item":"https:\/\/kinamihealth.com\/sv\/?page_id=127810"},{"@type":"ListItem","position":3,"name":"INTRALINE\u00ae MONO M2750 &#8211; 27G 50mm\/70mm"}]},{"@type":"WebSite","@id":"https:\/\/kinamihealth.com\/#website","url":"https:\/\/kinamihealth.com\/","name":"Kinami Health","description":"","publisher":{"@id":"https:\/\/kinamihealth.com\/#organization"},"potentialAction":[{"@type":"SearchAction","target":{"@type":"EntryPoint","urlTemplate":"https:\/\/kinamihealth.com\/?s={search_term_string}"},"query-input":{"@type":"PropertyValueSpecification","valueRequired":true,"valueName":"search_term_string"}}],"inLanguage":"sv-SE"},{"@type":"Organization","@id":"https:\/\/kinamihealth.com\/#organization","name":"Kinami Health","url":"https:\/\/kinamihealth.com\/","logo":{"@type":"ImageObject","inLanguage":"sv-SE","@id":"https:\/\/kinamihealth.com\/#\/schema\/logo\/image\/","url":"https:\/\/kinamihealth.com\/wp-content\/uploads\/2025\/01\/KH_logo_black_2-1.png","contentUrl":"https:\/\/kinamihealth.com\/wp-content\/uploads\/2025\/01\/KH_logo_black_2-1.png","width":339,"height":34,"caption":"Kinami Health"},"image":{"@id":"https:\/\/kinamihealth.com\/#\/schema\/logo\/image\/"}}]}},"_links":{"self":[{"href":"https:\/\/kinamihealth.com\/sv\/wp-json\/wp\/v2\/product\/118683","targetHints":{"allow":["GET"]}}],"collection":[{"href":"https:\/\/kinamihealth.com\/sv\/wp-json\/wp\/v2\/product"}],"about":[{"href":"https:\/\/kinamihealth.com\/sv\/wp-json\/wp\/v2\/types\/product"}],"replies":[{"embeddable":true,"href":"https:\/\/kinamihealth.com\/sv\/wp-json\/wp\/v2\/comments?post=118683"}],"version-history":[{"count":0,"href":"https:\/\/kinamihealth.com\/sv\/wp-json\/wp\/v2\/product\/118683\/revisions"}],"wp:featuredmedia":[{"embeddable":true,"href":"https:\/\/kinamihealth.com\/sv\/wp-json\/wp\/v2\/media\/118684"}],"wp:attachment":[{"href":"https:\/\/kinamihealth.com\/sv\/wp-json\/wp\/v2\/media?parent=118683"}],"wp:term":[{"taxonomy":"product_brand","embeddable":true,"href":"https:\/\/kinamihealth.com\/sv\/wp-json\/wp\/v2\/product_brand?post=118683"},{"taxonomy":"product_cat","embeddable":true,"href":"https:\/\/kinamihealth.com\/sv\/wp-json\/wp\/v2\/product_cat?post=118683"},{"taxonomy":"product_tag","embeddable":true,"href":"https:\/\/kinamihealth.com\/sv\/wp-json\/wp\/v2\/product_tag?post=118683"}],"curies":[{"name":"wp","href":"https:\/\/api.w.org\/{rel}","templated":true}]}}