{"id":118669,"date":"2025-02-15T16:55:26","date_gmt":"2025-02-15T16:55:26","guid":{"rendered":"https:\/\/kinamihealth.com\/product\/intraline-m2-plus\/"},"modified":"2025-12-05T14:43:57","modified_gmt":"2025-12-05T14:43:57","slug":"intraline-m2-plus","status":"publish","type":"product","link":"https:\/\/kinamihealth.com\/sv\/produkt\/intraline-m2-plus\/","title":{"rendered":"INTRALINE\u00ae M2 PLUS"},"content":{"rendered":"<p><b>INTRALINE M2 PLUS<\/b><span style=\"font-weight: 400;\"> \u00e4r en <\/span><b>monofasisk hudfyllnadsmedel <\/b><span style=\"font-weight: 400;\">med <\/span><b>lidokain. <\/b><span style=\"font-weight: 400;\">Denna injicerbara gel inneh\u00e5ller <\/span><b>tv\u00e4rbunden hyaluronsyra <\/b><span style=\"font-weight: 400;\">f\u00f6r \u00f6kad <\/span><b>volym <\/b><span style=\"font-weight: 400;\">och <\/span><b>hydrering <\/b><span style=\"font-weight: 400;\">av huden. En <\/span><b>bed\u00f6vande lidokain<\/b><span style=\"font-weight: 400;\"> tills\u00e4tts f\u00f6r att g\u00f6ra <\/span><b>proceduren <\/b><span style=\"font-weight: 400;\">mindre <\/span><b>obehaglig<\/b><span style=\"font-weight: 400;\">. Applicera denna hudfyllare runt <\/span><b>ansiktet <\/b><span style=\"font-weight: 400;\">och <\/span><b>halsen <\/b><span style=\"font-weight: 400;\">f\u00f6r att <\/span><b>omforma <\/b><span style=\"font-weight: 400;\">ansiktsdragen <\/span><b>med <\/b><span style=\"font-weight: 400;\">exakt precision<\/span><b>. K\u00f6p INTRALINE M2 PLUS <\/b><span style=\"font-weight: 400;\">fr\u00e5n <strong>Kinami Health<\/strong><\/span><b>\u00a0<\/b><span style=\"font-weight: 400;\">och f\u00e5 det b\u00e4sta erbjudandet n\u00e4r du<\/span><b> best\u00e4ller premium produkter INTRALINE.<\/b><\/p>\n","protected":false},"excerpt":{"rendered":"<p>INTRALINE M2 PLUS \u00e4r en monofasisk hudfyllnadsmedel med lidokain. Denna injicerbara gel inneh\u00e5ller tv\u00e4rbunden hyaluronsyra f\u00f6r \u00f6kad volym och hydrering av huden. En bed\u00f6vande lidokain tills\u00e4tts f\u00f6r att g\u00f6ra proceduren mindre obehaglig. Applicera denna hudfyllare runt ansiktet och halsen f\u00f6r att omforma ansiktsdragen med exakt precision. K\u00f6p INTRALINE M2 PLUS fr\u00e5n Kinami Health\u00a0och f\u00e5 det [&hellip;]<\/p>\n","protected":false},"featured_media":118670,"comment_status":"closed","ping_status":"closed","template":"","meta":{"_acf_changed":false,"inline_featured_image":false},"product_brand":[3082],"product_cat":[3265,3260],"product_tag":[3256],"class_list":{"0":"post-118669","1":"product","2":"type-product","3":"status-publish","4":"has-post-thumbnail","6":"product_brand-intraline","7":"product_cat-ha-dermal-fillers","8":"product_cat-dermal-fillers-sv","9":"product_tag-medical-devices-sv","11":"first","12":"instock","13":"taxable","14":"shipping-taxable","15":"purchasable","16":"product-type-simple","17":"add-to-wishlist-before_image"},"acf":[],"yoast_head":"<!-- This site is optimized with the Yoast SEO plugin v27.5 - https:\/\/yoast.com\/product\/yoast-seo-wordpress\/ -->\n<title>K\u00f6p INTRALINE M2 PLUS online \u2013 f\u00f6r fina linjer<\/title>\n<meta name=\"description\" content=\"K\u00f6p INTRALINE M2 PLUS online f\u00f6r att korrigera fina linjer och rynkor med tv\u00e4rbunden hyaluronsyra. Minska sm\u00e4rta och obehag med lidokain.\" \/>\n<meta name=\"robots\" content=\"index, follow, max-snippet:-1, max-image-preview:large, max-video-preview:-1\" \/>\n<link rel=\"canonical\" href=\"https:\/\/kinamihealth.com\/sv\/wp-json\/wp\/v2\/product\/118669\" \/>\n<meta property=\"og:locale\" content=\"sv_SE\" \/>\n<meta property=\"og:type\" content=\"article\" \/>\n<meta property=\"og:title\" content=\"K\u00f6p INTRALINE M2 PLUS online \u2013 f\u00f6r fina linjer\" \/>\n<meta property=\"og:description\" content=\"K\u00f6p INTRALINE M2 PLUS online f\u00f6r att korrigera fina linjer och rynkor med tv\u00e4rbunden hyaluronsyra. Minska sm\u00e4rta och obehag med lidokain.\" \/>\n<meta property=\"og:url\" content=\"https:\/\/kinamihealth.com\/sv\/produkt\/intraline-m2-plus\/\" \/>\n<meta property=\"og:site_name\" content=\"Kinami Health\" \/>\n<meta property=\"article:modified_time\" content=\"2025-12-05T14:43:57+00:00\" \/>\n<meta property=\"og:image\" content=\"https:\/\/kinamihealth.com\/wp-content\/uploads\/2025\/02\/INTRALINE-M2-PLUS-01.jpg\" \/>\n\t<meta property=\"og:image:width\" content=\"800\" \/>\n\t<meta property=\"og:image:height\" content=\"800\" \/>\n\t<meta property=\"og:image:type\" content=\"image\/jpeg\" \/>\n<meta name=\"twitter:card\" content=\"summary_large_image\" \/>\n<meta name=\"twitter:label1\" content=\"Ber\u00e4knad l\u00e4stid\" \/>\n\t<meta name=\"twitter:data1\" content=\"1 minut\" \/>\n<!-- \/ Yoast SEO plugin. -->","yoast_head_json":{"title":"K\u00f6p INTRALINE M2 PLUS online \u2013 f\u00f6r fina linjer","description":"K\u00f6p INTRALINE M2 PLUS online f\u00f6r att korrigera fina linjer och rynkor med tv\u00e4rbunden hyaluronsyra. Minska sm\u00e4rta och obehag med lidokain.","robots":{"index":"index","follow":"follow","max-snippet":"max-snippet:-1","max-image-preview":"max-image-preview:large","max-video-preview":"max-video-preview:-1"},"canonical":"https:\/\/kinamihealth.com\/sv\/wp-json\/wp\/v2\/product\/118669","og_locale":"sv_SE","og_type":"article","og_title":"K\u00f6p INTRALINE M2 PLUS online \u2013 f\u00f6r fina linjer","og_description":"K\u00f6p INTRALINE M2 PLUS online f\u00f6r att korrigera fina linjer och rynkor med tv\u00e4rbunden hyaluronsyra. Minska sm\u00e4rta och obehag med lidokain.","og_url":"https:\/\/kinamihealth.com\/sv\/produkt\/intraline-m2-plus\/","og_site_name":"Kinami Health","article_modified_time":"2025-12-05T14:43:57+00:00","og_image":[{"width":800,"height":800,"url":"https:\/\/kinamihealth.com\/wp-content\/uploads\/2025\/02\/INTRALINE-M2-PLUS-01.jpg","type":"image\/jpeg"}],"twitter_card":"summary_large_image","twitter_misc":{"Ber\u00e4knad l\u00e4stid":"1 minut"},"schema":{"@context":"https:\/\/schema.org","@graph":[{"@type":"WebPage","@id":"https:\/\/kinamihealth.com\/sv\/produkt\/intraline-m2-plus\/","url":"https:\/\/kinamihealth.com\/sv\/produkt\/intraline-m2-plus\/","name":"K\u00f6p INTRALINE M2 PLUS online \u2013 f\u00f6r fina linjer","isPartOf":{"@id":"https:\/\/kinamihealth.com\/#website"},"primaryImageOfPage":{"@id":"https:\/\/kinamihealth.com\/sv\/produkt\/intraline-m2-plus\/#primaryimage"},"image":{"@id":"https:\/\/kinamihealth.com\/sv\/produkt\/intraline-m2-plus\/#primaryimage"},"thumbnailUrl":"https:\/\/kinamihealth.com\/wp-content\/uploads\/2025\/02\/INTRALINE-M2-PLUS-01.jpg","datePublished":"2025-02-15T16:55:26+00:00","dateModified":"2025-12-05T14:43:57+00:00","description":"K\u00f6p INTRALINE M2 PLUS online f\u00f6r att korrigera fina linjer och rynkor med tv\u00e4rbunden hyaluronsyra. Minska sm\u00e4rta och obehag med lidokain.","breadcrumb":{"@id":"https:\/\/kinamihealth.com\/sv\/produkt\/intraline-m2-plus\/#breadcrumb"},"inLanguage":"sv-SE","potentialAction":[{"@type":"ReadAction","target":["https:\/\/kinamihealth.com\/sv\/produkt\/intraline-m2-plus\/"]}]},{"@type":"ImageObject","inLanguage":"sv-SE","@id":"https:\/\/kinamihealth.com\/sv\/produkt\/intraline-m2-plus\/#primaryimage","url":"https:\/\/kinamihealth.com\/wp-content\/uploads\/2025\/02\/INTRALINE-M2-PLUS-01.jpg","contentUrl":"https:\/\/kinamihealth.com\/wp-content\/uploads\/2025\/02\/INTRALINE-M2-PLUS-01.jpg","width":800,"height":800},{"@type":"BreadcrumbList","@id":"https:\/\/kinamihealth.com\/sv\/produkt\/intraline-m2-plus\/#breadcrumb","itemListElement":[{"@type":"ListItem","position":1,"name":"Hem","item":"https:\/\/kinamihealth.com\/sr\/"},{"@type":"ListItem","position":2,"name":"Butik","item":"https:\/\/kinamihealth.com\/sv\/?page_id=127810"},{"@type":"ListItem","position":3,"name":"INTRALINE\u00ae M2 PLUS"}]},{"@type":"WebSite","@id":"https:\/\/kinamihealth.com\/#website","url":"https:\/\/kinamihealth.com\/","name":"Kinami Health","description":"","publisher":{"@id":"https:\/\/kinamihealth.com\/#organization"},"potentialAction":[{"@type":"SearchAction","target":{"@type":"EntryPoint","urlTemplate":"https:\/\/kinamihealth.com\/?s={search_term_string}"},"query-input":{"@type":"PropertyValueSpecification","valueRequired":true,"valueName":"search_term_string"}}],"inLanguage":"sv-SE"},{"@type":"Organization","@id":"https:\/\/kinamihealth.com\/#organization","name":"Kinami Health","url":"https:\/\/kinamihealth.com\/","logo":{"@type":"ImageObject","inLanguage":"sv-SE","@id":"https:\/\/kinamihealth.com\/#\/schema\/logo\/image\/","url":"https:\/\/kinamihealth.com\/wp-content\/uploads\/2025\/01\/KH_logo_black_2-1.png","contentUrl":"https:\/\/kinamihealth.com\/wp-content\/uploads\/2025\/01\/KH_logo_black_2-1.png","width":339,"height":34,"caption":"Kinami Health"},"image":{"@id":"https:\/\/kinamihealth.com\/#\/schema\/logo\/image\/"}}]}},"_links":{"self":[{"href":"https:\/\/kinamihealth.com\/sv\/wp-json\/wp\/v2\/product\/118669","targetHints":{"allow":["GET"]}}],"collection":[{"href":"https:\/\/kinamihealth.com\/sv\/wp-json\/wp\/v2\/product"}],"about":[{"href":"https:\/\/kinamihealth.com\/sv\/wp-json\/wp\/v2\/types\/product"}],"replies":[{"embeddable":true,"href":"https:\/\/kinamihealth.com\/sv\/wp-json\/wp\/v2\/comments?post=118669"}],"version-history":[{"count":0,"href":"https:\/\/kinamihealth.com\/sv\/wp-json\/wp\/v2\/product\/118669\/revisions"}],"wp:featuredmedia":[{"embeddable":true,"href":"https:\/\/kinamihealth.com\/sv\/wp-json\/wp\/v2\/media\/118670"}],"wp:attachment":[{"href":"https:\/\/kinamihealth.com\/sv\/wp-json\/wp\/v2\/media?parent=118669"}],"wp:term":[{"taxonomy":"product_brand","embeddable":true,"href":"https:\/\/kinamihealth.com\/sv\/wp-json\/wp\/v2\/product_brand?post=118669"},{"taxonomy":"product_cat","embeddable":true,"href":"https:\/\/kinamihealth.com\/sv\/wp-json\/wp\/v2\/product_cat?post=118669"},{"taxonomy":"product_tag","embeddable":true,"href":"https:\/\/kinamihealth.com\/sv\/wp-json\/wp\/v2\/product_tag?post=118669"}],"curies":[{"name":"wp","href":"https:\/\/api.w.org\/{rel}","templated":true}]}}