{"id":118663,"date":"2025-02-15T16:55:26","date_gmt":"2025-02-15T16:55:26","guid":{"rendered":"https:\/\/kinamihealth.com\/product\/intraline-for-men\/"},"modified":"2025-12-05T14:48:57","modified_gmt":"2025-12-05T14:48:57","slug":"intraline-for-men","status":"publish","type":"product","link":"https:\/\/kinamihealth.com\/sv\/produkt\/intraline-for-men\/","title":{"rendered":"INTRALINE\u00ae FOR MEN"},"content":{"rendered":"<p><b>INTRALINE FOR MEN<\/b><span style=\"font-weight: 400;\"> \u00e4r en <\/span><b>bifasisk injicerbar filler <\/b><span style=\"font-weight: 400;\">som \u00e4r noggrant utformad f\u00f6r <\/span><b>m\u00e4n<\/b><span style=\"font-weight: 400;\">. Denna <\/span><b>gel <\/b><span style=\"font-weight: 400;\">kombinerar <\/span><b>tv\u00e4rbunden <\/b><span style=\"font-weight: 400;\">och <\/span><b>icke korsl\u00e4nkad hyaluronsyra <\/b><span style=\"font-weight: 400;\">i en blandning som ger tillr\u00e4cklig <\/span><b>volym <\/b><span style=\"font-weight: 400;\">och <\/span><b>fuktighet <\/b><span style=\"font-weight: 400;\">till <\/span><b>ansiktet<\/b><span style=\"font-weight: 400;\"> samtidigt som <\/span><b>r\u00f6rligheten <\/b><span style=\"font-weight: 400;\">och hudens elasticitet<\/span><b>\u00a0<\/b><span style=\"font-weight: 400;\">bibeh\u00e5lls. <\/span><b>F\u00f6ryngra <\/b><span style=\"font-weight: 400;\">ansiktet <\/span><b>och korrigera symptomen <\/b><span style=\"font-weight: 400;\">p\u00e5 <\/span><b>\u00e5ldrande<\/b><span style=\"font-weight: 400;\">, s\u00e5som <\/span><b>marionettlinjer, nasolabialaveck, medelstora <\/b><span style=\"font-weight: 400;\">till <\/span><b>djupa rynkor, amorb\u00e5ge, <\/b><span style=\"font-weight: 400;\">och <\/span><b>periorala linjer. K\u00f6p INTRALINE FOR MEN <\/b><span style=\"font-weight: 400;\">fr\u00e5n <strong>Kinami Health<\/strong><\/span><b>\u00a0<\/b><span style=\"font-weight: 400;\">och <\/span><b>k\u00f6p INTRALINE-m\u00e4rkesprodukter<\/b><span style=\"font-weight: 400;\">.<\/span><\/p>\n","protected":false},"excerpt":{"rendered":"<p>INTRALINE FOR MEN \u00e4r en bifasisk injicerbar filler som \u00e4r noggrant utformad f\u00f6r m\u00e4n. Denna gel kombinerar tv\u00e4rbunden och icke korsl\u00e4nkad hyaluronsyra i en blandning som ger tillr\u00e4cklig volym och fuktighet till ansiktet samtidigt som r\u00f6rligheten och hudens elasticitet\u00a0bibeh\u00e5lls. F\u00f6ryngra ansiktet och korrigera symptomen p\u00e5 \u00e5ldrande, s\u00e5som marionettlinjer, nasolabialaveck, medelstora till djupa rynkor, amorb\u00e5ge, och [&hellip;]<\/p>\n","protected":false},"featured_media":118664,"comment_status":"closed","ping_status":"closed","template":"","meta":{"_acf_changed":false,"inline_featured_image":false},"product_brand":[3082],"product_cat":[3265,3260],"product_tag":[3256],"class_list":{"0":"post-118663","1":"product","2":"type-product","3":"status-publish","4":"has-post-thumbnail","6":"product_brand-intraline","7":"product_cat-ha-dermal-fillers","8":"product_cat-dermal-fillers-sv","9":"product_tag-medical-devices-sv","11":"first","12":"instock","13":"taxable","14":"shipping-taxable","15":"purchasable","16":"product-type-simple","17":"add-to-wishlist-before_image"},"acf":[],"yoast_head":"<!-- This site is optimized with the Yoast SEO plugin v27.5 - https:\/\/yoast.com\/product\/yoast-seo-wordpress\/ -->\n<title>K\u00f6p INTRALINE FOR MEN online \u2013 Premium hudfyllnadsmedel<\/title>\n<meta name=\"description\" content=\"K\u00f6p INTRALINE FOR MEN online och anv\u00e4nd hyaluronsyra f\u00f6r att f\u00f6rb\u00e4ttra ansiktsimperfektioner som rynkor och linjer och omforma n\u00e4san och l\u00e4pparna.\" \/>\n<meta name=\"robots\" content=\"index, follow, max-snippet:-1, max-image-preview:large, max-video-preview:-1\" \/>\n<link rel=\"canonical\" href=\"https:\/\/kinamihealth.com\/sv\/wp-json\/wp\/v2\/product\/118663\" \/>\n<meta property=\"og:locale\" content=\"sv_SE\" \/>\n<meta property=\"og:type\" content=\"article\" \/>\n<meta property=\"og:title\" content=\"K\u00f6p INTRALINE FOR MEN online \u2013 Premium hudfyllnadsmedel\" \/>\n<meta property=\"og:description\" content=\"K\u00f6p INTRALINE FOR MEN online och anv\u00e4nd hyaluronsyra f\u00f6r att f\u00f6rb\u00e4ttra ansiktsimperfektioner som rynkor och linjer och omforma n\u00e4san och l\u00e4pparna.\" \/>\n<meta property=\"og:url\" content=\"https:\/\/kinamihealth.com\/sv\/produkt\/intraline-for-men\/\" \/>\n<meta property=\"og:site_name\" content=\"Kinami Health\" \/>\n<meta property=\"article:modified_time\" content=\"2025-12-05T14:48:57+00:00\" \/>\n<meta property=\"og:image\" content=\"https:\/\/kinamihealth.com\/wp-content\/uploads\/2025\/02\/INTRALINE-MEN-01.jpg\" \/>\n\t<meta property=\"og:image:width\" content=\"800\" \/>\n\t<meta property=\"og:image:height\" content=\"800\" \/>\n\t<meta property=\"og:image:type\" content=\"image\/jpeg\" \/>\n<meta name=\"twitter:card\" content=\"summary_large_image\" \/>\n<meta name=\"twitter:label1\" content=\"Ber\u00e4knad l\u00e4stid\" \/>\n\t<meta name=\"twitter:data1\" content=\"1 minut\" \/>\n<!-- \/ Yoast SEO plugin. -->","yoast_head_json":{"title":"K\u00f6p INTRALINE FOR MEN online \u2013 Premium hudfyllnadsmedel","description":"K\u00f6p INTRALINE FOR MEN online och anv\u00e4nd hyaluronsyra f\u00f6r att f\u00f6rb\u00e4ttra ansiktsimperfektioner som rynkor och linjer och omforma n\u00e4san och l\u00e4pparna.","robots":{"index":"index","follow":"follow","max-snippet":"max-snippet:-1","max-image-preview":"max-image-preview:large","max-video-preview":"max-video-preview:-1"},"canonical":"https:\/\/kinamihealth.com\/sv\/wp-json\/wp\/v2\/product\/118663","og_locale":"sv_SE","og_type":"article","og_title":"K\u00f6p INTRALINE FOR MEN online \u2013 Premium hudfyllnadsmedel","og_description":"K\u00f6p INTRALINE FOR MEN online och anv\u00e4nd hyaluronsyra f\u00f6r att f\u00f6rb\u00e4ttra ansiktsimperfektioner som rynkor och linjer och omforma n\u00e4san och l\u00e4pparna.","og_url":"https:\/\/kinamihealth.com\/sv\/produkt\/intraline-for-men\/","og_site_name":"Kinami Health","article_modified_time":"2025-12-05T14:48:57+00:00","og_image":[{"width":800,"height":800,"url":"https:\/\/kinamihealth.com\/wp-content\/uploads\/2025\/02\/INTRALINE-MEN-01.jpg","type":"image\/jpeg"}],"twitter_card":"summary_large_image","twitter_misc":{"Ber\u00e4knad l\u00e4stid":"1 minut"},"schema":{"@context":"https:\/\/schema.org","@graph":[{"@type":"WebPage","@id":"https:\/\/kinamihealth.com\/sv\/produkt\/intraline-for-men\/","url":"https:\/\/kinamihealth.com\/sv\/produkt\/intraline-for-men\/","name":"K\u00f6p INTRALINE FOR MEN online \u2013 Premium hudfyllnadsmedel","isPartOf":{"@id":"https:\/\/kinamihealth.com\/#website"},"primaryImageOfPage":{"@id":"https:\/\/kinamihealth.com\/sv\/produkt\/intraline-for-men\/#primaryimage"},"image":{"@id":"https:\/\/kinamihealth.com\/sv\/produkt\/intraline-for-men\/#primaryimage"},"thumbnailUrl":"https:\/\/kinamihealth.com\/wp-content\/uploads\/2025\/02\/INTRALINE-MEN-01.jpg","datePublished":"2025-02-15T16:55:26+00:00","dateModified":"2025-12-05T14:48:57+00:00","description":"K\u00f6p INTRALINE FOR MEN online och anv\u00e4nd hyaluronsyra f\u00f6r att f\u00f6rb\u00e4ttra ansiktsimperfektioner som rynkor och linjer och omforma n\u00e4san och l\u00e4pparna.","breadcrumb":{"@id":"https:\/\/kinamihealth.com\/sv\/produkt\/intraline-for-men\/#breadcrumb"},"inLanguage":"sv-SE","potentialAction":[{"@type":"ReadAction","target":["https:\/\/kinamihealth.com\/sv\/produkt\/intraline-for-men\/"]}]},{"@type":"ImageObject","inLanguage":"sv-SE","@id":"https:\/\/kinamihealth.com\/sv\/produkt\/intraline-for-men\/#primaryimage","url":"https:\/\/kinamihealth.com\/wp-content\/uploads\/2025\/02\/INTRALINE-MEN-01.jpg","contentUrl":"https:\/\/kinamihealth.com\/wp-content\/uploads\/2025\/02\/INTRALINE-MEN-01.jpg","width":800,"height":800},{"@type":"BreadcrumbList","@id":"https:\/\/kinamihealth.com\/sv\/produkt\/intraline-for-men\/#breadcrumb","itemListElement":[{"@type":"ListItem","position":1,"name":"Hem","item":"https:\/\/kinamihealth.com\/sr\/"},{"@type":"ListItem","position":2,"name":"Butik","item":"https:\/\/kinamihealth.com\/sv\/?page_id=127810"},{"@type":"ListItem","position":3,"name":"INTRALINE\u00ae FOR MEN"}]},{"@type":"WebSite","@id":"https:\/\/kinamihealth.com\/#website","url":"https:\/\/kinamihealth.com\/","name":"Kinami Health","description":"","publisher":{"@id":"https:\/\/kinamihealth.com\/#organization"},"potentialAction":[{"@type":"SearchAction","target":{"@type":"EntryPoint","urlTemplate":"https:\/\/kinamihealth.com\/?s={search_term_string}"},"query-input":{"@type":"PropertyValueSpecification","valueRequired":true,"valueName":"search_term_string"}}],"inLanguage":"sv-SE"},{"@type":"Organization","@id":"https:\/\/kinamihealth.com\/#organization","name":"Kinami Health","url":"https:\/\/kinamihealth.com\/","logo":{"@type":"ImageObject","inLanguage":"sv-SE","@id":"https:\/\/kinamihealth.com\/#\/schema\/logo\/image\/","url":"https:\/\/kinamihealth.com\/wp-content\/uploads\/2025\/01\/KH_logo_black_2-1.png","contentUrl":"https:\/\/kinamihealth.com\/wp-content\/uploads\/2025\/01\/KH_logo_black_2-1.png","width":339,"height":34,"caption":"Kinami Health"},"image":{"@id":"https:\/\/kinamihealth.com\/#\/schema\/logo\/image\/"}}]}},"_links":{"self":[{"href":"https:\/\/kinamihealth.com\/sv\/wp-json\/wp\/v2\/product\/118663","targetHints":{"allow":["GET"]}}],"collection":[{"href":"https:\/\/kinamihealth.com\/sv\/wp-json\/wp\/v2\/product"}],"about":[{"href":"https:\/\/kinamihealth.com\/sv\/wp-json\/wp\/v2\/types\/product"}],"replies":[{"embeddable":true,"href":"https:\/\/kinamihealth.com\/sv\/wp-json\/wp\/v2\/comments?post=118663"}],"version-history":[{"count":0,"href":"https:\/\/kinamihealth.com\/sv\/wp-json\/wp\/v2\/product\/118663\/revisions"}],"wp:featuredmedia":[{"embeddable":true,"href":"https:\/\/kinamihealth.com\/sv\/wp-json\/wp\/v2\/media\/118664"}],"wp:attachment":[{"href":"https:\/\/kinamihealth.com\/sv\/wp-json\/wp\/v2\/media?parent=118663"}],"wp:term":[{"taxonomy":"product_brand","embeddable":true,"href":"https:\/\/kinamihealth.com\/sv\/wp-json\/wp\/v2\/product_brand?post=118663"},{"taxonomy":"product_cat","embeddable":true,"href":"https:\/\/kinamihealth.com\/sv\/wp-json\/wp\/v2\/product_cat?post=118663"},{"taxonomy":"product_tag","embeddable":true,"href":"https:\/\/kinamihealth.com\/sv\/wp-json\/wp\/v2\/product_tag?post=118663"}],"curies":[{"name":"wp","href":"https:\/\/api.w.org\/{rel}","templated":true}]}}