{"id":118658,"date":"2025-02-15T16:55:33","date_gmt":"2025-02-15T16:55:33","guid":{"rendered":"https:\/\/kinamihealth.com\/product\/intraline-one\/"},"modified":"2025-12-16T16:12:01","modified_gmt":"2025-12-16T16:12:01","slug":"intraline-one","status":"publish","type":"product","link":"https:\/\/kinamihealth.com\/sv\/produkt\/intraline-one\/","title":{"rendered":"INTRALINE\u00ae ONE"},"content":{"rendered":"<p><b>INTRALINE\u00ae ONE<\/b><span style=\"font-weight: 400;\"> \u00e4r en avancerad hudfyllnadsprodukt speciellt framtagen av Intraline f\u00f6r att \u00e5terst\u00e4lla mjukv\u00e4vnadsvolym och ansiktskonturering. Denna fyllnadsprodukt best\u00e5r av h\u00f6gkvalitativ tv\u00e4rbunden <\/span><b>hyaluronsyra<\/b><span style=\"font-weight: 400;\"> och ger ett j\u00e4mnt, naturligt utseende med varaktiga resultat. Produkten integreras s\u00f6ml\u00f6st i hudv\u00e4vnaden och erbjuder behandlare en idealisk l\u00f6sning f\u00f6r att f\u00f6rb\u00e4ttra ansiktskonturerna, j\u00e4mna ut m\u00e5ttliga rynkor och f\u00f6rb\u00e4ttra ansiktets \u00f6vergripande estetik.<\/span><\/p>\n","protected":false},"excerpt":{"rendered":"<p>INTRALINE\u00ae ONE \u00e4r en avancerad hudfyllnadsprodukt speciellt framtagen av Intraline f\u00f6r att \u00e5terst\u00e4lla mjukv\u00e4vnadsvolym och ansiktskonturering. Denna fyllnadsprodukt best\u00e5r av h\u00f6gkvalitativ tv\u00e4rbunden hyaluronsyra och ger ett j\u00e4mnt, naturligt utseende med varaktiga resultat. Produkten integreras s\u00f6ml\u00f6st i hudv\u00e4vnaden och erbjuder behandlare en idealisk l\u00f6sning f\u00f6r att f\u00f6rb\u00e4ttra ansiktskonturerna, j\u00e4mna ut m\u00e5ttliga rynkor och f\u00f6rb\u00e4ttra ansiktets \u00f6vergripande [&hellip;]<\/p>\n","protected":false},"featured_media":118659,"comment_status":"closed","ping_status":"closed","template":"","meta":{"_acf_changed":false,"inline_featured_image":false},"product_brand":[3082],"product_cat":[3265,3260],"product_tag":[3256],"class_list":{"0":"post-118658","1":"product","2":"type-product","3":"status-publish","4":"has-post-thumbnail","6":"product_brand-intraline","7":"product_cat-ha-dermal-fillers","8":"product_cat-dermal-fillers-sv","9":"product_tag-medical-devices-sv","11":"first","12":"instock","13":"taxable","14":"shipping-taxable","15":"purchasable","16":"product-type-simple","17":"add-to-wishlist-before_image"},"acf":[],"yoast_head":"<!-- This site is optimized with the Yoast SEO plugin v27.5 - https:\/\/yoast.com\/product\/yoast-seo-wordpress\/ -->\n<title>Best\u00e4ll INTRALINE\u00ae ONE online | Handla online | Kinami Health<\/title>\n<meta name=\"description\" content=\"Best\u00e4ll INTRALINE\u00ae ONE online och \u00e5terst\u00e4ll mjukv\u00e4vnadsvolymen med denna hyaluronsyrafiller som \u00e4r utformad f\u00f6r ansiktskonturering och definition.\" \/>\n<meta name=\"robots\" content=\"index, follow, max-snippet:-1, max-image-preview:large, max-video-preview:-1\" \/>\n<link rel=\"canonical\" href=\"https:\/\/kinamihealth.com\/sv\/wp-json\/wp\/v2\/product\/118658\" \/>\n<meta property=\"og:locale\" content=\"sv_SE\" \/>\n<meta property=\"og:type\" content=\"article\" \/>\n<meta property=\"og:title\" content=\"Best\u00e4ll INTRALINE\u00ae ONE online | Handla online | Kinami Health\" \/>\n<meta property=\"og:description\" content=\"Best\u00e4ll INTRALINE\u00ae ONE online och \u00e5terst\u00e4ll mjukv\u00e4vnadsvolymen med denna hyaluronsyrafiller som \u00e4r utformad f\u00f6r ansiktskonturering och definition.\" \/>\n<meta property=\"og:url\" content=\"https:\/\/kinamihealth.com\/sv\/produkt\/intraline-one\/\" \/>\n<meta property=\"og:site_name\" content=\"Kinami Health\" \/>\n<meta property=\"article:modified_time\" content=\"2025-12-16T16:12:01+00:00\" \/>\n<meta property=\"og:image\" content=\"https:\/\/kinamihealth.com\/wp-content\/uploads\/2025\/02\/INTRALINE-ONE-01.jpg\" \/>\n\t<meta property=\"og:image:width\" content=\"800\" \/>\n\t<meta property=\"og:image:height\" content=\"800\" \/>\n\t<meta property=\"og:image:type\" content=\"image\/jpeg\" \/>\n<meta name=\"twitter:card\" content=\"summary_large_image\" \/>\n<meta name=\"twitter:label1\" content=\"Ber\u00e4knad l\u00e4stid\" \/>\n\t<meta name=\"twitter:data1\" content=\"1 minut\" \/>\n<!-- \/ Yoast SEO plugin. -->","yoast_head_json":{"title":"Best\u00e4ll INTRALINE\u00ae ONE online | Handla online | Kinami Health","description":"Best\u00e4ll INTRALINE\u00ae ONE online och \u00e5terst\u00e4ll mjukv\u00e4vnadsvolymen med denna hyaluronsyrafiller som \u00e4r utformad f\u00f6r ansiktskonturering och definition.","robots":{"index":"index","follow":"follow","max-snippet":"max-snippet:-1","max-image-preview":"max-image-preview:large","max-video-preview":"max-video-preview:-1"},"canonical":"https:\/\/kinamihealth.com\/sv\/wp-json\/wp\/v2\/product\/118658","og_locale":"sv_SE","og_type":"article","og_title":"Best\u00e4ll INTRALINE\u00ae ONE online | Handla online | Kinami Health","og_description":"Best\u00e4ll INTRALINE\u00ae ONE online och \u00e5terst\u00e4ll mjukv\u00e4vnadsvolymen med denna hyaluronsyrafiller som \u00e4r utformad f\u00f6r ansiktskonturering och definition.","og_url":"https:\/\/kinamihealth.com\/sv\/produkt\/intraline-one\/","og_site_name":"Kinami Health","article_modified_time":"2025-12-16T16:12:01+00:00","og_image":[{"width":800,"height":800,"url":"https:\/\/kinamihealth.com\/wp-content\/uploads\/2025\/02\/INTRALINE-ONE-01.jpg","type":"image\/jpeg"}],"twitter_card":"summary_large_image","twitter_misc":{"Ber\u00e4knad l\u00e4stid":"1 minut"},"schema":{"@context":"https:\/\/schema.org","@graph":[{"@type":"WebPage","@id":"https:\/\/kinamihealth.com\/sv\/produkt\/intraline-one\/","url":"https:\/\/kinamihealth.com\/sv\/produkt\/intraline-one\/","name":"Best\u00e4ll INTRALINE\u00ae ONE online | Handla online | Kinami Health","isPartOf":{"@id":"https:\/\/kinamihealth.com\/#website"},"primaryImageOfPage":{"@id":"https:\/\/kinamihealth.com\/sv\/produkt\/intraline-one\/#primaryimage"},"image":{"@id":"https:\/\/kinamihealth.com\/sv\/produkt\/intraline-one\/#primaryimage"},"thumbnailUrl":"https:\/\/kinamihealth.com\/wp-content\/uploads\/2025\/02\/INTRALINE-ONE-01.jpg","datePublished":"2025-02-15T16:55:33+00:00","dateModified":"2025-12-16T16:12:01+00:00","description":"Best\u00e4ll INTRALINE\u00ae ONE online och \u00e5terst\u00e4ll mjukv\u00e4vnadsvolymen med denna hyaluronsyrafiller som \u00e4r utformad f\u00f6r ansiktskonturering och definition.","breadcrumb":{"@id":"https:\/\/kinamihealth.com\/sv\/produkt\/intraline-one\/#breadcrumb"},"inLanguage":"sv-SE","potentialAction":[{"@type":"ReadAction","target":["https:\/\/kinamihealth.com\/sv\/produkt\/intraline-one\/"]}]},{"@type":"ImageObject","inLanguage":"sv-SE","@id":"https:\/\/kinamihealth.com\/sv\/produkt\/intraline-one\/#primaryimage","url":"https:\/\/kinamihealth.com\/wp-content\/uploads\/2025\/02\/INTRALINE-ONE-01.jpg","contentUrl":"https:\/\/kinamihealth.com\/wp-content\/uploads\/2025\/02\/INTRALINE-ONE-01.jpg","width":800,"height":800},{"@type":"BreadcrumbList","@id":"https:\/\/kinamihealth.com\/sv\/produkt\/intraline-one\/#breadcrumb","itemListElement":[{"@type":"ListItem","position":1,"name":"Hem","item":"https:\/\/kinamihealth.com\/sr\/"},{"@type":"ListItem","position":2,"name":"Butik","item":"https:\/\/kinamihealth.com\/sv\/?page_id=127810"},{"@type":"ListItem","position":3,"name":"INTRALINE\u00ae ONE"}]},{"@type":"WebSite","@id":"https:\/\/kinamihealth.com\/#website","url":"https:\/\/kinamihealth.com\/","name":"Kinami Health","description":"","publisher":{"@id":"https:\/\/kinamihealth.com\/#organization"},"potentialAction":[{"@type":"SearchAction","target":{"@type":"EntryPoint","urlTemplate":"https:\/\/kinamihealth.com\/?s={search_term_string}"},"query-input":{"@type":"PropertyValueSpecification","valueRequired":true,"valueName":"search_term_string"}}],"inLanguage":"sv-SE"},{"@type":"Organization","@id":"https:\/\/kinamihealth.com\/#organization","name":"Kinami Health","url":"https:\/\/kinamihealth.com\/","logo":{"@type":"ImageObject","inLanguage":"sv-SE","@id":"https:\/\/kinamihealth.com\/#\/schema\/logo\/image\/","url":"https:\/\/kinamihealth.com\/wp-content\/uploads\/2025\/01\/KH_logo_black_2-1.png","contentUrl":"https:\/\/kinamihealth.com\/wp-content\/uploads\/2025\/01\/KH_logo_black_2-1.png","width":339,"height":34,"caption":"Kinami Health"},"image":{"@id":"https:\/\/kinamihealth.com\/#\/schema\/logo\/image\/"}}]}},"_links":{"self":[{"href":"https:\/\/kinamihealth.com\/sv\/wp-json\/wp\/v2\/product\/118658","targetHints":{"allow":["GET"]}}],"collection":[{"href":"https:\/\/kinamihealth.com\/sv\/wp-json\/wp\/v2\/product"}],"about":[{"href":"https:\/\/kinamihealth.com\/sv\/wp-json\/wp\/v2\/types\/product"}],"replies":[{"embeddable":true,"href":"https:\/\/kinamihealth.com\/sv\/wp-json\/wp\/v2\/comments?post=118658"}],"version-history":[{"count":0,"href":"https:\/\/kinamihealth.com\/sv\/wp-json\/wp\/v2\/product\/118658\/revisions"}],"wp:featuredmedia":[{"embeddable":true,"href":"https:\/\/kinamihealth.com\/sv\/wp-json\/wp\/v2\/media\/118659"}],"wp:attachment":[{"href":"https:\/\/kinamihealth.com\/sv\/wp-json\/wp\/v2\/media?parent=118658"}],"wp:term":[{"taxonomy":"product_brand","embeddable":true,"href":"https:\/\/kinamihealth.com\/sv\/wp-json\/wp\/v2\/product_brand?post=118658"},{"taxonomy":"product_cat","embeddable":true,"href":"https:\/\/kinamihealth.com\/sv\/wp-json\/wp\/v2\/product_cat?post=118658"},{"taxonomy":"product_tag","embeddable":true,"href":"https:\/\/kinamihealth.com\/sv\/wp-json\/wp\/v2\/product_tag?post=118658"}],"curies":[{"name":"wp","href":"https:\/\/api.w.org\/{rel}","templated":true}]}}