{"id":118567,"date":"2025-03-11T18:14:42","date_gmt":"2025-03-11T18:14:42","guid":{"rendered":"https:\/\/kinamihealth.com\/product\/intraline-tr2390\/"},"modified":"2025-12-05T11:23:06","modified_gmt":"2025-12-05T11:23:06","slug":"intraline-tr2390","status":"publish","type":"product","link":"https:\/\/kinamihealth.com\/sv\/produkt\/intraline-tr2390\/","title":{"rendered":"INTRALINE\u00ae TR2390"},"content":{"rendered":"<p><b>INTRALINE\u00ae TR2390<\/b><span style=\"font-weight: 400;\"> \u00e4r en banbrytande estetisk behandling utvecklad speciellt f\u00f6r medicinsk personal som vill uppn\u00e5 betydande lyft- och uppstramningseffekter. Denna innovativa l\u00f6sning anv\u00e4nder trippelpolydioxanon (PDO)-tr\u00e5dar och st\u00f6der och f\u00f6ryngrar ansiktsv\u00e4vnaden genom kraftfull mekanisk lyftning i kombination med naturlig kollagenstimulering. Dessa PDO-tr\u00e5dar \u00e4r noggrant konstruerade av Intraline och har en unik design som ger strukturell f\u00f6rst\u00e4rkning, vilket ger estetiska behandlare ett mycket tillf\u00f6rlitligt verktyg f\u00f6r avancerade hudf\u00f6ryngringsprocedurer.<\/span><\/p>\n","protected":false},"excerpt":{"rendered":"<p>INTRALINE\u00ae TR2390 \u00e4r en banbrytande estetisk behandling utvecklad speciellt f\u00f6r medicinsk personal som vill uppn\u00e5 betydande lyft- och uppstramningseffekter. Denna innovativa l\u00f6sning anv\u00e4nder trippelpolydioxanon (PDO)-tr\u00e5dar och st\u00f6der och f\u00f6ryngrar ansiktsv\u00e4vnaden genom kraftfull mekanisk lyftning i kombination med naturlig kollagenstimulering. Dessa PDO-tr\u00e5dar \u00e4r noggrant konstruerade av Intraline och har en unik design som ger strukturell f\u00f6rst\u00e4rkning, [&hellip;]<\/p>\n","protected":false},"featured_media":118568,"comment_status":"closed","ping_status":"closed","template":"","meta":{"_acf_changed":false,"inline_featured_image":false},"product_brand":[3082],"product_cat":[3643],"product_tag":[3256],"class_list":{"0":"post-118567","1":"product","2":"type-product","3":"status-publish","4":"has-post-thumbnail","6":"product_brand-intraline","7":"product_cat-threads-sv","8":"product_tag-medical-devices-sv","10":"first","11":"instock","12":"taxable","13":"shipping-taxable","14":"purchasable","15":"product-type-simple","16":"add-to-wishlist-before_image"},"acf":[],"yoast_head":"<!-- This site is optimized with the Yoast SEO plugin v27.3 - https:\/\/yoast.com\/product\/yoast-seo-wordpress\/ -->\n<title>Best\u00e4ll INTRALINE\u00ae TR2390 online | Handla online | Kinami Health<\/title>\n<meta name=\"description\" content=\"Best\u00e4ll INTRALINE\u00ae TR2390 f\u00f6r att lyfta och st\u00f6dja ansiktsv\u00e4vnaden med hj\u00e4lp av trippel-PDO-tr\u00e5dar som \u00e4r utformade f\u00f6r strukturell f\u00f6rst\u00e4rkning och kollagenstimulering.\" \/>\n<meta name=\"robots\" content=\"index, follow, max-snippet:-1, max-image-preview:large, max-video-preview:-1\" \/>\n<link rel=\"canonical\" href=\"https:\/\/kinamihealth.com\/sv\/wp-json\/wp\/v2\/product\/118567\" \/>\n<meta property=\"og:locale\" content=\"sv_SE\" \/>\n<meta property=\"og:type\" content=\"article\" \/>\n<meta property=\"og:title\" content=\"Best\u00e4ll INTRALINE\u00ae TR2390 online | Handla online | Kinami Health\" \/>\n<meta property=\"og:description\" content=\"Best\u00e4ll INTRALINE\u00ae TR2390 f\u00f6r att lyfta och st\u00f6dja ansiktsv\u00e4vnaden med hj\u00e4lp av trippel-PDO-tr\u00e5dar som \u00e4r utformade f\u00f6r strukturell f\u00f6rst\u00e4rkning och kollagenstimulering.\" \/>\n<meta property=\"og:url\" content=\"https:\/\/kinamihealth.com\/sv\/produkt\/intraline-tr2390\/\" \/>\n<meta property=\"og:site_name\" content=\"Kinami Health\" \/>\n<meta property=\"article:modified_time\" content=\"2025-12-05T11:23:06+00:00\" \/>\n<meta property=\"og:image\" content=\"https:\/\/kinamihealth.com\/wp-content\/uploads\/2025\/03\/INTRALINE-TR2390.jpg\" \/>\n\t<meta property=\"og:image:width\" content=\"533\" \/>\n\t<meta property=\"og:image:height\" content=\"800\" \/>\n\t<meta property=\"og:image:type\" content=\"image\/jpeg\" \/>\n<meta name=\"twitter:card\" content=\"summary_large_image\" \/>\n<meta name=\"twitter:label1\" content=\"Ber\u00e4knad l\u00e4stid\" \/>\n\t<meta name=\"twitter:data1\" content=\"1 minut\" \/>\n<!-- \/ Yoast SEO plugin. -->","yoast_head_json":{"title":"Best\u00e4ll INTRALINE\u00ae TR2390 online | Handla online | Kinami Health","description":"Best\u00e4ll INTRALINE\u00ae TR2390 f\u00f6r att lyfta och st\u00f6dja ansiktsv\u00e4vnaden med hj\u00e4lp av trippel-PDO-tr\u00e5dar som \u00e4r utformade f\u00f6r strukturell f\u00f6rst\u00e4rkning och kollagenstimulering.","robots":{"index":"index","follow":"follow","max-snippet":"max-snippet:-1","max-image-preview":"max-image-preview:large","max-video-preview":"max-video-preview:-1"},"canonical":"https:\/\/kinamihealth.com\/sv\/wp-json\/wp\/v2\/product\/118567","og_locale":"sv_SE","og_type":"article","og_title":"Best\u00e4ll INTRALINE\u00ae TR2390 online | Handla online | Kinami Health","og_description":"Best\u00e4ll INTRALINE\u00ae TR2390 f\u00f6r att lyfta och st\u00f6dja ansiktsv\u00e4vnaden med hj\u00e4lp av trippel-PDO-tr\u00e5dar som \u00e4r utformade f\u00f6r strukturell f\u00f6rst\u00e4rkning och kollagenstimulering.","og_url":"https:\/\/kinamihealth.com\/sv\/produkt\/intraline-tr2390\/","og_site_name":"Kinami Health","article_modified_time":"2025-12-05T11:23:06+00:00","og_image":[{"width":533,"height":800,"url":"https:\/\/kinamihealth.com\/wp-content\/uploads\/2025\/03\/INTRALINE-TR2390.jpg","type":"image\/jpeg"}],"twitter_card":"summary_large_image","twitter_misc":{"Ber\u00e4knad l\u00e4stid":"1 minut"},"schema":{"@context":"https:\/\/schema.org","@graph":[{"@type":"WebPage","@id":"https:\/\/kinamihealth.com\/sv\/produkt\/intraline-tr2390\/","url":"https:\/\/kinamihealth.com\/sv\/produkt\/intraline-tr2390\/","name":"Best\u00e4ll INTRALINE\u00ae TR2390 online | Handla online | Kinami Health","isPartOf":{"@id":"https:\/\/kinamihealth.com\/#website"},"primaryImageOfPage":{"@id":"https:\/\/kinamihealth.com\/sv\/produkt\/intraline-tr2390\/#primaryimage"},"image":{"@id":"https:\/\/kinamihealth.com\/sv\/produkt\/intraline-tr2390\/#primaryimage"},"thumbnailUrl":"https:\/\/kinamihealth.com\/wp-content\/uploads\/2025\/03\/INTRALINE-TR2390.jpg","datePublished":"2025-03-11T18:14:42+00:00","dateModified":"2025-12-05T11:23:06+00:00","description":"Best\u00e4ll INTRALINE\u00ae TR2390 f\u00f6r att lyfta och st\u00f6dja ansiktsv\u00e4vnaden med hj\u00e4lp av trippel-PDO-tr\u00e5dar som \u00e4r utformade f\u00f6r strukturell f\u00f6rst\u00e4rkning och kollagenstimulering.","breadcrumb":{"@id":"https:\/\/kinamihealth.com\/sv\/produkt\/intraline-tr2390\/#breadcrumb"},"inLanguage":"sv-SE","potentialAction":[{"@type":"ReadAction","target":["https:\/\/kinamihealth.com\/sv\/produkt\/intraline-tr2390\/"]}]},{"@type":"ImageObject","inLanguage":"sv-SE","@id":"https:\/\/kinamihealth.com\/sv\/produkt\/intraline-tr2390\/#primaryimage","url":"https:\/\/kinamihealth.com\/wp-content\/uploads\/2025\/03\/INTRALINE-TR2390.jpg","contentUrl":"https:\/\/kinamihealth.com\/wp-content\/uploads\/2025\/03\/INTRALINE-TR2390.jpg","width":533,"height":800},{"@type":"BreadcrumbList","@id":"https:\/\/kinamihealth.com\/sv\/produkt\/intraline-tr2390\/#breadcrumb","itemListElement":[{"@type":"ListItem","position":1,"name":"Hem","item":"https:\/\/kinamihealth.com\/sr\/"},{"@type":"ListItem","position":2,"name":"Butik","item":"https:\/\/kinamihealth.com\/sv\/?page_id=127810"},{"@type":"ListItem","position":3,"name":"INTRALINE\u00ae TR2390"}]},{"@type":"WebSite","@id":"https:\/\/kinamihealth.com\/#website","url":"https:\/\/kinamihealth.com\/","name":"Kinami Health","description":"","publisher":{"@id":"https:\/\/kinamihealth.com\/#organization"},"potentialAction":[{"@type":"SearchAction","target":{"@type":"EntryPoint","urlTemplate":"https:\/\/kinamihealth.com\/?s={search_term_string}"},"query-input":{"@type":"PropertyValueSpecification","valueRequired":true,"valueName":"search_term_string"}}],"inLanguage":"sv-SE"},{"@type":"Organization","@id":"https:\/\/kinamihealth.com\/#organization","name":"Kinami Health","url":"https:\/\/kinamihealth.com\/","logo":{"@type":"ImageObject","inLanguage":"sv-SE","@id":"https:\/\/kinamihealth.com\/#\/schema\/logo\/image\/","url":"https:\/\/kinamihealth.com\/wp-content\/uploads\/2025\/01\/KH_logo_black_2-1.png","contentUrl":"https:\/\/kinamihealth.com\/wp-content\/uploads\/2025\/01\/KH_logo_black_2-1.png","width":339,"height":34,"caption":"Kinami Health"},"image":{"@id":"https:\/\/kinamihealth.com\/#\/schema\/logo\/image\/"}}]}},"_links":{"self":[{"href":"https:\/\/kinamihealth.com\/sv\/wp-json\/wp\/v2\/product\/118567","targetHints":{"allow":["GET"]}}],"collection":[{"href":"https:\/\/kinamihealth.com\/sv\/wp-json\/wp\/v2\/product"}],"about":[{"href":"https:\/\/kinamihealth.com\/sv\/wp-json\/wp\/v2\/types\/product"}],"replies":[{"embeddable":true,"href":"https:\/\/kinamihealth.com\/sv\/wp-json\/wp\/v2\/comments?post=118567"}],"version-history":[{"count":0,"href":"https:\/\/kinamihealth.com\/sv\/wp-json\/wp\/v2\/product\/118567\/revisions"}],"wp:featuredmedia":[{"embeddable":true,"href":"https:\/\/kinamihealth.com\/sv\/wp-json\/wp\/v2\/media\/118568"}],"wp:attachment":[{"href":"https:\/\/kinamihealth.com\/sv\/wp-json\/wp\/v2\/media?parent=118567"}],"wp:term":[{"taxonomy":"product_brand","embeddable":true,"href":"https:\/\/kinamihealth.com\/sv\/wp-json\/wp\/v2\/product_brand?post=118567"},{"taxonomy":"product_cat","embeddable":true,"href":"https:\/\/kinamihealth.com\/sv\/wp-json\/wp\/v2\/product_cat?post=118567"},{"taxonomy":"product_tag","embeddable":true,"href":"https:\/\/kinamihealth.com\/sv\/wp-json\/wp\/v2\/product_tag?post=118567"}],"curies":[{"name":"wp","href":"https:\/\/api.w.org\/{rel}","templated":true}]}}