{"id":118539,"date":"2025-02-15T16:55:16","date_gmt":"2025-02-15T16:55:16","guid":{"rendered":"https:\/\/kinamihealth.com\/product\/hyacorp-mlf1-body-contouring\/"},"modified":"2025-12-17T20:44:36","modified_gmt":"2025-12-17T20:44:36","slug":"hyacorp-mlf1-body-contouring","status":"publish","type":"product","link":"https:\/\/kinamihealth.com\/sv\/produkt\/hyacorp-mlf1-body-contouring\/","title":{"rendered":"HYACORP MLF1\u00ae BODY CONTOURING"},"content":{"rendered":"<p><b>HYACORP MLF1\u00ae BODY CONTOURING \u00e4r ett avancerat absorberbart hudimplantat<\/b><span style=\"font-weight: 400;\"> s\u00e4rskilt utformat f\u00f6r omfattande kroppskonturering. Denna sofistikerade medicintekniska produkt \u00e4r ett banbrytande kontureringsimplantat baserat p\u00e5 hyaluronsyra som tillverkas av BioScience i enlighet med strikta farmaceutiska standarder.\u00a0<\/span><\/p>\n","protected":false},"excerpt":{"rendered":"<p>HYACORP MLF1\u00ae BODY CONTOURING \u00e4r ett avancerat absorberbart hudimplantat s\u00e4rskilt utformat f\u00f6r omfattande kroppskonturering. Denna sofistikerade medicintekniska produkt \u00e4r ett banbrytande kontureringsimplantat baserat p\u00e5 hyaluronsyra som tillverkas av BioScience i enlighet med strikta farmaceutiska standarder.\u00a0<\/p>\n","protected":false},"featured_media":118540,"comment_status":"closed","ping_status":"closed","template":"","meta":{"_acf_changed":false,"inline_featured_image":false},"product_brand":[3081],"product_cat":[3637],"product_tag":[3256],"class_list":{"0":"post-118539","1":"product","2":"type-product","3":"status-publish","4":"has-post-thumbnail","6":"product_brand-hyacorp","7":"product_cat-body-sculpting-sv","8":"product_tag-medical-devices-sv","10":"first","11":"instock","12":"taxable","13":"shipping-taxable","14":"purchasable","15":"product-type-simple","16":"add-to-wishlist-before_image"},"acf":[],"yoast_head":"<!-- This site is optimized with the Yoast SEO plugin v27.5 - https:\/\/yoast.com\/product\/yoast-seo-wordpress\/ -->\n<title>Best\u00e4ll HYACORP MLF1\u00ae BODY CONTOURING online | Kinami Health<\/title>\n<meta name=\"description\" content=\"Best\u00e4ll HYACORP MLF1\u00ae BODY CONTOURING f\u00f6r precis volym\u00f6kning i mindre kroppsomr\u00e5den med hj\u00e4lp av tv\u00e4rbunden hyaluronsyra med utm\u00e4rkt v\u00e4vnadsintegration.\" \/>\n<meta name=\"robots\" content=\"index, follow, max-snippet:-1, max-image-preview:large, max-video-preview:-1\" \/>\n<link rel=\"canonical\" href=\"https:\/\/kinamihealth.com\/sv\/wp-json\/wp\/v2\/product\/118539\" \/>\n<meta property=\"og:locale\" content=\"sv_SE\" \/>\n<meta property=\"og:type\" content=\"article\" \/>\n<meta property=\"og:title\" content=\"Best\u00e4ll HYACORP MLF1\u00ae BODY CONTOURING online | Kinami Health\" \/>\n<meta property=\"og:description\" content=\"Best\u00e4ll HYACORP MLF1\u00ae BODY CONTOURING f\u00f6r precis volym\u00f6kning i mindre kroppsomr\u00e5den med hj\u00e4lp av tv\u00e4rbunden hyaluronsyra med utm\u00e4rkt v\u00e4vnadsintegration.\" \/>\n<meta property=\"og:url\" content=\"https:\/\/kinamihealth.com\/sv\/produkt\/hyacorp-mlf1-body-contouring\/\" \/>\n<meta property=\"og:site_name\" content=\"Kinami Health\" \/>\n<meta property=\"article:modified_time\" content=\"2025-12-17T20:44:36+00:00\" \/>\n<meta property=\"og:image\" content=\"https:\/\/kinamihealth.com\/wp-content\/uploads\/2025\/02\/HYACORP-BODYCONTOURING-MLF1-01.jpg\" \/>\n\t<meta property=\"og:image:width\" content=\"800\" \/>\n\t<meta property=\"og:image:height\" content=\"800\" \/>\n\t<meta property=\"og:image:type\" content=\"image\/jpeg\" \/>\n<meta name=\"twitter:card\" content=\"summary_large_image\" \/>\n<meta name=\"twitter:label1\" content=\"Ber\u00e4knad l\u00e4stid\" \/>\n\t<meta name=\"twitter:data1\" content=\"1 minut\" \/>\n<!-- \/ Yoast SEO plugin. -->","yoast_head_json":{"title":"Best\u00e4ll HYACORP MLF1\u00ae BODY CONTOURING online | Kinami Health","description":"Best\u00e4ll HYACORP MLF1\u00ae BODY CONTOURING f\u00f6r precis volym\u00f6kning i mindre kroppsomr\u00e5den med hj\u00e4lp av tv\u00e4rbunden hyaluronsyra med utm\u00e4rkt v\u00e4vnadsintegration.","robots":{"index":"index","follow":"follow","max-snippet":"max-snippet:-1","max-image-preview":"max-image-preview:large","max-video-preview":"max-video-preview:-1"},"canonical":"https:\/\/kinamihealth.com\/sv\/wp-json\/wp\/v2\/product\/118539","og_locale":"sv_SE","og_type":"article","og_title":"Best\u00e4ll HYACORP MLF1\u00ae BODY CONTOURING online | Kinami Health","og_description":"Best\u00e4ll HYACORP MLF1\u00ae BODY CONTOURING f\u00f6r precis volym\u00f6kning i mindre kroppsomr\u00e5den med hj\u00e4lp av tv\u00e4rbunden hyaluronsyra med utm\u00e4rkt v\u00e4vnadsintegration.","og_url":"https:\/\/kinamihealth.com\/sv\/produkt\/hyacorp-mlf1-body-contouring\/","og_site_name":"Kinami Health","article_modified_time":"2025-12-17T20:44:36+00:00","og_image":[{"width":800,"height":800,"url":"https:\/\/kinamihealth.com\/wp-content\/uploads\/2025\/02\/HYACORP-BODYCONTOURING-MLF1-01.jpg","type":"image\/jpeg"}],"twitter_card":"summary_large_image","twitter_misc":{"Ber\u00e4knad l\u00e4stid":"1 minut"},"schema":{"@context":"https:\/\/schema.org","@graph":[{"@type":"WebPage","@id":"https:\/\/kinamihealth.com\/sv\/produkt\/hyacorp-mlf1-body-contouring\/","url":"https:\/\/kinamihealth.com\/sv\/produkt\/hyacorp-mlf1-body-contouring\/","name":"Best\u00e4ll HYACORP MLF1\u00ae BODY CONTOURING online | Kinami Health","isPartOf":{"@id":"https:\/\/kinamihealth.com\/#website"},"primaryImageOfPage":{"@id":"https:\/\/kinamihealth.com\/sv\/produkt\/hyacorp-mlf1-body-contouring\/#primaryimage"},"image":{"@id":"https:\/\/kinamihealth.com\/sv\/produkt\/hyacorp-mlf1-body-contouring\/#primaryimage"},"thumbnailUrl":"https:\/\/kinamihealth.com\/wp-content\/uploads\/2025\/02\/HYACORP-BODYCONTOURING-MLF1-01.jpg","datePublished":"2025-02-15T16:55:16+00:00","dateModified":"2025-12-17T20:44:36+00:00","description":"Best\u00e4ll HYACORP MLF1\u00ae BODY CONTOURING f\u00f6r precis volym\u00f6kning i mindre kroppsomr\u00e5den med hj\u00e4lp av tv\u00e4rbunden hyaluronsyra med utm\u00e4rkt v\u00e4vnadsintegration.","breadcrumb":{"@id":"https:\/\/kinamihealth.com\/sv\/produkt\/hyacorp-mlf1-body-contouring\/#breadcrumb"},"inLanguage":"sv-SE","potentialAction":[{"@type":"ReadAction","target":["https:\/\/kinamihealth.com\/sv\/produkt\/hyacorp-mlf1-body-contouring\/"]}]},{"@type":"ImageObject","inLanguage":"sv-SE","@id":"https:\/\/kinamihealth.com\/sv\/produkt\/hyacorp-mlf1-body-contouring\/#primaryimage","url":"https:\/\/kinamihealth.com\/wp-content\/uploads\/2025\/02\/HYACORP-BODYCONTOURING-MLF1-01.jpg","contentUrl":"https:\/\/kinamihealth.com\/wp-content\/uploads\/2025\/02\/HYACORP-BODYCONTOURING-MLF1-01.jpg","width":800,"height":800},{"@type":"BreadcrumbList","@id":"https:\/\/kinamihealth.com\/sv\/produkt\/hyacorp-mlf1-body-contouring\/#breadcrumb","itemListElement":[{"@type":"ListItem","position":1,"name":"Hem","item":"https:\/\/kinamihealth.com\/sr\/"},{"@type":"ListItem","position":2,"name":"Butik","item":"https:\/\/kinamihealth.com\/sv\/?page_id=127810"},{"@type":"ListItem","position":3,"name":"HYACORP MLF1\u00ae BODY CONTOURING"}]},{"@type":"WebSite","@id":"https:\/\/kinamihealth.com\/#website","url":"https:\/\/kinamihealth.com\/","name":"Kinami Health","description":"","publisher":{"@id":"https:\/\/kinamihealth.com\/#organization"},"potentialAction":[{"@type":"SearchAction","target":{"@type":"EntryPoint","urlTemplate":"https:\/\/kinamihealth.com\/?s={search_term_string}"},"query-input":{"@type":"PropertyValueSpecification","valueRequired":true,"valueName":"search_term_string"}}],"inLanguage":"sv-SE"},{"@type":"Organization","@id":"https:\/\/kinamihealth.com\/#organization","name":"Kinami Health","url":"https:\/\/kinamihealth.com\/","logo":{"@type":"ImageObject","inLanguage":"sv-SE","@id":"https:\/\/kinamihealth.com\/#\/schema\/logo\/image\/","url":"https:\/\/kinamihealth.com\/wp-content\/uploads\/2025\/01\/KH_logo_black_2-1.png","contentUrl":"https:\/\/kinamihealth.com\/wp-content\/uploads\/2025\/01\/KH_logo_black_2-1.png","width":339,"height":34,"caption":"Kinami Health"},"image":{"@id":"https:\/\/kinamihealth.com\/#\/schema\/logo\/image\/"}}]}},"_links":{"self":[{"href":"https:\/\/kinamihealth.com\/sv\/wp-json\/wp\/v2\/product\/118539","targetHints":{"allow":["GET"]}}],"collection":[{"href":"https:\/\/kinamihealth.com\/sv\/wp-json\/wp\/v2\/product"}],"about":[{"href":"https:\/\/kinamihealth.com\/sv\/wp-json\/wp\/v2\/types\/product"}],"replies":[{"embeddable":true,"href":"https:\/\/kinamihealth.com\/sv\/wp-json\/wp\/v2\/comments?post=118539"}],"version-history":[{"count":0,"href":"https:\/\/kinamihealth.com\/sv\/wp-json\/wp\/v2\/product\/118539\/revisions"}],"wp:featuredmedia":[{"embeddable":true,"href":"https:\/\/kinamihealth.com\/sv\/wp-json\/wp\/v2\/media\/118540"}],"wp:attachment":[{"href":"https:\/\/kinamihealth.com\/sv\/wp-json\/wp\/v2\/media?parent=118539"}],"wp:term":[{"taxonomy":"product_brand","embeddable":true,"href":"https:\/\/kinamihealth.com\/sv\/wp-json\/wp\/v2\/product_brand?post=118539"},{"taxonomy":"product_cat","embeddable":true,"href":"https:\/\/kinamihealth.com\/sv\/wp-json\/wp\/v2\/product_cat?post=118539"},{"taxonomy":"product_tag","embeddable":true,"href":"https:\/\/kinamihealth.com\/sv\/wp-json\/wp\/v2\/product_tag?post=118539"}],"curies":[{"name":"wp","href":"https:\/\/api.w.org\/{rel}","templated":true}]}}