{"id":118535,"date":"2025-02-15T16:55:15","date_gmt":"2025-02-15T16:55:15","guid":{"rendered":"https:\/\/kinamihealth.com\/product\/hyacorp-fine\/"},"modified":"2025-10-24T15:08:35","modified_gmt":"2025-10-24T15:08:35","slug":"hyacorp-fine","status":"publish","type":"product","link":"https:\/\/kinamihealth.com\/sv\/produkt\/hyacorp-fine\/","title":{"rendered":"HYACORP FINE\u00ae"},"content":{"rendered":"<p><b>HYACORP FINE\u00ae \u00e4r en h\u00f6gren, absorberbar hudfyllnadsmedel<\/b><span style=\"font-weight: 400;\"> s\u00e4rskilt framtagen f\u00f6r medicinsk personal som s\u00f6ker effektiva <\/span><b>hudf\u00f6ryngringsl\u00f6sningar<\/b><span style=\"font-weight: 400;\">. Denna sterila, viskoelastiska gel inneh\u00e5ller hyaluronsyra av icke-animaliskt ursprung, framst\u00e4lld genom avancerade fermenteringsprocesser. Produkten integreras s\u00f6ml\u00f6st med hudmatrisen och ger optimal volym\u00e5terst\u00e4llning och f\u00f6rb\u00e4ttrad hudfuktning f\u00f6r patienter som beh\u00f6ver korrigera fina linjer.<\/span><\/p>\n","protected":false},"excerpt":{"rendered":"<p>HYACORP FINE\u00ae \u00e4r en h\u00f6gren, absorberbar hudfyllnadsmedel s\u00e4rskilt framtagen f\u00f6r medicinsk personal som s\u00f6ker effektiva hudf\u00f6ryngringsl\u00f6sningar. Denna sterila, viskoelastiska gel inneh\u00e5ller hyaluronsyra av icke-animaliskt ursprung, framst\u00e4lld genom avancerade fermenteringsprocesser. Produkten integreras s\u00f6ml\u00f6st med hudmatrisen och ger optimal volym\u00e5terst\u00e4llning och f\u00f6rb\u00e4ttrad hudfuktning f\u00f6r patienter som beh\u00f6ver korrigera fina linjer.<\/p>\n","protected":false},"featured_media":118538,"comment_status":"closed","ping_status":"closed","template":"","meta":{"_acf_changed":false,"inline_featured_image":false},"product_brand":[3081],"product_cat":[3265,3260],"product_tag":[3256],"class_list":{"0":"post-118535","1":"product","2":"type-product","3":"status-publish","4":"has-post-thumbnail","6":"product_brand-hyacorp","7":"product_cat-ha-dermal-fillers","8":"product_cat-dermal-fillers-sv","9":"product_tag-medical-devices-sv","11":"first","12":"instock","13":"taxable","14":"shipping-taxable","15":"purchasable","16":"product-type-simple","17":"add-to-wishlist-before_image"},"acf":[],"yoast_head":"<!-- This site is optimized with the Yoast SEO plugin v27.3 - https:\/\/yoast.com\/product\/yoast-seo-wordpress\/ -->\n<title>Best\u00e4ll HYACORP FINE\u00ae online | Handla online | Kinami Health<\/title>\n<meta name=\"description\" content=\"Best\u00e4ll HYACORP FINE\u00ae f\u00f6r att behandla ytliga ansiktsrynkor med en l\u00e4tt hyaluronsyragel som \u00e4r utvecklad f\u00f6r att korrigera fina linjer och \u00e5terfukta huden.\" \/>\n<meta name=\"robots\" content=\"index, follow, max-snippet:-1, max-image-preview:large, max-video-preview:-1\" \/>\n<link rel=\"canonical\" href=\"https:\/\/kinamihealth.com\/sv\/wp-json\/wp\/v2\/product\/118535\" \/>\n<meta property=\"og:locale\" content=\"sv_SE\" \/>\n<meta property=\"og:type\" content=\"article\" \/>\n<meta property=\"og:title\" content=\"Best\u00e4ll HYACORP FINE\u00ae online | Handla online | Kinami Health\" \/>\n<meta property=\"og:description\" content=\"Best\u00e4ll HYACORP FINE\u00ae f\u00f6r att behandla ytliga ansiktsrynkor med en l\u00e4tt hyaluronsyragel som \u00e4r utvecklad f\u00f6r att korrigera fina linjer och \u00e5terfukta huden.\" \/>\n<meta property=\"og:url\" content=\"https:\/\/kinamihealth.com\/sv\/produkt\/hyacorp-fine\/\" \/>\n<meta property=\"og:site_name\" content=\"Kinami Health\" \/>\n<meta property=\"article:modified_time\" content=\"2025-10-24T15:08:35+00:00\" \/>\n<meta property=\"og:image\" content=\"https:\/\/kinamihealth.com\/wp-content\/uploads\/2025\/02\/hyacorp-fine-front.webp\" \/>\n\t<meta property=\"og:image:width\" content=\"1500\" \/>\n\t<meta property=\"og:image:height\" content=\"1500\" \/>\n\t<meta property=\"og:image:type\" content=\"image\/webp\" \/>\n<meta name=\"twitter:card\" content=\"summary_large_image\" \/>\n<meta name=\"twitter:label1\" content=\"Ber\u00e4knad l\u00e4stid\" \/>\n\t<meta name=\"twitter:data1\" content=\"1 minut\" \/>\n<!-- \/ Yoast SEO plugin. -->","yoast_head_json":{"title":"Best\u00e4ll HYACORP FINE\u00ae online | Handla online | Kinami Health","description":"Best\u00e4ll HYACORP FINE\u00ae f\u00f6r att behandla ytliga ansiktsrynkor med en l\u00e4tt hyaluronsyragel som \u00e4r utvecklad f\u00f6r att korrigera fina linjer och \u00e5terfukta huden.","robots":{"index":"index","follow":"follow","max-snippet":"max-snippet:-1","max-image-preview":"max-image-preview:large","max-video-preview":"max-video-preview:-1"},"canonical":"https:\/\/kinamihealth.com\/sv\/wp-json\/wp\/v2\/product\/118535","og_locale":"sv_SE","og_type":"article","og_title":"Best\u00e4ll HYACORP FINE\u00ae online | Handla online | Kinami Health","og_description":"Best\u00e4ll HYACORP FINE\u00ae f\u00f6r att behandla ytliga ansiktsrynkor med en l\u00e4tt hyaluronsyragel som \u00e4r utvecklad f\u00f6r att korrigera fina linjer och \u00e5terfukta huden.","og_url":"https:\/\/kinamihealth.com\/sv\/produkt\/hyacorp-fine\/","og_site_name":"Kinami Health","article_modified_time":"2025-10-24T15:08:35+00:00","og_image":[{"width":1500,"height":1500,"url":"https:\/\/kinamihealth.com\/wp-content\/uploads\/2025\/02\/hyacorp-fine-front.webp","type":"image\/webp"}],"twitter_card":"summary_large_image","twitter_misc":{"Ber\u00e4knad l\u00e4stid":"1 minut"},"schema":{"@context":"https:\/\/schema.org","@graph":[{"@type":"WebPage","@id":"https:\/\/kinamihealth.com\/sv\/produkt\/hyacorp-fine\/","url":"https:\/\/kinamihealth.com\/sv\/produkt\/hyacorp-fine\/","name":"Best\u00e4ll HYACORP FINE\u00ae online | Handla online | Kinami Health","isPartOf":{"@id":"https:\/\/kinamihealth.com\/#website"},"primaryImageOfPage":{"@id":"https:\/\/kinamihealth.com\/sv\/produkt\/hyacorp-fine\/#primaryimage"},"image":{"@id":"https:\/\/kinamihealth.com\/sv\/produkt\/hyacorp-fine\/#primaryimage"},"thumbnailUrl":"https:\/\/kinamihealth.com\/wp-content\/uploads\/2025\/02\/hyacorp-fine-front.webp","datePublished":"2025-02-15T16:55:15+00:00","dateModified":"2025-10-24T15:08:35+00:00","description":"Best\u00e4ll HYACORP FINE\u00ae f\u00f6r att behandla ytliga ansiktsrynkor med en l\u00e4tt hyaluronsyragel som \u00e4r utvecklad f\u00f6r att korrigera fina linjer och \u00e5terfukta huden.","breadcrumb":{"@id":"https:\/\/kinamihealth.com\/sv\/produkt\/hyacorp-fine\/#breadcrumb"},"inLanguage":"sv-SE","potentialAction":[{"@type":"ReadAction","target":["https:\/\/kinamihealth.com\/sv\/produkt\/hyacorp-fine\/"]}]},{"@type":"ImageObject","inLanguage":"sv-SE","@id":"https:\/\/kinamihealth.com\/sv\/produkt\/hyacorp-fine\/#primaryimage","url":"https:\/\/kinamihealth.com\/wp-content\/uploads\/2025\/02\/hyacorp-fine-front.webp","contentUrl":"https:\/\/kinamihealth.com\/wp-content\/uploads\/2025\/02\/hyacorp-fine-front.webp","width":1500,"height":1500},{"@type":"BreadcrumbList","@id":"https:\/\/kinamihealth.com\/sv\/produkt\/hyacorp-fine\/#breadcrumb","itemListElement":[{"@type":"ListItem","position":1,"name":"Hem","item":"https:\/\/kinamihealth.com\/sr\/"},{"@type":"ListItem","position":2,"name":"Butik","item":"https:\/\/kinamihealth.com\/sv\/?page_id=127810"},{"@type":"ListItem","position":3,"name":"HYACORP FINE\u00ae"}]},{"@type":"WebSite","@id":"https:\/\/kinamihealth.com\/#website","url":"https:\/\/kinamihealth.com\/","name":"Kinami Health","description":"","publisher":{"@id":"https:\/\/kinamihealth.com\/#organization"},"potentialAction":[{"@type":"SearchAction","target":{"@type":"EntryPoint","urlTemplate":"https:\/\/kinamihealth.com\/?s={search_term_string}"},"query-input":{"@type":"PropertyValueSpecification","valueRequired":true,"valueName":"search_term_string"}}],"inLanguage":"sv-SE"},{"@type":"Organization","@id":"https:\/\/kinamihealth.com\/#organization","name":"Kinami Health","url":"https:\/\/kinamihealth.com\/","logo":{"@type":"ImageObject","inLanguage":"sv-SE","@id":"https:\/\/kinamihealth.com\/#\/schema\/logo\/image\/","url":"https:\/\/kinamihealth.com\/wp-content\/uploads\/2025\/01\/KH_logo_black_2-1.png","contentUrl":"https:\/\/kinamihealth.com\/wp-content\/uploads\/2025\/01\/KH_logo_black_2-1.png","width":339,"height":34,"caption":"Kinami Health"},"image":{"@id":"https:\/\/kinamihealth.com\/#\/schema\/logo\/image\/"}}]}},"_links":{"self":[{"href":"https:\/\/kinamihealth.com\/sv\/wp-json\/wp\/v2\/product\/118535","targetHints":{"allow":["GET"]}}],"collection":[{"href":"https:\/\/kinamihealth.com\/sv\/wp-json\/wp\/v2\/product"}],"about":[{"href":"https:\/\/kinamihealth.com\/sv\/wp-json\/wp\/v2\/types\/product"}],"replies":[{"embeddable":true,"href":"https:\/\/kinamihealth.com\/sv\/wp-json\/wp\/v2\/comments?post=118535"}],"version-history":[{"count":0,"href":"https:\/\/kinamihealth.com\/sv\/wp-json\/wp\/v2\/product\/118535\/revisions"}],"wp:featuredmedia":[{"embeddable":true,"href":"https:\/\/kinamihealth.com\/sv\/wp-json\/wp\/v2\/media\/118538"}],"wp:attachment":[{"href":"https:\/\/kinamihealth.com\/sv\/wp-json\/wp\/v2\/media?parent=118535"}],"wp:term":[{"taxonomy":"product_brand","embeddable":true,"href":"https:\/\/kinamihealth.com\/sv\/wp-json\/wp\/v2\/product_brand?post=118535"},{"taxonomy":"product_cat","embeddable":true,"href":"https:\/\/kinamihealth.com\/sv\/wp-json\/wp\/v2\/product_cat?post=118535"},{"taxonomy":"product_tag","embeddable":true,"href":"https:\/\/kinamihealth.com\/sv\/wp-json\/wp\/v2\/product_tag?post=118535"}],"curies":[{"name":"wp","href":"https:\/\/api.w.org\/{rel}","templated":true}]}}