{"id":118527,"date":"2025-02-15T16:55:12","date_gmt":"2025-02-15T16:55:12","guid":{"rendered":"https:\/\/kinamihealth.com\/product\/harmonyca\/"},"modified":"2025-12-05T10:59:38","modified_gmt":"2025-12-05T10:59:38","slug":"harmonyca","status":"publish","type":"product","link":"https:\/\/kinamihealth.com\/sv\/produkt\/harmonyca\/","title":{"rendered":"HArmonyCA\u2122"},"content":{"rendered":"<p><span style=\"font-weight: 400;\">HArmonyCA\u2122 representerar ett genombrott inom estetisk medicin som den <\/span><b>f\u00f6rsta<\/b> <b>hybriddermalfyllaren som kombinerar hyaluronsyra- och kalciumhydroxiapatit (CaHA)-tekniker<\/b><span style=\"font-weight: 400;\">. Denna innovativa produkt ger dubbelverkande ansiktsf\u00f6ryngring genom omedelbart s\u00e4tt att \u00e5terst\u00e4lla volym och l\u00e5ngvarig kollagenstimulering. Medicinsk personal som vill k\u00f6pa HArmonyCA\u2122 kommer att uppt\u00e4cka att denna avancerade hudfyllnadsprodukt erbjuder omfattande behandling l\u00f6sningar f\u00f6r patienter som upplever volymf\u00f6rlust och strukturella hudf\u00f6r\u00e4ndringar.<\/span><\/p>\n","protected":false},"excerpt":{"rendered":"<p>HArmonyCA\u2122 representerar ett genombrott inom estetisk medicin som den f\u00f6rsta hybriddermalfyllaren som kombinerar hyaluronsyra- och kalciumhydroxiapatit (CaHA)-tekniker. Denna innovativa produkt ger dubbelverkande ansiktsf\u00f6ryngring genom omedelbart s\u00e4tt att \u00e5terst\u00e4lla volym och l\u00e5ngvarig kollagenstimulering. Medicinsk personal som vill k\u00f6pa HArmonyCA\u2122 kommer att uppt\u00e4cka att denna avancerade hudfyllnadsprodukt erbjuder omfattande behandling l\u00f6sningar f\u00f6r patienter som upplever volymf\u00f6rlust och [&hellip;]<\/p>\n","protected":false},"featured_media":118528,"comment_status":"closed","ping_status":"closed","template":"","meta":{"_acf_changed":false,"inline_featured_image":false},"product_brand":[3080],"product_cat":[3509,3260],"product_tag":[3256],"class_list":{"0":"post-118527","1":"product","2":"type-product","3":"status-publish","4":"has-post-thumbnail","6":"product_brand-harmonyca","7":"product_cat-biostimulators-sv","8":"product_cat-dermal-fillers-sv","9":"product_tag-medical-devices-sv","11":"first","12":"instock","13":"taxable","14":"shipping-taxable","15":"purchasable","16":"product-type-simple","17":"add-to-wishlist-before_image"},"acf":[],"yoast_head":"<!-- This site is optimized with the Yoast SEO plugin v27.3 - https:\/\/yoast.com\/product\/yoast-seo-wordpress\/ -->\n<title>Best\u00e4ll HArmonyCA\u2122 online | Handla online | Kinami Health<\/title>\n<meta name=\"description\" content=\"Best\u00e4ll HArmonyCA\u2122 online f\u00f6r dubbelverkande ansiktsf\u00f6ryngring som kombinerar HA och CaHA f\u00f6r att \u00e5terst\u00e4lla volym och stimulera l\u00e5ngsiktig kollagenproduktion.\" \/>\n<meta name=\"robots\" content=\"index, follow, max-snippet:-1, max-image-preview:large, max-video-preview:-1\" \/>\n<link rel=\"canonical\" href=\"https:\/\/kinamihealth.com\/sv\/wp-json\/wp\/v2\/product\/118527\" \/>\n<meta property=\"og:locale\" content=\"sv_SE\" \/>\n<meta property=\"og:type\" content=\"article\" \/>\n<meta property=\"og:title\" content=\"Best\u00e4ll HArmonyCA\u2122 online | Handla online | Kinami Health\" \/>\n<meta property=\"og:description\" content=\"Best\u00e4ll HArmonyCA\u2122 online f\u00f6r dubbelverkande ansiktsf\u00f6ryngring som kombinerar HA och CaHA f\u00f6r att \u00e5terst\u00e4lla volym och stimulera l\u00e5ngsiktig kollagenproduktion.\" \/>\n<meta property=\"og:url\" content=\"https:\/\/kinamihealth.com\/sv\/produkt\/harmonyca\/\" \/>\n<meta property=\"og:site_name\" content=\"Kinami Health\" \/>\n<meta property=\"article:modified_time\" content=\"2025-12-05T10:59:38+00:00\" \/>\n<meta property=\"og:image\" content=\"https:\/\/kinamihealth.com\/wp-content\/uploads\/2025\/02\/HArmonyCA-LIDOCAINE-04.jpg\" \/>\n\t<meta property=\"og:image:width\" content=\"1000\" \/>\n\t<meta property=\"og:image:height\" content=\"1000\" \/>\n\t<meta property=\"og:image:type\" content=\"image\/jpeg\" \/>\n<meta name=\"twitter:card\" content=\"summary_large_image\" \/>\n<meta name=\"twitter:label1\" content=\"Ber\u00e4knad l\u00e4stid\" \/>\n\t<meta name=\"twitter:data1\" content=\"1 minut\" \/>\n<!-- \/ Yoast SEO plugin. -->","yoast_head_json":{"title":"Best\u00e4ll HArmonyCA\u2122 online | Handla online | Kinami Health","description":"Best\u00e4ll HArmonyCA\u2122 online f\u00f6r dubbelverkande ansiktsf\u00f6ryngring som kombinerar HA och CaHA f\u00f6r att \u00e5terst\u00e4lla volym och stimulera l\u00e5ngsiktig kollagenproduktion.","robots":{"index":"index","follow":"follow","max-snippet":"max-snippet:-1","max-image-preview":"max-image-preview:large","max-video-preview":"max-video-preview:-1"},"canonical":"https:\/\/kinamihealth.com\/sv\/wp-json\/wp\/v2\/product\/118527","og_locale":"sv_SE","og_type":"article","og_title":"Best\u00e4ll HArmonyCA\u2122 online | Handla online | Kinami Health","og_description":"Best\u00e4ll HArmonyCA\u2122 online f\u00f6r dubbelverkande ansiktsf\u00f6ryngring som kombinerar HA och CaHA f\u00f6r att \u00e5terst\u00e4lla volym och stimulera l\u00e5ngsiktig kollagenproduktion.","og_url":"https:\/\/kinamihealth.com\/sv\/produkt\/harmonyca\/","og_site_name":"Kinami Health","article_modified_time":"2025-12-05T10:59:38+00:00","og_image":[{"width":1000,"height":1000,"url":"https:\/\/kinamihealth.com\/wp-content\/uploads\/2025\/02\/HArmonyCA-LIDOCAINE-04.jpg","type":"image\/jpeg"}],"twitter_card":"summary_large_image","twitter_misc":{"Ber\u00e4knad l\u00e4stid":"1 minut"},"schema":{"@context":"https:\/\/schema.org","@graph":[{"@type":"WebPage","@id":"https:\/\/kinamihealth.com\/sv\/produkt\/harmonyca\/","url":"https:\/\/kinamihealth.com\/sv\/produkt\/harmonyca\/","name":"Best\u00e4ll HArmonyCA\u2122 online | Handla online | Kinami Health","isPartOf":{"@id":"https:\/\/kinamihealth.com\/#website"},"primaryImageOfPage":{"@id":"https:\/\/kinamihealth.com\/sv\/produkt\/harmonyca\/#primaryimage"},"image":{"@id":"https:\/\/kinamihealth.com\/sv\/produkt\/harmonyca\/#primaryimage"},"thumbnailUrl":"https:\/\/kinamihealth.com\/wp-content\/uploads\/2025\/02\/HArmonyCA-LIDOCAINE-04.jpg","datePublished":"2025-02-15T16:55:12+00:00","dateModified":"2025-12-05T10:59:38+00:00","description":"Best\u00e4ll HArmonyCA\u2122 online f\u00f6r dubbelverkande ansiktsf\u00f6ryngring som kombinerar HA och CaHA f\u00f6r att \u00e5terst\u00e4lla volym och stimulera l\u00e5ngsiktig kollagenproduktion.","breadcrumb":{"@id":"https:\/\/kinamihealth.com\/sv\/produkt\/harmonyca\/#breadcrumb"},"inLanguage":"sv-SE","potentialAction":[{"@type":"ReadAction","target":["https:\/\/kinamihealth.com\/sv\/produkt\/harmonyca\/"]}]},{"@type":"ImageObject","inLanguage":"sv-SE","@id":"https:\/\/kinamihealth.com\/sv\/produkt\/harmonyca\/#primaryimage","url":"https:\/\/kinamihealth.com\/wp-content\/uploads\/2025\/02\/HArmonyCA-LIDOCAINE-04.jpg","contentUrl":"https:\/\/kinamihealth.com\/wp-content\/uploads\/2025\/02\/HArmonyCA-LIDOCAINE-04.jpg","width":1000,"height":1000},{"@type":"BreadcrumbList","@id":"https:\/\/kinamihealth.com\/sv\/produkt\/harmonyca\/#breadcrumb","itemListElement":[{"@type":"ListItem","position":1,"name":"Hem","item":"https:\/\/kinamihealth.com\/sr\/"},{"@type":"ListItem","position":2,"name":"Butik","item":"https:\/\/kinamihealth.com\/sv\/?page_id=127810"},{"@type":"ListItem","position":3,"name":"HArmonyCA\u2122"}]},{"@type":"WebSite","@id":"https:\/\/kinamihealth.com\/#website","url":"https:\/\/kinamihealth.com\/","name":"Kinami Health","description":"","publisher":{"@id":"https:\/\/kinamihealth.com\/#organization"},"potentialAction":[{"@type":"SearchAction","target":{"@type":"EntryPoint","urlTemplate":"https:\/\/kinamihealth.com\/?s={search_term_string}"},"query-input":{"@type":"PropertyValueSpecification","valueRequired":true,"valueName":"search_term_string"}}],"inLanguage":"sv-SE"},{"@type":"Organization","@id":"https:\/\/kinamihealth.com\/#organization","name":"Kinami Health","url":"https:\/\/kinamihealth.com\/","logo":{"@type":"ImageObject","inLanguage":"sv-SE","@id":"https:\/\/kinamihealth.com\/#\/schema\/logo\/image\/","url":"https:\/\/kinamihealth.com\/wp-content\/uploads\/2025\/01\/KH_logo_black_2-1.png","contentUrl":"https:\/\/kinamihealth.com\/wp-content\/uploads\/2025\/01\/KH_logo_black_2-1.png","width":339,"height":34,"caption":"Kinami Health"},"image":{"@id":"https:\/\/kinamihealth.com\/#\/schema\/logo\/image\/"}}]}},"_links":{"self":[{"href":"https:\/\/kinamihealth.com\/sv\/wp-json\/wp\/v2\/product\/118527","targetHints":{"allow":["GET"]}}],"collection":[{"href":"https:\/\/kinamihealth.com\/sv\/wp-json\/wp\/v2\/product"}],"about":[{"href":"https:\/\/kinamihealth.com\/sv\/wp-json\/wp\/v2\/types\/product"}],"replies":[{"embeddable":true,"href":"https:\/\/kinamihealth.com\/sv\/wp-json\/wp\/v2\/comments?post=118527"}],"version-history":[{"count":0,"href":"https:\/\/kinamihealth.com\/sv\/wp-json\/wp\/v2\/product\/118527\/revisions"}],"wp:featuredmedia":[{"embeddable":true,"href":"https:\/\/kinamihealth.com\/sv\/wp-json\/wp\/v2\/media\/118528"}],"wp:attachment":[{"href":"https:\/\/kinamihealth.com\/sv\/wp-json\/wp\/v2\/media?parent=118527"}],"wp:term":[{"taxonomy":"product_brand","embeddable":true,"href":"https:\/\/kinamihealth.com\/sv\/wp-json\/wp\/v2\/product_brand?post=118527"},{"taxonomy":"product_cat","embeddable":true,"href":"https:\/\/kinamihealth.com\/sv\/wp-json\/wp\/v2\/product_cat?post=118527"},{"taxonomy":"product_tag","embeddable":true,"href":"https:\/\/kinamihealth.com\/sv\/wp-json\/wp\/v2\/product_tag?post=118527"}],"curies":[{"name":"wp","href":"https:\/\/api.w.org\/{rel}","templated":true}]}}