{"id":118513,"date":"2025-02-15T16:55:03","date_gmt":"2025-02-15T16:55:03","guid":{"rendered":"https:\/\/kinamihealth.com\/product\/filorga-post-peel\/"},"modified":"2025-12-17T20:38:00","modified_gmt":"2025-12-17T20:38:00","slug":"filorga-post-peel","status":"publish","type":"product","link":"https:\/\/kinamihealth.com\/sv\/produkt\/filorga-post-peel\/","title":{"rendered":"FILORGA\u00ae POST PEEL"},"content":{"rendered":"<p><b>FILORGA\u00ae POST PEEL<\/b><span style=\"font-weight: 400;\"> \u00e4r en professionell, lugnande och \u00e5terbalanserande l\u00f6sning speciellt framtagen av Laboratoires FILORGA f\u00f6r att \u00f6ka patientens komfort och st\u00f6dja hudens \u00e5terh\u00e4mtning efter kemiska peelingbehandlingar. Denna noggrant utvecklade <\/span><b>post peel<\/b><span style=\"font-weight: 400;\">-produkt minskar effektivt rodnad, irritation och inflammation samtidigt som den \u00e5terst\u00e4ller hudens naturliga balans. FILORGA POST PEEL anv\u00e4nds och \u00e4r utvecklad f\u00f6r att komplettera effekterna av kemiska peelingbehandlingar och s\u00e4kerst\u00e4ller en mjukare, friskare och f\u00f6ryngrad hud, vilket f\u00f6rb\u00e4ttrar de kliniska resultaten och patientens tillfredsst\u00e4llelse.<\/span><\/p>\n","protected":false},"excerpt":{"rendered":"<p>FILORGA\u00ae POST PEEL \u00e4r en professionell, lugnande och \u00e5terbalanserande l\u00f6sning speciellt framtagen av Laboratoires FILORGA f\u00f6r att \u00f6ka patientens komfort och st\u00f6dja hudens \u00e5terh\u00e4mtning efter kemiska peelingbehandlingar. Denna noggrant utvecklade post peel-produkt minskar effektivt rodnad, irritation och inflammation samtidigt som den \u00e5terst\u00e4ller hudens naturliga balans. FILORGA POST PEEL anv\u00e4nds och \u00e4r utvecklad f\u00f6r att komplettera [&hellip;]<\/p>\n","protected":false},"featured_media":134123,"comment_status":"closed","ping_status":"closed","template":"","meta":{"_acf_changed":false,"inline_featured_image":false},"product_brand":[3078],"product_cat":[3374],"product_tag":[3256],"class_list":{"0":"post-118513","1":"product","2":"type-product","3":"status-publish","4":"has-post-thumbnail","6":"product_brand-fillmed","7":"product_cat-peels-and-masks-sv","8":"product_tag-medical-devices-sv","10":"first","11":"instock","12":"taxable","13":"shipping-taxable","14":"purchasable","15":"product-type-simple","16":"add-to-wishlist-before_image"},"acf":[],"yoast_head":"<!-- This site is optimized with the Yoast SEO plugin v27.1.1 - https:\/\/yoast.com\/product\/yoast-seo-wordpress\/ -->\n<title>Best\u00e4ll FILORGA\u00ae POST PEEL online | Handla online | Kinami Health<\/title>\n<meta name=\"description\" content=\"Best\u00e4ll FILORGA\u00ae POST PEEL f\u00f6r att lugna och \u00e5terst\u00e4lla balansen i huden efter kemisk peeling, vilket fr\u00e4mjar optimal \u00e5terh\u00e4mtning och minskar ytlig irritation.\" \/>\n<meta name=\"robots\" content=\"index, follow, max-snippet:-1, max-image-preview:large, max-video-preview:-1\" \/>\n<link rel=\"canonical\" href=\"https:\/\/kinamihealth.com\/sv\/wp-json\/wp\/v2\/product\/118513\" \/>\n<meta property=\"og:locale\" content=\"sv_SE\" \/>\n<meta property=\"og:type\" content=\"article\" \/>\n<meta property=\"og:title\" content=\"Best\u00e4ll FILORGA\u00ae POST PEEL online | Handla online | Kinami Health\" \/>\n<meta property=\"og:description\" content=\"Best\u00e4ll FILORGA\u00ae POST PEEL f\u00f6r att lugna och \u00e5terst\u00e4lla balansen i huden efter kemisk peeling, vilket fr\u00e4mjar optimal \u00e5terh\u00e4mtning och minskar ytlig irritation.\" \/>\n<meta property=\"og:url\" content=\"https:\/\/kinamihealth.com\/sv\/produkt\/filorga-post-peel\/\" \/>\n<meta property=\"og:site_name\" content=\"Kinami Health\" \/>\n<meta property=\"article:modified_time\" content=\"2025-12-17T20:38:00+00:00\" \/>\n<meta property=\"og:image\" content=\"https:\/\/kinamihealth.com\/wp-content\/uploads\/2025\/02\/FILORGA-POSTPEEL-01.jpg\" \/>\n\t<meta property=\"og:image:width\" content=\"800\" \/>\n\t<meta property=\"og:image:height\" content=\"800\" \/>\n\t<meta property=\"og:image:type\" content=\"image\/jpeg\" \/>\n<meta name=\"twitter:card\" content=\"summary_large_image\" \/>\n<meta name=\"twitter:label1\" content=\"Ber\u00e4knad l\u00e4stid\" \/>\n\t<meta name=\"twitter:data1\" content=\"1 minut\" \/>\n<!-- \/ Yoast SEO plugin. -->","yoast_head_json":{"title":"Best\u00e4ll FILORGA\u00ae POST PEEL online | Handla online | Kinami Health","description":"Best\u00e4ll FILORGA\u00ae POST PEEL f\u00f6r att lugna och \u00e5terst\u00e4lla balansen i huden efter kemisk peeling, vilket fr\u00e4mjar optimal \u00e5terh\u00e4mtning och minskar ytlig irritation.","robots":{"index":"index","follow":"follow","max-snippet":"max-snippet:-1","max-image-preview":"max-image-preview:large","max-video-preview":"max-video-preview:-1"},"canonical":"https:\/\/kinamihealth.com\/sv\/wp-json\/wp\/v2\/product\/118513","og_locale":"sv_SE","og_type":"article","og_title":"Best\u00e4ll FILORGA\u00ae POST PEEL online | Handla online | Kinami Health","og_description":"Best\u00e4ll FILORGA\u00ae POST PEEL f\u00f6r att lugna och \u00e5terst\u00e4lla balansen i huden efter kemisk peeling, vilket fr\u00e4mjar optimal \u00e5terh\u00e4mtning och minskar ytlig irritation.","og_url":"https:\/\/kinamihealth.com\/sv\/produkt\/filorga-post-peel\/","og_site_name":"Kinami Health","article_modified_time":"2025-12-17T20:38:00+00:00","og_image":[{"width":800,"height":800,"url":"https:\/\/kinamihealth.com\/wp-content\/uploads\/2025\/02\/FILORGA-POSTPEEL-01.jpg","type":"image\/jpeg"}],"twitter_card":"summary_large_image","twitter_misc":{"Ber\u00e4knad l\u00e4stid":"1 minut"},"schema":{"@context":"https:\/\/schema.org","@graph":[{"@type":"WebPage","@id":"https:\/\/kinamihealth.com\/sv\/produkt\/filorga-post-peel\/","url":"https:\/\/kinamihealth.com\/sv\/produkt\/filorga-post-peel\/","name":"Best\u00e4ll FILORGA\u00ae POST PEEL online | Handla online | Kinami Health","isPartOf":{"@id":"https:\/\/kinamihealth.com\/#website"},"primaryImageOfPage":{"@id":"https:\/\/kinamihealth.com\/sv\/produkt\/filorga-post-peel\/#primaryimage"},"image":{"@id":"https:\/\/kinamihealth.com\/sv\/produkt\/filorga-post-peel\/#primaryimage"},"thumbnailUrl":"https:\/\/kinamihealth.com\/wp-content\/uploads\/woocommerce-placeholder.png","datePublished":"2025-02-15T16:55:03+00:00","dateModified":"2025-12-17T20:38:00+00:00","description":"Best\u00e4ll FILORGA\u00ae POST PEEL f\u00f6r att lugna och \u00e5terst\u00e4lla balansen i huden efter kemisk peeling, vilket fr\u00e4mjar optimal \u00e5terh\u00e4mtning och minskar ytlig irritation.","breadcrumb":{"@id":"https:\/\/kinamihealth.com\/sv\/produkt\/filorga-post-peel\/#breadcrumb"},"inLanguage":"sv-SE","potentialAction":[{"@type":"ReadAction","target":["https:\/\/kinamihealth.com\/sv\/produkt\/filorga-post-peel\/"]}]},{"@type":"ImageObject","inLanguage":"sv-SE","@id":"https:\/\/kinamihealth.com\/sv\/produkt\/filorga-post-peel\/#primaryimage","url":"https:\/\/kinamihealth.com\/wp-content\/uploads\/woocommerce-placeholder.png","contentUrl":"https:\/\/kinamihealth.com\/wp-content\/uploads\/woocommerce-placeholder.png","width":1200,"height":1200},{"@type":"BreadcrumbList","@id":"https:\/\/kinamihealth.com\/sv\/produkt\/filorga-post-peel\/#breadcrumb","itemListElement":[{"@type":"ListItem","position":1,"name":"Hem","item":"https:\/\/kinamihealth.com\/sr\/"},{"@type":"ListItem","position":2,"name":"Butik","item":"https:\/\/kinamihealth.com\/sv\/?page_id=127810"},{"@type":"ListItem","position":3,"name":"FILORGA\u00ae POST PEEL"}]},{"@type":"WebSite","@id":"https:\/\/kinamihealth.com\/#website","url":"https:\/\/kinamihealth.com\/","name":"Kinami Health","description":"","publisher":{"@id":"https:\/\/kinamihealth.com\/#organization"},"potentialAction":[{"@type":"SearchAction","target":{"@type":"EntryPoint","urlTemplate":"https:\/\/kinamihealth.com\/?s={search_term_string}"},"query-input":{"@type":"PropertyValueSpecification","valueRequired":true,"valueName":"search_term_string"}}],"inLanguage":"sv-SE"},{"@type":"Organization","@id":"https:\/\/kinamihealth.com\/#organization","name":"Kinami Health","url":"https:\/\/kinamihealth.com\/","logo":{"@type":"ImageObject","inLanguage":"sv-SE","@id":"https:\/\/kinamihealth.com\/#\/schema\/logo\/image\/","url":"https:\/\/kinamihealth.com\/wp-content\/uploads\/2025\/01\/KH_logo_black_2-1.png","contentUrl":"https:\/\/kinamihealth.com\/wp-content\/uploads\/2025\/01\/KH_logo_black_2-1.png","width":339,"height":34,"caption":"Kinami Health"},"image":{"@id":"https:\/\/kinamihealth.com\/#\/schema\/logo\/image\/"}}]}},"_links":{"self":[{"href":"https:\/\/kinamihealth.com\/sv\/wp-json\/wp\/v2\/product\/118513","targetHints":{"allow":["GET"]}}],"collection":[{"href":"https:\/\/kinamihealth.com\/sv\/wp-json\/wp\/v2\/product"}],"about":[{"href":"https:\/\/kinamihealth.com\/sv\/wp-json\/wp\/v2\/types\/product"}],"replies":[{"embeddable":true,"href":"https:\/\/kinamihealth.com\/sv\/wp-json\/wp\/v2\/comments?post=118513"}],"version-history":[{"count":0,"href":"https:\/\/kinamihealth.com\/sv\/wp-json\/wp\/v2\/product\/118513\/revisions"}],"wp:featuredmedia":[{"embeddable":true,"href":"https:\/\/kinamihealth.com\/sv\/wp-json\/wp\/v2\/media\/134123"}],"wp:attachment":[{"href":"https:\/\/kinamihealth.com\/sv\/wp-json\/wp\/v2\/media?parent=118513"}],"wp:term":[{"taxonomy":"product_brand","embeddable":true,"href":"https:\/\/kinamihealth.com\/sv\/wp-json\/wp\/v2\/product_brand?post=118513"},{"taxonomy":"product_cat","embeddable":true,"href":"https:\/\/kinamihealth.com\/sv\/wp-json\/wp\/v2\/product_cat?post=118513"},{"taxonomy":"product_tag","embeddable":true,"href":"https:\/\/kinamihealth.com\/sv\/wp-json\/wp\/v2\/product_tag?post=118513"}],"curies":[{"name":"wp","href":"https:\/\/api.w.org\/{rel}","templated":true}]}}