{"id":118511,"date":"2025-02-15T16:55:02","date_gmt":"2025-02-15T16:55:02","guid":{"rendered":"https:\/\/kinamihealth.com\/product\/filorga-bright-peel-normal-skin\/"},"modified":"2025-10-24T14:48:43","modified_gmt":"2025-10-24T14:48:43","slug":"filorga-bright-peel-normal-skin","status":"publish","type":"product","link":"https:\/\/kinamihealth.com\/sv\/produkt\/filorga-bright-peel-normal-skin\/","title":{"rendered":"FILORGA\u00ae BRIGHT PEEL (NORMAL SKIN)"},"content":{"rendered":"<p><b>FILORGA\u00ae BRIGHT PEEL (NORMAL SKIN)<\/b><span style=\"font-weight: 400;\"> \u00e4r en professionell <\/span><b>kemisk peeling <\/b><span style=\"font-weight: 400;\">l\u00f6sning speciellt utvecklad av Laboratoires FILORGA f\u00f6r att f\u00f6ryngra normal hud genom att f\u00f6rb\u00e4ttra klarheten och lyster. Med en noggrant balanserad glykolsyraformulering ger denna produkt effektiv ytlig exfoliering som riktar sig mot matthet, oj\u00e4mn hudton och tidiga tecken p\u00e5 \u00e5ldrande. Det \u00e4r ett p\u00e5litligt behandlingsalternativ f\u00f6r estetiska specialister som s\u00f6ker tillf\u00f6rlitliga, synliga resultat f\u00f6r patienter som \u00f6nskar en ljusare, vitaliserad hud.<\/span><\/p>\n","protected":false},"excerpt":{"rendered":"<p>FILORGA\u00ae BRIGHT PEEL (NORMAL SKIN) \u00e4r en professionell kemisk peeling l\u00f6sning speciellt utvecklad av Laboratoires FILORGA f\u00f6r att f\u00f6ryngra normal hud genom att f\u00f6rb\u00e4ttra klarheten och lyster. Med en noggrant balanserad glykolsyraformulering ger denna produkt effektiv ytlig exfoliering som riktar sig mot matthet, oj\u00e4mn hudton och tidiga tecken p\u00e5 \u00e5ldrande. Det \u00e4r ett p\u00e5litligt behandlingsalternativ [&hellip;]<\/p>\n","protected":false},"featured_media":118512,"comment_status":"closed","ping_status":"closed","template":"","meta":{"_acf_changed":false,"inline_featured_image":false},"product_brand":[3079],"product_cat":[3374],"product_tag":[3256],"class_list":{"0":"post-118511","1":"product","2":"type-product","3":"status-publish","4":"has-post-thumbnail","6":"product_brand-filorga","7":"product_cat-peels-and-masks-sv","8":"product_tag-medical-devices-sv","10":"first","11":"instock","12":"taxable","13":"shipping-taxable","14":"purchasable","15":"product-type-simple","16":"add-to-wishlist-before_image"},"acf":[],"yoast_head":"<!-- This site is optimized with the Yoast SEO plugin v27.1.1 - https:\/\/yoast.com\/product\/yoast-seo-wordpress\/ -->\n<title>Best\u00e4ll FILORGA\u00ae BRIGHT PEEL (NORMAL SKIN) online | Kinami Health<\/title>\n<meta name=\"description\" content=\"Best\u00e4ll FILORGA\u00ae BRIGHT PEEL f\u00f6r att f\u00f6rb\u00e4ttra hudens klarhet och minska matthet med en glykolbaserad formula som \u00e4r anpassad f\u00f6r normal hud.\" \/>\n<meta name=\"robots\" content=\"index, follow, max-snippet:-1, max-image-preview:large, max-video-preview:-1\" \/>\n<link rel=\"canonical\" href=\"https:\/\/kinamihealth.com\/sv\/wp-json\/wp\/v2\/product\/118511\" \/>\n<meta property=\"og:locale\" content=\"sv_SE\" \/>\n<meta property=\"og:type\" content=\"article\" \/>\n<meta property=\"og:title\" content=\"Best\u00e4ll FILORGA\u00ae BRIGHT PEEL (NORMAL SKIN) online | Kinami Health\" \/>\n<meta property=\"og:description\" content=\"Best\u00e4ll FILORGA\u00ae BRIGHT PEEL f\u00f6r att f\u00f6rb\u00e4ttra hudens klarhet och minska matthet med en glykolbaserad formula som \u00e4r anpassad f\u00f6r normal hud.\" \/>\n<meta property=\"og:url\" content=\"https:\/\/kinamihealth.com\/sv\/produkt\/filorga-bright-peel-normal-skin\/\" \/>\n<meta property=\"og:site_name\" content=\"Kinami Health\" \/>\n<meta property=\"article:modified_time\" content=\"2025-10-24T14:48:43+00:00\" \/>\n<meta property=\"og:image\" content=\"https:\/\/kinamihealth.com\/wp-content\/uploads\/2025\/02\/FILORGA-BRIGHTPEEL-01.jpg\" \/>\n\t<meta property=\"og:image:width\" content=\"800\" \/>\n\t<meta property=\"og:image:height\" content=\"800\" \/>\n\t<meta property=\"og:image:type\" content=\"image\/jpeg\" \/>\n<meta name=\"twitter:card\" content=\"summary_large_image\" \/>\n<meta name=\"twitter:label1\" content=\"Ber\u00e4knad l\u00e4stid\" \/>\n\t<meta name=\"twitter:data1\" content=\"1 minut\" \/>\n<!-- \/ Yoast SEO plugin. -->","yoast_head_json":{"title":"Best\u00e4ll FILORGA\u00ae BRIGHT PEEL (NORMAL SKIN) online | Kinami Health","description":"Best\u00e4ll FILORGA\u00ae BRIGHT PEEL f\u00f6r att f\u00f6rb\u00e4ttra hudens klarhet och minska matthet med en glykolbaserad formula som \u00e4r anpassad f\u00f6r normal hud.","robots":{"index":"index","follow":"follow","max-snippet":"max-snippet:-1","max-image-preview":"max-image-preview:large","max-video-preview":"max-video-preview:-1"},"canonical":"https:\/\/kinamihealth.com\/sv\/wp-json\/wp\/v2\/product\/118511","og_locale":"sv_SE","og_type":"article","og_title":"Best\u00e4ll FILORGA\u00ae BRIGHT PEEL (NORMAL SKIN) online | Kinami Health","og_description":"Best\u00e4ll FILORGA\u00ae BRIGHT PEEL f\u00f6r att f\u00f6rb\u00e4ttra hudens klarhet och minska matthet med en glykolbaserad formula som \u00e4r anpassad f\u00f6r normal hud.","og_url":"https:\/\/kinamihealth.com\/sv\/produkt\/filorga-bright-peel-normal-skin\/","og_site_name":"Kinami Health","article_modified_time":"2025-10-24T14:48:43+00:00","og_image":[{"width":800,"height":800,"url":"https:\/\/kinamihealth.com\/wp-content\/uploads\/2025\/02\/FILORGA-BRIGHTPEEL-01.jpg","type":"image\/jpeg"}],"twitter_card":"summary_large_image","twitter_misc":{"Ber\u00e4knad l\u00e4stid":"1 minut"},"schema":{"@context":"https:\/\/schema.org","@graph":[{"@type":"WebPage","@id":"https:\/\/kinamihealth.com\/sv\/produkt\/filorga-bright-peel-normal-skin\/","url":"https:\/\/kinamihealth.com\/sv\/produkt\/filorga-bright-peel-normal-skin\/","name":"Best\u00e4ll FILORGA\u00ae BRIGHT PEEL (NORMAL SKIN) online | Kinami Health","isPartOf":{"@id":"https:\/\/kinamihealth.com\/#website"},"primaryImageOfPage":{"@id":"https:\/\/kinamihealth.com\/sv\/produkt\/filorga-bright-peel-normal-skin\/#primaryimage"},"image":{"@id":"https:\/\/kinamihealth.com\/sv\/produkt\/filorga-bright-peel-normal-skin\/#primaryimage"},"thumbnailUrl":"https:\/\/kinamihealth.com\/wp-content\/uploads\/2025\/02\/FILORGA-BRIGHTPEEL-01.jpg","datePublished":"2025-02-15T16:55:02+00:00","dateModified":"2025-10-24T14:48:43+00:00","description":"Best\u00e4ll FILORGA\u00ae BRIGHT PEEL f\u00f6r att f\u00f6rb\u00e4ttra hudens klarhet och minska matthet med en glykolbaserad formula som \u00e4r anpassad f\u00f6r normal hud.","breadcrumb":{"@id":"https:\/\/kinamihealth.com\/sv\/produkt\/filorga-bright-peel-normal-skin\/#breadcrumb"},"inLanguage":"sv-SE","potentialAction":[{"@type":"ReadAction","target":["https:\/\/kinamihealth.com\/sv\/produkt\/filorga-bright-peel-normal-skin\/"]}]},{"@type":"ImageObject","inLanguage":"sv-SE","@id":"https:\/\/kinamihealth.com\/sv\/produkt\/filorga-bright-peel-normal-skin\/#primaryimage","url":"https:\/\/kinamihealth.com\/wp-content\/uploads\/2025\/02\/FILORGA-BRIGHTPEEL-01.jpg","contentUrl":"https:\/\/kinamihealth.com\/wp-content\/uploads\/2025\/02\/FILORGA-BRIGHTPEEL-01.jpg","width":800,"height":800},{"@type":"BreadcrumbList","@id":"https:\/\/kinamihealth.com\/sv\/produkt\/filorga-bright-peel-normal-skin\/#breadcrumb","itemListElement":[{"@type":"ListItem","position":1,"name":"Hem","item":"https:\/\/kinamihealth.com\/sr\/"},{"@type":"ListItem","position":2,"name":"Butik","item":"https:\/\/kinamihealth.com\/sv\/?page_id=127810"},{"@type":"ListItem","position":3,"name":"FILORGA\u00ae BRIGHT PEEL (NORMAL SKIN)"}]},{"@type":"WebSite","@id":"https:\/\/kinamihealth.com\/#website","url":"https:\/\/kinamihealth.com\/","name":"Kinami Health","description":"","publisher":{"@id":"https:\/\/kinamihealth.com\/#organization"},"potentialAction":[{"@type":"SearchAction","target":{"@type":"EntryPoint","urlTemplate":"https:\/\/kinamihealth.com\/?s={search_term_string}"},"query-input":{"@type":"PropertyValueSpecification","valueRequired":true,"valueName":"search_term_string"}}],"inLanguage":"sv-SE"},{"@type":"Organization","@id":"https:\/\/kinamihealth.com\/#organization","name":"Kinami Health","url":"https:\/\/kinamihealth.com\/","logo":{"@type":"ImageObject","inLanguage":"sv-SE","@id":"https:\/\/kinamihealth.com\/#\/schema\/logo\/image\/","url":"https:\/\/kinamihealth.com\/wp-content\/uploads\/2025\/01\/KH_logo_black_2-1.png","contentUrl":"https:\/\/kinamihealth.com\/wp-content\/uploads\/2025\/01\/KH_logo_black_2-1.png","width":339,"height":34,"caption":"Kinami Health"},"image":{"@id":"https:\/\/kinamihealth.com\/#\/schema\/logo\/image\/"}}]}},"_links":{"self":[{"href":"https:\/\/kinamihealth.com\/sv\/wp-json\/wp\/v2\/product\/118511","targetHints":{"allow":["GET"]}}],"collection":[{"href":"https:\/\/kinamihealth.com\/sv\/wp-json\/wp\/v2\/product"}],"about":[{"href":"https:\/\/kinamihealth.com\/sv\/wp-json\/wp\/v2\/types\/product"}],"replies":[{"embeddable":true,"href":"https:\/\/kinamihealth.com\/sv\/wp-json\/wp\/v2\/comments?post=118511"}],"version-history":[{"count":0,"href":"https:\/\/kinamihealth.com\/sv\/wp-json\/wp\/v2\/product\/118511\/revisions"}],"wp:featuredmedia":[{"embeddable":true,"href":"https:\/\/kinamihealth.com\/sv\/wp-json\/wp\/v2\/media\/118512"}],"wp:attachment":[{"href":"https:\/\/kinamihealth.com\/sv\/wp-json\/wp\/v2\/media?parent=118511"}],"wp:term":[{"taxonomy":"product_brand","embeddable":true,"href":"https:\/\/kinamihealth.com\/sv\/wp-json\/wp\/v2\/product_brand?post=118511"},{"taxonomy":"product_cat","embeddable":true,"href":"https:\/\/kinamihealth.com\/sv\/wp-json\/wp\/v2\/product_cat?post=118511"},{"taxonomy":"product_tag","embeddable":true,"href":"https:\/\/kinamihealth.com\/sv\/wp-json\/wp\/v2\/product_tag?post=118511"}],"curies":[{"name":"wp","href":"https:\/\/api.w.org\/{rel}","templated":true}]}}