{"id":118474,"date":"2025-02-15T16:54:53","date_gmt":"2025-02-15T16:54:53","guid":{"rendered":"https:\/\/kinamihealth.com\/product\/fillmed-art-filler-universal-with-lidocaine\/"},"modified":"2025-12-05T10:10:08","modified_gmt":"2025-12-05T10:10:08","slug":"fillmed-art-filler-universal-with-lidocaine","status":"publish","type":"product","link":"https:\/\/kinamihealth.com\/sv\/produkt\/fillmed-art-filler-universal-with-lidocaine\/","title":{"rendered":"FILLMED\u00ae ART FILLER UNIVERSAL with Lidocaine"},"content":{"rendered":"<p><b>FILLMED\u00ae ART FILLER UNIVERSAL med lidokain \u00e4r en universal hyaluronsyrabaserad hudfyllnadsmedel <\/b><span style=\"font-weight: 400;\">avsedd f\u00f6r medicinsk personal som s\u00f6ker m\u00e5ngsidiga l\u00f6sningar f\u00f6r ansiktsestetik. Denna avancerade formulering kombinerar den bepr\u00f6vade effekten av tv\u00e4rbunden hyaluronsyra med lidokains komfortf\u00f6rb\u00e4ttrande egenskaper, vilket g\u00f6r den till en oumb\u00e4rlig produkt f\u00f6r modern estetisk behandling och optimal formbarhet.\u00a0<\/span><\/p>\n","protected":false},"excerpt":{"rendered":"<p>FILLMED\u00ae ART FILLER UNIVERSAL med lidokain \u00e4r en universal hyaluronsyrabaserad hudfyllnadsmedel avsedd f\u00f6r medicinsk personal som s\u00f6ker m\u00e5ngsidiga l\u00f6sningar f\u00f6r ansiktsestetik. Denna avancerade formulering kombinerar den bepr\u00f6vade effekten av tv\u00e4rbunden hyaluronsyra med lidokains komfortf\u00f6rb\u00e4ttrande egenskaper, vilket g\u00f6r den till en oumb\u00e4rlig produkt f\u00f6r modern estetisk behandling och optimal formbarhet.\u00a0<\/p>\n","protected":false},"featured_media":118478,"comment_status":"closed","ping_status":"closed","template":"","meta":{"_acf_changed":false,"inline_featured_image":false},"product_brand":[3078],"product_cat":[3265,3260],"product_tag":[3256],"class_list":{"0":"post-118474","1":"product","2":"type-product","3":"status-publish","4":"has-post-thumbnail","6":"product_brand-fillmed","7":"product_cat-ha-dermal-fillers","8":"product_cat-dermal-fillers-sv","9":"product_tag-medical-devices-sv","11":"first","12":"instock","13":"taxable","14":"shipping-taxable","15":"purchasable","16":"product-type-simple","17":"add-to-wishlist-before_image"},"acf":[],"yoast_head":"<!-- This site is optimized with the Yoast SEO plugin v27.3 - https:\/\/yoast.com\/product\/yoast-seo-wordpress\/ -->\n<title>Best\u00e4ll FILLMED\u00ae ART FILLER UNIVERSAL med lidokain online | Kinami Health<\/title>\n<meta name=\"description\" content=\"Best\u00e4ll FILLMED\u00ae ART FILLER UNIVERSAL f\u00f6r precis ansiktskonturering med en smidig HA-baserad formula med lidokain f\u00f6r patientens komfort.\" \/>\n<meta name=\"robots\" content=\"index, follow, max-snippet:-1, max-image-preview:large, max-video-preview:-1\" \/>\n<link rel=\"canonical\" href=\"https:\/\/kinamihealth.com\/sv\/wp-json\/wp\/v2\/product\/118474\" \/>\n<meta property=\"og:locale\" content=\"sv_SE\" \/>\n<meta property=\"og:type\" content=\"article\" \/>\n<meta property=\"og:title\" content=\"Best\u00e4ll FILLMED\u00ae ART FILLER UNIVERSAL med lidokain online | Kinami Health\" \/>\n<meta property=\"og:description\" content=\"Best\u00e4ll FILLMED\u00ae ART FILLER UNIVERSAL f\u00f6r precis ansiktskonturering med en smidig HA-baserad formula med lidokain f\u00f6r patientens komfort.\" \/>\n<meta property=\"og:url\" content=\"https:\/\/kinamihealth.com\/sv\/produkt\/fillmed-art-filler-universal-with-lidocaine\/\" \/>\n<meta property=\"og:site_name\" content=\"Kinami Health\" \/>\n<meta property=\"article:modified_time\" content=\"2025-12-05T10:10:08+00:00\" \/>\n<meta property=\"og:image\" content=\"https:\/\/kinamihealth.com\/wp-content\/uploads\/2025\/02\/FILLMED-ARTFILLER-UNIVERSAL-01.jpg\" \/>\n\t<meta property=\"og:image:width\" content=\"800\" \/>\n\t<meta property=\"og:image:height\" content=\"800\" \/>\n\t<meta property=\"og:image:type\" content=\"image\/jpeg\" \/>\n<meta name=\"twitter:card\" content=\"summary_large_image\" \/>\n<meta name=\"twitter:label1\" content=\"Ber\u00e4knad l\u00e4stid\" \/>\n\t<meta name=\"twitter:data1\" content=\"1 minut\" \/>\n<!-- \/ Yoast SEO plugin. -->","yoast_head_json":{"title":"Best\u00e4ll FILLMED\u00ae ART FILLER UNIVERSAL med lidokain online | Kinami Health","description":"Best\u00e4ll FILLMED\u00ae ART FILLER UNIVERSAL f\u00f6r precis ansiktskonturering med en smidig HA-baserad formula med lidokain f\u00f6r patientens komfort.","robots":{"index":"index","follow":"follow","max-snippet":"max-snippet:-1","max-image-preview":"max-image-preview:large","max-video-preview":"max-video-preview:-1"},"canonical":"https:\/\/kinamihealth.com\/sv\/wp-json\/wp\/v2\/product\/118474","og_locale":"sv_SE","og_type":"article","og_title":"Best\u00e4ll FILLMED\u00ae ART FILLER UNIVERSAL med lidokain online | Kinami Health","og_description":"Best\u00e4ll FILLMED\u00ae ART FILLER UNIVERSAL f\u00f6r precis ansiktskonturering med en smidig HA-baserad formula med lidokain f\u00f6r patientens komfort.","og_url":"https:\/\/kinamihealth.com\/sv\/produkt\/fillmed-art-filler-universal-with-lidocaine\/","og_site_name":"Kinami Health","article_modified_time":"2025-12-05T10:10:08+00:00","og_image":[{"width":800,"height":800,"url":"https:\/\/kinamihealth.com\/wp-content\/uploads\/2025\/02\/FILLMED-ARTFILLER-UNIVERSAL-01.jpg","type":"image\/jpeg"}],"twitter_card":"summary_large_image","twitter_misc":{"Ber\u00e4knad l\u00e4stid":"1 minut"},"schema":{"@context":"https:\/\/schema.org","@graph":[{"@type":"WebPage","@id":"https:\/\/kinamihealth.com\/sv\/produkt\/fillmed-art-filler-universal-with-lidocaine\/","url":"https:\/\/kinamihealth.com\/sv\/produkt\/fillmed-art-filler-universal-with-lidocaine\/","name":"Best\u00e4ll FILLMED\u00ae ART FILLER UNIVERSAL med lidokain online | Kinami Health","isPartOf":{"@id":"https:\/\/kinamihealth.com\/#website"},"primaryImageOfPage":{"@id":"https:\/\/kinamihealth.com\/sv\/produkt\/fillmed-art-filler-universal-with-lidocaine\/#primaryimage"},"image":{"@id":"https:\/\/kinamihealth.com\/sv\/produkt\/fillmed-art-filler-universal-with-lidocaine\/#primaryimage"},"thumbnailUrl":"https:\/\/kinamihealth.com\/wp-content\/uploads\/2025\/02\/FILLMED-ARTFILLER-UNIVERSAL-01.jpg","datePublished":"2025-02-15T16:54:53+00:00","dateModified":"2025-12-05T10:10:08+00:00","description":"Best\u00e4ll FILLMED\u00ae ART FILLER UNIVERSAL f\u00f6r precis ansiktskonturering med en smidig HA-baserad formula med lidokain f\u00f6r patientens komfort.","breadcrumb":{"@id":"https:\/\/kinamihealth.com\/sv\/produkt\/fillmed-art-filler-universal-with-lidocaine\/#breadcrumb"},"inLanguage":"sv-SE","potentialAction":[{"@type":"ReadAction","target":["https:\/\/kinamihealth.com\/sv\/produkt\/fillmed-art-filler-universal-with-lidocaine\/"]}]},{"@type":"ImageObject","inLanguage":"sv-SE","@id":"https:\/\/kinamihealth.com\/sv\/produkt\/fillmed-art-filler-universal-with-lidocaine\/#primaryimage","url":"https:\/\/kinamihealth.com\/wp-content\/uploads\/2025\/02\/FILLMED-ARTFILLER-UNIVERSAL-01.jpg","contentUrl":"https:\/\/kinamihealth.com\/wp-content\/uploads\/2025\/02\/FILLMED-ARTFILLER-UNIVERSAL-01.jpg","width":800,"height":800},{"@type":"BreadcrumbList","@id":"https:\/\/kinamihealth.com\/sv\/produkt\/fillmed-art-filler-universal-with-lidocaine\/#breadcrumb","itemListElement":[{"@type":"ListItem","position":1,"name":"Hem","item":"https:\/\/kinamihealth.com\/sr\/"},{"@type":"ListItem","position":2,"name":"Butik","item":"https:\/\/kinamihealth.com\/sv\/?page_id=127810"},{"@type":"ListItem","position":3,"name":"FILLMED\u00ae ART FILLER UNIVERSAL with Lidocaine"}]},{"@type":"WebSite","@id":"https:\/\/kinamihealth.com\/#website","url":"https:\/\/kinamihealth.com\/","name":"Kinami Health","description":"","publisher":{"@id":"https:\/\/kinamihealth.com\/#organization"},"potentialAction":[{"@type":"SearchAction","target":{"@type":"EntryPoint","urlTemplate":"https:\/\/kinamihealth.com\/?s={search_term_string}"},"query-input":{"@type":"PropertyValueSpecification","valueRequired":true,"valueName":"search_term_string"}}],"inLanguage":"sv-SE"},{"@type":"Organization","@id":"https:\/\/kinamihealth.com\/#organization","name":"Kinami Health","url":"https:\/\/kinamihealth.com\/","logo":{"@type":"ImageObject","inLanguage":"sv-SE","@id":"https:\/\/kinamihealth.com\/#\/schema\/logo\/image\/","url":"https:\/\/kinamihealth.com\/wp-content\/uploads\/2025\/01\/KH_logo_black_2-1.png","contentUrl":"https:\/\/kinamihealth.com\/wp-content\/uploads\/2025\/01\/KH_logo_black_2-1.png","width":339,"height":34,"caption":"Kinami Health"},"image":{"@id":"https:\/\/kinamihealth.com\/#\/schema\/logo\/image\/"}}]}},"_links":{"self":[{"href":"https:\/\/kinamihealth.com\/sv\/wp-json\/wp\/v2\/product\/118474","targetHints":{"allow":["GET"]}}],"collection":[{"href":"https:\/\/kinamihealth.com\/sv\/wp-json\/wp\/v2\/product"}],"about":[{"href":"https:\/\/kinamihealth.com\/sv\/wp-json\/wp\/v2\/types\/product"}],"replies":[{"embeddable":true,"href":"https:\/\/kinamihealth.com\/sv\/wp-json\/wp\/v2\/comments?post=118474"}],"version-history":[{"count":0,"href":"https:\/\/kinamihealth.com\/sv\/wp-json\/wp\/v2\/product\/118474\/revisions"}],"wp:featuredmedia":[{"embeddable":true,"href":"https:\/\/kinamihealth.com\/sv\/wp-json\/wp\/v2\/media\/118478"}],"wp:attachment":[{"href":"https:\/\/kinamihealth.com\/sv\/wp-json\/wp\/v2\/media?parent=118474"}],"wp:term":[{"taxonomy":"product_brand","embeddable":true,"href":"https:\/\/kinamihealth.com\/sv\/wp-json\/wp\/v2\/product_brand?post=118474"},{"taxonomy":"product_cat","embeddable":true,"href":"https:\/\/kinamihealth.com\/sv\/wp-json\/wp\/v2\/product_cat?post=118474"},{"taxonomy":"product_tag","embeddable":true,"href":"https:\/\/kinamihealth.com\/sv\/wp-json\/wp\/v2\/product_tag?post=118474"}],"curies":[{"name":"wp","href":"https:\/\/api.w.org\/{rel}","templated":true}]}}