{"id":118469,"date":"2025-02-15T16:54:55","date_gmt":"2025-02-15T16:54:55","guid":{"rendered":"https:\/\/kinamihealth.com\/product\/fillmed-m-ha-18\/"},"modified":"2025-12-04T14:30:27","modified_gmt":"2025-12-04T14:30:27","slug":"fillmed-m-ha-18","status":"publish","type":"product","link":"https:\/\/kinamihealth.com\/sv\/produkt\/fillmed-m-ha-18\/","title":{"rendered":"FILLMED\u00ae M-HA 18"},"content":{"rendered":"<p><b>FILLMED\u00ae M-HA 18<\/b><span style=\"font-weight: 400;\"> \u00e4r en professionell injicerbar hudfyllnadsmedel utvecklad av Laboratoires FILLMED f\u00f6r att avsev\u00e4rt f\u00f6rb\u00e4ttra hudens fuktighet, elasticitet och fasthet. FILLMED MHA 18 \u00e4r formulerad med stabiliserad, icke-tv\u00e4rbunden hyaluronsyra i en koncentration p\u00e5 18 mg\/ml och \u00e4r s\u00e4rskilt effektiv f\u00f6r att \u00e5teruppliva ytliga hudlager. Denna specialiserade hyaluronsyral\u00f6sning anv\u00e4nds i stor utstr\u00e4ckning p\u00e5 estetiska kliniker och l\u00e4karmottagningar och st\u00f6djer omfattande hudf\u00f6ryngringsbehandlingar med exceptionella resultat.<\/span><\/p>\n","protected":false},"excerpt":{"rendered":"<p>FILLMED\u00ae M-HA 18 \u00e4r en professionell injicerbar hudfyllnadsmedel utvecklad av Laboratoires FILLMED f\u00f6r att avsev\u00e4rt f\u00f6rb\u00e4ttra hudens fuktighet, elasticitet och fasthet. FILLMED MHA 18 \u00e4r formulerad med stabiliserad, icke-tv\u00e4rbunden hyaluronsyra i en koncentration p\u00e5 18 mg\/ml och \u00e4r s\u00e4rskilt effektiv f\u00f6r att \u00e5teruppliva ytliga hudlager. Denna specialiserade hyaluronsyral\u00f6sning anv\u00e4nds i stor utstr\u00e4ckning p\u00e5 estetiska kliniker [&hellip;]<\/p>\n","protected":false},"featured_media":118473,"comment_status":"closed","ping_status":"closed","template":"","meta":{"_acf_changed":false,"inline_featured_image":false},"product_brand":[3078],"product_cat":[3260],"product_tag":[3256],"class_list":{"0":"post-118469","1":"product","2":"type-product","3":"status-publish","4":"has-post-thumbnail","6":"product_brand-fillmed","7":"product_cat-dermal-fillers-sv","8":"product_tag-medical-devices-sv","10":"first","11":"instock","12":"taxable","13":"shipping-taxable","14":"purchasable","15":"product-type-simple","16":"add-to-wishlist-before_image"},"acf":[],"yoast_head":"<!-- This site is optimized with the Yoast SEO plugin v27.1.1 - https:\/\/yoast.com\/product\/yoast-seo-wordpress\/ -->\n<title>Best\u00e4ll FILLMED\u00ae M-HA 18 online | Handla online | Kinami Health<\/title>\n<meta name=\"description\" content=\"Best\u00e4ll FILLMED\u00ae M-HA 18 f\u00f6r en professionell injicerbar produkt som anv\u00e4nds f\u00f6r att f\u00f6rb\u00e4ttra hydrering, hudens elasticitet och fasthet i kliniska behandlingsmilj\u00f6er.\" \/>\n<meta name=\"robots\" content=\"index, follow, max-snippet:-1, max-image-preview:large, max-video-preview:-1\" \/>\n<link rel=\"canonical\" href=\"https:\/\/kinamihealth.com\/sv\/wp-json\/wp\/v2\/product\/118469\" \/>\n<meta property=\"og:locale\" content=\"sv_SE\" \/>\n<meta property=\"og:type\" content=\"article\" \/>\n<meta property=\"og:title\" content=\"Best\u00e4ll FILLMED\u00ae M-HA 18 online | Handla online | Kinami Health\" \/>\n<meta property=\"og:description\" content=\"Best\u00e4ll FILLMED\u00ae M-HA 18 f\u00f6r en professionell injicerbar produkt som anv\u00e4nds f\u00f6r att f\u00f6rb\u00e4ttra hydrering, hudens elasticitet och fasthet i kliniska behandlingsmilj\u00f6er.\" \/>\n<meta property=\"og:url\" content=\"https:\/\/kinamihealth.com\/sv\/produkt\/fillmed-m-ha-18\/\" \/>\n<meta property=\"og:site_name\" content=\"Kinami Health\" \/>\n<meta property=\"article:modified_time\" content=\"2025-12-04T14:30:27+00:00\" \/>\n<meta property=\"og:image\" content=\"https:\/\/kinamihealth.com\/wp-content\/uploads\/2025\/02\/FILLMED-MHA18-01.jpg\" \/>\n\t<meta property=\"og:image:width\" content=\"800\" \/>\n\t<meta property=\"og:image:height\" content=\"800\" \/>\n\t<meta property=\"og:image:type\" content=\"image\/jpeg\" \/>\n<meta name=\"twitter:card\" content=\"summary_large_image\" \/>\n<meta name=\"twitter:label1\" content=\"Ber\u00e4knad l\u00e4stid\" \/>\n\t<meta name=\"twitter:data1\" content=\"1 minut\" \/>\n<!-- \/ Yoast SEO plugin. -->","yoast_head_json":{"title":"Best\u00e4ll FILLMED\u00ae M-HA 18 online | Handla online | Kinami Health","description":"Best\u00e4ll FILLMED\u00ae M-HA 18 f\u00f6r en professionell injicerbar produkt som anv\u00e4nds f\u00f6r att f\u00f6rb\u00e4ttra hydrering, hudens elasticitet och fasthet i kliniska behandlingsmilj\u00f6er.","robots":{"index":"index","follow":"follow","max-snippet":"max-snippet:-1","max-image-preview":"max-image-preview:large","max-video-preview":"max-video-preview:-1"},"canonical":"https:\/\/kinamihealth.com\/sv\/wp-json\/wp\/v2\/product\/118469","og_locale":"sv_SE","og_type":"article","og_title":"Best\u00e4ll FILLMED\u00ae M-HA 18 online | Handla online | Kinami Health","og_description":"Best\u00e4ll FILLMED\u00ae M-HA 18 f\u00f6r en professionell injicerbar produkt som anv\u00e4nds f\u00f6r att f\u00f6rb\u00e4ttra hydrering, hudens elasticitet och fasthet i kliniska behandlingsmilj\u00f6er.","og_url":"https:\/\/kinamihealth.com\/sv\/produkt\/fillmed-m-ha-18\/","og_site_name":"Kinami Health","article_modified_time":"2025-12-04T14:30:27+00:00","og_image":[{"width":800,"height":800,"url":"https:\/\/kinamihealth.com\/wp-content\/uploads\/2025\/02\/FILLMED-MHA18-01.jpg","type":"image\/jpeg"}],"twitter_card":"summary_large_image","twitter_misc":{"Ber\u00e4knad l\u00e4stid":"1 minut"},"schema":{"@context":"https:\/\/schema.org","@graph":[{"@type":"WebPage","@id":"https:\/\/kinamihealth.com\/sv\/produkt\/fillmed-m-ha-18\/","url":"https:\/\/kinamihealth.com\/sv\/produkt\/fillmed-m-ha-18\/","name":"Best\u00e4ll FILLMED\u00ae M-HA 18 online | Handla online | Kinami Health","isPartOf":{"@id":"https:\/\/kinamihealth.com\/#website"},"primaryImageOfPage":{"@id":"https:\/\/kinamihealth.com\/sv\/produkt\/fillmed-m-ha-18\/#primaryimage"},"image":{"@id":"https:\/\/kinamihealth.com\/sv\/produkt\/fillmed-m-ha-18\/#primaryimage"},"thumbnailUrl":"https:\/\/kinamihealth.com\/wp-content\/uploads\/2025\/02\/FILLMED-MHA18-01.jpg","datePublished":"2025-02-15T16:54:55+00:00","dateModified":"2025-12-04T14:30:27+00:00","description":"Best\u00e4ll FILLMED\u00ae M-HA 18 f\u00f6r en professionell injicerbar produkt som anv\u00e4nds f\u00f6r att f\u00f6rb\u00e4ttra hydrering, hudens elasticitet och fasthet i kliniska behandlingsmilj\u00f6er.","breadcrumb":{"@id":"https:\/\/kinamihealth.com\/sv\/produkt\/fillmed-m-ha-18\/#breadcrumb"},"inLanguage":"sv-SE","potentialAction":[{"@type":"ReadAction","target":["https:\/\/kinamihealth.com\/sv\/produkt\/fillmed-m-ha-18\/"]}]},{"@type":"ImageObject","inLanguage":"sv-SE","@id":"https:\/\/kinamihealth.com\/sv\/produkt\/fillmed-m-ha-18\/#primaryimage","url":"https:\/\/kinamihealth.com\/wp-content\/uploads\/2025\/02\/FILLMED-MHA18-01.jpg","contentUrl":"https:\/\/kinamihealth.com\/wp-content\/uploads\/2025\/02\/FILLMED-MHA18-01.jpg","width":800,"height":800},{"@type":"BreadcrumbList","@id":"https:\/\/kinamihealth.com\/sv\/produkt\/fillmed-m-ha-18\/#breadcrumb","itemListElement":[{"@type":"ListItem","position":1,"name":"Hem","item":"https:\/\/kinamihealth.com\/sr\/"},{"@type":"ListItem","position":2,"name":"Butik","item":"https:\/\/kinamihealth.com\/sv\/?page_id=127810"},{"@type":"ListItem","position":3,"name":"FILLMED\u00ae M-HA 18"}]},{"@type":"WebSite","@id":"https:\/\/kinamihealth.com\/#website","url":"https:\/\/kinamihealth.com\/","name":"Kinami Health","description":"","publisher":{"@id":"https:\/\/kinamihealth.com\/#organization"},"potentialAction":[{"@type":"SearchAction","target":{"@type":"EntryPoint","urlTemplate":"https:\/\/kinamihealth.com\/?s={search_term_string}"},"query-input":{"@type":"PropertyValueSpecification","valueRequired":true,"valueName":"search_term_string"}}],"inLanguage":"sv-SE"},{"@type":"Organization","@id":"https:\/\/kinamihealth.com\/#organization","name":"Kinami Health","url":"https:\/\/kinamihealth.com\/","logo":{"@type":"ImageObject","inLanguage":"sv-SE","@id":"https:\/\/kinamihealth.com\/#\/schema\/logo\/image\/","url":"https:\/\/kinamihealth.com\/wp-content\/uploads\/2025\/01\/KH_logo_black_2-1.png","contentUrl":"https:\/\/kinamihealth.com\/wp-content\/uploads\/2025\/01\/KH_logo_black_2-1.png","width":339,"height":34,"caption":"Kinami Health"},"image":{"@id":"https:\/\/kinamihealth.com\/#\/schema\/logo\/image\/"}}]}},"_links":{"self":[{"href":"https:\/\/kinamihealth.com\/sv\/wp-json\/wp\/v2\/product\/118469","targetHints":{"allow":["GET"]}}],"collection":[{"href":"https:\/\/kinamihealth.com\/sv\/wp-json\/wp\/v2\/product"}],"about":[{"href":"https:\/\/kinamihealth.com\/sv\/wp-json\/wp\/v2\/types\/product"}],"replies":[{"embeddable":true,"href":"https:\/\/kinamihealth.com\/sv\/wp-json\/wp\/v2\/comments?post=118469"}],"version-history":[{"count":0,"href":"https:\/\/kinamihealth.com\/sv\/wp-json\/wp\/v2\/product\/118469\/revisions"}],"wp:featuredmedia":[{"embeddable":true,"href":"https:\/\/kinamihealth.com\/sv\/wp-json\/wp\/v2\/media\/118473"}],"wp:attachment":[{"href":"https:\/\/kinamihealth.com\/sv\/wp-json\/wp\/v2\/media?parent=118469"}],"wp:term":[{"taxonomy":"product_brand","embeddable":true,"href":"https:\/\/kinamihealth.com\/sv\/wp-json\/wp\/v2\/product_brand?post=118469"},{"taxonomy":"product_cat","embeddable":true,"href":"https:\/\/kinamihealth.com\/sv\/wp-json\/wp\/v2\/product_cat?post=118469"},{"taxonomy":"product_tag","embeddable":true,"href":"https:\/\/kinamihealth.com\/sv\/wp-json\/wp\/v2\/product_tag?post=118469"}],"curies":[{"name":"wp","href":"https:\/\/api.w.org\/{rel}","templated":true}]}}