{"id":118459,"date":"2025-02-15T16:54:51","date_gmt":"2025-02-15T16:54:51","guid":{"rendered":"https:\/\/kinamihealth.com\/product\/fillmed-art-filler-fine-lines-with-lidocaine\/"},"modified":"2025-10-24T14:22:19","modified_gmt":"2025-10-24T14:22:19","slug":"fillmed-art-filler-fine-lines-with-lidocaine","status":"publish","type":"product","link":"https:\/\/kinamihealth.com\/sv\/produkt\/fillmed-art-filler-fine-lines-with-lidocaine\/","title":{"rendered":"FILLMED\u00ae ART FILLER FINE LINES with Lidocaine"},"content":{"rendered":"<p><b>FILLMED\u00ae ART FILLER FINE LINES med lidokain \u00e4r en avancerad hyaluronsyrabaserad hudfyllnadsprodukt<\/b><span style=\"font-weight: 400;\"> s\u00e4rskilt utvecklad f\u00f6r behandling av ytliga rynkor och fina linjer. Denna innovativa fyllnadsprodukt inneh\u00e5ller FILLMEDs egenutvecklade Tri-Hyal-teknik, som kombinerar hyaluronsyrakedjor med olika molekylvikt f\u00f6r att uppn\u00e5 optimal konsistens och precision. Varje f\u00f6rpackning inneh\u00e5ller tv\u00e5 f\u00f6rfyllda 1 ml-sprutor med fyra sterila 30G\u00bd&#8221;-n\u00e5lar, vilket ger ett komplett verktyg f\u00f6r behandling av fina linjer.<\/span><\/p>\n","protected":false},"excerpt":{"rendered":"<p>FILLMED\u00ae ART FILLER FINE LINES med lidokain \u00e4r en avancerad hyaluronsyrabaserad hudfyllnadsprodukt s\u00e4rskilt utvecklad f\u00f6r behandling av ytliga rynkor och fina linjer. Denna innovativa fyllnadsprodukt inneh\u00e5ller FILLMEDs egenutvecklade Tri-Hyal-teknik, som kombinerar hyaluronsyrakedjor med olika molekylvikt f\u00f6r att uppn\u00e5 optimal konsistens och precision. Varje f\u00f6rpackning inneh\u00e5ller tv\u00e5 f\u00f6rfyllda 1 ml-sprutor med fyra sterila 30G\u00bd&#8221;-n\u00e5lar, vilket ger [&hellip;]<\/p>\n","protected":false},"featured_media":118463,"comment_status":"closed","ping_status":"closed","template":"","meta":{"_acf_changed":false,"inline_featured_image":false},"product_brand":[3078],"product_cat":[3265,3260],"product_tag":[3256],"class_list":{"0":"post-118459","1":"product","2":"type-product","3":"status-publish","4":"has-post-thumbnail","6":"product_brand-fillmed","7":"product_cat-ha-dermal-fillers","8":"product_cat-dermal-fillers-sv","9":"product_tag-medical-devices-sv","11":"first","12":"instock","13":"taxable","14":"shipping-taxable","15":"purchasable","16":"product-type-simple","17":"add-to-wishlist-before_image"},"acf":[],"yoast_head":"<!-- This site is optimized with the Yoast SEO plugin v27.3 - https:\/\/yoast.com\/product\/yoast-seo-wordpress\/ -->\n<title>Best\u00e4ll FILLMED\u00ae ART FILLER FINE LINES online | Kinami Health<\/title>\n<meta name=\"description\" content=\"Best\u00e4ll FILLMED\u00ae ART FILLER FINE LINES f\u00f6r att j\u00e4mna ut ytliga rynkor med en mjuk HA-gel och lidokain f\u00f6r precisionsbehandling och patientkomfort.\" \/>\n<meta name=\"robots\" content=\"index, follow, max-snippet:-1, max-image-preview:large, max-video-preview:-1\" \/>\n<link rel=\"canonical\" href=\"https:\/\/kinamihealth.com\/sv\/wp-json\/wp\/v2\/product\/118459\" \/>\n<meta property=\"og:locale\" content=\"sv_SE\" \/>\n<meta property=\"og:type\" content=\"article\" \/>\n<meta property=\"og:title\" content=\"Best\u00e4ll FILLMED\u00ae ART FILLER FINE LINES online | Kinami Health\" \/>\n<meta property=\"og:description\" content=\"Best\u00e4ll FILLMED\u00ae ART FILLER FINE LINES f\u00f6r att j\u00e4mna ut ytliga rynkor med en mjuk HA-gel och lidokain f\u00f6r precisionsbehandling och patientkomfort.\" \/>\n<meta property=\"og:url\" content=\"https:\/\/kinamihealth.com\/sv\/produkt\/fillmed-art-filler-fine-lines-with-lidocaine\/\" \/>\n<meta property=\"og:site_name\" content=\"Kinami Health\" \/>\n<meta property=\"article:modified_time\" content=\"2025-10-24T14:22:19+00:00\" \/>\n<meta property=\"og:image\" content=\"https:\/\/kinamihealth.com\/wp-content\/uploads\/2025\/02\/FILLMED-ARTFILLER-FINELINES-01.jpg\" \/>\n\t<meta property=\"og:image:width\" content=\"800\" \/>\n\t<meta property=\"og:image:height\" content=\"800\" \/>\n\t<meta property=\"og:image:type\" content=\"image\/jpeg\" \/>\n<meta name=\"twitter:card\" content=\"summary_large_image\" \/>\n<meta name=\"twitter:label1\" content=\"Ber\u00e4knad l\u00e4stid\" \/>\n\t<meta name=\"twitter:data1\" content=\"1 minut\" \/>\n<!-- \/ Yoast SEO plugin. -->","yoast_head_json":{"title":"Best\u00e4ll FILLMED\u00ae ART FILLER FINE LINES online | Kinami Health","description":"Best\u00e4ll FILLMED\u00ae ART FILLER FINE LINES f\u00f6r att j\u00e4mna ut ytliga rynkor med en mjuk HA-gel och lidokain f\u00f6r precisionsbehandling och patientkomfort.","robots":{"index":"index","follow":"follow","max-snippet":"max-snippet:-1","max-image-preview":"max-image-preview:large","max-video-preview":"max-video-preview:-1"},"canonical":"https:\/\/kinamihealth.com\/sv\/wp-json\/wp\/v2\/product\/118459","og_locale":"sv_SE","og_type":"article","og_title":"Best\u00e4ll FILLMED\u00ae ART FILLER FINE LINES online | Kinami Health","og_description":"Best\u00e4ll FILLMED\u00ae ART FILLER FINE LINES f\u00f6r att j\u00e4mna ut ytliga rynkor med en mjuk HA-gel och lidokain f\u00f6r precisionsbehandling och patientkomfort.","og_url":"https:\/\/kinamihealth.com\/sv\/produkt\/fillmed-art-filler-fine-lines-with-lidocaine\/","og_site_name":"Kinami Health","article_modified_time":"2025-10-24T14:22:19+00:00","og_image":[{"width":800,"height":800,"url":"https:\/\/kinamihealth.com\/wp-content\/uploads\/2025\/02\/FILLMED-ARTFILLER-FINELINES-01.jpg","type":"image\/jpeg"}],"twitter_card":"summary_large_image","twitter_misc":{"Ber\u00e4knad l\u00e4stid":"1 minut"},"schema":{"@context":"https:\/\/schema.org","@graph":[{"@type":"WebPage","@id":"https:\/\/kinamihealth.com\/sv\/produkt\/fillmed-art-filler-fine-lines-with-lidocaine\/","url":"https:\/\/kinamihealth.com\/sv\/produkt\/fillmed-art-filler-fine-lines-with-lidocaine\/","name":"Best\u00e4ll FILLMED\u00ae ART FILLER FINE LINES online | Kinami Health","isPartOf":{"@id":"https:\/\/kinamihealth.com\/#website"},"primaryImageOfPage":{"@id":"https:\/\/kinamihealth.com\/sv\/produkt\/fillmed-art-filler-fine-lines-with-lidocaine\/#primaryimage"},"image":{"@id":"https:\/\/kinamihealth.com\/sv\/produkt\/fillmed-art-filler-fine-lines-with-lidocaine\/#primaryimage"},"thumbnailUrl":"https:\/\/kinamihealth.com\/wp-content\/uploads\/2025\/02\/FILLMED-ARTFILLER-FINELINES-01.jpg","datePublished":"2025-02-15T16:54:51+00:00","dateModified":"2025-10-24T14:22:19+00:00","description":"Best\u00e4ll FILLMED\u00ae ART FILLER FINE LINES f\u00f6r att j\u00e4mna ut ytliga rynkor med en mjuk HA-gel och lidokain f\u00f6r precisionsbehandling och patientkomfort.","breadcrumb":{"@id":"https:\/\/kinamihealth.com\/sv\/produkt\/fillmed-art-filler-fine-lines-with-lidocaine\/#breadcrumb"},"inLanguage":"sv-SE","potentialAction":[{"@type":"ReadAction","target":["https:\/\/kinamihealth.com\/sv\/produkt\/fillmed-art-filler-fine-lines-with-lidocaine\/"]}]},{"@type":"ImageObject","inLanguage":"sv-SE","@id":"https:\/\/kinamihealth.com\/sv\/produkt\/fillmed-art-filler-fine-lines-with-lidocaine\/#primaryimage","url":"https:\/\/kinamihealth.com\/wp-content\/uploads\/2025\/02\/FILLMED-ARTFILLER-FINELINES-01.jpg","contentUrl":"https:\/\/kinamihealth.com\/wp-content\/uploads\/2025\/02\/FILLMED-ARTFILLER-FINELINES-01.jpg","width":800,"height":800},{"@type":"BreadcrumbList","@id":"https:\/\/kinamihealth.com\/sv\/produkt\/fillmed-art-filler-fine-lines-with-lidocaine\/#breadcrumb","itemListElement":[{"@type":"ListItem","position":1,"name":"Hem","item":"https:\/\/kinamihealth.com\/sr\/"},{"@type":"ListItem","position":2,"name":"Butik","item":"https:\/\/kinamihealth.com\/sv\/?page_id=127810"},{"@type":"ListItem","position":3,"name":"FILLMED\u00ae ART FILLER FINE LINES with Lidocaine"}]},{"@type":"WebSite","@id":"https:\/\/kinamihealth.com\/#website","url":"https:\/\/kinamihealth.com\/","name":"Kinami Health","description":"","publisher":{"@id":"https:\/\/kinamihealth.com\/#organization"},"potentialAction":[{"@type":"SearchAction","target":{"@type":"EntryPoint","urlTemplate":"https:\/\/kinamihealth.com\/?s={search_term_string}"},"query-input":{"@type":"PropertyValueSpecification","valueRequired":true,"valueName":"search_term_string"}}],"inLanguage":"sv-SE"},{"@type":"Organization","@id":"https:\/\/kinamihealth.com\/#organization","name":"Kinami Health","url":"https:\/\/kinamihealth.com\/","logo":{"@type":"ImageObject","inLanguage":"sv-SE","@id":"https:\/\/kinamihealth.com\/#\/schema\/logo\/image\/","url":"https:\/\/kinamihealth.com\/wp-content\/uploads\/2025\/01\/KH_logo_black_2-1.png","contentUrl":"https:\/\/kinamihealth.com\/wp-content\/uploads\/2025\/01\/KH_logo_black_2-1.png","width":339,"height":34,"caption":"Kinami Health"},"image":{"@id":"https:\/\/kinamihealth.com\/#\/schema\/logo\/image\/"}}]}},"_links":{"self":[{"href":"https:\/\/kinamihealth.com\/sv\/wp-json\/wp\/v2\/product\/118459","targetHints":{"allow":["GET"]}}],"collection":[{"href":"https:\/\/kinamihealth.com\/sv\/wp-json\/wp\/v2\/product"}],"about":[{"href":"https:\/\/kinamihealth.com\/sv\/wp-json\/wp\/v2\/types\/product"}],"replies":[{"embeddable":true,"href":"https:\/\/kinamihealth.com\/sv\/wp-json\/wp\/v2\/comments?post=118459"}],"version-history":[{"count":0,"href":"https:\/\/kinamihealth.com\/sv\/wp-json\/wp\/v2\/product\/118459\/revisions"}],"wp:featuredmedia":[{"embeddable":true,"href":"https:\/\/kinamihealth.com\/sv\/wp-json\/wp\/v2\/media\/118463"}],"wp:attachment":[{"href":"https:\/\/kinamihealth.com\/sv\/wp-json\/wp\/v2\/media?parent=118459"}],"wp:term":[{"taxonomy":"product_brand","embeddable":true,"href":"https:\/\/kinamihealth.com\/sv\/wp-json\/wp\/v2\/product_brand?post=118459"},{"taxonomy":"product_cat","embeddable":true,"href":"https:\/\/kinamihealth.com\/sv\/wp-json\/wp\/v2\/product_cat?post=118459"},{"taxonomy":"product_tag","embeddable":true,"href":"https:\/\/kinamihealth.com\/sv\/wp-json\/wp\/v2\/product_tag?post=118459"}],"curies":[{"name":"wp","href":"https:\/\/api.w.org\/{rel}","templated":true}]}}